{"id":7583,"date":"2016-05-18T08:56:00","date_gmt":"2016-05-18T08:56:00","guid":{"rendered":"https:\/\/www.aspb.cat\/areas\/investigacion-y-docencia\/beques-de-recerca\/"},"modified":"2022-01-31T16:47:29","modified_gmt":"2022-01-31T16:47:29","slug":"beques-de-recerca","status":"publish","type":"page","link":"https:\/\/www.aspb.cat\/es\/areas\/investigacion-docencia\/beques-de-recerca\/","title":{"rendered":"Becas de investigaci\u00f3n"},"content":{"rendered":"<hr \/>\n<p><strong>Convocatoria de beca de la <em>Ag\u00e8ncia de Salut P\u00fablica de Barcelona<\/em> (SAMI) <\/strong><br \/>\nProyecto: \u201cParticipar en el treball de camp i en l\u2019an\u00e0lisi de dades de mesura de la exposici\u00f3 al fum ambiental de tabac a diferents pa\u00efsos d\u2019Europa.\u201d<br \/>\nPresentaci\u00f3n de solicitudes: desde el d\u00eda 7 hasta el d\u00eda 17 de julio de 2017<\/p>\n<p><a href=\"https:\/\/www.aspb.cat\/wp-content\/uploads\/2017\/07\/Llistat-definitiu-170724.pdf\" target=\"_blank\" rel=\"noopener\">Resultado definitivo<\/a>\u00a0(24\/07\/2017)<br \/>\n<a href=\"https:\/\/www.aspb.cat\/wp-content\/uploads\/2017\/07\/Llistat-Admesos-170718.pdf\" target=\"_blank\" rel=\"noopener\">Lista definitiva de admitidos<\/a> (18\/07\/2017)<br \/>\n<a href=\"https:\/\/www.aspb.cat\/wp-content\/uploads\/2017\/07\/BEQU2017-2_Convocatoria.pdf\" target=\"_blank\" rel=\"noopener noreferrer\">Anuncio e instancia<\/a>\u00a0(06\/07\/2017)<\/p>\n<hr \/>\n<p><strong>Beca de la ASPB pera el \u00abServei de Sistemes d&#8217;Iinformaci\u00f3 Sanit\u00e0ria. Titulaci\u00f3: Diplomatura\/Llicenciatura en Ci\u00e8ncies de la Salut\u00bb<br \/>\n<\/strong>Proyecto: Estudi de desigualtats en salut i planificaci\u00f3 intersectorial<br \/>\nPresentaci\u00f3n de solicitudes: desde el d\u00eda 20 de junio hasta el d\u00eda 29 de junio de 2017<\/p>\n<p><a href=\"https:\/\/www.aspb.cat\/wp-content\/uploads\/2017\/07\/Llistat-definitiu-170717.pdf\" target=\"_blank\" rel=\"noopener\">Resultado definitivo<\/a>\u00a0(17\/07\/2017)<br \/>\n<a href=\"https:\/\/www.aspb.cat\/wp-content\/uploads\/2017\/07\/BEQU2017-1-Llistat-Admesos.pdf\" target=\"_blank\" rel=\"noopener noreferrer\">Lista definitiva de admitidos<\/a> (13\/07\/2017)<br \/>\n<a href=\"https:\/\/www.aspb.cat\/wp-content\/uploads\/2017\/07\/BEQU2017-2_Convocatoria.pdf\" target=\"_blank\" rel=\"noopener noreferrer\">Anuncio e instancia<\/a> (19\/06\/2017)<\/p>\n<hr \/>\n<p><strong>Beca de la ASPB para el \u00abServei d&#8217;Epidemiologia. Titulaci\u00f3: Llicenciatura en Medicina i Cirurgia\u00bb<br \/>\n<\/strong>Proyecto: Avaluaci\u00f3 de noves estrat\u00e8gies per a promocionar les proves r\u00e0pides del VIH, s\u00edfilis i hepatitis C mitjan\u00e7ant Apps.<\/p>\n<p><a href=\"https:\/\/www.aspb.cat\/wp-content\/uploads\/2017\/07\/Llistat-Admesos-170718.pdf\" target=\"_blank\" rel=\"noopener\">Lista definitiva de admitidos<\/a>(18\/08\/2016)<br \/>\n<a href=\"https:\/\/www.aspb.cat\/wp-content\/uploads\/2017\/07\/BEQU2017-2_Convocatoria.pdf\" target=\"_blank\" rel=\"noopener noreferrer\">Anuncio e instancia<\/a> (03\/08\/2016)<\/p>\n<hr \/>\n<p><strong>Beca de la ASPB para el \u00abServei d&#8217;Epidemiologia. Titulaci\u00f3: Llicenciatura en Enginyeria inform\u00e0tica, en Matem\u00e0tiques en F\u00edsica o en Multim\u00e8dia.\u00bb<br \/>\n<\/strong>Proyecto: Smartphone application for agging HIV-infected men who have sex with men to prevent sexually transmitted infections.<strong><br \/>\n<\/strong><\/p>\n<p><a href=\"\/wp-content\/uploads\/2016\/07\/Punt_beca2015_4.pdf\" target=\"_blank\" rel=\"noopener noreferrer\">Puntuaci\u00f3n total<\/a> (21\/06\/2016)<br \/>\n<a href=\"https:\/\/www.aspb.cat\/wp-content\/uploads\/2017\/07\/BEQU2017-1-Llistat-Admesos.pdf\" target=\"_blank\" rel=\"noopener noreferrer\">Lista definitiva de admitidos<\/a><a href=\"https:\/\/www.aspb.cat\/wp-content\/uploads\/2016\/07\/Lladm_2015_3.pdf\" target=\"_blank\" rel=\"noopener noreferrer\"> y excluidos<\/a> (09\/06\/2016)<br \/>\n<a href=\"https:\/\/www.aspb.cat\/wp-content\/uploads\/2016\/07\/Lladm_B2015_4.pdf\" target=\"_blank\" rel=\"noopener noreferrer\">Lista provisional de aspirantes admesos i excluidos<\/a> (25\/05\/2016)<br \/>\n<a href=\"https:\/\/www.aspb.cat\/wp-content\/uploads\/2017\/07\/BEQU2017-2_Convocatoria.pdf\" target=\"_blank\" rel=\"noopener noreferrer\">Anuncio e instancia<\/a> (29\/04\/2016)<\/p>\n<hr \/>\n<p><strong><br \/>\nBeca de l&#8217;ASPB per al Servei d&#8217;Epidemiologia. Titulaci\u00f3: Llicenciatura en Ci\u00e8ncies de la Salut.<br \/>\n<\/strong>Proyecto: Smartphone application for aging HIV-infected men who have sex with men to prevent sexually transmitted infections.<\/p>\n<p><a href=\"https:\/\/www.aspb.cat\/wp-content\/uploads\/2016\/07\/Llista_puntuacio_beca2015_3.pdf\" target=\"_blank\" rel=\"noopener noreferrer\">Puntuaci\u00f3 total<\/a> (21\/06\/2016)<br \/>\n<a href=\"https:\/\/www.aspb.cat\/wp-content\/uploads\/2017\/07\/BEQU2017-1-Llistat-Admesos.pdf\" target=\"_blank\" rel=\"noopener noreferrer\">Lista definitiva de admitidos<\/a><a href=\"https:\/\/www.aspb.cat\/wp-content\/uploads\/2016\/07\/Lladm_2015_3.pdf\" target=\"_blank\" rel=\"noopener noreferrer\"> y excluidos<\/a> (25\/05\/2016)<br \/>\n<a href=\"https:\/\/www.aspb.cat\/wp-content\/uploads\/2017\/07\/BEQU2017-2_Convocatoria.pdf\" target=\"_blank\" rel=\"noopener noreferrer\">Anuncio e instancia<\/a><a href=\"https:\/\/www.aspb.cat\/wp-content\/uploads\/2016\/07\/ConvBEQU201503.pdf\" target=\"_blank\" rel=\"noopener noreferrer\">.<\/a> (29\/04\/2016)<\/p>\n<hr \/>\n","protected":false},"excerpt":{"rendered":"<p>Convocatoria de beca de la Ag\u00e8ncia de Salut P\u00fablica de Barcelona (SAMI) Proyecto: \u201cParticipar en [&hellip;]\n","protected":false},"author":3,"featured_media":0,"parent":4267,"menu_order":274,"comment_status":"closed","ping_status":"closed","template":"","meta":{"_acf_changed":false,"_monsterinsights_skip_tracking":false,"_monsterinsights_sitenote_active":false,"_monsterinsights_sitenote_note":"","_monsterinsights_sitenote_category":0,"footnotes":""},"class_list":["post-7583","page","type-page","status-publish","hentry","publish","author-as20pb16-x22","impar","primero"],"acf":[],"yoast_head":"<!-- This site is optimized with the Yoast SEO Premium plugin v27.5 (Yoast SEO v27.5) - https:\/\/yoast.com\/product\/yoast-seo-premium-wordpress\/ -->\n<title>Becas de investigaci\u00f3n - ASPB<\/title>\n<meta name=\"robots\" content=\"index, follow, max-snippet:-1, max-image-preview:large, max-video-preview:-1\" \/>\n<link rel=\"canonical\" href=\"https:\/\/www.aspb.cat\/es\/areas\/investigacion-docencia\/beques-de-recerca\/\" \/>\n<meta property=\"og:locale\" content=\"es_ES\" \/>\n<meta property=\"og:type\" content=\"article\" \/>\n<meta property=\"og:title\" content=\"Becas de investigaci\u00f3n\" \/>\n<meta property=\"og:description\" content=\"Convocatoria de beca de la Ag\u00e8ncia de Salut P\u00fablica de Barcelona (SAMI) Proyecto: \u201cParticipar en [&hellip;]\" \/>\n<meta property=\"og:url\" content=\"https:\/\/www.aspb.cat\/es\/areas\/investigacion-docencia\/beques-de-recerca\/\" \/>\n<meta property=\"og:site_name\" content=\"ASPB\" \/>\n<meta property=\"article:publisher\" content=\"https:\/\/www.facebook.com\/salutpublicabcn\" \/>\n<meta property=\"article:modified_time\" content=\"2022-01-31T16:47:29+00:00\" \/>\n<meta name=\"twitter:card\" content=\"summary_large_image\" \/>\n<meta name=\"twitter:site\" content=\"@salutpublicabcn\" \/>\n<meta name=\"twitter:label1\" content=\"Tiempo de lectura\" \/>\n\t<meta name=\"twitter:data1\" content=\"2 minutos\" \/>\n<script type=\"application\/ld+json\" class=\"yoast-schema-graph\">{\"@context\":\"https:\\\/\\\/schema.org\",\"@graph\":[{\"@type\":\"WebPage\",\"@id\":\"https:\\\/\\\/www.aspb.cat\\\/es\\\/areas\\\/investigacion-docencia\\\/beques-de-recerca\\\/\",\"url\":\"https:\\\/\\\/www.aspb.cat\\\/es\\\/areas\\\/investigacion-docencia\\\/beques-de-recerca\\\/\",\"name\":\"Becas de investigaci\u00f3n - ASPB\",\"isPartOf\":{\"@id\":\"https:\\\/\\\/www.aspb.cat\\\/#website\"},\"datePublished\":\"2016-05-18T08:56:00+00:00\",\"dateModified\":\"2022-01-31T16:47:29+00:00\",\"breadcrumb\":{\"@id\":\"https:\\\/\\\/www.aspb.cat\\\/es\\\/areas\\\/investigacion-docencia\\\/beques-de-recerca\\\/#breadcrumb\"},\"inLanguage\":\"es\",\"potentialAction\":[{\"@type\":\"ReadAction\",\"target\":[\"https:\\\/\\\/www.aspb.cat\\\/es\\\/areas\\\/investigacion-docencia\\\/beques-de-recerca\\\/\"]}]},{\"@type\":\"BreadcrumbList\",\"@id\":\"https:\\\/\\\/www.aspb.cat\\\/es\\\/areas\\\/investigacion-docencia\\\/beques-de-recerca\\\/#breadcrumb\",\"itemListElement\":[{\"@type\":\"ListItem\",\"position\":1,\"name\":\"Inici\",\"item\":\"https:\\\/\\\/www.aspb.cat\\\/es\\\/\"},{\"@type\":\"ListItem\",\"position\":2,\"name\":\"\u00c1reas\",\"item\":\"https:\\\/\\\/www.aspb.cat\\\/es\\\/areas\\\/\"},{\"@type\":\"ListItem\",\"position\":3,\"name\":\"Investigaci\u00f3n y docencia\",\"item\":\"https:\\\/\\\/www.aspb.cat\\\/es\\\/areas\\\/investigacion-docencia\\\/\"},{\"@type\":\"ListItem\",\"position\":4,\"name\":\"Becas de investigaci\u00f3n\"}]},{\"@type\":\"WebSite\",\"@id\":\"https:\\\/\\\/www.aspb.cat\\\/#website\",\"url\":\"https:\\\/\\\/www.aspb.cat\\\/\",\"name\":\"ASPB\",\"description\":\"Just another WordPress site\",\"potentialAction\":[{\"@type\":\"SearchAction\",\"target\":{\"@type\":\"EntryPoint\",\"urlTemplate\":\"https:\\\/\\\/www.aspb.cat\\\/?s={search_term_string}\"},\"query-input\":{\"@type\":\"PropertyValueSpecification\",\"valueRequired\":true,\"valueName\":\"search_term_string\"}}],\"inLanguage\":\"es\"}]}<\/script>\n<!-- \/ Yoast SEO Premium plugin. -->","yoast_head_json":{"title":"Becas de investigaci\u00f3n - ASPB","robots":{"index":"index","follow":"follow","max-snippet":"max-snippet:-1","max-image-preview":"max-image-preview:large","max-video-preview":"max-video-preview:-1"},"canonical":"https:\/\/www.aspb.cat\/es\/areas\/investigacion-docencia\/beques-de-recerca\/","og_locale":"es_ES","og_type":"article","og_title":"Becas de investigaci\u00f3n","og_description":"Convocatoria de beca de la Ag\u00e8ncia de Salut P\u00fablica de Barcelona (SAMI) Proyecto: \u201cParticipar en [&hellip;]","og_url":"https:\/\/www.aspb.cat\/es\/areas\/investigacion-docencia\/beques-de-recerca\/","og_site_name":"ASPB","article_publisher":"https:\/\/www.facebook.com\/salutpublicabcn","article_modified_time":"2022-01-31T16:47:29+00:00","twitter_card":"summary_large_image","twitter_site":"@salutpublicabcn","twitter_misc":{"Tiempo de lectura":"2 minutos"},"schema":{"@context":"https:\/\/schema.org","@graph":[{"@type":"WebPage","@id":"https:\/\/www.aspb.cat\/es\/areas\/investigacion-docencia\/beques-de-recerca\/","url":"https:\/\/www.aspb.cat\/es\/areas\/investigacion-docencia\/beques-de-recerca\/","name":"Becas de investigaci\u00f3n - ASPB","isPartOf":{"@id":"https:\/\/www.aspb.cat\/#website"},"datePublished":"2016-05-18T08:56:00+00:00","dateModified":"2022-01-31T16:47:29+00:00","breadcrumb":{"@id":"https:\/\/www.aspb.cat\/es\/areas\/investigacion-docencia\/beques-de-recerca\/#breadcrumb"},"inLanguage":"es","potentialAction":[{"@type":"ReadAction","target":["https:\/\/www.aspb.cat\/es\/areas\/investigacion-docencia\/beques-de-recerca\/"]}]},{"@type":"BreadcrumbList","@id":"https:\/\/www.aspb.cat\/es\/areas\/investigacion-docencia\/beques-de-recerca\/#breadcrumb","itemListElement":[{"@type":"ListItem","position":1,"name":"Inici","item":"https:\/\/www.aspb.cat\/es\/"},{"@type":"ListItem","position":2,"name":"\u00c1reas","item":"https:\/\/www.aspb.cat\/es\/areas\/"},{"@type":"ListItem","position":3,"name":"Investigaci\u00f3n y docencia","item":"https:\/\/www.aspb.cat\/es\/areas\/investigacion-docencia\/"},{"@type":"ListItem","position":4,"name":"Becas de investigaci\u00f3n"}]},{"@type":"WebSite","@id":"https:\/\/www.aspb.cat\/#website","url":"https:\/\/www.aspb.cat\/","name":"ASPB","description":"Just another WordPress site","potentialAction":[{"@type":"SearchAction","target":{"@type":"EntryPoint","urlTemplate":"https:\/\/www.aspb.cat\/?s={search_term_string}"},"query-input":{"@type":"PropertyValueSpecification","valueRequired":true,"valueName":"search_term_string"}}],"inLanguage":"es"}]}},"_links":{"self":[{"href":"https:\/\/www.aspb.cat\/es\/wp-json\/wp\/v2\/pages\/7583","targetHints":{"allow":["GET"]}}],"collection":[{"href":"https:\/\/www.aspb.cat\/es\/wp-json\/wp\/v2\/pages"}],"about":[{"href":"https:\/\/www.aspb.cat\/es\/wp-json\/wp\/v2\/types\/page"}],"author":[{"embeddable":true,"href":"https:\/\/www.aspb.cat\/es\/wp-json\/wp\/v2\/users\/3"}],"replies":[{"embeddable":true,"href":"https:\/\/www.aspb.cat\/es\/wp-json\/wp\/v2\/comments?post=7583"}],"version-history":[{"count":4,"href":"https:\/\/www.aspb.cat\/es\/wp-json\/wp\/v2\/pages\/7583\/revisions"}],"predecessor-version":[{"id":31500,"href":"https:\/\/www.aspb.cat\/es\/wp-json\/wp\/v2\/pages\/7583\/revisions\/31500"}],"up":[{"embeddable":true,"href":"https:\/\/www.aspb.cat\/es\/wp-json\/wp\/v2\/pages\/4267"}],"wp:attachment":[{"href":"https:\/\/www.aspb.cat\/es\/wp-json\/wp\/v2\/media?parent=7583"}],"curies":[{"name":"wp","href":"https:\/\/api.w.org\/{rel}","templated":true}]}}