{"id":7582,"date":"2016-03-14T15:10:27","date_gmt":"2016-03-14T15:10:27","guid":{"rendered":"https:\/\/www.aspb.cat\/areas\/investigacion-y-docencia\/docencia\/"},"modified":"2022-01-31T16:47:29","modified_gmt":"2022-01-31T16:47:29","slug":"docencia","status":"publish","type":"page","link":"https:\/\/www.aspb.cat\/es\/areas\/investigacion-docencia\/docencia\/","title":{"rendered":"Docencia"},"content":{"rendered":"<p>Desde la <em>Ag\u00e8ncia de Salut P\u00fablica de Barcelona<\/em> (ASPB), organizamos y participamos en numerosos cursos y establecemos colaboraciones con diferentes instituciones acad\u00e9micas, lo que configura una<strong> amplia oferta docente propia<\/strong>, especialmente de postgrado y doctorado, para la formaci\u00f3n de especialistas en salud p\u00fablica.<\/p>\n<p>Los convenios de colaboraci\u00f3n con la Unidad Docente de Medicina Preventiva y Salud P\u00fablica del Parc de Salut Mar, la <span style=\"text-decoration: underline;\"><a href=\"https:\/\/www.upf.edu\/web\/saludpublica\" target=\"_blank\" rel=\"noopener\">Universidad Pompeu Fabra <\/a><\/span> (UPF) o la Johns Hopkins Bloomberg School of Public Health son buenos ejemplos. Adem\u00e1s, en el seno de la Agencia de Salud P\u00fablica de Barcelona se da una <strong>continua formaci\u00f3n de personas investigadoras <\/strong> que trabajan en proyectos de investigaci\u00f3n, as\u00ed como de alumnos en pr\u00e1cticas de distintos estudios relacionados con la salud p\u00fablica.<\/p>\n<table style=\"width: 700px; height: 212px;\">\n<tbody>\n<tr>\n<td style=\"text-align: center;\" valign=\"middle\">\n<div id=\"attachment_5844\" style=\"width: 244px\" class=\"wp-caption aligncenter\"><a href=\"http:\/\/www.barcelonaschoolofmanagement.upf.edu\/ca\/programa-de-postgrau-en-salut-publica\" target=\"_blank\" rel=\"noopener\"><img decoding=\"async\" aria-describedby=\"caption-attachment-5844\" class=\"wp-image-5844\" src=\"https:\/\/www.aspb.cat\/wp-content\/uploads\/2016\/03\/Diplomat.jpg\" width=\"234\" height=\"152\" srcset=\"https:\/\/www.aspb.cat\/wp-content\/uploads\/2016\/03\/Diplomat.jpg 977w, https:\/\/www.aspb.cat\/wp-content\/uploads\/2016\/03\/Diplomat-768x500.jpg 768w, https:\/\/www.aspb.cat\/wp-content\/uploads\/2016\/03\/Diplomat-916x596.jpg 916w\" sizes=\"(max-width: 234px) 100vw, 234px\" \/><\/a><p id=\"caption-attachment-5844\" class=\"wp-caption-text\">Postgrau Online en Salut P\u00fablica (UPF)<\/p><\/div><\/td>\n<td style=\"text-align: center;\" valign=\"middle\">\n<div id=\"attachment_3951\" style=\"width: 212px\" class=\"wp-caption aligncenter\"><a href=\"https:\/\/www.youtube.com\/watch?feature=player_embedded&amp;v=CLpxOF9ZSXg\" target=\"_blank\" rel=\"noopener\"><img decoding=\"async\" aria-describedby=\"caption-attachment-3951\" class=\"wp-image-3951\" src=\"https:\/\/www.aspb.cat\/wp-content\/uploads\/2016\/03\/Master-SP_UPFvideo.jpg\" alt=\"Master SP_UPFvideo\" width=\"202\" height=\"152\" \/><\/a><p id=\"caption-attachment-3951\" class=\"wp-caption-text\">M\u00e0ster en Salut P\u00fablica (UPF)<\/p><\/div><\/td>\n<td style=\"text-align: center;\" valign=\"middle\">\n<div id=\"attachment_3944\" style=\"width: 210px\" class=\"wp-caption aligncenter\"><a href=\"http:\/\/www.jhsph.edu\/\" target=\"_blank\" rel=\"noopener\"><img decoding=\"async\" aria-describedby=\"caption-attachment-3944\" class=\"wp-image-3944\" src=\"https:\/\/www.aspb.cat\/wp-content\/uploads\/2016\/03\/hopkinsid-01.jpg\" alt=\"hopkinsid-01\" width=\"200\" height=\"143\" \/><\/a><p id=\"caption-attachment-3944\" class=\"wp-caption-text\">Johns Hopkins University<\/p><\/div><\/td>\n<td style=\"text-align: center;\" valign=\"middle\">\n<div id=\"attachment_3953\" style=\"width: 225px\" class=\"wp-caption aligncenter\"><a href=\"http:\/\/www.parcdesalutmar.cat\/professionals\/udmpsp\/index.html\" target=\"_blank\" rel=\"noopener\"><img decoding=\"async\" aria-describedby=\"caption-attachment-3953\" class=\"wp-image-3953\" src=\"https:\/\/www.aspb.cat\/wp-content\/uploads\/2016\/03\/UD-PSMAR-gran.jpg\" alt=\"UD PSMAR gran\" width=\"215\" height=\"126\" srcset=\"https:\/\/www.aspb.cat\/wp-content\/uploads\/2016\/03\/UD-PSMAR-gran.jpg 969w, https:\/\/www.aspb.cat\/wp-content\/uploads\/2016\/03\/UD-PSMAR-gran-768x450.jpg 768w, https:\/\/www.aspb.cat\/wp-content\/uploads\/2016\/03\/UD-PSMAR-gran-916x537.jpg 916w\" sizes=\"(max-width: 215px) 100vw, 215px\" \/><\/a><p id=\"caption-attachment-3953\" class=\"wp-caption-text\">Unitat Docent Medicina Preventiva i Salut P\u00fablica PSMAR<\/p><\/div><\/td>\n<\/tr>\n<\/tbody>\n<\/table>\n<p>\u200b<\/p>\n","protected":false},"excerpt":{"rendered":"<p>Desde la Ag\u00e8ncia de Salut P\u00fablica de Barcelona (ASPB), organizamos y participamos en numerosos cursos [&hellip;]\n","protected":false},"author":3,"featured_media":0,"parent":4267,"menu_order":240,"comment_status":"closed","ping_status":"closed","template":"","meta":{"_acf_changed":false,"_monsterinsights_skip_tracking":false,"_monsterinsights_sitenote_active":false,"_monsterinsights_sitenote_note":"","_monsterinsights_sitenote_category":0,"footnotes":""},"class_list":["post-7582","page","type-page","status-publish","hentry","publish","author-as20pb16-x22","impar","primero"],"acf":[],"yoast_head":"<!-- This site is optimized with the Yoast SEO Premium plugin v27.5 (Yoast SEO v27.5) - https:\/\/yoast.com\/product\/yoast-seo-premium-wordpress\/ -->\n<title>Docencia - ASPB<\/title>\n<meta name=\"robots\" content=\"index, follow, max-snippet:-1, max-image-preview:large, max-video-preview:-1\" \/>\n<link rel=\"canonical\" href=\"https:\/\/www.aspb.cat\/es\/areas\/investigacion-docencia\/docencia\/\" \/>\n<meta property=\"og:locale\" content=\"es_ES\" \/>\n<meta property=\"og:type\" content=\"article\" \/>\n<meta property=\"og:title\" content=\"Docencia\" \/>\n<meta property=\"og:description\" content=\"Desde la Ag\u00e8ncia de Salut P\u00fablica de Barcelona (ASPB), organizamos y participamos en numerosos cursos [&hellip;]\" \/>\n<meta property=\"og:url\" content=\"https:\/\/www.aspb.cat\/es\/areas\/investigacion-docencia\/docencia\/\" \/>\n<meta property=\"og:site_name\" content=\"ASPB\" \/>\n<meta property=\"article:publisher\" content=\"https:\/\/www.facebook.com\/salutpublicabcn\" \/>\n<meta property=\"article:modified_time\" content=\"2022-01-31T16:47:29+00:00\" \/>\n<meta property=\"og:image\" content=\"https:\/\/www.aspb.cat\/wp-content\/uploads\/2016\/03\/Diplomat.jpg\" \/>\n<meta name=\"twitter:card\" content=\"summary_large_image\" \/>\n<meta name=\"twitter:site\" content=\"@salutpublicabcn\" \/>\n<meta name=\"twitter:label1\" content=\"Tiempo de lectura\" \/>\n\t<meta name=\"twitter:data1\" content=\"2 minutos\" \/>\n<script type=\"application\/ld+json\" class=\"yoast-schema-graph\">{\"@context\":\"https:\\\/\\\/schema.org\",\"@graph\":[{\"@type\":\"WebPage\",\"@id\":\"https:\\\/\\\/www.aspb.cat\\\/es\\\/areas\\\/investigacion-docencia\\\/docencia\\\/\",\"url\":\"https:\\\/\\\/www.aspb.cat\\\/es\\\/areas\\\/investigacion-docencia\\\/docencia\\\/\",\"name\":\"Docencia - ASPB\",\"isPartOf\":{\"@id\":\"https:\\\/\\\/www.aspb.cat\\\/#website\"},\"primaryImageOfPage\":{\"@id\":\"https:\\\/\\\/www.aspb.cat\\\/es\\\/areas\\\/investigacion-docencia\\\/docencia\\\/#primaryimage\"},\"image\":{\"@id\":\"https:\\\/\\\/www.aspb.cat\\\/es\\\/areas\\\/investigacion-docencia\\\/docencia\\\/#primaryimage\"},\"thumbnailUrl\":\"https:\\\/\\\/www.aspb.cat\\\/wp-content\\\/uploads\\\/2016\\\/03\\\/Diplomat.jpg\",\"datePublished\":\"2016-03-14T15:10:27+00:00\",\"dateModified\":\"2022-01-31T16:47:29+00:00\",\"breadcrumb\":{\"@id\":\"https:\\\/\\\/www.aspb.cat\\\/es\\\/areas\\\/investigacion-docencia\\\/docencia\\\/#breadcrumb\"},\"inLanguage\":\"es\",\"potentialAction\":[{\"@type\":\"ReadAction\",\"target\":[\"https:\\\/\\\/www.aspb.cat\\\/es\\\/areas\\\/investigacion-docencia\\\/docencia\\\/\"]}]},{\"@type\":\"ImageObject\",\"inLanguage\":\"es\",\"@id\":\"https:\\\/\\\/www.aspb.cat\\\/es\\\/areas\\\/investigacion-docencia\\\/docencia\\\/#primaryimage\",\"url\":\"https:\\\/\\\/www.aspb.cat\\\/wp-content\\\/uploads\\\/2016\\\/03\\\/Diplomat.jpg\",\"contentUrl\":\"https:\\\/\\\/www.aspb.cat\\\/wp-content\\\/uploads\\\/2016\\\/03\\\/Diplomat.jpg\"},{\"@type\":\"BreadcrumbList\",\"@id\":\"https:\\\/\\\/www.aspb.cat\\\/es\\\/areas\\\/investigacion-docencia\\\/docencia\\\/#breadcrumb\",\"itemListElement\":[{\"@type\":\"ListItem\",\"position\":1,\"name\":\"Inici\",\"item\":\"https:\\\/\\\/www.aspb.cat\\\/es\\\/\"},{\"@type\":\"ListItem\",\"position\":2,\"name\":\"\u00c1reas\",\"item\":\"https:\\\/\\\/www.aspb.cat\\\/es\\\/areas\\\/\"},{\"@type\":\"ListItem\",\"position\":3,\"name\":\"Investigaci\u00f3n y docencia\",\"item\":\"https:\\\/\\\/www.aspb.cat\\\/es\\\/areas\\\/investigacion-docencia\\\/\"},{\"@type\":\"ListItem\",\"position\":4,\"name\":\"Docencia\"}]},{\"@type\":\"WebSite\",\"@id\":\"https:\\\/\\\/www.aspb.cat\\\/#website\",\"url\":\"https:\\\/\\\/www.aspb.cat\\\/\",\"name\":\"ASPB\",\"description\":\"Just another WordPress site\",\"potentialAction\":[{\"@type\":\"SearchAction\",\"target\":{\"@type\":\"EntryPoint\",\"urlTemplate\":\"https:\\\/\\\/www.aspb.cat\\\/?s={search_term_string}\"},\"query-input\":{\"@type\":\"PropertyValueSpecification\",\"valueRequired\":true,\"valueName\":\"search_term_string\"}}],\"inLanguage\":\"es\"}]}<\/script>\n<!-- \/ Yoast SEO Premium plugin. -->","yoast_head_json":{"title":"Docencia - ASPB","robots":{"index":"index","follow":"follow","max-snippet":"max-snippet:-1","max-image-preview":"max-image-preview:large","max-video-preview":"max-video-preview:-1"},"canonical":"https:\/\/www.aspb.cat\/es\/areas\/investigacion-docencia\/docencia\/","og_locale":"es_ES","og_type":"article","og_title":"Docencia","og_description":"Desde la Ag\u00e8ncia de Salut P\u00fablica de Barcelona (ASPB), organizamos y participamos en numerosos cursos [&hellip;]","og_url":"https:\/\/www.aspb.cat\/es\/areas\/investigacion-docencia\/docencia\/","og_site_name":"ASPB","article_publisher":"https:\/\/www.facebook.com\/salutpublicabcn","article_modified_time":"2022-01-31T16:47:29+00:00","og_image":[{"url":"https:\/\/www.aspb.cat\/wp-content\/uploads\/2016\/03\/Diplomat.jpg","type":"","width":"","height":""}],"twitter_card":"summary_large_image","twitter_site":"@salutpublicabcn","twitter_misc":{"Tiempo de lectura":"2 minutos"},"schema":{"@context":"https:\/\/schema.org","@graph":[{"@type":"WebPage","@id":"https:\/\/www.aspb.cat\/es\/areas\/investigacion-docencia\/docencia\/","url":"https:\/\/www.aspb.cat\/es\/areas\/investigacion-docencia\/docencia\/","name":"Docencia - ASPB","isPartOf":{"@id":"https:\/\/www.aspb.cat\/#website"},"primaryImageOfPage":{"@id":"https:\/\/www.aspb.cat\/es\/areas\/investigacion-docencia\/docencia\/#primaryimage"},"image":{"@id":"https:\/\/www.aspb.cat\/es\/areas\/investigacion-docencia\/docencia\/#primaryimage"},"thumbnailUrl":"https:\/\/www.aspb.cat\/wp-content\/uploads\/2016\/03\/Diplomat.jpg","datePublished":"2016-03-14T15:10:27+00:00","dateModified":"2022-01-31T16:47:29+00:00","breadcrumb":{"@id":"https:\/\/www.aspb.cat\/es\/areas\/investigacion-docencia\/docencia\/#breadcrumb"},"inLanguage":"es","potentialAction":[{"@type":"ReadAction","target":["https:\/\/www.aspb.cat\/es\/areas\/investigacion-docencia\/docencia\/"]}]},{"@type":"ImageObject","inLanguage":"es","@id":"https:\/\/www.aspb.cat\/es\/areas\/investigacion-docencia\/docencia\/#primaryimage","url":"https:\/\/www.aspb.cat\/wp-content\/uploads\/2016\/03\/Diplomat.jpg","contentUrl":"https:\/\/www.aspb.cat\/wp-content\/uploads\/2016\/03\/Diplomat.jpg"},{"@type":"BreadcrumbList","@id":"https:\/\/www.aspb.cat\/es\/areas\/investigacion-docencia\/docencia\/#breadcrumb","itemListElement":[{"@type":"ListItem","position":1,"name":"Inici","item":"https:\/\/www.aspb.cat\/es\/"},{"@type":"ListItem","position":2,"name":"\u00c1reas","item":"https:\/\/www.aspb.cat\/es\/areas\/"},{"@type":"ListItem","position":3,"name":"Investigaci\u00f3n y docencia","item":"https:\/\/www.aspb.cat\/es\/areas\/investigacion-docencia\/"},{"@type":"ListItem","position":4,"name":"Docencia"}]},{"@type":"WebSite","@id":"https:\/\/www.aspb.cat\/#website","url":"https:\/\/www.aspb.cat\/","name":"ASPB","description":"Just another WordPress site","potentialAction":[{"@type":"SearchAction","target":{"@type":"EntryPoint","urlTemplate":"https:\/\/www.aspb.cat\/?s={search_term_string}"},"query-input":{"@type":"PropertyValueSpecification","valueRequired":true,"valueName":"search_term_string"}}],"inLanguage":"es"}]}},"_links":{"self":[{"href":"https:\/\/www.aspb.cat\/es\/wp-json\/wp\/v2\/pages\/7582","targetHints":{"allow":["GET"]}}],"collection":[{"href":"https:\/\/www.aspb.cat\/es\/wp-json\/wp\/v2\/pages"}],"about":[{"href":"https:\/\/www.aspb.cat\/es\/wp-json\/wp\/v2\/types\/page"}],"author":[{"embeddable":true,"href":"https:\/\/www.aspb.cat\/es\/wp-json\/wp\/v2\/users\/3"}],"replies":[{"embeddable":true,"href":"https:\/\/www.aspb.cat\/es\/wp-json\/wp\/v2\/comments?post=7582"}],"version-history":[{"count":3,"href":"https:\/\/www.aspb.cat\/es\/wp-json\/wp\/v2\/pages\/7582\/revisions"}],"predecessor-version":[{"id":31480,"href":"https:\/\/www.aspb.cat\/es\/wp-json\/wp\/v2\/pages\/7582\/revisions\/31480"}],"up":[{"embeddable":true,"href":"https:\/\/www.aspb.cat\/es\/wp-json\/wp\/v2\/pages\/4267"}],"wp:attachment":[{"href":"https:\/\/www.aspb.cat\/es\/wp-json\/wp\/v2\/media?parent=7582"}],"curies":[{"name":"wp","href":"https:\/\/api.w.org\/{rel}","templated":true}]}}