{"id":7581,"date":"2016-03-14T15:10:04","date_gmt":"2016-03-14T15:10:04","guid":{"rendered":"https:\/\/www.aspb.cat\/areas\/investigacion-y-docencia\/sessions-cientifiques\/"},"modified":"2026-02-03T11:05:36","modified_gmt":"2026-02-03T11:05:36","slug":"sesiones-cientificas","status":"publish","type":"page","link":"https:\/\/www.aspb.cat\/es\/areas\/investigacion-docencia\/sesiones-cientificas\/","title":{"rendered":"Sesiones cient\u00edficas"},"content":{"rendered":"<p>Organizamos peri\u00f3dicamente (el tercer martes de cada mes, de manera general) sesiones cient\u00edficas abiertas. Este espacio de debate cient\u00edfico es una magn\u00edfica oportunidad para compartir conocimientos, dudas y experiencias con otros profesionales de la salud p\u00fablica i de \u00e1mbitos relacionados.<\/p>\n<p style=\"text-align: center;\"><a href=\"https:\/\/www.aspb.cat\/wp-content\/uploads\/2025\/12\/Sessions-cientifiques-ASPB-2026.pdf\" target=\"_blank\" rel=\"noopener\"><span class=\"boton\" style=\"text-align: center;\">Calendario de sesiones cient\u00edficas 2026 [PDF]<\/span><\/a><\/p>\n<p style=\"text-align: center;\"><span class=\"boton\" style=\"text-align: center;\"><a href=\"https:\/\/www.youtube.com\/playlist?list=PLJpPY7X6uuoB62E2Ri9Kavjl3KDQOKm18\" target=\"_blank\" rel=\"noopener noreferrer\">Ver los v\u00eddeos en nuestro canal de YouTube<\/a><\/span><\/p>\n\n\n<div class=\"figure\"><\/div>\n","protected":false},"excerpt":{"rendered":"<p>Organizamos peri\u00f3dicamente (el tercer martes de cada mes, de manera general) sesiones cient\u00edficas abiertas. Este [&hellip;]\n","protected":false},"author":3,"featured_media":62034,"parent":4267,"menu_order":206,"comment_status":"closed","ping_status":"closed","template":"","meta":{"_acf_changed":false,"_monsterinsights_skip_tracking":false,"_monsterinsights_sitenote_active":false,"_monsterinsights_sitenote_note":"","_monsterinsights_sitenote_category":0,"footnotes":""},"class_list":["post-7581","page","type-page","status-publish","has-post-thumbnail","hentry","publish","author-as20pb16-x22","impar","primero"],"acf":[],"yoast_head":"<!-- This site is optimized with the Yoast SEO Premium plugin v27.5 (Yoast SEO v27.5) - https:\/\/yoast.com\/product\/yoast-seo-premium-wordpress\/ -->\n<title>Sesiones cient\u00edficas - ASPB<\/title>\n<meta name=\"robots\" content=\"index, follow, max-snippet:-1, max-image-preview:large, max-video-preview:-1\" \/>\n<link rel=\"canonical\" href=\"https:\/\/www.aspb.cat\/es\/areas\/investigacion-docencia\/sesiones-cientificas\/\" \/>\n<meta property=\"og:locale\" content=\"es_ES\" \/>\n<meta property=\"og:type\" content=\"article\" \/>\n<meta property=\"og:title\" content=\"Sesiones cient\u00edficas\" \/>\n<meta property=\"og:description\" content=\"Organizamos peri\u00f3dicamente (el tercer martes de cada mes, de manera general) sesiones cient\u00edficas abiertas. Este [&hellip;]\" \/>\n<meta property=\"og:url\" content=\"https:\/\/www.aspb.cat\/es\/areas\/investigacion-docencia\/sesiones-cientificas\/\" \/>\n<meta property=\"og:site_name\" content=\"ASPB\" \/>\n<meta property=\"article:publisher\" content=\"https:\/\/www.facebook.com\/salutpublicabcn\" \/>\n<meta property=\"article:modified_time\" content=\"2026-02-03T11:05:36+00:00\" \/>\n<meta property=\"og:image\" content=\"https:\/\/www.aspb.cat\/wp-content\/uploads\/2025\/12\/Sessions-cientifiques-ASPB-2026-NOT.jpg\" \/>\n\t<meta property=\"og:image:width\" content=\"1460\" \/>\n\t<meta property=\"og:image:height\" content=\"918\" \/>\n\t<meta property=\"og:image:type\" content=\"image\/jpeg\" \/>\n<meta name=\"twitter:card\" content=\"summary_large_image\" \/>\n<meta name=\"twitter:site\" content=\"@salutpublicabcn\" \/>\n<meta name=\"twitter:label1\" content=\"Tiempo de lectura\" \/>\n\t<meta name=\"twitter:data1\" content=\"1 minuto\" \/>\n<script type=\"application\/ld+json\" class=\"yoast-schema-graph\">{\"@context\":\"https:\\\/\\\/schema.org\",\"@graph\":[{\"@type\":\"WebPage\",\"@id\":\"https:\\\/\\\/www.aspb.cat\\\/es\\\/areas\\\/investigacion-docencia\\\/sesiones-cientificas\\\/\",\"url\":\"https:\\\/\\\/www.aspb.cat\\\/es\\\/areas\\\/investigacion-docencia\\\/sesiones-cientificas\\\/\",\"name\":\"Sesiones cient\u00edficas - ASPB\",\"isPartOf\":{\"@id\":\"https:\\\/\\\/www.aspb.cat\\\/#website\"},\"primaryImageOfPage\":{\"@id\":\"https:\\\/\\\/www.aspb.cat\\\/es\\\/areas\\\/investigacion-docencia\\\/sesiones-cientificas\\\/#primaryimage\"},\"image\":{\"@id\":\"https:\\\/\\\/www.aspb.cat\\\/es\\\/areas\\\/investigacion-docencia\\\/sesiones-cientificas\\\/#primaryimage\"},\"thumbnailUrl\":\"https:\\\/\\\/www.aspb.cat\\\/wp-content\\\/uploads\\\/2025\\\/12\\\/Sessions-cientifiques-ASPB-2026-NOT.jpg\",\"datePublished\":\"2016-03-14T15:10:04+00:00\",\"dateModified\":\"2026-02-03T11:05:36+00:00\",\"breadcrumb\":{\"@id\":\"https:\\\/\\\/www.aspb.cat\\\/es\\\/areas\\\/investigacion-docencia\\\/sesiones-cientificas\\\/#breadcrumb\"},\"inLanguage\":\"es\",\"potentialAction\":[{\"@type\":\"ReadAction\",\"target\":[\"https:\\\/\\\/www.aspb.cat\\\/es\\\/areas\\\/investigacion-docencia\\\/sesiones-cientificas\\\/\"]}]},{\"@type\":\"ImageObject\",\"inLanguage\":\"es\",\"@id\":\"https:\\\/\\\/www.aspb.cat\\\/es\\\/areas\\\/investigacion-docencia\\\/sesiones-cientificas\\\/#primaryimage\",\"url\":\"https:\\\/\\\/www.aspb.cat\\\/wp-content\\\/uploads\\\/2025\\\/12\\\/Sessions-cientifiques-ASPB-2026-NOT.jpg\",\"contentUrl\":\"https:\\\/\\\/www.aspb.cat\\\/wp-content\\\/uploads\\\/2025\\\/12\\\/Sessions-cientifiques-ASPB-2026-NOT.jpg\",\"width\":1460,\"height\":918},{\"@type\":\"BreadcrumbList\",\"@id\":\"https:\\\/\\\/www.aspb.cat\\\/es\\\/areas\\\/investigacion-docencia\\\/sesiones-cientificas\\\/#breadcrumb\",\"itemListElement\":[{\"@type\":\"ListItem\",\"position\":1,\"name\":\"Inici\",\"item\":\"https:\\\/\\\/www.aspb.cat\\\/es\\\/\"},{\"@type\":\"ListItem\",\"position\":2,\"name\":\"\u00c1reas\",\"item\":\"https:\\\/\\\/www.aspb.cat\\\/es\\\/areas\\\/\"},{\"@type\":\"ListItem\",\"position\":3,\"name\":\"Investigaci\u00f3n y docencia\",\"item\":\"https:\\\/\\\/www.aspb.cat\\\/es\\\/areas\\\/investigacion-docencia\\\/\"},{\"@type\":\"ListItem\",\"position\":4,\"name\":\"Sesiones cient\u00edficas\"}]},{\"@type\":\"WebSite\",\"@id\":\"https:\\\/\\\/www.aspb.cat\\\/#website\",\"url\":\"https:\\\/\\\/www.aspb.cat\\\/\",\"name\":\"ASPB\",\"description\":\"Just another WordPress site\",\"potentialAction\":[{\"@type\":\"SearchAction\",\"target\":{\"@type\":\"EntryPoint\",\"urlTemplate\":\"https:\\\/\\\/www.aspb.cat\\\/?s={search_term_string}\"},\"query-input\":{\"@type\":\"PropertyValueSpecification\",\"valueRequired\":true,\"valueName\":\"search_term_string\"}}],\"inLanguage\":\"es\"}]}<\/script>\n<!-- \/ Yoast SEO Premium plugin. -->","yoast_head_json":{"title":"Sesiones cient\u00edficas - ASPB","robots":{"index":"index","follow":"follow","max-snippet":"max-snippet:-1","max-image-preview":"max-image-preview:large","max-video-preview":"max-video-preview:-1"},"canonical":"https:\/\/www.aspb.cat\/es\/areas\/investigacion-docencia\/sesiones-cientificas\/","og_locale":"es_ES","og_type":"article","og_title":"Sesiones cient\u00edficas","og_description":"Organizamos peri\u00f3dicamente (el tercer martes de cada mes, de manera general) sesiones cient\u00edficas abiertas. Este [&hellip;]","og_url":"https:\/\/www.aspb.cat\/es\/areas\/investigacion-docencia\/sesiones-cientificas\/","og_site_name":"ASPB","article_publisher":"https:\/\/www.facebook.com\/salutpublicabcn","article_modified_time":"2026-02-03T11:05:36+00:00","og_image":[{"width":1460,"height":918,"url":"https:\/\/www.aspb.cat\/wp-content\/uploads\/2025\/12\/Sessions-cientifiques-ASPB-2026-NOT.jpg","type":"image\/jpeg"}],"twitter_card":"summary_large_image","twitter_site":"@salutpublicabcn","twitter_misc":{"Tiempo de lectura":"1 minuto"},"schema":{"@context":"https:\/\/schema.org","@graph":[{"@type":"WebPage","@id":"https:\/\/www.aspb.cat\/es\/areas\/investigacion-docencia\/sesiones-cientificas\/","url":"https:\/\/www.aspb.cat\/es\/areas\/investigacion-docencia\/sesiones-cientificas\/","name":"Sesiones cient\u00edficas - ASPB","isPartOf":{"@id":"https:\/\/www.aspb.cat\/#website"},"primaryImageOfPage":{"@id":"https:\/\/www.aspb.cat\/es\/areas\/investigacion-docencia\/sesiones-cientificas\/#primaryimage"},"image":{"@id":"https:\/\/www.aspb.cat\/es\/areas\/investigacion-docencia\/sesiones-cientificas\/#primaryimage"},"thumbnailUrl":"https:\/\/www.aspb.cat\/wp-content\/uploads\/2025\/12\/Sessions-cientifiques-ASPB-2026-NOT.jpg","datePublished":"2016-03-14T15:10:04+00:00","dateModified":"2026-02-03T11:05:36+00:00","breadcrumb":{"@id":"https:\/\/www.aspb.cat\/es\/areas\/investigacion-docencia\/sesiones-cientificas\/#breadcrumb"},"inLanguage":"es","potentialAction":[{"@type":"ReadAction","target":["https:\/\/www.aspb.cat\/es\/areas\/investigacion-docencia\/sesiones-cientificas\/"]}]},{"@type":"ImageObject","inLanguage":"es","@id":"https:\/\/www.aspb.cat\/es\/areas\/investigacion-docencia\/sesiones-cientificas\/#primaryimage","url":"https:\/\/www.aspb.cat\/wp-content\/uploads\/2025\/12\/Sessions-cientifiques-ASPB-2026-NOT.jpg","contentUrl":"https:\/\/www.aspb.cat\/wp-content\/uploads\/2025\/12\/Sessions-cientifiques-ASPB-2026-NOT.jpg","width":1460,"height":918},{"@type":"BreadcrumbList","@id":"https:\/\/www.aspb.cat\/es\/areas\/investigacion-docencia\/sesiones-cientificas\/#breadcrumb","itemListElement":[{"@type":"ListItem","position":1,"name":"Inici","item":"https:\/\/www.aspb.cat\/es\/"},{"@type":"ListItem","position":2,"name":"\u00c1reas","item":"https:\/\/www.aspb.cat\/es\/areas\/"},{"@type":"ListItem","position":3,"name":"Investigaci\u00f3n y docencia","item":"https:\/\/www.aspb.cat\/es\/areas\/investigacion-docencia\/"},{"@type":"ListItem","position":4,"name":"Sesiones cient\u00edficas"}]},{"@type":"WebSite","@id":"https:\/\/www.aspb.cat\/#website","url":"https:\/\/www.aspb.cat\/","name":"ASPB","description":"Just another WordPress site","potentialAction":[{"@type":"SearchAction","target":{"@type":"EntryPoint","urlTemplate":"https:\/\/www.aspb.cat\/?s={search_term_string}"},"query-input":{"@type":"PropertyValueSpecification","valueRequired":true,"valueName":"search_term_string"}}],"inLanguage":"es"}]}},"_links":{"self":[{"href":"https:\/\/www.aspb.cat\/es\/wp-json\/wp\/v2\/pages\/7581","targetHints":{"allow":["GET"]}}],"collection":[{"href":"https:\/\/www.aspb.cat\/es\/wp-json\/wp\/v2\/pages"}],"about":[{"href":"https:\/\/www.aspb.cat\/es\/wp-json\/wp\/v2\/types\/page"}],"author":[{"embeddable":true,"href":"https:\/\/www.aspb.cat\/es\/wp-json\/wp\/v2\/users\/3"}],"replies":[{"embeddable":true,"href":"https:\/\/www.aspb.cat\/es\/wp-json\/wp\/v2\/comments?post=7581"}],"version-history":[{"count":8,"href":"https:\/\/www.aspb.cat\/es\/wp-json\/wp\/v2\/pages\/7581\/revisions"}],"predecessor-version":[{"id":62276,"href":"https:\/\/www.aspb.cat\/es\/wp-json\/wp\/v2\/pages\/7581\/revisions\/62276"}],"up":[{"embeddable":true,"href":"https:\/\/www.aspb.cat\/es\/wp-json\/wp\/v2\/pages\/4267"}],"wp:featuredmedia":[{"embeddable":true,"href":"https:\/\/www.aspb.cat\/es\/wp-json\/wp\/v2\/media\/62034"}],"wp:attachment":[{"href":"https:\/\/www.aspb.cat\/es\/wp-json\/wp\/v2\/media?parent=7581"}],"curies":[{"name":"wp","href":"https:\/\/api.w.org\/{rel}","templated":true}]}}