{"id":7580,"date":"2016-03-14T15:08:50","date_gmt":"2016-03-14T15:08:50","guid":{"rendered":"https:\/\/www.aspb.cat\/areas\/investigacion-y-docencia\/projectes-de-recerca\/"},"modified":"2026-03-19T14:36:44","modified_gmt":"2026-03-19T14:36:44","slug":"projectes-de-recerca","status":"publish","type":"page","link":"https:\/\/www.aspb.cat\/es\/areas\/investigacion-docencia\/projectes-de-recerca\/","title":{"rendered":"Proyectos de investigaci\u00f3n"},"content":{"rendered":"<p>Fem recerca de manera transversal, incorporant perfils t\u00e8cnics complementaris que ens permeten ampliar l\u2019abordatge multidisciplinari de la recerca en salut p\u00fablica. Aquesta col\u00b7laboraci\u00f3, que va m\u00e9s enll\u00e0 dels \u00e0mbits organitzatius formals, ens permet cada any liderar i participar en diferents projectes competitius tant d&#8217;\u00e0mbit nacional com europeu.<\/p>\n<table style=\"width: 100%; height: 142px;\">\n<tbody>\n<tr>\n<td style=\"text-align: center;\" valign=\"middle\"><a href=\" https:\/\/www.aspb.cat\/poiba\/\"><img decoding=\"async\" class=\"wp-image-4365 aligncenter\" src=\"https:\/\/www.aspb.cat\/wp-content\/uploads\/2016\/07\/Logo-POIBA_cuatricomia_positivo.jpg\" alt=\"Logo POIBA\" width=\"300\" height=\"113\" srcset=\"https:\/\/www.aspb.cat\/wp-content\/uploads\/2016\/07\/Logo-POIBA_cuatricomia_positivo.jpg 1024w, https:\/\/www.aspb.cat\/wp-content\/uploads\/2016\/07\/Logo-POIBA_cuatricomia_positivo-768x290.jpg 768w, https:\/\/www.aspb.cat\/wp-content\/uploads\/2016\/07\/Logo-POIBA_cuatricomia_positivo-916x346.jpg 916w\" sizes=\"(max-width: 300px) 100vw, 300px\" \/><\/a><\/td>\n<td style=\"text-align: center;\" valign=\"middle\"><a href=\"http:\/\/www.sophie-project.eu\/index.htm\" target=\"_blank\" rel=\"noopener noreferrer\"><img decoding=\"async\" class=\"wp-image-5705 alignleft\" src=\"https:\/\/www.aspb.cat\/wp-content\/uploads\/2016\/03\/sophie_rgb.jpg\" alt=\"\" width=\"200\" height=\"101\" srcset=\"https:\/\/www.aspb.cat\/wp-content\/uploads\/2016\/03\/sophie_rgb.jpg 1654w, https:\/\/www.aspb.cat\/wp-content\/uploads\/2016\/03\/sophie_rgb-768x390.jpg 768w, https:\/\/www.aspb.cat\/wp-content\/uploads\/2016\/03\/sophie_rgb-916x465.jpg 916w\" sizes=\"(max-width: 200px) 100vw, 200px\" \/><\/a><\/td>\n<td style=\"text-align: center;\" valign=\"middle\"><a href=\"https:\/\/www.aspb.cat\/gosalut\/\" target=\"_blank\" rel=\"noopener noreferrer\"><img decoding=\"async\" class=\"wp-image-6060 alignnone\" src=\"https:\/\/www.aspb.cat\/wp-content\/uploads\/2017\/03\/logo_GoSalut.jpg\" alt=\"\" width=\"100\" height=\"114\" \/><\/a><\/td>\n<\/tr>\n<\/tbody>\n<\/table>\n<table style=\"width: 100%; height: 152px;\">\n<tbody>\n<tr>\n<td style=\"text-align: center;\" valign=\"middle\"><a href=\"https:\/\/www.aspb.cat\/cohort-dama\/\" target=\"_blank\" rel=\"noopener noreferrer\"><img decoding=\"async\" class=\"aligncenter wp-image-5236\" src=\"https:\/\/www.aspb.cat\/wp-content\/uploads\/2016\/03\/DAMA_logo_blanc.jpg\" width=\"201\" height=\"84\" \/><\/a><\/td>\n<td style=\"text-align: center;\" valign=\"middle\"><a href=\"https:\/\/www.aspb.cat\/es\/eira-feder\/\" target=\"_blank\" rel=\"noopener noreferrer\"><img decoding=\"async\" class=\"aligncenter wp-image-5236\" src=\"https:\/\/www.aspb.cat\/wp-content\/uploads\/2026\/03\/EIRA.jpg\" width=\"300\" height=\"84\" \/><\/a><\/td>\n<td style=\"text-align: center;\" valign=\"middle\"><a href=\"http:\/\/tackshs.eu\/\" target=\"_blank\" rel=\"noopener noreferrer\"><img decoding=\"async\" class=\"aligncenter wp-image-4534 \" src=\"https:\/\/www.aspb.cat\/wp-content\/uploads\/2016\/03\/Tack-SHS-Logo-e1479476641764.jpg\" width=\"172\" height=\"71\" srcset=\"https:\/\/www.aspb.cat\/wp-content\/uploads\/2016\/03\/Tack-SHS-Logo-e1479476641764.jpg 833w, https:\/\/www.aspb.cat\/wp-content\/uploads\/2016\/03\/Tack-SHS-Logo-e1479476641764-768x318.jpg 768w\" sizes=\"(max-width: 172px) 100vw, 172px\" \/><\/a><\/td>\n<\/tr>\n<\/tbody>\n<\/table>\n<table style=\"width: 100%; height: 142px;\">\n<tbody>\n<tr>\n<td style=\"text-align: center;\" valign=\"middle\"><a href=\"https:\/\/www.safetycube-project.eu\/\" target=\"_blank\" rel=\"noopener noreferrer\"><img decoding=\"async\" class=\"size-full wp-image-9635 alignleft\" src=\"https:\/\/www.aspb.cat\/wp-content\/uploads\/2018\/09\/logo_safetycube.jpg\" alt=\"\" width=\"200\" \/><\/a><\/td>\n<td style=\"text-align: center;\" valign=\"middle\"><a href=\"http:\/\/www.project-pulse.eu\/\" target=\"_blank\" rel=\"noopener noreferrer\"><img decoding=\"async\" class=\"size-full wp-image-9634 aligncenter\" src=\"https:\/\/www.aspb.cat\/wp-content\/uploads\/2018\/09\/logo_pulse.jpg\" alt=\"\" width=\"180\" \/><\/a><\/td>\n<td style=\"text-align: center;\" valign=\"middle\"><a href=\"https:\/\/www.aspb.cat\/documents\/salut-als-carrers\/\" rel=\"noopener\"><img decoding=\"async\" class=\"alignright size-full wp-image-9636\" src=\"https:\/\/www.aspb.cat\/wp-content\/uploads\/2018\/09\/logo_Salut-als-Carrers.jpg\" alt=\"\" width=\"180\" \/><\/a><\/td>\n<\/tr>\n<\/tbody>\n<\/table>\n<table style=\"width: 100%;\">\n<tbody>\n<tr>\n<td style=\"text-align: center;\" valign=\"middle\">Projectes cofinan\u00e7ats per<br \/>\n\u2018Fondo Europeo de Desarrollo Regional (FEDER)\u2019<\/td>\n<\/tr>\n<tr>\n<td style=\"text-align: center;\" valign=\"middle\"><a href=\"https:\/\/www.aspb.cat\/documents\/projectes-cofinancats-per-fondo-europeo-de-desarrollo-regional-feder\/\"><img decoding=\"async\" class=\"alignnone wp-image-9376\" src=\"https:\/\/www.aspb.cat\/wp-content\/uploads\/2018\/07\/etiqueta_LOGO_FEDER-2014.jpg\" alt=\"\" width=\"180\" height=\"126\" \/><\/a><\/td>\n<\/tr>\n<\/tbody>\n<\/table>\n","protected":false},"excerpt":{"rendered":"<p>Fem recerca de manera transversal, incorporant perfils t\u00e8cnics complementaris que ens permeten ampliar l\u2019abordatge multidisciplinari [&hellip;]\n","protected":false},"author":3,"featured_media":0,"parent":4267,"menu_order":176,"comment_status":"closed","ping_status":"closed","template":"","meta":{"_acf_changed":false,"_monsterinsights_skip_tracking":false,"_monsterinsights_sitenote_active":false,"_monsterinsights_sitenote_note":"","_monsterinsights_sitenote_category":0,"footnotes":""},"class_list":["post-7580","page","type-page","status-publish","hentry","publish","author-as20pb16-x22","impar","primero"],"acf":[],"yoast_head":"<!-- This site is optimized with the Yoast SEO Premium plugin v27.5 (Yoast SEO v27.5) - https:\/\/yoast.com\/product\/yoast-seo-premium-wordpress\/ -->\n<title>Proyectos de investigaci\u00f3n - ASPB<\/title>\n<meta name=\"robots\" content=\"index, follow, max-snippet:-1, max-image-preview:large, max-video-preview:-1\" \/>\n<link rel=\"canonical\" href=\"https:\/\/www.aspb.cat\/es\/areas\/investigacion-docencia\/projectes-de-recerca\/\" \/>\n<meta property=\"og:locale\" content=\"es_ES\" \/>\n<meta property=\"og:type\" content=\"article\" \/>\n<meta property=\"og:title\" content=\"Proyectos de investigaci\u00f3n\" \/>\n<meta property=\"og:description\" content=\"Fem recerca de manera transversal, incorporant perfils t\u00e8cnics complementaris que ens permeten ampliar l\u2019abordatge multidisciplinari [&hellip;]\" \/>\n<meta property=\"og:url\" content=\"https:\/\/www.aspb.cat\/es\/areas\/investigacion-docencia\/projectes-de-recerca\/\" \/>\n<meta property=\"og:site_name\" content=\"ASPB\" \/>\n<meta property=\"article:publisher\" content=\"https:\/\/www.facebook.com\/salutpublicabcn\" \/>\n<meta property=\"article:modified_time\" content=\"2026-03-19T14:36:44+00:00\" \/>\n<meta property=\"og:image\" content=\"https:\/\/www.aspb.cat\/wp-content\/uploads\/2016\/07\/Logo-POIBA_cuatricomia_positivo.jpg\" \/>\n\t<meta property=\"og:image:width\" content=\"1024\" \/>\n\t<meta property=\"og:image:height\" content=\"387\" \/>\n\t<meta property=\"og:image:type\" content=\"image\/jpeg\" \/>\n<meta name=\"twitter:card\" content=\"summary_large_image\" \/>\n<meta name=\"twitter:site\" content=\"@salutpublicabcn\" \/>\n<meta name=\"twitter:label1\" content=\"Tiempo de lectura\" \/>\n\t<meta name=\"twitter:data1\" content=\"3 minutos\" \/>\n<script type=\"application\/ld+json\" class=\"yoast-schema-graph\">{\"@context\":\"https:\\\/\\\/schema.org\",\"@graph\":[{\"@type\":\"WebPage\",\"@id\":\"https:\\\/\\\/www.aspb.cat\\\/es\\\/areas\\\/investigacion-docencia\\\/projectes-de-recerca\\\/\",\"url\":\"https:\\\/\\\/www.aspb.cat\\\/es\\\/areas\\\/investigacion-docencia\\\/projectes-de-recerca\\\/\",\"name\":\"Proyectos de investigaci\u00f3n - ASPB\",\"isPartOf\":{\"@id\":\"https:\\\/\\\/www.aspb.cat\\\/#website\"},\"primaryImageOfPage\":{\"@id\":\"https:\\\/\\\/www.aspb.cat\\\/es\\\/areas\\\/investigacion-docencia\\\/projectes-de-recerca\\\/#primaryimage\"},\"image\":{\"@id\":\"https:\\\/\\\/www.aspb.cat\\\/es\\\/areas\\\/investigacion-docencia\\\/projectes-de-recerca\\\/#primaryimage\"},\"thumbnailUrl\":\"https:\\\/\\\/www.aspb.cat\\\/wp-content\\\/uploads\\\/2016\\\/07\\\/Logo-POIBA_cuatricomia_positivo.jpg\",\"datePublished\":\"2016-03-14T15:08:50+00:00\",\"dateModified\":\"2026-03-19T14:36:44+00:00\",\"breadcrumb\":{\"@id\":\"https:\\\/\\\/www.aspb.cat\\\/es\\\/areas\\\/investigacion-docencia\\\/projectes-de-recerca\\\/#breadcrumb\"},\"inLanguage\":\"es\",\"potentialAction\":[{\"@type\":\"ReadAction\",\"target\":[\"https:\\\/\\\/www.aspb.cat\\\/es\\\/areas\\\/investigacion-docencia\\\/projectes-de-recerca\\\/\"]}]},{\"@type\":\"ImageObject\",\"inLanguage\":\"es\",\"@id\":\"https:\\\/\\\/www.aspb.cat\\\/es\\\/areas\\\/investigacion-docencia\\\/projectes-de-recerca\\\/#primaryimage\",\"url\":\"https:\\\/\\\/www.aspb.cat\\\/wp-content\\\/uploads\\\/2016\\\/07\\\/Logo-POIBA_cuatricomia_positivo.jpg\",\"contentUrl\":\"https:\\\/\\\/www.aspb.cat\\\/wp-content\\\/uploads\\\/2016\\\/07\\\/Logo-POIBA_cuatricomia_positivo.jpg\"},{\"@type\":\"BreadcrumbList\",\"@id\":\"https:\\\/\\\/www.aspb.cat\\\/es\\\/areas\\\/investigacion-docencia\\\/projectes-de-recerca\\\/#breadcrumb\",\"itemListElement\":[{\"@type\":\"ListItem\",\"position\":1,\"name\":\"Inici\",\"item\":\"https:\\\/\\\/www.aspb.cat\\\/es\\\/\"},{\"@type\":\"ListItem\",\"position\":2,\"name\":\"\u00c1reas\",\"item\":\"https:\\\/\\\/www.aspb.cat\\\/es\\\/areas\\\/\"},{\"@type\":\"ListItem\",\"position\":3,\"name\":\"Investigaci\u00f3n y docencia\",\"item\":\"https:\\\/\\\/www.aspb.cat\\\/es\\\/areas\\\/investigacion-docencia\\\/\"},{\"@type\":\"ListItem\",\"position\":4,\"name\":\"Proyectos de investigaci\u00f3n\"}]},{\"@type\":\"WebSite\",\"@id\":\"https:\\\/\\\/www.aspb.cat\\\/#website\",\"url\":\"https:\\\/\\\/www.aspb.cat\\\/\",\"name\":\"ASPB\",\"description\":\"Just another WordPress site\",\"potentialAction\":[{\"@type\":\"SearchAction\",\"target\":{\"@type\":\"EntryPoint\",\"urlTemplate\":\"https:\\\/\\\/www.aspb.cat\\\/?s={search_term_string}\"},\"query-input\":{\"@type\":\"PropertyValueSpecification\",\"valueRequired\":true,\"valueName\":\"search_term_string\"}}],\"inLanguage\":\"es\"}]}<\/script>\n<!-- \/ Yoast SEO Premium plugin. -->","yoast_head_json":{"title":"Proyectos de investigaci\u00f3n - ASPB","robots":{"index":"index","follow":"follow","max-snippet":"max-snippet:-1","max-image-preview":"max-image-preview:large","max-video-preview":"max-video-preview:-1"},"canonical":"https:\/\/www.aspb.cat\/es\/areas\/investigacion-docencia\/projectes-de-recerca\/","og_locale":"es_ES","og_type":"article","og_title":"Proyectos de investigaci\u00f3n","og_description":"Fem recerca de manera transversal, incorporant perfils t\u00e8cnics complementaris que ens permeten ampliar l\u2019abordatge multidisciplinari [&hellip;]","og_url":"https:\/\/www.aspb.cat\/es\/areas\/investigacion-docencia\/projectes-de-recerca\/","og_site_name":"ASPB","article_publisher":"https:\/\/www.facebook.com\/salutpublicabcn","article_modified_time":"2026-03-19T14:36:44+00:00","og_image":[{"width":1024,"height":387,"url":"https:\/\/www.aspb.cat\/wp-content\/uploads\/2016\/07\/Logo-POIBA_cuatricomia_positivo.jpg","type":"image\/jpeg"}],"twitter_card":"summary_large_image","twitter_site":"@salutpublicabcn","twitter_misc":{"Tiempo de lectura":"3 minutos"},"schema":{"@context":"https:\/\/schema.org","@graph":[{"@type":"WebPage","@id":"https:\/\/www.aspb.cat\/es\/areas\/investigacion-docencia\/projectes-de-recerca\/","url":"https:\/\/www.aspb.cat\/es\/areas\/investigacion-docencia\/projectes-de-recerca\/","name":"Proyectos de investigaci\u00f3n - ASPB","isPartOf":{"@id":"https:\/\/www.aspb.cat\/#website"},"primaryImageOfPage":{"@id":"https:\/\/www.aspb.cat\/es\/areas\/investigacion-docencia\/projectes-de-recerca\/#primaryimage"},"image":{"@id":"https:\/\/www.aspb.cat\/es\/areas\/investigacion-docencia\/projectes-de-recerca\/#primaryimage"},"thumbnailUrl":"https:\/\/www.aspb.cat\/wp-content\/uploads\/2016\/07\/Logo-POIBA_cuatricomia_positivo.jpg","datePublished":"2016-03-14T15:08:50+00:00","dateModified":"2026-03-19T14:36:44+00:00","breadcrumb":{"@id":"https:\/\/www.aspb.cat\/es\/areas\/investigacion-docencia\/projectes-de-recerca\/#breadcrumb"},"inLanguage":"es","potentialAction":[{"@type":"ReadAction","target":["https:\/\/www.aspb.cat\/es\/areas\/investigacion-docencia\/projectes-de-recerca\/"]}]},{"@type":"ImageObject","inLanguage":"es","@id":"https:\/\/www.aspb.cat\/es\/areas\/investigacion-docencia\/projectes-de-recerca\/#primaryimage","url":"https:\/\/www.aspb.cat\/wp-content\/uploads\/2016\/07\/Logo-POIBA_cuatricomia_positivo.jpg","contentUrl":"https:\/\/www.aspb.cat\/wp-content\/uploads\/2016\/07\/Logo-POIBA_cuatricomia_positivo.jpg"},{"@type":"BreadcrumbList","@id":"https:\/\/www.aspb.cat\/es\/areas\/investigacion-docencia\/projectes-de-recerca\/#breadcrumb","itemListElement":[{"@type":"ListItem","position":1,"name":"Inici","item":"https:\/\/www.aspb.cat\/es\/"},{"@type":"ListItem","position":2,"name":"\u00c1reas","item":"https:\/\/www.aspb.cat\/es\/areas\/"},{"@type":"ListItem","position":3,"name":"Investigaci\u00f3n y docencia","item":"https:\/\/www.aspb.cat\/es\/areas\/investigacion-docencia\/"},{"@type":"ListItem","position":4,"name":"Proyectos de investigaci\u00f3n"}]},{"@type":"WebSite","@id":"https:\/\/www.aspb.cat\/#website","url":"https:\/\/www.aspb.cat\/","name":"ASPB","description":"Just another WordPress site","potentialAction":[{"@type":"SearchAction","target":{"@type":"EntryPoint","urlTemplate":"https:\/\/www.aspb.cat\/?s={search_term_string}"},"query-input":{"@type":"PropertyValueSpecification","valueRequired":true,"valueName":"search_term_string"}}],"inLanguage":"es"}]}},"_links":{"self":[{"href":"https:\/\/www.aspb.cat\/es\/wp-json\/wp\/v2\/pages\/7580","targetHints":{"allow":["GET"]}}],"collection":[{"href":"https:\/\/www.aspb.cat\/es\/wp-json\/wp\/v2\/pages"}],"about":[{"href":"https:\/\/www.aspb.cat\/es\/wp-json\/wp\/v2\/types\/page"}],"author":[{"embeddable":true,"href":"https:\/\/www.aspb.cat\/es\/wp-json\/wp\/v2\/users\/3"}],"replies":[{"embeddable":true,"href":"https:\/\/www.aspb.cat\/es\/wp-json\/wp\/v2\/comments?post=7580"}],"version-history":[{"count":3,"href":"https:\/\/www.aspb.cat\/es\/wp-json\/wp\/v2\/pages\/7580\/revisions"}],"predecessor-version":[{"id":63087,"href":"https:\/\/www.aspb.cat\/es\/wp-json\/wp\/v2\/pages\/7580\/revisions\/63087"}],"up":[{"embeddable":true,"href":"https:\/\/www.aspb.cat\/es\/wp-json\/wp\/v2\/pages\/4267"}],"wp:attachment":[{"href":"https:\/\/www.aspb.cat\/es\/wp-json\/wp\/v2\/media?parent=7580"}],"curies":[{"name":"wp","href":"https:\/\/api.w.org\/{rel}","templated":true}]}}