{"id":7579,"date":"2016-03-14T15:08:21","date_gmt":"2016-03-14T15:08:21","guid":{"rendered":"https:\/\/www.aspb.cat\/areas\/investigacion-y-docencia\/arees-grups-de-recerca\/"},"modified":"2022-10-12T11:10:47","modified_gmt":"2022-10-12T11:10:47","slug":"arees-grups-de-recerca","status":"publish","type":"page","link":"https:\/\/www.aspb.cat\/es\/areas\/investigacion-docencia\/arees-grups-de-recerca\/","title":{"rendered":"\u00c1reas y grupos de investigaci\u00f3n"},"content":{"rendered":"<p>Las principales \u00e1reas de investigaci\u00f3n de la Ag\u00e8ncia de Salut P\u00fablica (ASPB) de Barcelona son:<\/p>\n<ul>\n<li>Los problemas de salud<\/li>\n<li>Los determinantes sociales de la salud y las desigualdades en salud<\/li>\n<li>La protecci\u00f3n de la salud<\/li>\n<li>La evaluaci\u00f3n de pol\u00edticas, programas y servicios de salud p\u00fablica<\/li>\n<\/ul>\n<p>Mantenemos estrechas relaciones de colaboraci\u00f3n con diversas instituciones y grupos de investigaci\u00f3n que se agrupan en distintas redes: el <em><a href=\"http:\/\/www.ciberesp.es\/\">CIBER de Epidemiolog\u00eda y Salud P\u00fablica<\/a><\/em> (CIBERESP); el <a href=\"http:\/\/www.iibsantpau.cat\/\">Instituto de Investigaci\u00f3n Biom\u00e9dica Sant Pau<\/a> (IIB-Sant Pau); la <a href=\"http:\/\/www.redrta.es\/\">Red de Trastornos Adictivos<\/a> (RTA), y la <a href=\"http:\/\/www.uitb.cat\/\">Unidad de Investigaci\u00f3n en Tuberculosi de Barcelona<\/a> (UITB).<\/p>\n<p><strong>Grupos liderados en el CIBER de Epidemiologia y Salud P\u00fablica:<\/strong><\/p>\n<ul>\n<li><a href=\"http:\/\/www.ciberisciii.es\/areas-tematicas\/grupo-de-investigacion?id=12484\" target=\"_blank\" rel=\"noopener noreferrer\">Epidemiolog\u00eda social y desigualdades<\/a><\/li>\n<li><a href=\"http:\/\/www.ciberesp.es\/grupos\/grupo-de-investigacion?id=12498\" target=\"_blank\" rel=\"noopener noreferrer\">Evaluaci\u00f3n de intervenciones<\/a><\/li>\n<li><a href=\"https:\/\/www.ciberesp.es\/grupos\/grupo-de-investigacion?id=13826\" target=\"_blank\" rel=\"noopener noreferrer\">Malalties transmissibles<\/a><\/li>\n<\/ul>\n<p><strong>Grups liderats a l&#8217;Institut d&#8217;Investigaci\u00f3 Biom\u00e8dica Sant Pau<\/strong><\/p>\n<ul>\n<li><a href=\"http:\/\/www.recercasantpau.cat\/grup\/avaluacio-de-les-politiques-i-programes-de-salut-publica\/\" target=\"_blank\" rel=\"noopener\">Evaluaci\u00f3n de las pol\u00edticas y programas de salud p\u00fablica<\/a><\/li>\n<li><a href=\"http:\/\/www.recercasantpau.cat\/grup\/desigualtats-en-salut-urbana\/\" target=\"_blank\" rel=\"noopener\">Desigualdades en salud urbana<\/a><\/li>\n<li><a href=\"http:\/\/www.recercasantpau.cat\/grup\/malalties-transmissibles\/\" target=\"_blank\" rel=\"noopener\">Enfermedades transmisibles<\/a><\/li>\n<\/ul>\n\n\n<div class=\"figure\"><\/div>\n","protected":false},"excerpt":{"rendered":"<p>Las principales \u00e1reas de investigaci\u00f3n de la Ag\u00e8ncia de Salut P\u00fablica (ASPB) de Barcelona son: [&hellip;]\n","protected":false},"author":3,"featured_media":0,"parent":4267,"menu_order":111,"comment_status":"closed","ping_status":"closed","template":"","meta":{"_acf_changed":false,"_monsterinsights_skip_tracking":false,"_monsterinsights_sitenote_active":false,"_monsterinsights_sitenote_note":"","_monsterinsights_sitenote_category":0,"footnotes":""},"class_list":["post-7579","page","type-page","status-publish","hentry","publish","author-as20pb16-x22","impar","primero"],"acf":[],"yoast_head":"<!-- This site is optimized with the Yoast SEO Premium plugin v27.5 (Yoast SEO v27.5) - https:\/\/yoast.com\/product\/yoast-seo-premium-wordpress\/ -->\n<title>\u00c1reas y grupos de investigaci\u00f3n - ASPB<\/title>\n<meta name=\"robots\" content=\"index, follow, max-snippet:-1, max-image-preview:large, max-video-preview:-1\" \/>\n<link rel=\"canonical\" href=\"https:\/\/www.aspb.cat\/es\/areas\/investigacion-docencia\/arees-grups-de-recerca\/\" \/>\n<meta property=\"og:locale\" content=\"es_ES\" \/>\n<meta property=\"og:type\" content=\"article\" \/>\n<meta property=\"og:title\" content=\"\u00c1reas y grupos de investigaci\u00f3n\" \/>\n<meta property=\"og:description\" content=\"Las principales \u00e1reas de investigaci\u00f3n de la Ag\u00e8ncia de Salut P\u00fablica (ASPB) de Barcelona son: [&hellip;]\" \/>\n<meta property=\"og:url\" content=\"https:\/\/www.aspb.cat\/es\/areas\/investigacion-docencia\/arees-grups-de-recerca\/\" \/>\n<meta property=\"og:site_name\" content=\"ASPB\" \/>\n<meta property=\"article:publisher\" content=\"https:\/\/www.facebook.com\/salutpublicabcn\" \/>\n<meta property=\"article:modified_time\" content=\"2022-10-12T11:10:47+00:00\" \/>\n<meta name=\"twitter:card\" content=\"summary_large_image\" \/>\n<meta name=\"twitter:site\" content=\"@salutpublicabcn\" \/>\n<meta name=\"twitter:label1\" content=\"Tiempo de lectura\" \/>\n\t<meta name=\"twitter:data1\" content=\"1 minuto\" \/>\n<script type=\"application\/ld+json\" class=\"yoast-schema-graph\">{\"@context\":\"https:\\\/\\\/schema.org\",\"@graph\":[{\"@type\":\"WebPage\",\"@id\":\"https:\\\/\\\/www.aspb.cat\\\/es\\\/areas\\\/investigacion-docencia\\\/arees-grups-de-recerca\\\/\",\"url\":\"https:\\\/\\\/www.aspb.cat\\\/es\\\/areas\\\/investigacion-docencia\\\/arees-grups-de-recerca\\\/\",\"name\":\"\u00c1reas y grupos de investigaci\u00f3n - ASPB\",\"isPartOf\":{\"@id\":\"https:\\\/\\\/www.aspb.cat\\\/#website\"},\"datePublished\":\"2016-03-14T15:08:21+00:00\",\"dateModified\":\"2022-10-12T11:10:47+00:00\",\"breadcrumb\":{\"@id\":\"https:\\\/\\\/www.aspb.cat\\\/es\\\/areas\\\/investigacion-docencia\\\/arees-grups-de-recerca\\\/#breadcrumb\"},\"inLanguage\":\"es\",\"potentialAction\":[{\"@type\":\"ReadAction\",\"target\":[\"https:\\\/\\\/www.aspb.cat\\\/es\\\/areas\\\/investigacion-docencia\\\/arees-grups-de-recerca\\\/\"]}]},{\"@type\":\"BreadcrumbList\",\"@id\":\"https:\\\/\\\/www.aspb.cat\\\/es\\\/areas\\\/investigacion-docencia\\\/arees-grups-de-recerca\\\/#breadcrumb\",\"itemListElement\":[{\"@type\":\"ListItem\",\"position\":1,\"name\":\"Inici\",\"item\":\"https:\\\/\\\/www.aspb.cat\\\/es\\\/\"},{\"@type\":\"ListItem\",\"position\":2,\"name\":\"\u00c1reas\",\"item\":\"https:\\\/\\\/www.aspb.cat\\\/es\\\/areas\\\/\"},{\"@type\":\"ListItem\",\"position\":3,\"name\":\"Investigaci\u00f3n y docencia\",\"item\":\"https:\\\/\\\/www.aspb.cat\\\/es\\\/areas\\\/investigacion-docencia\\\/\"},{\"@type\":\"ListItem\",\"position\":4,\"name\":\"\u00c1reas y grupos de investigaci\u00f3n\"}]},{\"@type\":\"WebSite\",\"@id\":\"https:\\\/\\\/www.aspb.cat\\\/#website\",\"url\":\"https:\\\/\\\/www.aspb.cat\\\/\",\"name\":\"ASPB\",\"description\":\"Just another WordPress site\",\"potentialAction\":[{\"@type\":\"SearchAction\",\"target\":{\"@type\":\"EntryPoint\",\"urlTemplate\":\"https:\\\/\\\/www.aspb.cat\\\/?s={search_term_string}\"},\"query-input\":{\"@type\":\"PropertyValueSpecification\",\"valueRequired\":true,\"valueName\":\"search_term_string\"}}],\"inLanguage\":\"es\"}]}<\/script>\n<!-- \/ Yoast SEO Premium plugin. -->","yoast_head_json":{"title":"\u00c1reas y grupos de investigaci\u00f3n - ASPB","robots":{"index":"index","follow":"follow","max-snippet":"max-snippet:-1","max-image-preview":"max-image-preview:large","max-video-preview":"max-video-preview:-1"},"canonical":"https:\/\/www.aspb.cat\/es\/areas\/investigacion-docencia\/arees-grups-de-recerca\/","og_locale":"es_ES","og_type":"article","og_title":"\u00c1reas y grupos de investigaci\u00f3n","og_description":"Las principales \u00e1reas de investigaci\u00f3n de la Ag\u00e8ncia de Salut P\u00fablica (ASPB) de Barcelona son: [&hellip;]","og_url":"https:\/\/www.aspb.cat\/es\/areas\/investigacion-docencia\/arees-grups-de-recerca\/","og_site_name":"ASPB","article_publisher":"https:\/\/www.facebook.com\/salutpublicabcn","article_modified_time":"2022-10-12T11:10:47+00:00","twitter_card":"summary_large_image","twitter_site":"@salutpublicabcn","twitter_misc":{"Tiempo de lectura":"1 minuto"},"schema":{"@context":"https:\/\/schema.org","@graph":[{"@type":"WebPage","@id":"https:\/\/www.aspb.cat\/es\/areas\/investigacion-docencia\/arees-grups-de-recerca\/","url":"https:\/\/www.aspb.cat\/es\/areas\/investigacion-docencia\/arees-grups-de-recerca\/","name":"\u00c1reas y grupos de investigaci\u00f3n - ASPB","isPartOf":{"@id":"https:\/\/www.aspb.cat\/#website"},"datePublished":"2016-03-14T15:08:21+00:00","dateModified":"2022-10-12T11:10:47+00:00","breadcrumb":{"@id":"https:\/\/www.aspb.cat\/es\/areas\/investigacion-docencia\/arees-grups-de-recerca\/#breadcrumb"},"inLanguage":"es","potentialAction":[{"@type":"ReadAction","target":["https:\/\/www.aspb.cat\/es\/areas\/investigacion-docencia\/arees-grups-de-recerca\/"]}]},{"@type":"BreadcrumbList","@id":"https:\/\/www.aspb.cat\/es\/areas\/investigacion-docencia\/arees-grups-de-recerca\/#breadcrumb","itemListElement":[{"@type":"ListItem","position":1,"name":"Inici","item":"https:\/\/www.aspb.cat\/es\/"},{"@type":"ListItem","position":2,"name":"\u00c1reas","item":"https:\/\/www.aspb.cat\/es\/areas\/"},{"@type":"ListItem","position":3,"name":"Investigaci\u00f3n y docencia","item":"https:\/\/www.aspb.cat\/es\/areas\/investigacion-docencia\/"},{"@type":"ListItem","position":4,"name":"\u00c1reas y grupos de investigaci\u00f3n"}]},{"@type":"WebSite","@id":"https:\/\/www.aspb.cat\/#website","url":"https:\/\/www.aspb.cat\/","name":"ASPB","description":"Just another WordPress site","potentialAction":[{"@type":"SearchAction","target":{"@type":"EntryPoint","urlTemplate":"https:\/\/www.aspb.cat\/?s={search_term_string}"},"query-input":{"@type":"PropertyValueSpecification","valueRequired":true,"valueName":"search_term_string"}}],"inLanguage":"es"}]}},"_links":{"self":[{"href":"https:\/\/www.aspb.cat\/es\/wp-json\/wp\/v2\/pages\/7579","targetHints":{"allow":["GET"]}}],"collection":[{"href":"https:\/\/www.aspb.cat\/es\/wp-json\/wp\/v2\/pages"}],"about":[{"href":"https:\/\/www.aspb.cat\/es\/wp-json\/wp\/v2\/types\/page"}],"author":[{"embeddable":true,"href":"https:\/\/www.aspb.cat\/es\/wp-json\/wp\/v2\/users\/3"}],"replies":[{"embeddable":true,"href":"https:\/\/www.aspb.cat\/es\/wp-json\/wp\/v2\/comments?post=7579"}],"version-history":[{"count":8,"href":"https:\/\/www.aspb.cat\/es\/wp-json\/wp\/v2\/pages\/7579\/revisions"}],"predecessor-version":[{"id":45492,"href":"https:\/\/www.aspb.cat\/es\/wp-json\/wp\/v2\/pages\/7579\/revisions\/45492"}],"up":[{"embeddable":true,"href":"https:\/\/www.aspb.cat\/es\/wp-json\/wp\/v2\/pages\/4267"}],"wp:attachment":[{"href":"https:\/\/www.aspb.cat\/es\/wp-json\/wp\/v2\/media?parent=7579"}],"curies":[{"name":"wp","href":"https:\/\/api.w.org\/{rel}","templated":true}]}}