{"id":7578,"date":"2016-03-14T15:07:58","date_gmt":"2016-03-14T15:07:58","guid":{"rendered":"https:\/\/www.aspb.cat\/areas\/investigacion-y-docencia\/estrategia-de-recerca-i-docencia\/"},"modified":"2022-01-31T16:47:27","modified_gmt":"2022-01-31T16:47:27","slug":"estrategia-de-recerca-i-docencia","status":"publish","type":"page","link":"https:\/\/www.aspb.cat\/es\/areas\/investigacion-docencia\/estrategia-de-recerca-i-docencia\/","title":{"rendered":"Estrategia de investigaci\u00f3n y docencia"},"content":{"rendered":"<p>En la <em>Ag\u00e8ncia de Salud P\u00fablica de Barcelona<\/em> (ASPB) entendemos que la investigaci\u00f3n es un elemento clave de apoyo a la buena pr\u00e1ctica profesional que se resume en la interrelaci\u00f3n investigaci\u00f3n-innovaci\u00f3n-servicio. Por ello, integramos la acci\u00f3n basada en la evidencia, la innovaci\u00f3n, la evaluaci\u00f3n continua, la difusi\u00f3n del nuevo conocimiento, y la revisi\u00f3n y adaptaci\u00f3n de la cartera de servicios a las nuevas realidades. A trav\u00e9s de diversas actividades de docencia promovemos el crecimiento profesional de nuestro personal y queremos influir en la formaci\u00f3n de futuros profesionales de la salud p\u00fablica, por lo que establecemos alianzas con las instituciones acad\u00e9micas relevantes, tanto de nuestra ciudad como de otros pa\u00edses.<\/p>\n","protected":false},"excerpt":{"rendered":"<p>En la Ag\u00e8ncia de Salud P\u00fablica de Barcelona (ASPB) entendemos que la investigaci\u00f3n es un [&hellip;]\n","protected":false},"author":3,"featured_media":0,"parent":4267,"menu_order":72,"comment_status":"closed","ping_status":"closed","template":"","meta":{"_acf_changed":false,"_monsterinsights_skip_tracking":false,"_monsterinsights_sitenote_active":false,"_monsterinsights_sitenote_note":"","_monsterinsights_sitenote_category":0,"footnotes":""},"class_list":["post-7578","page","type-page","status-publish","hentry","publish","author-as20pb16-x22","impar","primero"],"acf":[],"yoast_head":"<!-- This site is optimized with the Yoast SEO Premium plugin v27.5 (Yoast SEO v27.5) - https:\/\/yoast.com\/product\/yoast-seo-premium-wordpress\/ -->\n<title>Estrategia de investigaci\u00f3n y docencia - ASPB<\/title>\n<meta name=\"robots\" content=\"index, follow, max-snippet:-1, max-image-preview:large, max-video-preview:-1\" \/>\n<link rel=\"canonical\" href=\"https:\/\/www.aspb.cat\/es\/areas\/investigacion-docencia\/estrategia-de-recerca-i-docencia\/\" \/>\n<meta property=\"og:locale\" content=\"es_ES\" \/>\n<meta property=\"og:type\" content=\"article\" \/>\n<meta property=\"og:title\" content=\"Estrategia de investigaci\u00f3n y docencia\" \/>\n<meta property=\"og:description\" content=\"En la Ag\u00e8ncia de Salud P\u00fablica de Barcelona (ASPB) entendemos que la investigaci\u00f3n es un [&hellip;]\" \/>\n<meta property=\"og:url\" content=\"https:\/\/www.aspb.cat\/es\/areas\/investigacion-docencia\/estrategia-de-recerca-i-docencia\/\" \/>\n<meta property=\"og:site_name\" content=\"ASPB\" \/>\n<meta property=\"article:publisher\" content=\"https:\/\/www.facebook.com\/salutpublicabcn\" \/>\n<meta property=\"article:modified_time\" content=\"2022-01-31T16:47:27+00:00\" \/>\n<meta name=\"twitter:card\" content=\"summary_large_image\" \/>\n<meta name=\"twitter:site\" content=\"@salutpublicabcn\" \/>\n<meta name=\"twitter:label1\" content=\"Tiempo de lectura\" \/>\n\t<meta name=\"twitter:data1\" content=\"1 minuto\" \/>\n<script type=\"application\/ld+json\" class=\"yoast-schema-graph\">{\"@context\":\"https:\\\/\\\/schema.org\",\"@graph\":[{\"@type\":\"WebPage\",\"@id\":\"https:\\\/\\\/www.aspb.cat\\\/es\\\/areas\\\/investigacion-docencia\\\/estrategia-de-recerca-i-docencia\\\/\",\"url\":\"https:\\\/\\\/www.aspb.cat\\\/es\\\/areas\\\/investigacion-docencia\\\/estrategia-de-recerca-i-docencia\\\/\",\"name\":\"Estrategia de investigaci\u00f3n y docencia - ASPB\",\"isPartOf\":{\"@id\":\"https:\\\/\\\/www.aspb.cat\\\/#website\"},\"datePublished\":\"2016-03-14T15:07:58+00:00\",\"dateModified\":\"2022-01-31T16:47:27+00:00\",\"breadcrumb\":{\"@id\":\"https:\\\/\\\/www.aspb.cat\\\/es\\\/areas\\\/investigacion-docencia\\\/estrategia-de-recerca-i-docencia\\\/#breadcrumb\"},\"inLanguage\":\"es\",\"potentialAction\":[{\"@type\":\"ReadAction\",\"target\":[\"https:\\\/\\\/www.aspb.cat\\\/es\\\/areas\\\/investigacion-docencia\\\/estrategia-de-recerca-i-docencia\\\/\"]}]},{\"@type\":\"BreadcrumbList\",\"@id\":\"https:\\\/\\\/www.aspb.cat\\\/es\\\/areas\\\/investigacion-docencia\\\/estrategia-de-recerca-i-docencia\\\/#breadcrumb\",\"itemListElement\":[{\"@type\":\"ListItem\",\"position\":1,\"name\":\"Inici\",\"item\":\"https:\\\/\\\/www.aspb.cat\\\/es\\\/\"},{\"@type\":\"ListItem\",\"position\":2,\"name\":\"\u00c1reas\",\"item\":\"https:\\\/\\\/www.aspb.cat\\\/es\\\/areas\\\/\"},{\"@type\":\"ListItem\",\"position\":3,\"name\":\"Investigaci\u00f3n y docencia\",\"item\":\"https:\\\/\\\/www.aspb.cat\\\/es\\\/areas\\\/investigacion-docencia\\\/\"},{\"@type\":\"ListItem\",\"position\":4,\"name\":\"Estrategia de investigaci\u00f3n y docencia\"}]},{\"@type\":\"WebSite\",\"@id\":\"https:\\\/\\\/www.aspb.cat\\\/#website\",\"url\":\"https:\\\/\\\/www.aspb.cat\\\/\",\"name\":\"ASPB\",\"description\":\"Just another WordPress site\",\"potentialAction\":[{\"@type\":\"SearchAction\",\"target\":{\"@type\":\"EntryPoint\",\"urlTemplate\":\"https:\\\/\\\/www.aspb.cat\\\/?s={search_term_string}\"},\"query-input\":{\"@type\":\"PropertyValueSpecification\",\"valueRequired\":true,\"valueName\":\"search_term_string\"}}],\"inLanguage\":\"es\"}]}<\/script>\n<!-- \/ Yoast SEO Premium plugin. -->","yoast_head_json":{"title":"Estrategia de investigaci\u00f3n y docencia - ASPB","robots":{"index":"index","follow":"follow","max-snippet":"max-snippet:-1","max-image-preview":"max-image-preview:large","max-video-preview":"max-video-preview:-1"},"canonical":"https:\/\/www.aspb.cat\/es\/areas\/investigacion-docencia\/estrategia-de-recerca-i-docencia\/","og_locale":"es_ES","og_type":"article","og_title":"Estrategia de investigaci\u00f3n y docencia","og_description":"En la Ag\u00e8ncia de Salud P\u00fablica de Barcelona (ASPB) entendemos que la investigaci\u00f3n es un [&hellip;]","og_url":"https:\/\/www.aspb.cat\/es\/areas\/investigacion-docencia\/estrategia-de-recerca-i-docencia\/","og_site_name":"ASPB","article_publisher":"https:\/\/www.facebook.com\/salutpublicabcn","article_modified_time":"2022-01-31T16:47:27+00:00","twitter_card":"summary_large_image","twitter_site":"@salutpublicabcn","twitter_misc":{"Tiempo de lectura":"1 minuto"},"schema":{"@context":"https:\/\/schema.org","@graph":[{"@type":"WebPage","@id":"https:\/\/www.aspb.cat\/es\/areas\/investigacion-docencia\/estrategia-de-recerca-i-docencia\/","url":"https:\/\/www.aspb.cat\/es\/areas\/investigacion-docencia\/estrategia-de-recerca-i-docencia\/","name":"Estrategia de investigaci\u00f3n y docencia - ASPB","isPartOf":{"@id":"https:\/\/www.aspb.cat\/#website"},"datePublished":"2016-03-14T15:07:58+00:00","dateModified":"2022-01-31T16:47:27+00:00","breadcrumb":{"@id":"https:\/\/www.aspb.cat\/es\/areas\/investigacion-docencia\/estrategia-de-recerca-i-docencia\/#breadcrumb"},"inLanguage":"es","potentialAction":[{"@type":"ReadAction","target":["https:\/\/www.aspb.cat\/es\/areas\/investigacion-docencia\/estrategia-de-recerca-i-docencia\/"]}]},{"@type":"BreadcrumbList","@id":"https:\/\/www.aspb.cat\/es\/areas\/investigacion-docencia\/estrategia-de-recerca-i-docencia\/#breadcrumb","itemListElement":[{"@type":"ListItem","position":1,"name":"Inici","item":"https:\/\/www.aspb.cat\/es\/"},{"@type":"ListItem","position":2,"name":"\u00c1reas","item":"https:\/\/www.aspb.cat\/es\/areas\/"},{"@type":"ListItem","position":3,"name":"Investigaci\u00f3n y docencia","item":"https:\/\/www.aspb.cat\/es\/areas\/investigacion-docencia\/"},{"@type":"ListItem","position":4,"name":"Estrategia de investigaci\u00f3n y docencia"}]},{"@type":"WebSite","@id":"https:\/\/www.aspb.cat\/#website","url":"https:\/\/www.aspb.cat\/","name":"ASPB","description":"Just another WordPress site","potentialAction":[{"@type":"SearchAction","target":{"@type":"EntryPoint","urlTemplate":"https:\/\/www.aspb.cat\/?s={search_term_string}"},"query-input":{"@type":"PropertyValueSpecification","valueRequired":true,"valueName":"search_term_string"}}],"inLanguage":"es"}]}},"_links":{"self":[{"href":"https:\/\/www.aspb.cat\/es\/wp-json\/wp\/v2\/pages\/7578","targetHints":{"allow":["GET"]}}],"collection":[{"href":"https:\/\/www.aspb.cat\/es\/wp-json\/wp\/v2\/pages"}],"about":[{"href":"https:\/\/www.aspb.cat\/es\/wp-json\/wp\/v2\/types\/page"}],"author":[{"embeddable":true,"href":"https:\/\/www.aspb.cat\/es\/wp-json\/wp\/v2\/users\/3"}],"replies":[{"embeddable":true,"href":"https:\/\/www.aspb.cat\/es\/wp-json\/wp\/v2\/comments?post=7578"}],"version-history":[{"count":3,"href":"https:\/\/www.aspb.cat\/es\/wp-json\/wp\/v2\/pages\/7578\/revisions"}],"predecessor-version":[{"id":31462,"href":"https:\/\/www.aspb.cat\/es\/wp-json\/wp\/v2\/pages\/7578\/revisions\/31462"}],"up":[{"embeddable":true,"href":"https:\/\/www.aspb.cat\/es\/wp-json\/wp\/v2\/pages\/4267"}],"wp:attachment":[{"href":"https:\/\/www.aspb.cat\/es\/wp-json\/wp\/v2\/media?parent=7578"}],"curies":[{"name":"wp","href":"https:\/\/api.w.org\/{rel}","templated":true}]}}