{"id":7560,"date":"2016-03-14T15:05:36","date_gmt":"2016-03-14T15:05:36","guid":{"rendered":"https:\/\/www.aspb.cat\/areas\/laboratorio\/contacte-laboratori\/"},"modified":"2026-02-03T09:02:57","modified_gmt":"2026-02-03T09:02:57","slug":"contacte-laboratori","status":"publish","type":"page","link":"https:\/\/www.aspb.cat\/es\/areas\/laboratorio\/contacte-laboratori\/","title":{"rendered":"\u00c1rea clientes"},"content":{"rendered":"<p><strong>\u00c1rea restringida a clientes del Laboratorio<\/strong><\/p>\n<p>El laboratorio ha puesto a disposici\u00f3n de sus clientes una direcci\u00f3n en internet para la <a href=\"https:\/\/laboratori.aspb.cat\/weblims30\"><strong>consulta on-line de los resultados anal\u00edticos<\/strong><\/a>. Para cualquier consulta puede ponerse en contacto con la <strong><a href=\"mailto:ugq@aspb.cat\">Unidad de Garant\u00eda de Calidad<\/a><\/strong>.<\/p>\n<p>Si desea ponerse en contacto con el Laboratorio para solicitar alguno de sus servicios, consulte la localizaci\u00f3n, el correo electr\u00f3nico y los tel\u00e9fonos de contacto, as\u00ed como el horario de atenci\u00f3n al cliente, la informaci\u00f3n sobre el coste de las anal\u00edticas, las condiciones apropiadas para el env\u00edo de las muestras a analizar, el tiempo que se tarda en obtener los resultados y c\u00f3mo se interpretan.<\/p>\n<p><strong>Organizaci\u00f3n Laboratorio<\/strong><\/p>\n<p><strong>Direcci\u00f3n<\/strong><br \/>\ncorreo electr\u00f3nico: <a href=\"mailto:dir@aspb.cat\" target=\"_blank\" rel=\"noopener\">dir@aspb.cat<br \/>\n<\/a>tel. 93 443 93 01<\/p>\n<p><strong>Servicio de Microbiolog\u00eda<\/strong><br \/>\ncorreo electr\u00f3nico: <a href=\"mailto:microbiologia@aspb.cat\" target=\"_blank\" rel=\"noopener\">microbiologia@aspb.cat<br \/>\n<\/a>tel. 93 443 94 13<\/p>\n<p><strong>Servicio de Qu\u00edmica<\/strong><br \/>\ncorreo electr\u00f3nico: <a href=\"mailto:quimica@aspb.cat\" target=\"_blank\" rel=\"noopener\">quimica@aspb.cat<\/a><br \/>\ntel. 93 443 94 03<\/p>\n<p><strong>Unidad de Gesti\u00f3n y Servicios<\/strong><br \/>\ncorreo electr\u00f3nico: <a href=\"mailto:ugs@aspb.cat\" target=\"_blank\" rel=\"noopener\">seal@aspb.cat<\/a><br \/>\ntel.93 443 94 09<\/p>\n<p><strong>Unidad de Garant\u00eda de Calidad<\/strong><br \/>\ncorreo electr\u00f3nico: <a href=\"mailto:ugq@aspb.cat\" target=\"_blank\" rel=\"noopener\">ugq@aspb.cat<\/a><br \/>\ntel. 93 443 94 15<\/p>\n<p>El horario de recepci\u00f3n de muestras es de\u00a0<strong>lunes a viernes, de 8 a 15 horas (excepto festivos). <\/strong><span style=\"font-size: revert; color: initial;\">Para cualquier consulta puede ponerse en contacto con la Unidad de Gesti\u00f3n y Servicios del Laboratorio, <\/span><a style=\"font-size: revert;\" href=\"mailto:seal@aspb.cat\" target=\"_blank\" rel=\"noopener\">seal@aspb.cat<\/a><span style=\"font-size: revert; color: initial;\">\u00a0<\/span><em style=\"font-size: revert; color: initial;\">.<\/em><\/p>\n","protected":false},"excerpt":{"rendered":"<p>\u00c1rea restringida a clientes del Laboratorio El laboratorio ha puesto a disposici\u00f3n de sus clientes [&hellip;]\n","protected":false},"author":3,"featured_media":0,"parent":4263,"menu_order":141,"comment_status":"closed","ping_status":"closed","template":"","meta":{"_acf_changed":false,"_monsterinsights_skip_tracking":false,"_monsterinsights_sitenote_active":false,"_monsterinsights_sitenote_note":"","_monsterinsights_sitenote_category":0,"footnotes":""},"class_list":["post-7560","page","type-page","status-publish","hentry","publish","author-as20pb16-x22","impar","primero"],"acf":[],"yoast_head":"<!-- This site is optimized with the Yoast SEO Premium plugin v27.5 (Yoast SEO v27.5) - https:\/\/yoast.com\/product\/yoast-seo-premium-wordpress\/ -->\n<title>\u00c1rea clientes - ASPB<\/title>\n<meta name=\"robots\" content=\"index, follow, max-snippet:-1, max-image-preview:large, max-video-preview:-1\" \/>\n<link rel=\"canonical\" href=\"https:\/\/www.aspb.cat\/es\/areas\/laboratorio\/contacte-laboratori\/\" \/>\n<meta property=\"og:locale\" content=\"es_ES\" \/>\n<meta property=\"og:type\" content=\"article\" \/>\n<meta property=\"og:title\" content=\"\u00c1rea clientes\" \/>\n<meta property=\"og:description\" content=\"\u00c1rea restringida a clientes del Laboratorio El laboratorio ha puesto a disposici\u00f3n de sus clientes [&hellip;]\" \/>\n<meta property=\"og:url\" content=\"https:\/\/www.aspb.cat\/es\/areas\/laboratorio\/contacte-laboratori\/\" \/>\n<meta property=\"og:site_name\" content=\"ASPB\" \/>\n<meta property=\"article:publisher\" content=\"https:\/\/www.facebook.com\/salutpublicabcn\" \/>\n<meta property=\"article:modified_time\" content=\"2026-02-03T09:02:57+00:00\" \/>\n<meta name=\"twitter:card\" content=\"summary_large_image\" \/>\n<meta name=\"twitter:site\" content=\"@salutpublicabcn\" \/>\n<meta name=\"twitter:label1\" content=\"Tiempo de lectura\" \/>\n\t<meta name=\"twitter:data1\" content=\"2 minutos\" \/>\n<script type=\"application\/ld+json\" class=\"yoast-schema-graph\">{\"@context\":\"https:\\\/\\\/schema.org\",\"@graph\":[{\"@type\":\"WebPage\",\"@id\":\"https:\\\/\\\/www.aspb.cat\\\/es\\\/areas\\\/laboratorio\\\/contacte-laboratori\\\/\",\"url\":\"https:\\\/\\\/www.aspb.cat\\\/es\\\/areas\\\/laboratorio\\\/contacte-laboratori\\\/\",\"name\":\"\u00c1rea clientes - ASPB\",\"isPartOf\":{\"@id\":\"https:\\\/\\\/www.aspb.cat\\\/#website\"},\"datePublished\":\"2016-03-14T15:05:36+00:00\",\"dateModified\":\"2026-02-03T09:02:57+00:00\",\"breadcrumb\":{\"@id\":\"https:\\\/\\\/www.aspb.cat\\\/es\\\/areas\\\/laboratorio\\\/contacte-laboratori\\\/#breadcrumb\"},\"inLanguage\":\"es\",\"potentialAction\":[{\"@type\":\"ReadAction\",\"target\":[\"https:\\\/\\\/www.aspb.cat\\\/es\\\/areas\\\/laboratorio\\\/contacte-laboratori\\\/\"]}]},{\"@type\":\"BreadcrumbList\",\"@id\":\"https:\\\/\\\/www.aspb.cat\\\/es\\\/areas\\\/laboratorio\\\/contacte-laboratori\\\/#breadcrumb\",\"itemListElement\":[{\"@type\":\"ListItem\",\"position\":1,\"name\":\"Inici\",\"item\":\"https:\\\/\\\/www.aspb.cat\\\/es\\\/\"},{\"@type\":\"ListItem\",\"position\":2,\"name\":\"\u00c1reas\",\"item\":\"https:\\\/\\\/www.aspb.cat\\\/es\\\/areas\\\/\"},{\"@type\":\"ListItem\",\"position\":3,\"name\":\"Laboratorio\",\"item\":\"https:\\\/\\\/www.aspb.cat\\\/es\\\/areas\\\/laboratorio\\\/\"},{\"@type\":\"ListItem\",\"position\":4,\"name\":\"\u00c1rea clientes\"}]},{\"@type\":\"WebSite\",\"@id\":\"https:\\\/\\\/www.aspb.cat\\\/#website\",\"url\":\"https:\\\/\\\/www.aspb.cat\\\/\",\"name\":\"ASPB\",\"description\":\"Just another WordPress site\",\"potentialAction\":[{\"@type\":\"SearchAction\",\"target\":{\"@type\":\"EntryPoint\",\"urlTemplate\":\"https:\\\/\\\/www.aspb.cat\\\/?s={search_term_string}\"},\"query-input\":{\"@type\":\"PropertyValueSpecification\",\"valueRequired\":true,\"valueName\":\"search_term_string\"}}],\"inLanguage\":\"es\"}]}<\/script>\n<!-- \/ Yoast SEO Premium plugin. -->","yoast_head_json":{"title":"\u00c1rea clientes - ASPB","robots":{"index":"index","follow":"follow","max-snippet":"max-snippet:-1","max-image-preview":"max-image-preview:large","max-video-preview":"max-video-preview:-1"},"canonical":"https:\/\/www.aspb.cat\/es\/areas\/laboratorio\/contacte-laboratori\/","og_locale":"es_ES","og_type":"article","og_title":"\u00c1rea clientes","og_description":"\u00c1rea restringida a clientes del Laboratorio El laboratorio ha puesto a disposici\u00f3n de sus clientes [&hellip;]","og_url":"https:\/\/www.aspb.cat\/es\/areas\/laboratorio\/contacte-laboratori\/","og_site_name":"ASPB","article_publisher":"https:\/\/www.facebook.com\/salutpublicabcn","article_modified_time":"2026-02-03T09:02:57+00:00","twitter_card":"summary_large_image","twitter_site":"@salutpublicabcn","twitter_misc":{"Tiempo de lectura":"2 minutos"},"schema":{"@context":"https:\/\/schema.org","@graph":[{"@type":"WebPage","@id":"https:\/\/www.aspb.cat\/es\/areas\/laboratorio\/contacte-laboratori\/","url":"https:\/\/www.aspb.cat\/es\/areas\/laboratorio\/contacte-laboratori\/","name":"\u00c1rea clientes - ASPB","isPartOf":{"@id":"https:\/\/www.aspb.cat\/#website"},"datePublished":"2016-03-14T15:05:36+00:00","dateModified":"2026-02-03T09:02:57+00:00","breadcrumb":{"@id":"https:\/\/www.aspb.cat\/es\/areas\/laboratorio\/contacte-laboratori\/#breadcrumb"},"inLanguage":"es","potentialAction":[{"@type":"ReadAction","target":["https:\/\/www.aspb.cat\/es\/areas\/laboratorio\/contacte-laboratori\/"]}]},{"@type":"BreadcrumbList","@id":"https:\/\/www.aspb.cat\/es\/areas\/laboratorio\/contacte-laboratori\/#breadcrumb","itemListElement":[{"@type":"ListItem","position":1,"name":"Inici","item":"https:\/\/www.aspb.cat\/es\/"},{"@type":"ListItem","position":2,"name":"\u00c1reas","item":"https:\/\/www.aspb.cat\/es\/areas\/"},{"@type":"ListItem","position":3,"name":"Laboratorio","item":"https:\/\/www.aspb.cat\/es\/areas\/laboratorio\/"},{"@type":"ListItem","position":4,"name":"\u00c1rea clientes"}]},{"@type":"WebSite","@id":"https:\/\/www.aspb.cat\/#website","url":"https:\/\/www.aspb.cat\/","name":"ASPB","description":"Just another WordPress site","potentialAction":[{"@type":"SearchAction","target":{"@type":"EntryPoint","urlTemplate":"https:\/\/www.aspb.cat\/?s={search_term_string}"},"query-input":{"@type":"PropertyValueSpecification","valueRequired":true,"valueName":"search_term_string"}}],"inLanguage":"es"}]}},"_links":{"self":[{"href":"https:\/\/www.aspb.cat\/es\/wp-json\/wp\/v2\/pages\/7560","targetHints":{"allow":["GET"]}}],"collection":[{"href":"https:\/\/www.aspb.cat\/es\/wp-json\/wp\/v2\/pages"}],"about":[{"href":"https:\/\/www.aspb.cat\/es\/wp-json\/wp\/v2\/types\/page"}],"author":[{"embeddable":true,"href":"https:\/\/www.aspb.cat\/es\/wp-json\/wp\/v2\/users\/3"}],"replies":[{"embeddable":true,"href":"https:\/\/www.aspb.cat\/es\/wp-json\/wp\/v2\/comments?post=7560"}],"version-history":[{"count":13,"href":"https:\/\/www.aspb.cat\/es\/wp-json\/wp\/v2\/pages\/7560\/revisions"}],"predecessor-version":[{"id":62252,"href":"https:\/\/www.aspb.cat\/es\/wp-json\/wp\/v2\/pages\/7560\/revisions\/62252"}],"up":[{"embeddable":true,"href":"https:\/\/www.aspb.cat\/es\/wp-json\/wp\/v2\/pages\/4263"}],"wp:attachment":[{"href":"https:\/\/www.aspb.cat\/es\/wp-json\/wp\/v2\/media?parent=7560"}],"curies":[{"name":"wp","href":"https:\/\/api.w.org\/{rel}","templated":true}]}}