{"id":7559,"date":"2016-03-14T15:06:04","date_gmt":"2016-03-14T15:06:04","guid":{"rendered":"https:\/\/www.aspb.cat\/areas\/laboratorio\/notes-informatives\/"},"modified":"2026-03-18T12:10:33","modified_gmt":"2026-03-18T12:10:33","slug":"notas-informativas","status":"publish","type":"page","link":"https:\/\/www.aspb.cat\/es\/areas\/laboratorio\/notas-informativas\/","title":{"rendered":"Notas informativas"},"content":{"rendered":"<p>Editamos notas informativas para comunicar a nuestros clientes las actividades anal\u00edticas de los servicios de Qu\u00edmica y Microbiolog\u00eda. En estas notas describimos las nuevas t\u00e9cnicas anal\u00edticas que ofrecemos y las matrices donde las aplicamos, e informamos sobre las recientes acreditaciones de los ensayos en relaci\u00f3n con las categor\u00edas de las muestras donde se aplican. Tambi\u00e9n elaboramos varios documentos con las novedades en el desarrollo de los procedimientos y actividades que llevamos a cabo.<\/p>\n<div class=\"moure_faqs_aqui\"><\/div> <div class=\"moure_faqs_aqui\"><\/div>\n","protected":false},"excerpt":{"rendered":"<p>Editamos notas informativas para comunicar a nuestros clientes las actividades anal\u00edticas de los servicios de [&hellip;]\n","protected":false},"author":3,"featured_media":0,"parent":4263,"menu_order":177,"comment_status":"closed","ping_status":"closed","template":"","meta":{"_acf_changed":false,"_monsterinsights_skip_tracking":false,"_monsterinsights_sitenote_active":false,"_monsterinsights_sitenote_note":"","_monsterinsights_sitenote_category":0,"footnotes":""},"class_list":["post-7559","page","type-page","status-publish","hentry","publish","author-as20pb16-x22","impar","primero"],"acf":[],"yoast_head":"<!-- This site is optimized with the Yoast SEO Premium plugin v27.5 (Yoast SEO v27.5) - https:\/\/yoast.com\/product\/yoast-seo-premium-wordpress\/ -->\n<title>Notas informativas - ASPB<\/title>\n<meta name=\"robots\" content=\"index, follow, max-snippet:-1, max-image-preview:large, max-video-preview:-1\" \/>\n<link rel=\"canonical\" href=\"https:\/\/www.aspb.cat\/es\/areas\/laboratorio\/notas-informativas\/\" \/>\n<meta property=\"og:locale\" content=\"es_ES\" \/>\n<meta property=\"og:type\" content=\"article\" \/>\n<meta property=\"og:title\" content=\"Notas informativas\" \/>\n<meta property=\"og:description\" content=\"Editamos notas informativas para comunicar a nuestros clientes las actividades anal\u00edticas de los servicios de [&hellip;]\" \/>\n<meta property=\"og:url\" content=\"https:\/\/www.aspb.cat\/es\/areas\/laboratorio\/notas-informativas\/\" \/>\n<meta property=\"og:site_name\" content=\"ASPB\" \/>\n<meta property=\"article:publisher\" content=\"https:\/\/www.facebook.com\/salutpublicabcn\" \/>\n<meta property=\"article:modified_time\" content=\"2026-03-18T12:10:33+00:00\" \/>\n<meta name=\"twitter:card\" content=\"summary_large_image\" \/>\n<meta name=\"twitter:site\" content=\"@salutpublicabcn\" \/>\n<meta name=\"twitter:label1\" content=\"Tiempo de lectura\" \/>\n\t<meta name=\"twitter:data1\" content=\"1 minuto\" \/>\n<script type=\"application\/ld+json\" class=\"yoast-schema-graph\">{\"@context\":\"https:\\\/\\\/schema.org\",\"@graph\":[{\"@type\":\"WebPage\",\"@id\":\"https:\\\/\\\/www.aspb.cat\\\/es\\\/areas\\\/laboratorio\\\/notas-informativas\\\/\",\"url\":\"https:\\\/\\\/www.aspb.cat\\\/es\\\/areas\\\/laboratorio\\\/notas-informativas\\\/\",\"name\":\"Notas informativas - ASPB\",\"isPartOf\":{\"@id\":\"https:\\\/\\\/www.aspb.cat\\\/#website\"},\"datePublished\":\"2016-03-14T15:06:04+00:00\",\"dateModified\":\"2026-03-18T12:10:33+00:00\",\"breadcrumb\":{\"@id\":\"https:\\\/\\\/www.aspb.cat\\\/es\\\/areas\\\/laboratorio\\\/notas-informativas\\\/#breadcrumb\"},\"inLanguage\":\"es\",\"potentialAction\":[{\"@type\":\"ReadAction\",\"target\":[\"https:\\\/\\\/www.aspb.cat\\\/es\\\/areas\\\/laboratorio\\\/notas-informativas\\\/\"]}]},{\"@type\":\"BreadcrumbList\",\"@id\":\"https:\\\/\\\/www.aspb.cat\\\/es\\\/areas\\\/laboratorio\\\/notas-informativas\\\/#breadcrumb\",\"itemListElement\":[{\"@type\":\"ListItem\",\"position\":1,\"name\":\"Inici\",\"item\":\"https:\\\/\\\/www.aspb.cat\\\/es\\\/\"},{\"@type\":\"ListItem\",\"position\":2,\"name\":\"\u00c1reas\",\"item\":\"https:\\\/\\\/www.aspb.cat\\\/es\\\/areas\\\/\"},{\"@type\":\"ListItem\",\"position\":3,\"name\":\"Laboratorio\",\"item\":\"https:\\\/\\\/www.aspb.cat\\\/es\\\/areas\\\/laboratorio\\\/\"},{\"@type\":\"ListItem\",\"position\":4,\"name\":\"Notas informativas\"}]},{\"@type\":\"WebSite\",\"@id\":\"https:\\\/\\\/www.aspb.cat\\\/#website\",\"url\":\"https:\\\/\\\/www.aspb.cat\\\/\",\"name\":\"ASPB\",\"description\":\"Just another WordPress site\",\"potentialAction\":[{\"@type\":\"SearchAction\",\"target\":{\"@type\":\"EntryPoint\",\"urlTemplate\":\"https:\\\/\\\/www.aspb.cat\\\/?s={search_term_string}\"},\"query-input\":{\"@type\":\"PropertyValueSpecification\",\"valueRequired\":true,\"valueName\":\"search_term_string\"}}],\"inLanguage\":\"es\"}]}<\/script>\n<!-- \/ Yoast SEO Premium plugin. -->","yoast_head_json":{"title":"Notas informativas - ASPB","robots":{"index":"index","follow":"follow","max-snippet":"max-snippet:-1","max-image-preview":"max-image-preview:large","max-video-preview":"max-video-preview:-1"},"canonical":"https:\/\/www.aspb.cat\/es\/areas\/laboratorio\/notas-informativas\/","og_locale":"es_ES","og_type":"article","og_title":"Notas informativas","og_description":"Editamos notas informativas para comunicar a nuestros clientes las actividades anal\u00edticas de los servicios de [&hellip;]","og_url":"https:\/\/www.aspb.cat\/es\/areas\/laboratorio\/notas-informativas\/","og_site_name":"ASPB","article_publisher":"https:\/\/www.facebook.com\/salutpublicabcn","article_modified_time":"2026-03-18T12:10:33+00:00","twitter_card":"summary_large_image","twitter_site":"@salutpublicabcn","twitter_misc":{"Tiempo de lectura":"1 minuto"},"schema":{"@context":"https:\/\/schema.org","@graph":[{"@type":"WebPage","@id":"https:\/\/www.aspb.cat\/es\/areas\/laboratorio\/notas-informativas\/","url":"https:\/\/www.aspb.cat\/es\/areas\/laboratorio\/notas-informativas\/","name":"Notas informativas - ASPB","isPartOf":{"@id":"https:\/\/www.aspb.cat\/#website"},"datePublished":"2016-03-14T15:06:04+00:00","dateModified":"2026-03-18T12:10:33+00:00","breadcrumb":{"@id":"https:\/\/www.aspb.cat\/es\/areas\/laboratorio\/notas-informativas\/#breadcrumb"},"inLanguage":"es","potentialAction":[{"@type":"ReadAction","target":["https:\/\/www.aspb.cat\/es\/areas\/laboratorio\/notas-informativas\/"]}]},{"@type":"BreadcrumbList","@id":"https:\/\/www.aspb.cat\/es\/areas\/laboratorio\/notas-informativas\/#breadcrumb","itemListElement":[{"@type":"ListItem","position":1,"name":"Inici","item":"https:\/\/www.aspb.cat\/es\/"},{"@type":"ListItem","position":2,"name":"\u00c1reas","item":"https:\/\/www.aspb.cat\/es\/areas\/"},{"@type":"ListItem","position":3,"name":"Laboratorio","item":"https:\/\/www.aspb.cat\/es\/areas\/laboratorio\/"},{"@type":"ListItem","position":4,"name":"Notas informativas"}]},{"@type":"WebSite","@id":"https:\/\/www.aspb.cat\/#website","url":"https:\/\/www.aspb.cat\/","name":"ASPB","description":"Just another WordPress site","potentialAction":[{"@type":"SearchAction","target":{"@type":"EntryPoint","urlTemplate":"https:\/\/www.aspb.cat\/?s={search_term_string}"},"query-input":{"@type":"PropertyValueSpecification","valueRequired":true,"valueName":"search_term_string"}}],"inLanguage":"es"}]}},"_links":{"self":[{"href":"https:\/\/www.aspb.cat\/es\/wp-json\/wp\/v2\/pages\/7559","targetHints":{"allow":["GET"]}}],"collection":[{"href":"https:\/\/www.aspb.cat\/es\/wp-json\/wp\/v2\/pages"}],"about":[{"href":"https:\/\/www.aspb.cat\/es\/wp-json\/wp\/v2\/types\/page"}],"author":[{"embeddable":true,"href":"https:\/\/www.aspb.cat\/es\/wp-json\/wp\/v2\/users\/3"}],"replies":[{"embeddable":true,"href":"https:\/\/www.aspb.cat\/es\/wp-json\/wp\/v2\/comments?post=7559"}],"version-history":[{"count":63,"href":"https:\/\/www.aspb.cat\/es\/wp-json\/wp\/v2\/pages\/7559\/revisions"}],"predecessor-version":[{"id":63040,"href":"https:\/\/www.aspb.cat\/es\/wp-json\/wp\/v2\/pages\/7559\/revisions\/63040"}],"up":[{"embeddable":true,"href":"https:\/\/www.aspb.cat\/es\/wp-json\/wp\/v2\/pages\/4263"}],"wp:attachment":[{"href":"https:\/\/www.aspb.cat\/es\/wp-json\/wp\/v2\/media?parent=7559"}],"curies":[{"name":"wp","href":"https:\/\/api.w.org\/{rel}","templated":true}]}}