{"id":7558,"date":"2016-03-14T15:04:59","date_gmt":"2016-03-14T15:04:59","guid":{"rendered":"https:\/\/www.aspb.cat\/areas\/laboratorio\/certificats-i-reconeixements\/"},"modified":"2026-02-26T09:07:58","modified_gmt":"2026-02-26T09:07:58","slug":"certificados-reconocimientos","status":"publish","type":"page","link":"https:\/\/www.aspb.cat\/es\/areas\/laboratorio\/certificados-reconocimientos\/","title":{"rendered":"Acreditaci\u00f3n ENAC y otros reconocimientos"},"content":{"rendered":"\n<h3 class=\"wp-block-heading\" id=\"h-acreditacion-enac\">Acreditaci\u00f3n ENAC<\/h3>\n\n\n\n<p>En el Laboratorio hemos recibido la acreditaci\u00f3n en diferentes ensayos qu\u00edmicos y microbiol\u00f3gicos en relaci\u00f3n con los&nbsp; productos agroalimentarios y medioambientales emparados por la acreditaci\u00f3n de la <a href=\"http:\/\/www.enac.es\/\" target=\"_blank\" rel=\"noopener\">Entidad Nacional de Acreditaci\u00f3n<\/a> (ENAC) de acuerdo con los criterios de la norma UNE-EN ISO\/ IEC 17025. Peri\u00f3dicamente actualizamos el alcance de acreditaci\u00f3n del Laboratorio con los nuevos ensayos acreditados.<\/p>\n\n\n\n<ul class=\"wp-block-list\">\n<li><a href=\"https:\/\/www.aspb.cat\/wp-content\/uploads\/2025\/12\/CERT_227_LE_1338_rev0_311025.pdf\" target=\"_blank\" rel=\"noreferrer noopener\">Certificado de acreditaci\u00f3n en el sector mediambiental: 227\/LE1338<\/a> [PDF]<\/li>\n\n\n\n<li><a href=\"https:\/\/www.aspb.cat\/wp-content\/uploads\/2025\/12\/CERT_227_LE_459_rev0_311025.pdf\" target=\"_blank\" rel=\"noopener\">Certificado de acreditaci\u00f3n de productos agroalimentarios: 227\/LE459<\/a> [PDF]<\/li>\n<\/ul>\n\n\n\n<p>Presentamos las listas p\u00fablicas de ensayos (LPE, LEBA) para la aplicaci\u00f3n del alcance flexible seg\u00fan las notas t\u00e9cnicas NT18 y 19 del ENAC. El alcance flexible permite dar respuesta a nuevas determinaciones de contaminantes, aditivos y plaguicidas en todas aquellas muestras que cumplen los criterios de calidad establecidos.<\/p>\n\n\n\n<ul class=\"wp-block-list\">\n<li><a href=\"https:\/\/www.aspb.cat\/es\/documentos\/aspb-lpe-lista-publica-residuos-plaguicidas-alimentos\/\" target=\"_blank\" rel=\"noopener\">LPE (Lista p\u00fablica de residuos de plaguicidas en alimentos) Ed.69<\/a><\/li>\n\n\n\n<li><a href=\"https:\/\/www.aspb.cat\/es\/documentos\/leba-lista-ensayo-bajo-acreditacion\/\" target=\"_blank\" rel=\"noopener\">LEBA (Lista de ensayo bajo acreditaci\u00f3n) Ed.67<\/a><\/li>\n\n\n\n<li><a href=\"https:\/\/www.aspb.cat\/es\/documentos\/anexo-tecnico-enac\/\" target=\"_blank\" rel=\"noopener\">Anexo T\u00e9cnico de ENAC Revisi\u00f3n 46<\/a><\/li>\n\n\n\n<li><a href=\"https:\/\/www.aspb.cat\/es\/documentos\/anexo-tecnico-enac-leba-lpe\/\" target=\"_blank\" rel=\"noopener\">Anexo T\u00e9cnico de ENAC (revisi\u00f3n 46). LEBA (edici\u00f3n 67). LPE (edici\u00f3n 69)<\/a><\/li>\n<\/ul>\n\n\n\n<div style=\"height:30px\" aria-hidden=\"true\" class=\"wp-block-spacer\"><\/div>\n\n\n<h3>Otros reconocimientos<\/h3>\n<p>El Laboratorio tambi\u00e9n est\u00e1 incluido en el registro de laboratorios de salud ambiental y alimentaria del Departament de Salut de la Generalitat de Catalunya con el n\u00famero LSAA-089-96.<\/p>\n\n\n<div style=\"height:30px\" aria-hidden=\"true\" class=\"wp-block-spacer\"><\/div>\n\n\n\n<div class=\"figure\"><\/div>\n","protected":false},"excerpt":{"rendered":"<p>Acreditaci\u00f3n ENAC En el Laboratorio hemos recibido la acreditaci\u00f3n en diferentes ensayos qu\u00edmicos y microbiol\u00f3gicos [&hellip;]\n","protected":false},"author":3,"featured_media":0,"parent":4263,"menu_order":112,"comment_status":"closed","ping_status":"closed","template":"","meta":{"_acf_changed":false,"_monsterinsights_skip_tracking":false,"_monsterinsights_sitenote_active":false,"_monsterinsights_sitenote_note":"","_monsterinsights_sitenote_category":0,"footnotes":""},"class_list":["post-7558","page","type-page","status-publish","hentry","publish","author-as20pb16-x22","impar","primero"],"acf":[],"yoast_head":"<!-- This site is optimized with the Yoast SEO Premium plugin v27.5 (Yoast SEO v27.5) - https:\/\/yoast.com\/product\/yoast-seo-premium-wordpress\/ -->\n<title>Acreditaci\u00f3 ENAC i altres reconeixements<\/title>\n<meta name=\"description\" content=\"Al Laboratori hem rebut l\u2019acreditaci\u00f3 en diferents assaigs qu\u00edmics i microbiol\u00f2gics en relaci\u00f3 amb els productes agroalimentaris i mediambientals emparats per l\u2019acreditaci\u00f3 de l\u2019Entidad Nacional de Acreditaci\u00f3n (ENAC) d\u2019acord amb els criteris de la norma UNE-EN ISO\/ IEC 17025.\" \/>\n<meta name=\"robots\" content=\"index, follow, max-snippet:-1, max-image-preview:large, max-video-preview:-1\" \/>\n<link rel=\"canonical\" href=\"https:\/\/www.aspb.cat\/es\/areas\/laboratorio\/certificados-reconocimientos\/\" \/>\n<meta property=\"og:locale\" content=\"es_ES\" \/>\n<meta property=\"og:type\" content=\"article\" \/>\n<meta property=\"og:title\" content=\"Acreditaci\u00f3n ENAC y otros reconocimientos\" \/>\n<meta property=\"og:description\" content=\"Al Laboratori hem rebut l\u2019acreditaci\u00f3 en diferents assaigs qu\u00edmics i microbiol\u00f2gics en relaci\u00f3 amb els productes agroalimentaris i mediambientals emparats per l\u2019acreditaci\u00f3 de l\u2019Entidad Nacional de Acreditaci\u00f3n (ENAC) d\u2019acord amb els criteris de la norma UNE-EN ISO\/ IEC 17025.\" \/>\n<meta property=\"og:url\" content=\"https:\/\/www.aspb.cat\/es\/areas\/laboratorio\/certificados-reconocimientos\/\" \/>\n<meta property=\"og:site_name\" content=\"ASPB\" \/>\n<meta property=\"article:publisher\" content=\"https:\/\/www.facebook.com\/salutpublicabcn\" \/>\n<meta property=\"article:modified_time\" content=\"2026-02-26T09:07:58+00:00\" \/>\n<meta name=\"twitter:card\" content=\"summary_large_image\" \/>\n<meta name=\"twitter:site\" content=\"@salutpublicabcn\" \/>\n<meta name=\"twitter:label1\" content=\"Tiempo de lectura\" \/>\n\t<meta name=\"twitter:data1\" content=\"2 minutos\" \/>\n<script type=\"application\/ld+json\" class=\"yoast-schema-graph\">{\"@context\":\"https:\\\/\\\/schema.org\",\"@graph\":[{\"@type\":\"WebPage\",\"@id\":\"https:\\\/\\\/www.aspb.cat\\\/es\\\/areas\\\/laboratorio\\\/certificados-reconocimientos\\\/\",\"url\":\"https:\\\/\\\/www.aspb.cat\\\/es\\\/areas\\\/laboratorio\\\/certificados-reconocimientos\\\/\",\"name\":\"Acreditaci\u00f3 ENAC i altres reconeixements\",\"isPartOf\":{\"@id\":\"https:\\\/\\\/www.aspb.cat\\\/#website\"},\"datePublished\":\"2016-03-14T15:04:59+00:00\",\"dateModified\":\"2026-02-26T09:07:58+00:00\",\"description\":\"Al Laboratori hem rebut l\u2019acreditaci\u00f3 en diferents assaigs qu\u00edmics i microbiol\u00f2gics en relaci\u00f3 amb els productes agroalimentaris i mediambientals emparats per l\u2019acreditaci\u00f3 de l\u2019Entidad Nacional de Acreditaci\u00f3n (ENAC) d\u2019acord amb els criteris de la norma UNE-EN ISO\\\/ IEC 17025.\",\"breadcrumb\":{\"@id\":\"https:\\\/\\\/www.aspb.cat\\\/es\\\/areas\\\/laboratorio\\\/certificados-reconocimientos\\\/#breadcrumb\"},\"inLanguage\":\"es\",\"potentialAction\":[{\"@type\":\"ReadAction\",\"target\":[\"https:\\\/\\\/www.aspb.cat\\\/es\\\/areas\\\/laboratorio\\\/certificados-reconocimientos\\\/\"]}]},{\"@type\":\"BreadcrumbList\",\"@id\":\"https:\\\/\\\/www.aspb.cat\\\/es\\\/areas\\\/laboratorio\\\/certificados-reconocimientos\\\/#breadcrumb\",\"itemListElement\":[{\"@type\":\"ListItem\",\"position\":1,\"name\":\"Inici\",\"item\":\"https:\\\/\\\/www.aspb.cat\\\/es\\\/\"},{\"@type\":\"ListItem\",\"position\":2,\"name\":\"\u00c1reas\",\"item\":\"https:\\\/\\\/www.aspb.cat\\\/es\\\/areas\\\/\"},{\"@type\":\"ListItem\",\"position\":3,\"name\":\"Laboratorio\",\"item\":\"https:\\\/\\\/www.aspb.cat\\\/es\\\/areas\\\/laboratorio\\\/\"},{\"@type\":\"ListItem\",\"position\":4,\"name\":\"Acreditaci\u00f3n ENAC y otros reconocimientos\"}]},{\"@type\":\"WebSite\",\"@id\":\"https:\\\/\\\/www.aspb.cat\\\/#website\",\"url\":\"https:\\\/\\\/www.aspb.cat\\\/\",\"name\":\"ASPB\",\"description\":\"Just another WordPress site\",\"potentialAction\":[{\"@type\":\"SearchAction\",\"target\":{\"@type\":\"EntryPoint\",\"urlTemplate\":\"https:\\\/\\\/www.aspb.cat\\\/?s={search_term_string}\"},\"query-input\":{\"@type\":\"PropertyValueSpecification\",\"valueRequired\":true,\"valueName\":\"search_term_string\"}}],\"inLanguage\":\"es\"}]}<\/script>\n<!-- \/ Yoast SEO Premium plugin. -->","yoast_head_json":{"title":"Acreditaci\u00f3 ENAC i altres reconeixements","description":"Al Laboratori hem rebut l\u2019acreditaci\u00f3 en diferents assaigs qu\u00edmics i microbiol\u00f2gics en relaci\u00f3 amb els productes agroalimentaris i mediambientals emparats per l\u2019acreditaci\u00f3 de l\u2019Entidad Nacional de Acreditaci\u00f3n (ENAC) d\u2019acord amb els criteris de la norma UNE-EN ISO\/ IEC 17025.","robots":{"index":"index","follow":"follow","max-snippet":"max-snippet:-1","max-image-preview":"max-image-preview:large","max-video-preview":"max-video-preview:-1"},"canonical":"https:\/\/www.aspb.cat\/es\/areas\/laboratorio\/certificados-reconocimientos\/","og_locale":"es_ES","og_type":"article","og_title":"Acreditaci\u00f3n ENAC y otros reconocimientos","og_description":"Al Laboratori hem rebut l\u2019acreditaci\u00f3 en diferents assaigs qu\u00edmics i microbiol\u00f2gics en relaci\u00f3 amb els productes agroalimentaris i mediambientals emparats per l\u2019acreditaci\u00f3 de l\u2019Entidad Nacional de Acreditaci\u00f3n (ENAC) d\u2019acord amb els criteris de la norma UNE-EN ISO\/ IEC 17025.","og_url":"https:\/\/www.aspb.cat\/es\/areas\/laboratorio\/certificados-reconocimientos\/","og_site_name":"ASPB","article_publisher":"https:\/\/www.facebook.com\/salutpublicabcn","article_modified_time":"2026-02-26T09:07:58+00:00","twitter_card":"summary_large_image","twitter_site":"@salutpublicabcn","twitter_misc":{"Tiempo de lectura":"2 minutos"},"schema":{"@context":"https:\/\/schema.org","@graph":[{"@type":"WebPage","@id":"https:\/\/www.aspb.cat\/es\/areas\/laboratorio\/certificados-reconocimientos\/","url":"https:\/\/www.aspb.cat\/es\/areas\/laboratorio\/certificados-reconocimientos\/","name":"Acreditaci\u00f3 ENAC i altres reconeixements","isPartOf":{"@id":"https:\/\/www.aspb.cat\/#website"},"datePublished":"2016-03-14T15:04:59+00:00","dateModified":"2026-02-26T09:07:58+00:00","description":"Al Laboratori hem rebut l\u2019acreditaci\u00f3 en diferents assaigs qu\u00edmics i microbiol\u00f2gics en relaci\u00f3 amb els productes agroalimentaris i mediambientals emparats per l\u2019acreditaci\u00f3 de l\u2019Entidad Nacional de Acreditaci\u00f3n (ENAC) d\u2019acord amb els criteris de la norma UNE-EN ISO\/ IEC 17025.","breadcrumb":{"@id":"https:\/\/www.aspb.cat\/es\/areas\/laboratorio\/certificados-reconocimientos\/#breadcrumb"},"inLanguage":"es","potentialAction":[{"@type":"ReadAction","target":["https:\/\/www.aspb.cat\/es\/areas\/laboratorio\/certificados-reconocimientos\/"]}]},{"@type":"BreadcrumbList","@id":"https:\/\/www.aspb.cat\/es\/areas\/laboratorio\/certificados-reconocimientos\/#breadcrumb","itemListElement":[{"@type":"ListItem","position":1,"name":"Inici","item":"https:\/\/www.aspb.cat\/es\/"},{"@type":"ListItem","position":2,"name":"\u00c1reas","item":"https:\/\/www.aspb.cat\/es\/areas\/"},{"@type":"ListItem","position":3,"name":"Laboratorio","item":"https:\/\/www.aspb.cat\/es\/areas\/laboratorio\/"},{"@type":"ListItem","position":4,"name":"Acreditaci\u00f3n ENAC y otros reconocimientos"}]},{"@type":"WebSite","@id":"https:\/\/www.aspb.cat\/#website","url":"https:\/\/www.aspb.cat\/","name":"ASPB","description":"Just another WordPress site","potentialAction":[{"@type":"SearchAction","target":{"@type":"EntryPoint","urlTemplate":"https:\/\/www.aspb.cat\/?s={search_term_string}"},"query-input":{"@type":"PropertyValueSpecification","valueRequired":true,"valueName":"search_term_string"}}],"inLanguage":"es"}]}},"_links":{"self":[{"href":"https:\/\/www.aspb.cat\/es\/wp-json\/wp\/v2\/pages\/7558","targetHints":{"allow":["GET"]}}],"collection":[{"href":"https:\/\/www.aspb.cat\/es\/wp-json\/wp\/v2\/pages"}],"about":[{"href":"https:\/\/www.aspb.cat\/es\/wp-json\/wp\/v2\/types\/page"}],"author":[{"embeddable":true,"href":"https:\/\/www.aspb.cat\/es\/wp-json\/wp\/v2\/users\/3"}],"replies":[{"embeddable":true,"href":"https:\/\/www.aspb.cat\/es\/wp-json\/wp\/v2\/comments?post=7558"}],"version-history":[{"count":69,"href":"https:\/\/www.aspb.cat\/es\/wp-json\/wp\/v2\/pages\/7558\/revisions"}],"predecessor-version":[{"id":62768,"href":"https:\/\/www.aspb.cat\/es\/wp-json\/wp\/v2\/pages\/7558\/revisions\/62768"}],"up":[{"embeddable":true,"href":"https:\/\/www.aspb.cat\/es\/wp-json\/wp\/v2\/pages\/4263"}],"wp:attachment":[{"href":"https:\/\/www.aspb.cat\/es\/wp-json\/wp\/v2\/media?parent=7558"}],"curies":[{"name":"wp","href":"https:\/\/api.w.org\/{rel}","templated":true}]}}