{"id":7557,"date":"2016-03-14T15:04:33","date_gmt":"2016-03-14T15:04:33","guid":{"rendered":"https:\/\/www.aspb.cat\/areas\/laboratorio\/cartera-de-serveis-analitics\/"},"modified":"2026-02-23T14:18:23","modified_gmt":"2026-02-23T14:18:23","slug":"cartera-de-serveis-analitics","status":"publish","type":"page","link":"https:\/\/www.aspb.cat\/es\/areas\/laboratorio\/cartera-de-serveis-analitics\/","title":{"rendered":"Servicios anal\u00edticos y precios p\u00fablicos"},"content":{"rendered":"<div style=\"background-color: #f5f3ef; width: 100%; padding: 15px;\">El laboratorio ha puesto a disposici\u00f3n de sus clientes una p\u00e1gina en internet para la <a href=\"https:\/\/laboratori.aspb.cat\/oferta\"><u>consulta on-line de la oferta anal\u00edtica<\/u><\/a>. Ante cualquier duda puede contactar con <a href=\"seal@aspb.cat\" target=\"_blank\" rel=\"noopener noreferrer\"><u> Servicio de Administraci\u00f3n Log\u00edstica <\/u><\/a> (seal@aspb.cat).La cartera de servicios incluye los ensayos qu\u00edmicos y microbiol\u00f3gicos que realizamos, as\u00ed como el tipo de muestras alimentarias, medioambientales y cl\u00ednicas donde se aplican. Lo actualizamos peri\u00f3dicamente con los nuevos m\u00e9todos anal\u00edticos desarrollados y las nuevas matrices donde se aplican.<\/p>\n<ul>\n<li><a href=\"https:\/\/www.aspb.cat\/es\/documentos\/carteraservicios-laboratorio\/\">Cartera de servicios anal\u00edticos<\/a><\/li>\n<\/ul>\n<p>Los costes de las anal\u00edticas qu\u00edmicas y microbiol\u00f3gicas que realizamos en el Laboratorio se especifican en el documento de precios p\u00fablicos de la Agencia de Salud P\u00fablica de Barcelona, que se publica anualmente en el Diari Oficial de la Generalitat de Catalunya.<\/p>\n<ul>\n<li><a href=\"https:\/\/www.aspb.cat\/es\/documentos\/preciospublicoslaboratorio\/\" rel=\"noopener noreferrer\">Precios p\u00fablicos del Laboratori de l&#8217;Ag\u00e8ncia de Salut P\u00fablica de Barcelona<\/a><\/li>\n<\/ul>\n<\/div>\n","protected":false},"excerpt":{"rendered":"<p>El laboratorio ha puesto a disposici\u00f3n de sus clientes una p\u00e1gina en internet para la [&hellip;]\n","protected":false},"author":3,"featured_media":0,"parent":4263,"menu_order":74,"comment_status":"closed","ping_status":"closed","template":"","meta":{"_acf_changed":false,"_monsterinsights_skip_tracking":false,"_monsterinsights_sitenote_active":false,"_monsterinsights_sitenote_note":"","_monsterinsights_sitenote_category":0,"footnotes":""},"class_list":["post-7557","page","type-page","status-publish","hentry","publish","author-as20pb16-x22","impar","primero"],"acf":[],"yoast_head":"<!-- This site is optimized with the Yoast SEO Premium plugin v27.5 (Yoast SEO v27.5) - https:\/\/yoast.com\/product\/yoast-seo-premium-wordpress\/ -->\n<title>Servicios anal\u00edticos y precios p\u00fablicos - ASPB<\/title>\n<meta name=\"robots\" content=\"index, follow, max-snippet:-1, max-image-preview:large, max-video-preview:-1\" \/>\n<link rel=\"canonical\" href=\"https:\/\/www.aspb.cat\/es\/areas\/laboratorio\/cartera-de-serveis-analitics\/\" \/>\n<meta property=\"og:locale\" content=\"es_ES\" \/>\n<meta property=\"og:type\" content=\"article\" \/>\n<meta property=\"og:title\" content=\"Servicios anal\u00edticos y precios p\u00fablicos\" \/>\n<meta property=\"og:description\" content=\"El laboratorio ha puesto a disposici\u00f3n de sus clientes una p\u00e1gina en internet para la [&hellip;]\" \/>\n<meta property=\"og:url\" content=\"https:\/\/www.aspb.cat\/es\/areas\/laboratorio\/cartera-de-serveis-analitics\/\" \/>\n<meta property=\"og:site_name\" content=\"ASPB\" \/>\n<meta property=\"article:publisher\" content=\"https:\/\/www.facebook.com\/salutpublicabcn\" \/>\n<meta property=\"article:modified_time\" content=\"2026-02-23T14:18:23+00:00\" \/>\n<meta name=\"twitter:card\" content=\"summary_large_image\" \/>\n<meta name=\"twitter:site\" content=\"@salutpublicabcn\" \/>\n<meta name=\"twitter:label1\" content=\"Tiempo de lectura\" \/>\n\t<meta name=\"twitter:data1\" content=\"1 minuto\" \/>\n<script type=\"application\/ld+json\" class=\"yoast-schema-graph\">{\"@context\":\"https:\\\/\\\/schema.org\",\"@graph\":[{\"@type\":\"WebPage\",\"@id\":\"https:\\\/\\\/www.aspb.cat\\\/es\\\/areas\\\/laboratorio\\\/cartera-de-serveis-analitics\\\/\",\"url\":\"https:\\\/\\\/www.aspb.cat\\\/es\\\/areas\\\/laboratorio\\\/cartera-de-serveis-analitics\\\/\",\"name\":\"Servicios anal\u00edticos y precios p\u00fablicos - ASPB\",\"isPartOf\":{\"@id\":\"https:\\\/\\\/www.aspb.cat\\\/#website\"},\"datePublished\":\"2016-03-14T15:04:33+00:00\",\"dateModified\":\"2026-02-23T14:18:23+00:00\",\"breadcrumb\":{\"@id\":\"https:\\\/\\\/www.aspb.cat\\\/es\\\/areas\\\/laboratorio\\\/cartera-de-serveis-analitics\\\/#breadcrumb\"},\"inLanguage\":\"es\",\"potentialAction\":[{\"@type\":\"ReadAction\",\"target\":[\"https:\\\/\\\/www.aspb.cat\\\/es\\\/areas\\\/laboratorio\\\/cartera-de-serveis-analitics\\\/\"]}]},{\"@type\":\"BreadcrumbList\",\"@id\":\"https:\\\/\\\/www.aspb.cat\\\/es\\\/areas\\\/laboratorio\\\/cartera-de-serveis-analitics\\\/#breadcrumb\",\"itemListElement\":[{\"@type\":\"ListItem\",\"position\":1,\"name\":\"Inici\",\"item\":\"https:\\\/\\\/www.aspb.cat\\\/es\\\/\"},{\"@type\":\"ListItem\",\"position\":2,\"name\":\"\u00c1reas\",\"item\":\"https:\\\/\\\/www.aspb.cat\\\/es\\\/areas\\\/\"},{\"@type\":\"ListItem\",\"position\":3,\"name\":\"Laboratorio\",\"item\":\"https:\\\/\\\/www.aspb.cat\\\/es\\\/areas\\\/laboratorio\\\/\"},{\"@type\":\"ListItem\",\"position\":4,\"name\":\"Servicios anal\u00edticos y precios p\u00fablicos\"}]},{\"@type\":\"WebSite\",\"@id\":\"https:\\\/\\\/www.aspb.cat\\\/#website\",\"url\":\"https:\\\/\\\/www.aspb.cat\\\/\",\"name\":\"ASPB\",\"description\":\"Just another WordPress site\",\"potentialAction\":[{\"@type\":\"SearchAction\",\"target\":{\"@type\":\"EntryPoint\",\"urlTemplate\":\"https:\\\/\\\/www.aspb.cat\\\/?s={search_term_string}\"},\"query-input\":{\"@type\":\"PropertyValueSpecification\",\"valueRequired\":true,\"valueName\":\"search_term_string\"}}],\"inLanguage\":\"es\"}]}<\/script>\n<!-- \/ Yoast SEO Premium plugin. -->","yoast_head_json":{"title":"Servicios anal\u00edticos y precios p\u00fablicos - ASPB","robots":{"index":"index","follow":"follow","max-snippet":"max-snippet:-1","max-image-preview":"max-image-preview:large","max-video-preview":"max-video-preview:-1"},"canonical":"https:\/\/www.aspb.cat\/es\/areas\/laboratorio\/cartera-de-serveis-analitics\/","og_locale":"es_ES","og_type":"article","og_title":"Servicios anal\u00edticos y precios p\u00fablicos","og_description":"El laboratorio ha puesto a disposici\u00f3n de sus clientes una p\u00e1gina en internet para la [&hellip;]","og_url":"https:\/\/www.aspb.cat\/es\/areas\/laboratorio\/cartera-de-serveis-analitics\/","og_site_name":"ASPB","article_publisher":"https:\/\/www.facebook.com\/salutpublicabcn","article_modified_time":"2026-02-23T14:18:23+00:00","twitter_card":"summary_large_image","twitter_site":"@salutpublicabcn","twitter_misc":{"Tiempo de lectura":"1 minuto"},"schema":{"@context":"https:\/\/schema.org","@graph":[{"@type":"WebPage","@id":"https:\/\/www.aspb.cat\/es\/areas\/laboratorio\/cartera-de-serveis-analitics\/","url":"https:\/\/www.aspb.cat\/es\/areas\/laboratorio\/cartera-de-serveis-analitics\/","name":"Servicios anal\u00edticos y precios p\u00fablicos - ASPB","isPartOf":{"@id":"https:\/\/www.aspb.cat\/#website"},"datePublished":"2016-03-14T15:04:33+00:00","dateModified":"2026-02-23T14:18:23+00:00","breadcrumb":{"@id":"https:\/\/www.aspb.cat\/es\/areas\/laboratorio\/cartera-de-serveis-analitics\/#breadcrumb"},"inLanguage":"es","potentialAction":[{"@type":"ReadAction","target":["https:\/\/www.aspb.cat\/es\/areas\/laboratorio\/cartera-de-serveis-analitics\/"]}]},{"@type":"BreadcrumbList","@id":"https:\/\/www.aspb.cat\/es\/areas\/laboratorio\/cartera-de-serveis-analitics\/#breadcrumb","itemListElement":[{"@type":"ListItem","position":1,"name":"Inici","item":"https:\/\/www.aspb.cat\/es\/"},{"@type":"ListItem","position":2,"name":"\u00c1reas","item":"https:\/\/www.aspb.cat\/es\/areas\/"},{"@type":"ListItem","position":3,"name":"Laboratorio","item":"https:\/\/www.aspb.cat\/es\/areas\/laboratorio\/"},{"@type":"ListItem","position":4,"name":"Servicios anal\u00edticos y precios p\u00fablicos"}]},{"@type":"WebSite","@id":"https:\/\/www.aspb.cat\/#website","url":"https:\/\/www.aspb.cat\/","name":"ASPB","description":"Just another WordPress site","potentialAction":[{"@type":"SearchAction","target":{"@type":"EntryPoint","urlTemplate":"https:\/\/www.aspb.cat\/?s={search_term_string}"},"query-input":{"@type":"PropertyValueSpecification","valueRequired":true,"valueName":"search_term_string"}}],"inLanguage":"es"}]}},"_links":{"self":[{"href":"https:\/\/www.aspb.cat\/es\/wp-json\/wp\/v2\/pages\/7557","targetHints":{"allow":["GET"]}}],"collection":[{"href":"https:\/\/www.aspb.cat\/es\/wp-json\/wp\/v2\/pages"}],"about":[{"href":"https:\/\/www.aspb.cat\/es\/wp-json\/wp\/v2\/types\/page"}],"author":[{"embeddable":true,"href":"https:\/\/www.aspb.cat\/es\/wp-json\/wp\/v2\/users\/3"}],"replies":[{"embeddable":true,"href":"https:\/\/www.aspb.cat\/es\/wp-json\/wp\/v2\/comments?post=7557"}],"version-history":[{"count":17,"href":"https:\/\/www.aspb.cat\/es\/wp-json\/wp\/v2\/pages\/7557\/revisions"}],"predecessor-version":[{"id":54881,"href":"https:\/\/www.aspb.cat\/es\/wp-json\/wp\/v2\/pages\/7557\/revisions\/54881"}],"up":[{"embeddable":true,"href":"https:\/\/www.aspb.cat\/es\/wp-json\/wp\/v2\/pages\/4263"}],"wp:attachment":[{"href":"https:\/\/www.aspb.cat\/es\/wp-json\/wp\/v2\/media?parent=7557"}],"curies":[{"name":"wp","href":"https:\/\/api.w.org\/{rel}","templated":true}]}}