{"id":7524,"date":"2016-03-14T15:00:44","date_gmt":"2016-03-14T15:00:44","guid":{"rendered":"https:\/\/www.aspb.cat\/areas\/salud-y-trabajo\/assessorament-als-professionals-sanitaris\/"},"modified":"2022-01-31T16:44:12","modified_gmt":"2022-01-31T16:44:12","slug":"assessorament-als-professionals-sanitaris","status":"publish","type":"page","link":"https:\/\/www.aspb.cat\/es\/areas\/salud-y-trabajo\/assessorament-als-professionals-sanitaris\/","title":{"rendered":"Asesoramiento a los profesionales sanitarios"},"content":{"rendered":"<p>Asesoramos a los profesionales de los servicios sanitarios p\u00fablicos, especialmente de los centros de atenci\u00f3n primaria, para que sepan identificar los factores laborales que pueden estar relacionados con las enfermedades de sus pacientes, deriven estos pacientes a los agentes espec\u00edficos de salud laboral u otros agentes relacionados y, en \u00faltimo t\u00e9rmino, valoren la posible intervenci\u00f3n preventiva en el lugar de trabajo. Asimismo, asesoramos a los profesionales de los servicios de prevenci\u00f3n de riesgos laborales en el desarrollo de su actividad sanitaria.<\/p>\n","protected":false},"excerpt":{"rendered":"<p>Asesoramos a los profesionales de los servicios sanitarios p\u00fablicos, especialmente de los centros de atenci\u00f3n [&hellip;]\n","protected":false},"author":3,"featured_media":0,"parent":4260,"menu_order":75,"comment_status":"closed","ping_status":"closed","template":"","meta":{"_acf_changed":false,"_monsterinsights_skip_tracking":false,"_monsterinsights_sitenote_active":false,"_monsterinsights_sitenote_note":"","_monsterinsights_sitenote_category":0,"footnotes":""},"class_list":["post-7524","page","type-page","status-publish","hentry","publish","author-as20pb16-x22","impar","primero"],"acf":[],"yoast_head":"<!-- This site is optimized with the Yoast SEO Premium plugin v27.5 (Yoast SEO v27.5) - https:\/\/yoast.com\/product\/yoast-seo-premium-wordpress\/ -->\n<title>Asesoramiento a los profesionales sanitarios - ASPB<\/title>\n<meta name=\"robots\" content=\"index, follow, max-snippet:-1, max-image-preview:large, max-video-preview:-1\" \/>\n<link rel=\"canonical\" href=\"https:\/\/www.aspb.cat\/es\/areas\/salud-y-trabajo\/assessorament-als-professionals-sanitaris\/\" \/>\n<meta property=\"og:locale\" content=\"es_ES\" \/>\n<meta property=\"og:type\" content=\"article\" \/>\n<meta property=\"og:title\" content=\"Asesoramiento a los profesionales sanitarios\" \/>\n<meta property=\"og:description\" content=\"Asesoramos a los profesionales de los servicios sanitarios p\u00fablicos, especialmente de los centros de atenci\u00f3n [&hellip;]\" \/>\n<meta property=\"og:url\" content=\"https:\/\/www.aspb.cat\/es\/areas\/salud-y-trabajo\/assessorament-als-professionals-sanitaris\/\" \/>\n<meta property=\"og:site_name\" content=\"ASPB\" \/>\n<meta property=\"article:publisher\" content=\"https:\/\/www.facebook.com\/salutpublicabcn\" \/>\n<meta property=\"article:modified_time\" content=\"2022-01-31T16:44:12+00:00\" \/>\n<meta name=\"twitter:card\" content=\"summary_large_image\" \/>\n<meta name=\"twitter:site\" content=\"@salutpublicabcn\" \/>\n<script type=\"application\/ld+json\" class=\"yoast-schema-graph\">{\"@context\":\"https:\\\/\\\/schema.org\",\"@graph\":[{\"@type\":\"WebPage\",\"@id\":\"https:\\\/\\\/www.aspb.cat\\\/es\\\/areas\\\/salud-y-trabajo\\\/assessorament-als-professionals-sanitaris\\\/\",\"url\":\"https:\\\/\\\/www.aspb.cat\\\/es\\\/areas\\\/salud-y-trabajo\\\/assessorament-als-professionals-sanitaris\\\/\",\"name\":\"Asesoramiento a los profesionales sanitarios - ASPB\",\"isPartOf\":{\"@id\":\"https:\\\/\\\/www.aspb.cat\\\/#website\"},\"datePublished\":\"2016-03-14T15:00:44+00:00\",\"dateModified\":\"2022-01-31T16:44:12+00:00\",\"breadcrumb\":{\"@id\":\"https:\\\/\\\/www.aspb.cat\\\/es\\\/areas\\\/salud-y-trabajo\\\/assessorament-als-professionals-sanitaris\\\/#breadcrumb\"},\"inLanguage\":\"es\",\"potentialAction\":[{\"@type\":\"ReadAction\",\"target\":[\"https:\\\/\\\/www.aspb.cat\\\/es\\\/areas\\\/salud-y-trabajo\\\/assessorament-als-professionals-sanitaris\\\/\"]}]},{\"@type\":\"BreadcrumbList\",\"@id\":\"https:\\\/\\\/www.aspb.cat\\\/es\\\/areas\\\/salud-y-trabajo\\\/assessorament-als-professionals-sanitaris\\\/#breadcrumb\",\"itemListElement\":[{\"@type\":\"ListItem\",\"position\":1,\"name\":\"Inici\",\"item\":\"https:\\\/\\\/www.aspb.cat\\\/es\\\/\"},{\"@type\":\"ListItem\",\"position\":2,\"name\":\"\u00c1reas\",\"item\":\"https:\\\/\\\/www.aspb.cat\\\/es\\\/areas\\\/\"},{\"@type\":\"ListItem\",\"position\":3,\"name\":\"Salud y trabajo\",\"item\":\"https:\\\/\\\/www.aspb.cat\\\/es\\\/areas\\\/salud-y-trabajo\\\/\"},{\"@type\":\"ListItem\",\"position\":4,\"name\":\"Asesoramiento a los profesionales sanitarios\"}]},{\"@type\":\"WebSite\",\"@id\":\"https:\\\/\\\/www.aspb.cat\\\/#website\",\"url\":\"https:\\\/\\\/www.aspb.cat\\\/\",\"name\":\"ASPB\",\"description\":\"Just another WordPress site\",\"potentialAction\":[{\"@type\":\"SearchAction\",\"target\":{\"@type\":\"EntryPoint\",\"urlTemplate\":\"https:\\\/\\\/www.aspb.cat\\\/?s={search_term_string}\"},\"query-input\":{\"@type\":\"PropertyValueSpecification\",\"valueRequired\":true,\"valueName\":\"search_term_string\"}}],\"inLanguage\":\"es\"}]}<\/script>\n<!-- \/ Yoast SEO Premium plugin. -->","yoast_head_json":{"title":"Asesoramiento a los profesionales sanitarios - ASPB","robots":{"index":"index","follow":"follow","max-snippet":"max-snippet:-1","max-image-preview":"max-image-preview:large","max-video-preview":"max-video-preview:-1"},"canonical":"https:\/\/www.aspb.cat\/es\/areas\/salud-y-trabajo\/assessorament-als-professionals-sanitaris\/","og_locale":"es_ES","og_type":"article","og_title":"Asesoramiento a los profesionales sanitarios","og_description":"Asesoramos a los profesionales de los servicios sanitarios p\u00fablicos, especialmente de los centros de atenci\u00f3n [&hellip;]","og_url":"https:\/\/www.aspb.cat\/es\/areas\/salud-y-trabajo\/assessorament-als-professionals-sanitaris\/","og_site_name":"ASPB","article_publisher":"https:\/\/www.facebook.com\/salutpublicabcn","article_modified_time":"2022-01-31T16:44:12+00:00","twitter_card":"summary_large_image","twitter_site":"@salutpublicabcn","schema":{"@context":"https:\/\/schema.org","@graph":[{"@type":"WebPage","@id":"https:\/\/www.aspb.cat\/es\/areas\/salud-y-trabajo\/assessorament-als-professionals-sanitaris\/","url":"https:\/\/www.aspb.cat\/es\/areas\/salud-y-trabajo\/assessorament-als-professionals-sanitaris\/","name":"Asesoramiento a los profesionales sanitarios - ASPB","isPartOf":{"@id":"https:\/\/www.aspb.cat\/#website"},"datePublished":"2016-03-14T15:00:44+00:00","dateModified":"2022-01-31T16:44:12+00:00","breadcrumb":{"@id":"https:\/\/www.aspb.cat\/es\/areas\/salud-y-trabajo\/assessorament-als-professionals-sanitaris\/#breadcrumb"},"inLanguage":"es","potentialAction":[{"@type":"ReadAction","target":["https:\/\/www.aspb.cat\/es\/areas\/salud-y-trabajo\/assessorament-als-professionals-sanitaris\/"]}]},{"@type":"BreadcrumbList","@id":"https:\/\/www.aspb.cat\/es\/areas\/salud-y-trabajo\/assessorament-als-professionals-sanitaris\/#breadcrumb","itemListElement":[{"@type":"ListItem","position":1,"name":"Inici","item":"https:\/\/www.aspb.cat\/es\/"},{"@type":"ListItem","position":2,"name":"\u00c1reas","item":"https:\/\/www.aspb.cat\/es\/areas\/"},{"@type":"ListItem","position":3,"name":"Salud y trabajo","item":"https:\/\/www.aspb.cat\/es\/areas\/salud-y-trabajo\/"},{"@type":"ListItem","position":4,"name":"Asesoramiento a los profesionales sanitarios"}]},{"@type":"WebSite","@id":"https:\/\/www.aspb.cat\/#website","url":"https:\/\/www.aspb.cat\/","name":"ASPB","description":"Just another WordPress site","potentialAction":[{"@type":"SearchAction","target":{"@type":"EntryPoint","urlTemplate":"https:\/\/www.aspb.cat\/?s={search_term_string}"},"query-input":{"@type":"PropertyValueSpecification","valueRequired":true,"valueName":"search_term_string"}}],"inLanguage":"es"}]}},"_links":{"self":[{"href":"https:\/\/www.aspb.cat\/es\/wp-json\/wp\/v2\/pages\/7524","targetHints":{"allow":["GET"]}}],"collection":[{"href":"https:\/\/www.aspb.cat\/es\/wp-json\/wp\/v2\/pages"}],"about":[{"href":"https:\/\/www.aspb.cat\/es\/wp-json\/wp\/v2\/types\/page"}],"author":[{"embeddable":true,"href":"https:\/\/www.aspb.cat\/es\/wp-json\/wp\/v2\/users\/3"}],"replies":[{"embeddable":true,"href":"https:\/\/www.aspb.cat\/es\/wp-json\/wp\/v2\/comments?post=7524"}],"version-history":[{"count":2,"href":"https:\/\/www.aspb.cat\/es\/wp-json\/wp\/v2\/pages\/7524\/revisions"}],"predecessor-version":[{"id":7539,"href":"https:\/\/www.aspb.cat\/es\/wp-json\/wp\/v2\/pages\/7524\/revisions\/7539"}],"up":[{"embeddable":true,"href":"https:\/\/www.aspb.cat\/es\/wp-json\/wp\/v2\/pages\/4260"}],"wp:attachment":[{"href":"https:\/\/www.aspb.cat\/es\/wp-json\/wp\/v2\/media?parent=7524"}],"curies":[{"name":"wp","href":"https:\/\/api.w.org\/{rel}","templated":true}]}}