{"id":7520,"date":"2016-03-14T14:47:09","date_gmt":"2016-03-14T14:47:09","guid":{"rendered":"https:\/\/www.aspb.cat\/areas\/salud-y-trabajo\/sistema-de-vigilancia-de-malalties-relacionades-amb-el-treball\/"},"modified":"2022-01-31T16:47:25","modified_gmt":"2022-01-31T16:47:25","slug":"sistema-de-vigilancia-de-malalties-relacionades-amb-el-treball","status":"publish","type":"page","link":"https:\/\/www.aspb.cat\/es\/areas\/salud-y-trabajo\/sistema-de-vigilancia-de-malalties-relacionades-amb-el-treball\/","title":{"rendered":"Sistema de vigilancia de enfermedades relacionadas con el trabajo"},"content":{"rendered":"<p>El personal m\u00e9dico de los centros de atenci\u00f3n primaria notifica los problemas de salud que sospechan que est\u00e1n relacionados con las condiciones de trabajo. En la <em>Ag\u00e8ncia de Salut P\u00fablica de Barcelona<\/em> (ASPB) se estudian los casos, se emiten conclusiones y se proponen recomendaciones para todas las personas implicadas, especialmente para el servicio de prevenci\u00f3n de riesgos laborales de la empresa. De este modo, adem\u00e1s de modificar las condiciones de trabajo de la persona que tiene el problema de salud, se puede evitar la aparici\u00f3n de nuevos casos entre los compa\u00f1eros y compa\u00f1eras.<\/p>\n","protected":false},"excerpt":{"rendered":"<p>El personal m\u00e9dico de los centros de atenci\u00f3n primaria notifica los problemas de salud que [&hellip;]\n","protected":false},"author":3,"featured_media":0,"parent":4260,"menu_order":76,"comment_status":"closed","ping_status":"closed","template":"","meta":{"_acf_changed":false,"_monsterinsights_skip_tracking":false,"_monsterinsights_sitenote_active":false,"_monsterinsights_sitenote_note":"","_monsterinsights_sitenote_category":0,"footnotes":""},"class_list":["post-7520","page","type-page","status-publish","hentry","publish","author-as20pb16-x22","impar","primero"],"acf":[],"yoast_head":"<!-- This site is optimized with the Yoast SEO Premium plugin v27.3 (Yoast SEO v27.3) - https:\/\/yoast.com\/product\/yoast-seo-premium-wordpress\/ -->\n<title>Sistema de vigilancia de enfermedades relacionadas con el trabajo - ASPB<\/title>\n<meta name=\"robots\" content=\"index, follow, max-snippet:-1, max-image-preview:large, max-video-preview:-1\" \/>\n<link rel=\"canonical\" href=\"https:\/\/www.aspb.cat\/es\/areas\/salud-y-trabajo\/sistema-de-vigilancia-de-malalties-relacionades-amb-el-treball\/\" \/>\n<meta property=\"og:locale\" content=\"es_ES\" \/>\n<meta property=\"og:type\" content=\"article\" \/>\n<meta property=\"og:title\" content=\"Sistema de vigilancia de enfermedades relacionadas con el trabajo\" \/>\n<meta property=\"og:description\" content=\"El personal m\u00e9dico de los centros de atenci\u00f3n primaria notifica los problemas de salud que [&hellip;]\" \/>\n<meta property=\"og:url\" content=\"https:\/\/www.aspb.cat\/es\/areas\/salud-y-trabajo\/sistema-de-vigilancia-de-malalties-relacionades-amb-el-treball\/\" \/>\n<meta property=\"og:site_name\" content=\"ASPB\" \/>\n<meta property=\"article:publisher\" content=\"https:\/\/www.facebook.com\/salutpublicabcn\" \/>\n<meta property=\"article:modified_time\" content=\"2022-01-31T16:47:25+00:00\" \/>\n<meta name=\"twitter:card\" content=\"summary_large_image\" \/>\n<meta name=\"twitter:site\" content=\"@salutpublicabcn\" \/>\n<meta name=\"twitter:label1\" content=\"Tiempo de lectura\" \/>\n\t<meta name=\"twitter:data1\" content=\"1 minuto\" \/>\n<script type=\"application\/ld+json\" class=\"yoast-schema-graph\">{\"@context\":\"https:\\\/\\\/schema.org\",\"@graph\":[{\"@type\":\"WebPage\",\"@id\":\"https:\\\/\\\/www.aspb.cat\\\/es\\\/areas\\\/salud-y-trabajo\\\/sistema-de-vigilancia-de-malalties-relacionades-amb-el-treball\\\/\",\"url\":\"https:\\\/\\\/www.aspb.cat\\\/es\\\/areas\\\/salud-y-trabajo\\\/sistema-de-vigilancia-de-malalties-relacionades-amb-el-treball\\\/\",\"name\":\"Sistema de vigilancia de enfermedades relacionadas con el trabajo - ASPB\",\"isPartOf\":{\"@id\":\"https:\\\/\\\/www.aspb.cat\\\/#website\"},\"datePublished\":\"2016-03-14T14:47:09+00:00\",\"dateModified\":\"2022-01-31T16:47:25+00:00\",\"breadcrumb\":{\"@id\":\"https:\\\/\\\/www.aspb.cat\\\/es\\\/areas\\\/salud-y-trabajo\\\/sistema-de-vigilancia-de-malalties-relacionades-amb-el-treball\\\/#breadcrumb\"},\"inLanguage\":\"es\",\"potentialAction\":[{\"@type\":\"ReadAction\",\"target\":[\"https:\\\/\\\/www.aspb.cat\\\/es\\\/areas\\\/salud-y-trabajo\\\/sistema-de-vigilancia-de-malalties-relacionades-amb-el-treball\\\/\"]}]},{\"@type\":\"BreadcrumbList\",\"@id\":\"https:\\\/\\\/www.aspb.cat\\\/es\\\/areas\\\/salud-y-trabajo\\\/sistema-de-vigilancia-de-malalties-relacionades-amb-el-treball\\\/#breadcrumb\",\"itemListElement\":[{\"@type\":\"ListItem\",\"position\":1,\"name\":\"Inici\",\"item\":\"https:\\\/\\\/www.aspb.cat\\\/es\\\/\"},{\"@type\":\"ListItem\",\"position\":2,\"name\":\"\u00c1reas\",\"item\":\"https:\\\/\\\/www.aspb.cat\\\/es\\\/areas\\\/\"},{\"@type\":\"ListItem\",\"position\":3,\"name\":\"Salud y trabajo\",\"item\":\"https:\\\/\\\/www.aspb.cat\\\/es\\\/areas\\\/salud-y-trabajo\\\/\"},{\"@type\":\"ListItem\",\"position\":4,\"name\":\"Sistema de vigilancia de enfermedades relacionadas con el trabajo\"}]},{\"@type\":\"WebSite\",\"@id\":\"https:\\\/\\\/www.aspb.cat\\\/#website\",\"url\":\"https:\\\/\\\/www.aspb.cat\\\/\",\"name\":\"ASPB\",\"description\":\"Just another WordPress site\",\"potentialAction\":[{\"@type\":\"SearchAction\",\"target\":{\"@type\":\"EntryPoint\",\"urlTemplate\":\"https:\\\/\\\/www.aspb.cat\\\/?s={search_term_string}\"},\"query-input\":{\"@type\":\"PropertyValueSpecification\",\"valueRequired\":true,\"valueName\":\"search_term_string\"}}],\"inLanguage\":\"es\"}]}<\/script>\n<!-- \/ Yoast SEO Premium plugin. -->","yoast_head_json":{"title":"Sistema de vigilancia de enfermedades relacionadas con el trabajo - ASPB","robots":{"index":"index","follow":"follow","max-snippet":"max-snippet:-1","max-image-preview":"max-image-preview:large","max-video-preview":"max-video-preview:-1"},"canonical":"https:\/\/www.aspb.cat\/es\/areas\/salud-y-trabajo\/sistema-de-vigilancia-de-malalties-relacionades-amb-el-treball\/","og_locale":"es_ES","og_type":"article","og_title":"Sistema de vigilancia de enfermedades relacionadas con el trabajo","og_description":"El personal m\u00e9dico de los centros de atenci\u00f3n primaria notifica los problemas de salud que [&hellip;]","og_url":"https:\/\/www.aspb.cat\/es\/areas\/salud-y-trabajo\/sistema-de-vigilancia-de-malalties-relacionades-amb-el-treball\/","og_site_name":"ASPB","article_publisher":"https:\/\/www.facebook.com\/salutpublicabcn","article_modified_time":"2022-01-31T16:47:25+00:00","twitter_card":"summary_large_image","twitter_site":"@salutpublicabcn","twitter_misc":{"Tiempo de lectura":"1 minuto"},"schema":{"@context":"https:\/\/schema.org","@graph":[{"@type":"WebPage","@id":"https:\/\/www.aspb.cat\/es\/areas\/salud-y-trabajo\/sistema-de-vigilancia-de-malalties-relacionades-amb-el-treball\/","url":"https:\/\/www.aspb.cat\/es\/areas\/salud-y-trabajo\/sistema-de-vigilancia-de-malalties-relacionades-amb-el-treball\/","name":"Sistema de vigilancia de enfermedades relacionadas con el trabajo - ASPB","isPartOf":{"@id":"https:\/\/www.aspb.cat\/#website"},"datePublished":"2016-03-14T14:47:09+00:00","dateModified":"2022-01-31T16:47:25+00:00","breadcrumb":{"@id":"https:\/\/www.aspb.cat\/es\/areas\/salud-y-trabajo\/sistema-de-vigilancia-de-malalties-relacionades-amb-el-treball\/#breadcrumb"},"inLanguage":"es","potentialAction":[{"@type":"ReadAction","target":["https:\/\/www.aspb.cat\/es\/areas\/salud-y-trabajo\/sistema-de-vigilancia-de-malalties-relacionades-amb-el-treball\/"]}]},{"@type":"BreadcrumbList","@id":"https:\/\/www.aspb.cat\/es\/areas\/salud-y-trabajo\/sistema-de-vigilancia-de-malalties-relacionades-amb-el-treball\/#breadcrumb","itemListElement":[{"@type":"ListItem","position":1,"name":"Inici","item":"https:\/\/www.aspb.cat\/es\/"},{"@type":"ListItem","position":2,"name":"\u00c1reas","item":"https:\/\/www.aspb.cat\/es\/areas\/"},{"@type":"ListItem","position":3,"name":"Salud y trabajo","item":"https:\/\/www.aspb.cat\/es\/areas\/salud-y-trabajo\/"},{"@type":"ListItem","position":4,"name":"Sistema de vigilancia de enfermedades relacionadas con el trabajo"}]},{"@type":"WebSite","@id":"https:\/\/www.aspb.cat\/#website","url":"https:\/\/www.aspb.cat\/","name":"ASPB","description":"Just another WordPress site","potentialAction":[{"@type":"SearchAction","target":{"@type":"EntryPoint","urlTemplate":"https:\/\/www.aspb.cat\/?s={search_term_string}"},"query-input":{"@type":"PropertyValueSpecification","valueRequired":true,"valueName":"search_term_string"}}],"inLanguage":"es"}]}},"_links":{"self":[{"href":"https:\/\/www.aspb.cat\/es\/wp-json\/wp\/v2\/pages\/7520","targetHints":{"allow":["GET"]}}],"collection":[{"href":"https:\/\/www.aspb.cat\/es\/wp-json\/wp\/v2\/pages"}],"about":[{"href":"https:\/\/www.aspb.cat\/es\/wp-json\/wp\/v2\/types\/page"}],"author":[{"embeddable":true,"href":"https:\/\/www.aspb.cat\/es\/wp-json\/wp\/v2\/users\/3"}],"replies":[{"embeddable":true,"href":"https:\/\/www.aspb.cat\/es\/wp-json\/wp\/v2\/comments?post=7520"}],"version-history":[{"count":2,"href":"https:\/\/www.aspb.cat\/es\/wp-json\/wp\/v2\/pages\/7520\/revisions"}],"predecessor-version":[{"id":31353,"href":"https:\/\/www.aspb.cat\/es\/wp-json\/wp\/v2\/pages\/7520\/revisions\/31353"}],"up":[{"embeddable":true,"href":"https:\/\/www.aspb.cat\/es\/wp-json\/wp\/v2\/pages\/4260"}],"wp:attachment":[{"href":"https:\/\/www.aspb.cat\/es\/wp-json\/wp\/v2\/media?parent=7520"}],"curies":[{"name":"wp","href":"https:\/\/api.w.org\/{rel}","templated":true}]}}