{"id":7507,"date":"2016-03-14T14:43:25","date_gmt":"2016-03-14T14:43:25","guid":{"rendered":"https:\/\/www.aspb.cat\/areas\/plagas-urbanas\/vigilancia-i-control-daus-salvatges-urbanes\/"},"modified":"2022-01-31T16:47:24","modified_gmt":"2022-01-31T16:47:24","slug":"vigilancia-i-control-daus-salvatges-urbanes","status":"publish","type":"page","link":"https:\/\/www.aspb.cat\/es\/areas\/plagas-urbanas\/vigilancia-i-control-daus-salvatges-urbanes\/","title":{"rendered":"Vigilancia y control de aves salvajes urbanas"},"content":{"rendered":"<p>Desarrollamos programas de vigilancia y control de aves salvajes urbanas, que son aquellas que comparten el territorio con las personas en la v\u00eda p\u00fablica (la paloma, la gaviota patiamarilla y la cotorra monje):<\/p>\n<ul>\n<li>Vigilancia y control de palomas (<em>Columba livia<\/em>)<\/li>\n<li>Vigilancia de las gaviotas patiamarillas (<em>Larus michahellis<\/em>)<\/li>\n<li>Vigilancia de la cotorra monje (<em>Myopsitta monachus<\/em>)<\/li>\n<\/ul>\n<p>En estos programas de vigilancia y control de plagas empleamos una metodolog\u00eda que se fundamenta en el concepto del control integrado. En este sentido promovemos la vigilancia poblacional y sanitaria como herramienta para elaborar estrategias de intervenci\u00f3n, mediante la sensibilizaci\u00f3n y concienciaci\u00f3n ciudadana, la adopci\u00f3n de estrategias educativas, la prevenci\u00f3n de la aparici\u00f3n de plagas, la aplicaci\u00f3n de medidas de saneamiento del medio, la exclusi\u00f3n de la plaga, el buen mantenimiento de estructuras e infraestructuras urbanas, y la b\u00fasqueda de alternativas sostenibles para el control de las poblaciones.<\/p>\n","protected":false},"excerpt":{"rendered":"<p>Desarrollamos programas de vigilancia y control de aves salvajes urbanas, que son aquellas que comparten [&hellip;]\n","protected":false},"author":3,"featured_media":0,"parent":4256,"menu_order":116,"comment_status":"closed","ping_status":"closed","template":"","meta":{"_acf_changed":false,"_monsterinsights_skip_tracking":false,"_monsterinsights_sitenote_active":false,"_monsterinsights_sitenote_note":"","_monsterinsights_sitenote_category":0,"footnotes":""},"class_list":["post-7507","page","type-page","status-publish","hentry","publish","author-as20pb16-x22","impar","primero"],"acf":[],"yoast_head":"<!-- This site is optimized with the Yoast SEO Premium plugin v27.5 (Yoast SEO v27.5) - https:\/\/yoast.com\/product\/yoast-seo-premium-wordpress\/ -->\n<title>Vigilancia y control de aves salvajes urbanas - ASPB<\/title>\n<meta name=\"robots\" content=\"index, follow, max-snippet:-1, max-image-preview:large, max-video-preview:-1\" \/>\n<link rel=\"canonical\" href=\"https:\/\/www.aspb.cat\/es\/areas\/plagas-urbanas\/vigilancia-i-control-daus-salvatges-urbanes\/\" \/>\n<meta property=\"og:locale\" content=\"es_ES\" \/>\n<meta property=\"og:type\" content=\"article\" \/>\n<meta property=\"og:title\" content=\"Vigilancia y control de aves salvajes urbanas\" \/>\n<meta property=\"og:description\" content=\"Desarrollamos programas de vigilancia y control de aves salvajes urbanas, que son aquellas que comparten [&hellip;]\" \/>\n<meta property=\"og:url\" content=\"https:\/\/www.aspb.cat\/es\/areas\/plagas-urbanas\/vigilancia-i-control-daus-salvatges-urbanes\/\" \/>\n<meta property=\"og:site_name\" content=\"ASPB\" \/>\n<meta property=\"article:publisher\" content=\"https:\/\/www.facebook.com\/salutpublicabcn\" \/>\n<meta property=\"article:modified_time\" content=\"2022-01-31T16:47:24+00:00\" \/>\n<meta name=\"twitter:card\" content=\"summary_large_image\" \/>\n<meta name=\"twitter:site\" content=\"@salutpublicabcn\" \/>\n<meta name=\"twitter:label1\" content=\"Tiempo de lectura\" \/>\n\t<meta name=\"twitter:data1\" content=\"1 minuto\" \/>\n<script type=\"application\/ld+json\" class=\"yoast-schema-graph\">{\"@context\":\"https:\\\/\\\/schema.org\",\"@graph\":[{\"@type\":\"WebPage\",\"@id\":\"https:\\\/\\\/www.aspb.cat\\\/es\\\/areas\\\/plagas-urbanas\\\/vigilancia-i-control-daus-salvatges-urbanes\\\/\",\"url\":\"https:\\\/\\\/www.aspb.cat\\\/es\\\/areas\\\/plagas-urbanas\\\/vigilancia-i-control-daus-salvatges-urbanes\\\/\",\"name\":\"Vigilancia y control de aves salvajes urbanas - ASPB\",\"isPartOf\":{\"@id\":\"https:\\\/\\\/www.aspb.cat\\\/#website\"},\"datePublished\":\"2016-03-14T14:43:25+00:00\",\"dateModified\":\"2022-01-31T16:47:24+00:00\",\"breadcrumb\":{\"@id\":\"https:\\\/\\\/www.aspb.cat\\\/es\\\/areas\\\/plagas-urbanas\\\/vigilancia-i-control-daus-salvatges-urbanes\\\/#breadcrumb\"},\"inLanguage\":\"es\",\"potentialAction\":[{\"@type\":\"ReadAction\",\"target\":[\"https:\\\/\\\/www.aspb.cat\\\/es\\\/areas\\\/plagas-urbanas\\\/vigilancia-i-control-daus-salvatges-urbanes\\\/\"]}]},{\"@type\":\"BreadcrumbList\",\"@id\":\"https:\\\/\\\/www.aspb.cat\\\/es\\\/areas\\\/plagas-urbanas\\\/vigilancia-i-control-daus-salvatges-urbanes\\\/#breadcrumb\",\"itemListElement\":[{\"@type\":\"ListItem\",\"position\":1,\"name\":\"Inici\",\"item\":\"https:\\\/\\\/www.aspb.cat\\\/es\\\/\"},{\"@type\":\"ListItem\",\"position\":2,\"name\":\"\u00c1reas\",\"item\":\"https:\\\/\\\/www.aspb.cat\\\/es\\\/areas\\\/\"},{\"@type\":\"ListItem\",\"position\":3,\"name\":\"Plagas urbanas\",\"item\":\"https:\\\/\\\/www.aspb.cat\\\/es\\\/areas\\\/plagas-urbanas\\\/\"},{\"@type\":\"ListItem\",\"position\":4,\"name\":\"Vigilancia y control de aves salvajes urbanas\"}]},{\"@type\":\"WebSite\",\"@id\":\"https:\\\/\\\/www.aspb.cat\\\/#website\",\"url\":\"https:\\\/\\\/www.aspb.cat\\\/\",\"name\":\"ASPB\",\"description\":\"Just another WordPress site\",\"potentialAction\":[{\"@type\":\"SearchAction\",\"target\":{\"@type\":\"EntryPoint\",\"urlTemplate\":\"https:\\\/\\\/www.aspb.cat\\\/?s={search_term_string}\"},\"query-input\":{\"@type\":\"PropertyValueSpecification\",\"valueRequired\":true,\"valueName\":\"search_term_string\"}}],\"inLanguage\":\"es\"}]}<\/script>\n<!-- \/ Yoast SEO Premium plugin. -->","yoast_head_json":{"title":"Vigilancia y control de aves salvajes urbanas - ASPB","robots":{"index":"index","follow":"follow","max-snippet":"max-snippet:-1","max-image-preview":"max-image-preview:large","max-video-preview":"max-video-preview:-1"},"canonical":"https:\/\/www.aspb.cat\/es\/areas\/plagas-urbanas\/vigilancia-i-control-daus-salvatges-urbanes\/","og_locale":"es_ES","og_type":"article","og_title":"Vigilancia y control de aves salvajes urbanas","og_description":"Desarrollamos programas de vigilancia y control de aves salvajes urbanas, que son aquellas que comparten [&hellip;]","og_url":"https:\/\/www.aspb.cat\/es\/areas\/plagas-urbanas\/vigilancia-i-control-daus-salvatges-urbanes\/","og_site_name":"ASPB","article_publisher":"https:\/\/www.facebook.com\/salutpublicabcn","article_modified_time":"2022-01-31T16:47:24+00:00","twitter_card":"summary_large_image","twitter_site":"@salutpublicabcn","twitter_misc":{"Tiempo de lectura":"1 minuto"},"schema":{"@context":"https:\/\/schema.org","@graph":[{"@type":"WebPage","@id":"https:\/\/www.aspb.cat\/es\/areas\/plagas-urbanas\/vigilancia-i-control-daus-salvatges-urbanes\/","url":"https:\/\/www.aspb.cat\/es\/areas\/plagas-urbanas\/vigilancia-i-control-daus-salvatges-urbanes\/","name":"Vigilancia y control de aves salvajes urbanas - ASPB","isPartOf":{"@id":"https:\/\/www.aspb.cat\/#website"},"datePublished":"2016-03-14T14:43:25+00:00","dateModified":"2022-01-31T16:47:24+00:00","breadcrumb":{"@id":"https:\/\/www.aspb.cat\/es\/areas\/plagas-urbanas\/vigilancia-i-control-daus-salvatges-urbanes\/#breadcrumb"},"inLanguage":"es","potentialAction":[{"@type":"ReadAction","target":["https:\/\/www.aspb.cat\/es\/areas\/plagas-urbanas\/vigilancia-i-control-daus-salvatges-urbanes\/"]}]},{"@type":"BreadcrumbList","@id":"https:\/\/www.aspb.cat\/es\/areas\/plagas-urbanas\/vigilancia-i-control-daus-salvatges-urbanes\/#breadcrumb","itemListElement":[{"@type":"ListItem","position":1,"name":"Inici","item":"https:\/\/www.aspb.cat\/es\/"},{"@type":"ListItem","position":2,"name":"\u00c1reas","item":"https:\/\/www.aspb.cat\/es\/areas\/"},{"@type":"ListItem","position":3,"name":"Plagas urbanas","item":"https:\/\/www.aspb.cat\/es\/areas\/plagas-urbanas\/"},{"@type":"ListItem","position":4,"name":"Vigilancia y control de aves salvajes urbanas"}]},{"@type":"WebSite","@id":"https:\/\/www.aspb.cat\/#website","url":"https:\/\/www.aspb.cat\/","name":"ASPB","description":"Just another WordPress site","potentialAction":[{"@type":"SearchAction","target":{"@type":"EntryPoint","urlTemplate":"https:\/\/www.aspb.cat\/?s={search_term_string}"},"query-input":{"@type":"PropertyValueSpecification","valueRequired":true,"valueName":"search_term_string"}}],"inLanguage":"es"}]}},"_links":{"self":[{"href":"https:\/\/www.aspb.cat\/es\/wp-json\/wp\/v2\/pages\/7507","targetHints":{"allow":["GET"]}}],"collection":[{"href":"https:\/\/www.aspb.cat\/es\/wp-json\/wp\/v2\/pages"}],"about":[{"href":"https:\/\/www.aspb.cat\/es\/wp-json\/wp\/v2\/types\/page"}],"author":[{"embeddable":true,"href":"https:\/\/www.aspb.cat\/es\/wp-json\/wp\/v2\/users\/3"}],"replies":[{"embeddable":true,"href":"https:\/\/www.aspb.cat\/es\/wp-json\/wp\/v2\/comments?post=7507"}],"version-history":[{"count":2,"href":"https:\/\/www.aspb.cat\/es\/wp-json\/wp\/v2\/pages\/7507\/revisions"}],"predecessor-version":[{"id":31306,"href":"https:\/\/www.aspb.cat\/es\/wp-json\/wp\/v2\/pages\/7507\/revisions\/31306"}],"up":[{"embeddable":true,"href":"https:\/\/www.aspb.cat\/es\/wp-json\/wp\/v2\/pages\/4256"}],"wp:attachment":[{"href":"https:\/\/www.aspb.cat\/es\/wp-json\/wp\/v2\/media?parent=7507"}],"curies":[{"name":"wp","href":"https:\/\/api.w.org\/{rel}","templated":true}]}}