{"id":7506,"date":"2016-03-14T14:43:06","date_gmt":"2016-03-14T14:43:06","guid":{"rendered":"https:\/\/www.aspb.cat\/areas\/plagas-urbanas\/vigilancia-i-control-de-plagues-ambientals\/"},"modified":"2022-01-31T16:47:24","modified_gmt":"2022-01-31T16:47:24","slug":"vigilancia-i-control-de-plagues-ambientals","status":"publish","type":"page","link":"https:\/\/www.aspb.cat\/es\/areas\/plagas-urbanas\/vigilancia-i-control-de-plagues-ambientals\/","title":{"rendered":"Vigilancia y control de plagas ambientales"},"content":{"rendered":"<p>Llevamos a cabo la vigilancia y control de plagas urbanas (ratas, ratones, cucarachas, mosquitos, avispas, hormigas, pulgas, etc.) en la v\u00eda p\u00fablica y en equipamientos municipales, a trav\u00e9s de los siguientes programas:<\/p>\n<ul>\n<li>Vigilancia y control de m\u00faridos y artr\u00f3podos en la v\u00eda p\u00fablica y en la red de alcantarillado p\u00fablica<\/li>\n<li>Control de plagas en edificios de responsabilidad municipal<\/li>\n<li>Vigilancia y control de mosquitos<\/li>\n<li>Vigilancia de plagas en archivos municipales<\/li>\n<li>Vigilancia y control de plagas en mercados municipales<\/li>\n<\/ul>\n<p>En estos programas de vigilancia y control de plagas empleamos una metodolog\u00eda que se fundamenta en el concepto del control integrado.<\/p>\n<p>Planificamos las estrategias de vigilancia y control de acuerdo con un diagn\u00f3stico previo del problema y la elecci\u00f3n del m\u00e9todo m\u00e1s adecuado teniendo en cuenta la especie afectante, su distribuci\u00f3n, las caracter\u00edsticas del espacio y el uso que se hace de \u00e9l. En los planes de actuaci\u00f3n priorizamos el control biol\u00f3gico, f\u00edsico y mec\u00e1nico, y los biocidas m\u00e1s espec\u00edficos, selectivos y menos peligrosos para la salud de las personas y para el medio ambiente.<\/p>\n","protected":false},"excerpt":{"rendered":"<p>Llevamos a cabo la vigilancia y control de plagas urbanas (ratas, ratones, cucarachas, mosquitos, avispas, [&hellip;]\n","protected":false},"author":3,"featured_media":0,"parent":4256,"menu_order":78,"comment_status":"closed","ping_status":"closed","template":"","meta":{"_acf_changed":false,"_monsterinsights_skip_tracking":false,"_monsterinsights_sitenote_active":false,"_monsterinsights_sitenote_note":"","_monsterinsights_sitenote_category":0,"footnotes":""},"class_list":["post-7506","page","type-page","status-publish","hentry","publish","author-as20pb16-x22","impar","primero"],"acf":[],"yoast_head":"<!-- This site is optimized with the Yoast SEO Premium plugin v27.5 (Yoast SEO v27.5) - https:\/\/yoast.com\/product\/yoast-seo-premium-wordpress\/ -->\n<title>Vigilancia y control de plagas ambientales - ASPB<\/title>\n<meta name=\"robots\" content=\"index, follow, max-snippet:-1, max-image-preview:large, max-video-preview:-1\" \/>\n<link rel=\"canonical\" href=\"https:\/\/www.aspb.cat\/es\/areas\/plagas-urbanas\/vigilancia-i-control-de-plagues-ambientals\/\" \/>\n<meta property=\"og:locale\" content=\"es_ES\" \/>\n<meta property=\"og:type\" content=\"article\" \/>\n<meta property=\"og:title\" content=\"Vigilancia y control de plagas ambientales\" \/>\n<meta property=\"og:description\" content=\"Llevamos a cabo la vigilancia y control de plagas urbanas (ratas, ratones, cucarachas, mosquitos, avispas, [&hellip;]\" \/>\n<meta property=\"og:url\" content=\"https:\/\/www.aspb.cat\/es\/areas\/plagas-urbanas\/vigilancia-i-control-de-plagues-ambientals\/\" \/>\n<meta property=\"og:site_name\" content=\"ASPB\" \/>\n<meta property=\"article:publisher\" content=\"https:\/\/www.facebook.com\/salutpublicabcn\" \/>\n<meta property=\"article:modified_time\" content=\"2022-01-31T16:47:24+00:00\" \/>\n<meta name=\"twitter:card\" content=\"summary_large_image\" \/>\n<meta name=\"twitter:site\" content=\"@salutpublicabcn\" \/>\n<meta name=\"twitter:label1\" content=\"Tiempo de lectura\" \/>\n\t<meta name=\"twitter:data1\" content=\"1 minuto\" \/>\n<script type=\"application\/ld+json\" class=\"yoast-schema-graph\">{\"@context\":\"https:\\\/\\\/schema.org\",\"@graph\":[{\"@type\":\"WebPage\",\"@id\":\"https:\\\/\\\/www.aspb.cat\\\/es\\\/areas\\\/plagas-urbanas\\\/vigilancia-i-control-de-plagues-ambientals\\\/\",\"url\":\"https:\\\/\\\/www.aspb.cat\\\/es\\\/areas\\\/plagas-urbanas\\\/vigilancia-i-control-de-plagues-ambientals\\\/\",\"name\":\"Vigilancia y control de plagas ambientales - ASPB\",\"isPartOf\":{\"@id\":\"https:\\\/\\\/www.aspb.cat\\\/#website\"},\"datePublished\":\"2016-03-14T14:43:06+00:00\",\"dateModified\":\"2022-01-31T16:47:24+00:00\",\"breadcrumb\":{\"@id\":\"https:\\\/\\\/www.aspb.cat\\\/es\\\/areas\\\/plagas-urbanas\\\/vigilancia-i-control-de-plagues-ambientals\\\/#breadcrumb\"},\"inLanguage\":\"es\",\"potentialAction\":[{\"@type\":\"ReadAction\",\"target\":[\"https:\\\/\\\/www.aspb.cat\\\/es\\\/areas\\\/plagas-urbanas\\\/vigilancia-i-control-de-plagues-ambientals\\\/\"]}]},{\"@type\":\"BreadcrumbList\",\"@id\":\"https:\\\/\\\/www.aspb.cat\\\/es\\\/areas\\\/plagas-urbanas\\\/vigilancia-i-control-de-plagues-ambientals\\\/#breadcrumb\",\"itemListElement\":[{\"@type\":\"ListItem\",\"position\":1,\"name\":\"Inici\",\"item\":\"https:\\\/\\\/www.aspb.cat\\\/es\\\/\"},{\"@type\":\"ListItem\",\"position\":2,\"name\":\"\u00c1reas\",\"item\":\"https:\\\/\\\/www.aspb.cat\\\/es\\\/areas\\\/\"},{\"@type\":\"ListItem\",\"position\":3,\"name\":\"Plagas urbanas\",\"item\":\"https:\\\/\\\/www.aspb.cat\\\/es\\\/areas\\\/plagas-urbanas\\\/\"},{\"@type\":\"ListItem\",\"position\":4,\"name\":\"Vigilancia y control de plagas ambientales\"}]},{\"@type\":\"WebSite\",\"@id\":\"https:\\\/\\\/www.aspb.cat\\\/#website\",\"url\":\"https:\\\/\\\/www.aspb.cat\\\/\",\"name\":\"ASPB\",\"description\":\"Just another WordPress site\",\"potentialAction\":[{\"@type\":\"SearchAction\",\"target\":{\"@type\":\"EntryPoint\",\"urlTemplate\":\"https:\\\/\\\/www.aspb.cat\\\/?s={search_term_string}\"},\"query-input\":{\"@type\":\"PropertyValueSpecification\",\"valueRequired\":true,\"valueName\":\"search_term_string\"}}],\"inLanguage\":\"es\"}]}<\/script>\n<!-- \/ Yoast SEO Premium plugin. -->","yoast_head_json":{"title":"Vigilancia y control de plagas ambientales - ASPB","robots":{"index":"index","follow":"follow","max-snippet":"max-snippet:-1","max-image-preview":"max-image-preview:large","max-video-preview":"max-video-preview:-1"},"canonical":"https:\/\/www.aspb.cat\/es\/areas\/plagas-urbanas\/vigilancia-i-control-de-plagues-ambientals\/","og_locale":"es_ES","og_type":"article","og_title":"Vigilancia y control de plagas ambientales","og_description":"Llevamos a cabo la vigilancia y control de plagas urbanas (ratas, ratones, cucarachas, mosquitos, avispas, [&hellip;]","og_url":"https:\/\/www.aspb.cat\/es\/areas\/plagas-urbanas\/vigilancia-i-control-de-plagues-ambientals\/","og_site_name":"ASPB","article_publisher":"https:\/\/www.facebook.com\/salutpublicabcn","article_modified_time":"2022-01-31T16:47:24+00:00","twitter_card":"summary_large_image","twitter_site":"@salutpublicabcn","twitter_misc":{"Tiempo de lectura":"1 minuto"},"schema":{"@context":"https:\/\/schema.org","@graph":[{"@type":"WebPage","@id":"https:\/\/www.aspb.cat\/es\/areas\/plagas-urbanas\/vigilancia-i-control-de-plagues-ambientals\/","url":"https:\/\/www.aspb.cat\/es\/areas\/plagas-urbanas\/vigilancia-i-control-de-plagues-ambientals\/","name":"Vigilancia y control de plagas ambientales - ASPB","isPartOf":{"@id":"https:\/\/www.aspb.cat\/#website"},"datePublished":"2016-03-14T14:43:06+00:00","dateModified":"2022-01-31T16:47:24+00:00","breadcrumb":{"@id":"https:\/\/www.aspb.cat\/es\/areas\/plagas-urbanas\/vigilancia-i-control-de-plagues-ambientals\/#breadcrumb"},"inLanguage":"es","potentialAction":[{"@type":"ReadAction","target":["https:\/\/www.aspb.cat\/es\/areas\/plagas-urbanas\/vigilancia-i-control-de-plagues-ambientals\/"]}]},{"@type":"BreadcrumbList","@id":"https:\/\/www.aspb.cat\/es\/areas\/plagas-urbanas\/vigilancia-i-control-de-plagues-ambientals\/#breadcrumb","itemListElement":[{"@type":"ListItem","position":1,"name":"Inici","item":"https:\/\/www.aspb.cat\/es\/"},{"@type":"ListItem","position":2,"name":"\u00c1reas","item":"https:\/\/www.aspb.cat\/es\/areas\/"},{"@type":"ListItem","position":3,"name":"Plagas urbanas","item":"https:\/\/www.aspb.cat\/es\/areas\/plagas-urbanas\/"},{"@type":"ListItem","position":4,"name":"Vigilancia y control de plagas ambientales"}]},{"@type":"WebSite","@id":"https:\/\/www.aspb.cat\/#website","url":"https:\/\/www.aspb.cat\/","name":"ASPB","description":"Just another WordPress site","potentialAction":[{"@type":"SearchAction","target":{"@type":"EntryPoint","urlTemplate":"https:\/\/www.aspb.cat\/?s={search_term_string}"},"query-input":{"@type":"PropertyValueSpecification","valueRequired":true,"valueName":"search_term_string"}}],"inLanguage":"es"}]}},"_links":{"self":[{"href":"https:\/\/www.aspb.cat\/es\/wp-json\/wp\/v2\/pages\/7506","targetHints":{"allow":["GET"]}}],"collection":[{"href":"https:\/\/www.aspb.cat\/es\/wp-json\/wp\/v2\/pages"}],"about":[{"href":"https:\/\/www.aspb.cat\/es\/wp-json\/wp\/v2\/types\/page"}],"author":[{"embeddable":true,"href":"https:\/\/www.aspb.cat\/es\/wp-json\/wp\/v2\/users\/3"}],"replies":[{"embeddable":true,"href":"https:\/\/www.aspb.cat\/es\/wp-json\/wp\/v2\/comments?post=7506"}],"version-history":[{"count":1,"href":"https:\/\/www.aspb.cat\/es\/wp-json\/wp\/v2\/pages\/7506\/revisions"}],"predecessor-version":[{"id":7511,"href":"https:\/\/www.aspb.cat\/es\/wp-json\/wp\/v2\/pages\/7506\/revisions\/7511"}],"up":[{"embeddable":true,"href":"https:\/\/www.aspb.cat\/es\/wp-json\/wp\/v2\/pages\/4256"}],"wp:attachment":[{"href":"https:\/\/www.aspb.cat\/es\/wp-json\/wp\/v2\/media?parent=7506"}],"curies":[{"name":"wp","href":"https:\/\/api.w.org\/{rel}","templated":true}]}}