{"id":7502,"date":"2016-03-14T14:43:41","date_gmt":"2016-03-14T14:43:41","guid":{"rendered":"https:\/\/www.aspb.cat\/areas\/plagas-urbanas\/com-informar-duna-plaga-igual-a-incidencies-o-atencio-ciutadana\/"},"modified":"2023-07-26T11:28:40","modified_gmt":"2023-07-26T11:28:40","slug":"atencion-ciudadana-informar-plaga","status":"publish","type":"page","link":"https:\/\/www.aspb.cat\/es\/areas\/plagas-urbanas\/atencion-ciudadana-informar-plaga\/","title":{"rendered":"C\u00f3mo informar de una plaga"},"content":{"rendered":"<p>Desde la <em>Ag\u00e8ncia de Salud P\u00fablica de Barcelona<\/em> (ASPB) vigilamos y controlamos las especies no protegidas (ratas, ratones, cucarachas, mosquitos, avispas, etc.), recogemos las incidencias relacionadas con la presencia de estas especies en la v\u00eda p\u00fablica y actuamos para solucionarlas.<\/p>\n<h4>Canales de comunicaci\u00f3n ciudadana del Ayuntamiento de Barcelona<\/h4>\n<p>Para informar de la existencia de una plaga en la v\u00eda p\u00fablica o la red p\u00fablica de alcantarillado de la ciudad hay que utilizar los canales de comunicaci\u00f3n ciudadana que el Ayuntamiento de Barcelona pone al alcance de la poblaci\u00f3n.&nbsp; Pod\u00e9is elegir el canal telef\u00f3nico <a href=\"https:\/\/ajuntament.barcelona.cat\/canals-comunicacio-ciutadana\/telefonic\" target=\"_blank\" rel=\"noopener noreferrer\">(010)<\/a>, el <a href=\"https:\/\/atencioenlinia.ajuntament.barcelona.cat\/fitxa\/resultat-busqueda?keywords=plagues\" target=\"_blank\" rel=\"noopener\">el servicio de atenci\u00f3n en l\u00ednia,<\/a> la App municipal <em><a href=\"https:\/\/ajuntament.barcelona.cat\/apps\/es\/barcelona-la-butxaca\" target=\"_blank\" rel=\"noopener\">Barcelona a la Butxaca<\/a> <\/em>o hacerlo de forma presencial en las <a href=\"https:\/\/ajuntament.barcelona.cat\/ca\/canals-comunicacio-ciutadana\/presencials\/oac\" target=\"_blank\" rel=\"noopener noreferrer\">Oficinas de Atenci\u00f3n Ciutadana (OAC)<\/a>, en funci\u00f3n de lo que os resulte m\u00e1s adecuado en cada momento.<\/p>\n<ul>\n<li>Cuando el problema se ubica en el interior de edificios, es el titular del inmueble quien debe tomar las medidas para controlar la plaga.<\/li>\n<li>Si una persona detecta una plaga en un espacio privado y la persona propietaria no quiere hacerse cargo, debe presentar una instancia en el distrito y exponer los hechos.<\/li>\n<\/ul>\n","protected":false},"excerpt":{"rendered":"<p>Desde la Ag\u00e8ncia de Salud P\u00fablica de Barcelona (ASPB) vigilamos y controlamos las especies no [&hellip;]\n","protected":false},"author":3,"featured_media":0,"parent":4256,"menu_order":142,"comment_status":"closed","ping_status":"closed","template":"","meta":{"_acf_changed":false,"_monsterinsights_skip_tracking":false,"_monsterinsights_sitenote_active":false,"_monsterinsights_sitenote_note":"","_monsterinsights_sitenote_category":0,"footnotes":""},"class_list":["post-7502","page","type-page","status-publish","hentry","publish","author-as20pb16-x22","impar","primero"],"acf":[],"yoast_head":"<!-- This site is optimized with the Yoast SEO Premium plugin v27.5 (Yoast SEO v27.5) - https:\/\/yoast.com\/product\/yoast-seo-premium-wordpress\/ -->\n<title>C\u00f3mo informar de una plaga - ASPB<\/title>\n<meta name=\"robots\" content=\"index, follow, max-snippet:-1, max-image-preview:large, max-video-preview:-1\" \/>\n<link rel=\"canonical\" href=\"https:\/\/www.aspb.cat\/es\/areas\/plagas-urbanas\/atencion-ciudadana-informar-plaga\/\" \/>\n<meta property=\"og:locale\" content=\"es_ES\" \/>\n<meta property=\"og:type\" content=\"article\" \/>\n<meta property=\"og:title\" content=\"C\u00f3mo informar de una plaga\" \/>\n<meta property=\"og:description\" content=\"Desde la Ag\u00e8ncia de Salud P\u00fablica de Barcelona (ASPB) vigilamos y controlamos las especies no [&hellip;]\" \/>\n<meta property=\"og:url\" content=\"https:\/\/www.aspb.cat\/es\/areas\/plagas-urbanas\/atencion-ciudadana-informar-plaga\/\" \/>\n<meta property=\"og:site_name\" content=\"ASPB\" \/>\n<meta property=\"article:publisher\" content=\"https:\/\/www.facebook.com\/salutpublicabcn\" \/>\n<meta property=\"article:modified_time\" content=\"2023-07-26T11:28:40+00:00\" \/>\n<meta name=\"twitter:card\" content=\"summary_large_image\" \/>\n<meta name=\"twitter:site\" content=\"@salutpublicabcn\" \/>\n<meta name=\"twitter:label1\" content=\"Tiempo de lectura\" \/>\n\t<meta name=\"twitter:data1\" content=\"2 minutos\" \/>\n<script type=\"application\/ld+json\" class=\"yoast-schema-graph\">{\"@context\":\"https:\\\/\\\/schema.org\",\"@graph\":[{\"@type\":\"WebPage\",\"@id\":\"https:\\\/\\\/www.aspb.cat\\\/es\\\/areas\\\/plagas-urbanas\\\/atencion-ciudadana-informar-plaga\\\/\",\"url\":\"https:\\\/\\\/www.aspb.cat\\\/es\\\/areas\\\/plagas-urbanas\\\/atencion-ciudadana-informar-plaga\\\/\",\"name\":\"C\u00f3mo informar de una plaga - ASPB\",\"isPartOf\":{\"@id\":\"https:\\\/\\\/www.aspb.cat\\\/#website\"},\"datePublished\":\"2016-03-14T14:43:41+00:00\",\"dateModified\":\"2023-07-26T11:28:40+00:00\",\"breadcrumb\":{\"@id\":\"https:\\\/\\\/www.aspb.cat\\\/es\\\/areas\\\/plagas-urbanas\\\/atencion-ciudadana-informar-plaga\\\/#breadcrumb\"},\"inLanguage\":\"es\",\"potentialAction\":[{\"@type\":\"ReadAction\",\"target\":[\"https:\\\/\\\/www.aspb.cat\\\/es\\\/areas\\\/plagas-urbanas\\\/atencion-ciudadana-informar-plaga\\\/\"]}]},{\"@type\":\"BreadcrumbList\",\"@id\":\"https:\\\/\\\/www.aspb.cat\\\/es\\\/areas\\\/plagas-urbanas\\\/atencion-ciudadana-informar-plaga\\\/#breadcrumb\",\"itemListElement\":[{\"@type\":\"ListItem\",\"position\":1,\"name\":\"Inici\",\"item\":\"https:\\\/\\\/www.aspb.cat\\\/es\\\/\"},{\"@type\":\"ListItem\",\"position\":2,\"name\":\"\u00c1reas\",\"item\":\"https:\\\/\\\/www.aspb.cat\\\/es\\\/areas\\\/\"},{\"@type\":\"ListItem\",\"position\":3,\"name\":\"Plagas urbanas\",\"item\":\"https:\\\/\\\/www.aspb.cat\\\/es\\\/areas\\\/plagas-urbanas\\\/\"},{\"@type\":\"ListItem\",\"position\":4,\"name\":\"C\u00f3mo informar de una plaga\"}]},{\"@type\":\"WebSite\",\"@id\":\"https:\\\/\\\/www.aspb.cat\\\/#website\",\"url\":\"https:\\\/\\\/www.aspb.cat\\\/\",\"name\":\"ASPB\",\"description\":\"Just another WordPress site\",\"potentialAction\":[{\"@type\":\"SearchAction\",\"target\":{\"@type\":\"EntryPoint\",\"urlTemplate\":\"https:\\\/\\\/www.aspb.cat\\\/?s={search_term_string}\"},\"query-input\":{\"@type\":\"PropertyValueSpecification\",\"valueRequired\":true,\"valueName\":\"search_term_string\"}}],\"inLanguage\":\"es\"}]}<\/script>\n<!-- \/ Yoast SEO Premium plugin. -->","yoast_head_json":{"title":"C\u00f3mo informar de una plaga - ASPB","robots":{"index":"index","follow":"follow","max-snippet":"max-snippet:-1","max-image-preview":"max-image-preview:large","max-video-preview":"max-video-preview:-1"},"canonical":"https:\/\/www.aspb.cat\/es\/areas\/plagas-urbanas\/atencion-ciudadana-informar-plaga\/","og_locale":"es_ES","og_type":"article","og_title":"C\u00f3mo informar de una plaga","og_description":"Desde la Ag\u00e8ncia de Salud P\u00fablica de Barcelona (ASPB) vigilamos y controlamos las especies no [&hellip;]","og_url":"https:\/\/www.aspb.cat\/es\/areas\/plagas-urbanas\/atencion-ciudadana-informar-plaga\/","og_site_name":"ASPB","article_publisher":"https:\/\/www.facebook.com\/salutpublicabcn","article_modified_time":"2023-07-26T11:28:40+00:00","twitter_card":"summary_large_image","twitter_site":"@salutpublicabcn","twitter_misc":{"Tiempo de lectura":"2 minutos"},"schema":{"@context":"https:\/\/schema.org","@graph":[{"@type":"WebPage","@id":"https:\/\/www.aspb.cat\/es\/areas\/plagas-urbanas\/atencion-ciudadana-informar-plaga\/","url":"https:\/\/www.aspb.cat\/es\/areas\/plagas-urbanas\/atencion-ciudadana-informar-plaga\/","name":"C\u00f3mo informar de una plaga - ASPB","isPartOf":{"@id":"https:\/\/www.aspb.cat\/#website"},"datePublished":"2016-03-14T14:43:41+00:00","dateModified":"2023-07-26T11:28:40+00:00","breadcrumb":{"@id":"https:\/\/www.aspb.cat\/es\/areas\/plagas-urbanas\/atencion-ciudadana-informar-plaga\/#breadcrumb"},"inLanguage":"es","potentialAction":[{"@type":"ReadAction","target":["https:\/\/www.aspb.cat\/es\/areas\/plagas-urbanas\/atencion-ciudadana-informar-plaga\/"]}]},{"@type":"BreadcrumbList","@id":"https:\/\/www.aspb.cat\/es\/areas\/plagas-urbanas\/atencion-ciudadana-informar-plaga\/#breadcrumb","itemListElement":[{"@type":"ListItem","position":1,"name":"Inici","item":"https:\/\/www.aspb.cat\/es\/"},{"@type":"ListItem","position":2,"name":"\u00c1reas","item":"https:\/\/www.aspb.cat\/es\/areas\/"},{"@type":"ListItem","position":3,"name":"Plagas urbanas","item":"https:\/\/www.aspb.cat\/es\/areas\/plagas-urbanas\/"},{"@type":"ListItem","position":4,"name":"C\u00f3mo informar de una plaga"}]},{"@type":"WebSite","@id":"https:\/\/www.aspb.cat\/#website","url":"https:\/\/www.aspb.cat\/","name":"ASPB","description":"Just another WordPress site","potentialAction":[{"@type":"SearchAction","target":{"@type":"EntryPoint","urlTemplate":"https:\/\/www.aspb.cat\/?s={search_term_string}"},"query-input":{"@type":"PropertyValueSpecification","valueRequired":true,"valueName":"search_term_string"}}],"inLanguage":"es"}]}},"_links":{"self":[{"href":"https:\/\/www.aspb.cat\/es\/wp-json\/wp\/v2\/pages\/7502","targetHints":{"allow":["GET"]}}],"collection":[{"href":"https:\/\/www.aspb.cat\/es\/wp-json\/wp\/v2\/pages"}],"about":[{"href":"https:\/\/www.aspb.cat\/es\/wp-json\/wp\/v2\/types\/page"}],"author":[{"embeddable":true,"href":"https:\/\/www.aspb.cat\/es\/wp-json\/wp\/v2\/users\/3"}],"replies":[{"embeddable":true,"href":"https:\/\/www.aspb.cat\/es\/wp-json\/wp\/v2\/comments?post=7502"}],"version-history":[{"count":6,"href":"https:\/\/www.aspb.cat\/es\/wp-json\/wp\/v2\/pages\/7502\/revisions"}],"predecessor-version":[{"id":51134,"href":"https:\/\/www.aspb.cat\/es\/wp-json\/wp\/v2\/pages\/7502\/revisions\/51134"}],"up":[{"embeddable":true,"href":"https:\/\/www.aspb.cat\/es\/wp-json\/wp\/v2\/pages\/4256"}],"wp:attachment":[{"href":"https:\/\/www.aspb.cat\/es\/wp-json\/wp\/v2\/media?parent=7502"}],"curies":[{"name":"wp","href":"https:\/\/api.w.org\/{rel}","templated":true}]}}