{"id":7484,"date":"2016-03-14T14:41:47","date_gmt":"2016-03-14T14:41:47","guid":{"rendered":"https:\/\/www.aspb.cat\/areas\/seguridad-alimentaria\/denuncies-alertes-i-toxiinfeccions-alimentaries\/"},"modified":"2022-01-31T16:47:24","modified_gmt":"2022-01-31T16:47:24","slug":"denuncies-alertes-i-toxiinfeccions-alimentaries","status":"publish","type":"page","link":"https:\/\/www.aspb.cat\/es\/areas\/seguridad-alimentaria\/denuncies-alertes-i-toxiinfeccions-alimentaries\/","title":{"rendered":"Denuncias, alertas y toxiinfecciones alimentarias"},"content":{"rendered":"<p>Adem\u00e1s de las inspecciones programadas, realizamos inspecciones derivadas de las denuncias presentadas por la ciudadan\u00eda en relaci\u00f3n con los alimentos y establecimientos alimentarios de la ciudad. Tambi\u00e9n intervenimos de forma urgente cuando se ha producido un brote de toxiinfecci\u00f3n alimentaria o existe una alerta sanitaria oficial sobre alg\u00fan producto que comporte riesgo para la persona consumidora.<\/p>\n<p>&nbsp;<\/p>\n","protected":false},"excerpt":{"rendered":"<p>Adem\u00e1s de las inspecciones programadas, realizamos inspecciones derivadas de las denuncias presentadas por la ciudadan\u00eda [&hellip;]\n","protected":false},"author":3,"featured_media":0,"parent":4252,"menu_order":299,"comment_status":"closed","ping_status":"closed","template":"","meta":{"_acf_changed":false,"_monsterinsights_skip_tracking":false,"_monsterinsights_sitenote_active":false,"_monsterinsights_sitenote_note":"","_monsterinsights_sitenote_category":0,"footnotes":""},"class_list":["post-7484","page","type-page","status-publish","hentry","publish","author-as20pb16-x22","impar","primero"],"acf":[],"yoast_head":"<!-- This site is optimized with the Yoast SEO Premium plugin v27.5 (Yoast SEO v27.5) - https:\/\/yoast.com\/product\/yoast-seo-premium-wordpress\/ -->\n<title>Denuncias, alertas y toxiinfecciones alimentarias - ASPB<\/title>\n<meta name=\"robots\" content=\"index, follow, max-snippet:-1, max-image-preview:large, max-video-preview:-1\" \/>\n<link rel=\"canonical\" href=\"https:\/\/www.aspb.cat\/es\/areas\/seguridad-alimentaria\/denuncies-alertes-i-toxiinfeccions-alimentaries\/\" \/>\n<meta property=\"og:locale\" content=\"es_ES\" \/>\n<meta property=\"og:type\" content=\"article\" \/>\n<meta property=\"og:title\" content=\"Denuncias, alertas y toxiinfecciones alimentarias\" \/>\n<meta property=\"og:description\" content=\"Adem\u00e1s de las inspecciones programadas, realizamos inspecciones derivadas de las denuncias presentadas por la ciudadan\u00eda [&hellip;]\" \/>\n<meta property=\"og:url\" content=\"https:\/\/www.aspb.cat\/es\/areas\/seguridad-alimentaria\/denuncies-alertes-i-toxiinfeccions-alimentaries\/\" \/>\n<meta property=\"og:site_name\" content=\"ASPB\" \/>\n<meta property=\"article:publisher\" content=\"https:\/\/www.facebook.com\/salutpublicabcn\" \/>\n<meta property=\"article:modified_time\" content=\"2022-01-31T16:47:24+00:00\" \/>\n<meta name=\"twitter:card\" content=\"summary_large_image\" \/>\n<meta name=\"twitter:site\" content=\"@salutpublicabcn\" \/>\n<script type=\"application\/ld+json\" class=\"yoast-schema-graph\">{\"@context\":\"https:\\\/\\\/schema.org\",\"@graph\":[{\"@type\":\"WebPage\",\"@id\":\"https:\\\/\\\/www.aspb.cat\\\/es\\\/areas\\\/seguridad-alimentaria\\\/denuncies-alertes-i-toxiinfeccions-alimentaries\\\/\",\"url\":\"https:\\\/\\\/www.aspb.cat\\\/es\\\/areas\\\/seguridad-alimentaria\\\/denuncies-alertes-i-toxiinfeccions-alimentaries\\\/\",\"name\":\"Denuncias, alertas y toxiinfecciones alimentarias - ASPB\",\"isPartOf\":{\"@id\":\"https:\\\/\\\/www.aspb.cat\\\/#website\"},\"datePublished\":\"2016-03-14T14:41:47+00:00\",\"dateModified\":\"2022-01-31T16:47:24+00:00\",\"breadcrumb\":{\"@id\":\"https:\\\/\\\/www.aspb.cat\\\/es\\\/areas\\\/seguridad-alimentaria\\\/denuncies-alertes-i-toxiinfeccions-alimentaries\\\/#breadcrumb\"},\"inLanguage\":\"es\",\"potentialAction\":[{\"@type\":\"ReadAction\",\"target\":[\"https:\\\/\\\/www.aspb.cat\\\/es\\\/areas\\\/seguridad-alimentaria\\\/denuncies-alertes-i-toxiinfeccions-alimentaries\\\/\"]}]},{\"@type\":\"BreadcrumbList\",\"@id\":\"https:\\\/\\\/www.aspb.cat\\\/es\\\/areas\\\/seguridad-alimentaria\\\/denuncies-alertes-i-toxiinfeccions-alimentaries\\\/#breadcrumb\",\"itemListElement\":[{\"@type\":\"ListItem\",\"position\":1,\"name\":\"Inici\",\"item\":\"https:\\\/\\\/www.aspb.cat\\\/es\\\/\"},{\"@type\":\"ListItem\",\"position\":2,\"name\":\"\u00c1reas\",\"item\":\"https:\\\/\\\/www.aspb.cat\\\/es\\\/areas\\\/\"},{\"@type\":\"ListItem\",\"position\":3,\"name\":\"Seguridad alimentaria\",\"item\":\"https:\\\/\\\/www.aspb.cat\\\/es\\\/areas\\\/seguridad-alimentaria\\\/\"},{\"@type\":\"ListItem\",\"position\":4,\"name\":\"Denuncias, alertas y toxiinfecciones alimentarias\"}]},{\"@type\":\"WebSite\",\"@id\":\"https:\\\/\\\/www.aspb.cat\\\/#website\",\"url\":\"https:\\\/\\\/www.aspb.cat\\\/\",\"name\":\"ASPB\",\"description\":\"Just another WordPress site\",\"potentialAction\":[{\"@type\":\"SearchAction\",\"target\":{\"@type\":\"EntryPoint\",\"urlTemplate\":\"https:\\\/\\\/www.aspb.cat\\\/?s={search_term_string}\"},\"query-input\":{\"@type\":\"PropertyValueSpecification\",\"valueRequired\":true,\"valueName\":\"search_term_string\"}}],\"inLanguage\":\"es\"}]}<\/script>\n<!-- \/ Yoast SEO Premium plugin. -->","yoast_head_json":{"title":"Denuncias, alertas y toxiinfecciones alimentarias - ASPB","robots":{"index":"index","follow":"follow","max-snippet":"max-snippet:-1","max-image-preview":"max-image-preview:large","max-video-preview":"max-video-preview:-1"},"canonical":"https:\/\/www.aspb.cat\/es\/areas\/seguridad-alimentaria\/denuncies-alertes-i-toxiinfeccions-alimentaries\/","og_locale":"es_ES","og_type":"article","og_title":"Denuncias, alertas y toxiinfecciones alimentarias","og_description":"Adem\u00e1s de las inspecciones programadas, realizamos inspecciones derivadas de las denuncias presentadas por la ciudadan\u00eda [&hellip;]","og_url":"https:\/\/www.aspb.cat\/es\/areas\/seguridad-alimentaria\/denuncies-alertes-i-toxiinfeccions-alimentaries\/","og_site_name":"ASPB","article_publisher":"https:\/\/www.facebook.com\/salutpublicabcn","article_modified_time":"2022-01-31T16:47:24+00:00","twitter_card":"summary_large_image","twitter_site":"@salutpublicabcn","schema":{"@context":"https:\/\/schema.org","@graph":[{"@type":"WebPage","@id":"https:\/\/www.aspb.cat\/es\/areas\/seguridad-alimentaria\/denuncies-alertes-i-toxiinfeccions-alimentaries\/","url":"https:\/\/www.aspb.cat\/es\/areas\/seguridad-alimentaria\/denuncies-alertes-i-toxiinfeccions-alimentaries\/","name":"Denuncias, alertas y toxiinfecciones alimentarias - ASPB","isPartOf":{"@id":"https:\/\/www.aspb.cat\/#website"},"datePublished":"2016-03-14T14:41:47+00:00","dateModified":"2022-01-31T16:47:24+00:00","breadcrumb":{"@id":"https:\/\/www.aspb.cat\/es\/areas\/seguridad-alimentaria\/denuncies-alertes-i-toxiinfeccions-alimentaries\/#breadcrumb"},"inLanguage":"es","potentialAction":[{"@type":"ReadAction","target":["https:\/\/www.aspb.cat\/es\/areas\/seguridad-alimentaria\/denuncies-alertes-i-toxiinfeccions-alimentaries\/"]}]},{"@type":"BreadcrumbList","@id":"https:\/\/www.aspb.cat\/es\/areas\/seguridad-alimentaria\/denuncies-alertes-i-toxiinfeccions-alimentaries\/#breadcrumb","itemListElement":[{"@type":"ListItem","position":1,"name":"Inici","item":"https:\/\/www.aspb.cat\/es\/"},{"@type":"ListItem","position":2,"name":"\u00c1reas","item":"https:\/\/www.aspb.cat\/es\/areas\/"},{"@type":"ListItem","position":3,"name":"Seguridad alimentaria","item":"https:\/\/www.aspb.cat\/es\/areas\/seguridad-alimentaria\/"},{"@type":"ListItem","position":4,"name":"Denuncias, alertas y toxiinfecciones alimentarias"}]},{"@type":"WebSite","@id":"https:\/\/www.aspb.cat\/#website","url":"https:\/\/www.aspb.cat\/","name":"ASPB","description":"Just another WordPress site","potentialAction":[{"@type":"SearchAction","target":{"@type":"EntryPoint","urlTemplate":"https:\/\/www.aspb.cat\/?s={search_term_string}"},"query-input":{"@type":"PropertyValueSpecification","valueRequired":true,"valueName":"search_term_string"}}],"inLanguage":"es"}]}},"_links":{"self":[{"href":"https:\/\/www.aspb.cat\/es\/wp-json\/wp\/v2\/pages\/7484","targetHints":{"allow":["GET"]}}],"collection":[{"href":"https:\/\/www.aspb.cat\/es\/wp-json\/wp\/v2\/pages"}],"about":[{"href":"https:\/\/www.aspb.cat\/es\/wp-json\/wp\/v2\/types\/page"}],"author":[{"embeddable":true,"href":"https:\/\/www.aspb.cat\/es\/wp-json\/wp\/v2\/users\/3"}],"replies":[{"embeddable":true,"href":"https:\/\/www.aspb.cat\/es\/wp-json\/wp\/v2\/comments?post=7484"}],"version-history":[{"count":2,"href":"https:\/\/www.aspb.cat\/es\/wp-json\/wp\/v2\/pages\/7484\/revisions"}],"predecessor-version":[{"id":7501,"href":"https:\/\/www.aspb.cat\/es\/wp-json\/wp\/v2\/pages\/7484\/revisions\/7501"}],"up":[{"embeddable":true,"href":"https:\/\/www.aspb.cat\/es\/wp-json\/wp\/v2\/pages\/4252"}],"wp:attachment":[{"href":"https:\/\/www.aspb.cat\/es\/wp-json\/wp\/v2\/media?parent=7484"}],"curies":[{"name":"wp","href":"https:\/\/api.w.org\/{rel}","templated":true}]}}