{"id":7481,"date":"2016-03-14T14:41:22","date_gmt":"2016-03-14T14:41:22","guid":{"rendered":"https:\/\/www.aspb.cat\/areas\/seguridad-alimentaria\/autoritzacions-i-registre-destabliments-alimentaris\/"},"modified":"2022-01-31T16:47:23","modified_gmt":"2022-01-31T16:47:23","slug":"autoritzacions-i-registre-destabliments-alimentaris","status":"publish","type":"page","link":"https:\/\/www.aspb.cat\/es\/areas\/seguridad-alimentaria\/autoritzacions-i-registre-destabliments-alimentaris\/","title":{"rendered":"Autorizaciones y registro de establecimientos alimentarios"},"content":{"rendered":"<p>Las industrias alimentarias ubicadas en la ciudad de Barcelona deben inscribirse en el registro sanitario de industrias y productos alimentarios de Catalu\u00f1a (RSIPAC) y los establecimientos minoristas de alimentaci\u00f3n y restauraci\u00f3n, en el registro municipal de establecimientos minoristas de alimentaci\u00f3n mediante la correspondiente declaraci\u00f3n responsable.<\/p>\n<p>Se pueden consultar los datos p\u00fablicos de las empresas y establecimientos alimentarios ubicados en Catalu\u00f1a que est\u00e9n inscritos en el RSIPAC utilizando el <u><a href=\"http:\/\/salutweb.gencat.cat\/ca\/ambits_tematics\/per_perfils\/empreses_i_establiments\/Ambit-alimentari\/registre-sanitari-dindustries-i-productes-alimentaris-de-catalunya-rsipac\/cercador-rsipac\/index.html\" target=\"_blank\" rel=\"noopener noreferrer\">Buscador del Registro sanitario de industrias y productos alimentarios de Catalu\u00f1a<\/a><\/u>, de la p\u00e1gina web del Departament de Salut.<\/p>\n","protected":false},"excerpt":{"rendered":"<p>Las industrias alimentarias ubicadas en la ciudad de Barcelona deben inscribirse en el registro sanitario [&hellip;]\n","protected":false},"author":3,"featured_media":0,"parent":4252,"menu_order":245,"comment_status":"closed","ping_status":"closed","template":"","meta":{"_acf_changed":false,"_monsterinsights_skip_tracking":false,"_monsterinsights_sitenote_active":false,"_monsterinsights_sitenote_note":"","_monsterinsights_sitenote_category":0,"footnotes":""},"class_list":["post-7481","page","type-page","status-publish","hentry","publish","author-as20pb16-x22","impar","primero"],"acf":[],"yoast_head":"<!-- This site is optimized with the Yoast SEO Premium plugin v27.5 (Yoast SEO v27.5) - https:\/\/yoast.com\/product\/yoast-seo-premium-wordpress\/ -->\n<title>Autorizaciones y registro de establecimientos alimentarios - ASPB<\/title>\n<meta name=\"robots\" content=\"index, follow, max-snippet:-1, max-image-preview:large, max-video-preview:-1\" \/>\n<link rel=\"canonical\" href=\"https:\/\/www.aspb.cat\/es\/areas\/seguridad-alimentaria\/autoritzacions-i-registre-destabliments-alimentaris\/\" \/>\n<meta property=\"og:locale\" content=\"es_ES\" \/>\n<meta property=\"og:type\" content=\"article\" \/>\n<meta property=\"og:title\" content=\"Autorizaciones y registro de establecimientos alimentarios\" \/>\n<meta property=\"og:description\" content=\"Las industrias alimentarias ubicadas en la ciudad de Barcelona deben inscribirse en el registro sanitario [&hellip;]\" \/>\n<meta property=\"og:url\" content=\"https:\/\/www.aspb.cat\/es\/areas\/seguridad-alimentaria\/autoritzacions-i-registre-destabliments-alimentaris\/\" \/>\n<meta property=\"og:site_name\" content=\"ASPB\" \/>\n<meta property=\"article:publisher\" content=\"https:\/\/www.facebook.com\/salutpublicabcn\" \/>\n<meta property=\"article:modified_time\" content=\"2022-01-31T16:47:23+00:00\" \/>\n<meta name=\"twitter:card\" content=\"summary_large_image\" \/>\n<meta name=\"twitter:site\" content=\"@salutpublicabcn\" \/>\n<script type=\"application\/ld+json\" class=\"yoast-schema-graph\">{\"@context\":\"https:\\\/\\\/schema.org\",\"@graph\":[{\"@type\":\"WebPage\",\"@id\":\"https:\\\/\\\/www.aspb.cat\\\/es\\\/areas\\\/seguridad-alimentaria\\\/autoritzacions-i-registre-destabliments-alimentaris\\\/\",\"url\":\"https:\\\/\\\/www.aspb.cat\\\/es\\\/areas\\\/seguridad-alimentaria\\\/autoritzacions-i-registre-destabliments-alimentaris\\\/\",\"name\":\"Autorizaciones y registro de establecimientos alimentarios - ASPB\",\"isPartOf\":{\"@id\":\"https:\\\/\\\/www.aspb.cat\\\/#website\"},\"datePublished\":\"2016-03-14T14:41:22+00:00\",\"dateModified\":\"2022-01-31T16:47:23+00:00\",\"breadcrumb\":{\"@id\":\"https:\\\/\\\/www.aspb.cat\\\/es\\\/areas\\\/seguridad-alimentaria\\\/autoritzacions-i-registre-destabliments-alimentaris\\\/#breadcrumb\"},\"inLanguage\":\"es\",\"potentialAction\":[{\"@type\":\"ReadAction\",\"target\":[\"https:\\\/\\\/www.aspb.cat\\\/es\\\/areas\\\/seguridad-alimentaria\\\/autoritzacions-i-registre-destabliments-alimentaris\\\/\"]}]},{\"@type\":\"BreadcrumbList\",\"@id\":\"https:\\\/\\\/www.aspb.cat\\\/es\\\/areas\\\/seguridad-alimentaria\\\/autoritzacions-i-registre-destabliments-alimentaris\\\/#breadcrumb\",\"itemListElement\":[{\"@type\":\"ListItem\",\"position\":1,\"name\":\"Inici\",\"item\":\"https:\\\/\\\/www.aspb.cat\\\/es\\\/\"},{\"@type\":\"ListItem\",\"position\":2,\"name\":\"\u00c1reas\",\"item\":\"https:\\\/\\\/www.aspb.cat\\\/es\\\/areas\\\/\"},{\"@type\":\"ListItem\",\"position\":3,\"name\":\"Seguridad alimentaria\",\"item\":\"https:\\\/\\\/www.aspb.cat\\\/es\\\/areas\\\/seguridad-alimentaria\\\/\"},{\"@type\":\"ListItem\",\"position\":4,\"name\":\"Autorizaciones y registro de establecimientos alimentarios\"}]},{\"@type\":\"WebSite\",\"@id\":\"https:\\\/\\\/www.aspb.cat\\\/#website\",\"url\":\"https:\\\/\\\/www.aspb.cat\\\/\",\"name\":\"ASPB\",\"description\":\"Just another WordPress site\",\"potentialAction\":[{\"@type\":\"SearchAction\",\"target\":{\"@type\":\"EntryPoint\",\"urlTemplate\":\"https:\\\/\\\/www.aspb.cat\\\/?s={search_term_string}\"},\"query-input\":{\"@type\":\"PropertyValueSpecification\",\"valueRequired\":true,\"valueName\":\"search_term_string\"}}],\"inLanguage\":\"es\"}]}<\/script>\n<!-- \/ Yoast SEO Premium plugin. -->","yoast_head_json":{"title":"Autorizaciones y registro de establecimientos alimentarios - ASPB","robots":{"index":"index","follow":"follow","max-snippet":"max-snippet:-1","max-image-preview":"max-image-preview:large","max-video-preview":"max-video-preview:-1"},"canonical":"https:\/\/www.aspb.cat\/es\/areas\/seguridad-alimentaria\/autoritzacions-i-registre-destabliments-alimentaris\/","og_locale":"es_ES","og_type":"article","og_title":"Autorizaciones y registro de establecimientos alimentarios","og_description":"Las industrias alimentarias ubicadas en la ciudad de Barcelona deben inscribirse en el registro sanitario [&hellip;]","og_url":"https:\/\/www.aspb.cat\/es\/areas\/seguridad-alimentaria\/autoritzacions-i-registre-destabliments-alimentaris\/","og_site_name":"ASPB","article_publisher":"https:\/\/www.facebook.com\/salutpublicabcn","article_modified_time":"2022-01-31T16:47:23+00:00","twitter_card":"summary_large_image","twitter_site":"@salutpublicabcn","schema":{"@context":"https:\/\/schema.org","@graph":[{"@type":"WebPage","@id":"https:\/\/www.aspb.cat\/es\/areas\/seguridad-alimentaria\/autoritzacions-i-registre-destabliments-alimentaris\/","url":"https:\/\/www.aspb.cat\/es\/areas\/seguridad-alimentaria\/autoritzacions-i-registre-destabliments-alimentaris\/","name":"Autorizaciones y registro de establecimientos alimentarios - ASPB","isPartOf":{"@id":"https:\/\/www.aspb.cat\/#website"},"datePublished":"2016-03-14T14:41:22+00:00","dateModified":"2022-01-31T16:47:23+00:00","breadcrumb":{"@id":"https:\/\/www.aspb.cat\/es\/areas\/seguridad-alimentaria\/autoritzacions-i-registre-destabliments-alimentaris\/#breadcrumb"},"inLanguage":"es","potentialAction":[{"@type":"ReadAction","target":["https:\/\/www.aspb.cat\/es\/areas\/seguridad-alimentaria\/autoritzacions-i-registre-destabliments-alimentaris\/"]}]},{"@type":"BreadcrumbList","@id":"https:\/\/www.aspb.cat\/es\/areas\/seguridad-alimentaria\/autoritzacions-i-registre-destabliments-alimentaris\/#breadcrumb","itemListElement":[{"@type":"ListItem","position":1,"name":"Inici","item":"https:\/\/www.aspb.cat\/es\/"},{"@type":"ListItem","position":2,"name":"\u00c1reas","item":"https:\/\/www.aspb.cat\/es\/areas\/"},{"@type":"ListItem","position":3,"name":"Seguridad alimentaria","item":"https:\/\/www.aspb.cat\/es\/areas\/seguridad-alimentaria\/"},{"@type":"ListItem","position":4,"name":"Autorizaciones y registro de establecimientos alimentarios"}]},{"@type":"WebSite","@id":"https:\/\/www.aspb.cat\/#website","url":"https:\/\/www.aspb.cat\/","name":"ASPB","description":"Just another WordPress site","potentialAction":[{"@type":"SearchAction","target":{"@type":"EntryPoint","urlTemplate":"https:\/\/www.aspb.cat\/?s={search_term_string}"},"query-input":{"@type":"PropertyValueSpecification","valueRequired":true,"valueName":"search_term_string"}}],"inLanguage":"es"}]}},"_links":{"self":[{"href":"https:\/\/www.aspb.cat\/es\/wp-json\/wp\/v2\/pages\/7481","targetHints":{"allow":["GET"]}}],"collection":[{"href":"https:\/\/www.aspb.cat\/es\/wp-json\/wp\/v2\/pages"}],"about":[{"href":"https:\/\/www.aspb.cat\/es\/wp-json\/wp\/v2\/types\/page"}],"author":[{"embeddable":true,"href":"https:\/\/www.aspb.cat\/es\/wp-json\/wp\/v2\/users\/3"}],"replies":[{"embeddable":true,"href":"https:\/\/www.aspb.cat\/es\/wp-json\/wp\/v2\/comments?post=7481"}],"version-history":[{"count":2,"href":"https:\/\/www.aspb.cat\/es\/wp-json\/wp\/v2\/pages\/7481\/revisions"}],"predecessor-version":[{"id":31302,"href":"https:\/\/www.aspb.cat\/es\/wp-json\/wp\/v2\/pages\/7481\/revisions\/31302"}],"up":[{"embeddable":true,"href":"https:\/\/www.aspb.cat\/es\/wp-json\/wp\/v2\/pages\/4252"}],"wp:attachment":[{"href":"https:\/\/www.aspb.cat\/es\/wp-json\/wp\/v2\/media?parent=7481"}],"curies":[{"name":"wp","href":"https:\/\/api.w.org\/{rel}","templated":true}]}}