{"id":7478,"date":"2016-06-06T10:53:26","date_gmt":"2016-06-06T10:53:26","guid":{"rendered":"https:\/\/www.aspb.cat\/areas\/seguridad-alimentaria\/la-inspeccio-sanitaria\/"},"modified":"2025-07-25T11:55:55","modified_gmt":"2025-07-25T11:55:55","slug":"inspeccio-sanitaria","status":"publish","type":"page","link":"https:\/\/www.aspb.cat\/es\/areas\/seguridad-alimentaria\/inspeccio-sanitaria\/","title":{"rendered":"La inspecci\u00f3n sanitaria"},"content":{"rendered":"<p>La inspecci\u00f3n es el principal m\u00e9todo de control oficial en seguridad alimentaria que las autoridades competentes aplican para garantizar que los alimentos se elaboren y comercialicen de forma segura. En la ciudad de Barcelona, la Ag\u00e8ncia de Salut P\u00fablica de Barcelona (ASPB) es la autoridad competente. Su Direcci\u00f3 de Seguretat Aliment\u00e0ria inspecciona los diferentes tipos de establecimientos alimentarios de la ciudad, desde las industrias alimentarias hasta el peque\u00f1o comercio de alimentaci\u00f3n, pasando por bares, restaurantes, comedores de escuelas, hospitales, centros de mayores, o cualquier otro tipo de establecimiento alimentario.<\/p>\n\n\n<div class=\"moure_faqs_aqui\"><\/div>\n\n\n<div class=\"figure\"><a href=\"https:\/\/www.aspb.cat\/es\/documentos\/inspeccion-programada\/\"><img decoding=\"async\" class=\"aligncenter wp-image-48745 size-full\" src=\"https:\/\/www.aspb.cat\/wp-content\/uploads\/2023\/03\/bt-inspeccio-sanitaria_ES.png\" alt=\"\" width=\"708\" height=\"78\"><\/a><\/div>","protected":false},"excerpt":{"rendered":"<p>La inspecci\u00f3n es el principal m\u00e9todo de control oficial en seguridad alimentaria que las autoridades [&hellip;]\n","protected":false},"author":3,"featured_media":0,"parent":4252,"menu_order":109,"comment_status":"closed","ping_status":"closed","template":"","meta":{"_acf_changed":false,"_monsterinsights_skip_tracking":false,"_monsterinsights_sitenote_active":false,"_monsterinsights_sitenote_note":"","_monsterinsights_sitenote_category":0,"footnotes":""},"class_list":["post-7478","page","type-page","status-publish","hentry","publish","author-as20pb16-x22","impar","primero"],"acf":[],"yoast_head":"<!-- This site is optimized with the Yoast SEO Premium plugin v27.5 (Yoast SEO v27.5) - https:\/\/yoast.com\/product\/yoast-seo-premium-wordpress\/ -->\n<title>La inspecci\u00f3n sanitaria - ASPB<\/title>\n<meta name=\"robots\" content=\"index, follow, max-snippet:-1, max-image-preview:large, max-video-preview:-1\" \/>\n<link rel=\"canonical\" href=\"https:\/\/www.aspb.cat\/es\/areas\/seguridad-alimentaria\/inspeccio-sanitaria\/\" \/>\n<meta property=\"og:locale\" content=\"es_ES\" \/>\n<meta property=\"og:type\" content=\"article\" \/>\n<meta property=\"og:title\" content=\"La inspecci\u00f3n sanitaria\" \/>\n<meta property=\"og:description\" content=\"La inspecci\u00f3n es el principal m\u00e9todo de control oficial en seguridad alimentaria que las autoridades [&hellip;]\" \/>\n<meta property=\"og:url\" content=\"https:\/\/www.aspb.cat\/es\/areas\/seguridad-alimentaria\/inspeccio-sanitaria\/\" \/>\n<meta property=\"og:site_name\" content=\"ASPB\" \/>\n<meta property=\"article:publisher\" content=\"https:\/\/www.facebook.com\/salutpublicabcn\" \/>\n<meta property=\"article:modified_time\" content=\"2025-07-25T11:55:55+00:00\" \/>\n<meta property=\"og:image\" content=\"https:\/\/www.aspb.cat\/wp-content\/uploads\/2023\/03\/bt-inspeccio-sanitaria.png\" \/>\n\t<meta property=\"og:image:width\" content=\"653\" \/>\n\t<meta property=\"og:image:height\" content=\"78\" \/>\n\t<meta property=\"og:image:type\" content=\"image\/png\" \/>\n<meta name=\"twitter:card\" content=\"summary_large_image\" \/>\n<meta name=\"twitter:site\" content=\"@salutpublicabcn\" \/>\n<meta name=\"twitter:label1\" content=\"Tiempo de lectura\" \/>\n\t<meta name=\"twitter:data1\" content=\"1 minuto\" \/>\n<script type=\"application\/ld+json\" class=\"yoast-schema-graph\">{\"@context\":\"https:\\\/\\\/schema.org\",\"@graph\":[{\"@type\":\"WebPage\",\"@id\":\"https:\\\/\\\/www.aspb.cat\\\/es\\\/areas\\\/seguridad-alimentaria\\\/inspeccio-sanitaria\\\/\",\"url\":\"https:\\\/\\\/www.aspb.cat\\\/es\\\/areas\\\/seguridad-alimentaria\\\/inspeccio-sanitaria\\\/\",\"name\":\"La inspecci\u00f3n sanitaria - ASPB\",\"isPartOf\":{\"@id\":\"https:\\\/\\\/www.aspb.cat\\\/#website\"},\"primaryImageOfPage\":{\"@id\":\"https:\\\/\\\/www.aspb.cat\\\/es\\\/areas\\\/seguridad-alimentaria\\\/inspeccio-sanitaria\\\/#primaryimage\"},\"image\":{\"@id\":\"https:\\\/\\\/www.aspb.cat\\\/es\\\/areas\\\/seguridad-alimentaria\\\/inspeccio-sanitaria\\\/#primaryimage\"},\"thumbnailUrl\":\"https:\\\/\\\/www.aspb.cat\\\/wp-content\\\/uploads\\\/2023\\\/03\\\/bt-inspeccio-sanitaria_ES.png\",\"datePublished\":\"2016-06-06T10:53:26+00:00\",\"dateModified\":\"2025-07-25T11:55:55+00:00\",\"breadcrumb\":{\"@id\":\"https:\\\/\\\/www.aspb.cat\\\/es\\\/areas\\\/seguridad-alimentaria\\\/inspeccio-sanitaria\\\/#breadcrumb\"},\"inLanguage\":\"es\",\"potentialAction\":[{\"@type\":\"ReadAction\",\"target\":[\"https:\\\/\\\/www.aspb.cat\\\/es\\\/areas\\\/seguridad-alimentaria\\\/inspeccio-sanitaria\\\/\"]}]},{\"@type\":\"ImageObject\",\"inLanguage\":\"es\",\"@id\":\"https:\\\/\\\/www.aspb.cat\\\/es\\\/areas\\\/seguridad-alimentaria\\\/inspeccio-sanitaria\\\/#primaryimage\",\"url\":\"https:\\\/\\\/www.aspb.cat\\\/wp-content\\\/uploads\\\/2023\\\/03\\\/bt-inspeccio-sanitaria_ES.png\",\"contentUrl\":\"https:\\\/\\\/www.aspb.cat\\\/wp-content\\\/uploads\\\/2023\\\/03\\\/bt-inspeccio-sanitaria_ES.png\"},{\"@type\":\"BreadcrumbList\",\"@id\":\"https:\\\/\\\/www.aspb.cat\\\/es\\\/areas\\\/seguridad-alimentaria\\\/inspeccio-sanitaria\\\/#breadcrumb\",\"itemListElement\":[{\"@type\":\"ListItem\",\"position\":1,\"name\":\"Inici\",\"item\":\"https:\\\/\\\/www.aspb.cat\\\/es\\\/\"},{\"@type\":\"ListItem\",\"position\":2,\"name\":\"\u00c1reas\",\"item\":\"https:\\\/\\\/www.aspb.cat\\\/es\\\/areas\\\/\"},{\"@type\":\"ListItem\",\"position\":3,\"name\":\"Seguridad alimentaria\",\"item\":\"https:\\\/\\\/www.aspb.cat\\\/es\\\/areas\\\/seguridad-alimentaria\\\/\"},{\"@type\":\"ListItem\",\"position\":4,\"name\":\"La inspecci\u00f3n sanitaria\"}]},{\"@type\":\"WebSite\",\"@id\":\"https:\\\/\\\/www.aspb.cat\\\/#website\",\"url\":\"https:\\\/\\\/www.aspb.cat\\\/\",\"name\":\"ASPB\",\"description\":\"Just another WordPress site\",\"potentialAction\":[{\"@type\":\"SearchAction\",\"target\":{\"@type\":\"EntryPoint\",\"urlTemplate\":\"https:\\\/\\\/www.aspb.cat\\\/?s={search_term_string}\"},\"query-input\":{\"@type\":\"PropertyValueSpecification\",\"valueRequired\":true,\"valueName\":\"search_term_string\"}}],\"inLanguage\":\"es\"}]}<\/script>\n<!-- \/ Yoast SEO Premium plugin. -->","yoast_head_json":{"title":"La inspecci\u00f3n sanitaria - ASPB","robots":{"index":"index","follow":"follow","max-snippet":"max-snippet:-1","max-image-preview":"max-image-preview:large","max-video-preview":"max-video-preview:-1"},"canonical":"https:\/\/www.aspb.cat\/es\/areas\/seguridad-alimentaria\/inspeccio-sanitaria\/","og_locale":"es_ES","og_type":"article","og_title":"La inspecci\u00f3n sanitaria","og_description":"La inspecci\u00f3n es el principal m\u00e9todo de control oficial en seguridad alimentaria que las autoridades [&hellip;]","og_url":"https:\/\/www.aspb.cat\/es\/areas\/seguridad-alimentaria\/inspeccio-sanitaria\/","og_site_name":"ASPB","article_publisher":"https:\/\/www.facebook.com\/salutpublicabcn","article_modified_time":"2025-07-25T11:55:55+00:00","og_image":[{"width":653,"height":78,"url":"https:\/\/www.aspb.cat\/wp-content\/uploads\/2023\/03\/bt-inspeccio-sanitaria.png","type":"image\/png"}],"twitter_card":"summary_large_image","twitter_site":"@salutpublicabcn","twitter_misc":{"Tiempo de lectura":"1 minuto"},"schema":{"@context":"https:\/\/schema.org","@graph":[{"@type":"WebPage","@id":"https:\/\/www.aspb.cat\/es\/areas\/seguridad-alimentaria\/inspeccio-sanitaria\/","url":"https:\/\/www.aspb.cat\/es\/areas\/seguridad-alimentaria\/inspeccio-sanitaria\/","name":"La inspecci\u00f3n sanitaria - ASPB","isPartOf":{"@id":"https:\/\/www.aspb.cat\/#website"},"primaryImageOfPage":{"@id":"https:\/\/www.aspb.cat\/es\/areas\/seguridad-alimentaria\/inspeccio-sanitaria\/#primaryimage"},"image":{"@id":"https:\/\/www.aspb.cat\/es\/areas\/seguridad-alimentaria\/inspeccio-sanitaria\/#primaryimage"},"thumbnailUrl":"https:\/\/www.aspb.cat\/wp-content\/uploads\/2023\/03\/bt-inspeccio-sanitaria_ES.png","datePublished":"2016-06-06T10:53:26+00:00","dateModified":"2025-07-25T11:55:55+00:00","breadcrumb":{"@id":"https:\/\/www.aspb.cat\/es\/areas\/seguridad-alimentaria\/inspeccio-sanitaria\/#breadcrumb"},"inLanguage":"es","potentialAction":[{"@type":"ReadAction","target":["https:\/\/www.aspb.cat\/es\/areas\/seguridad-alimentaria\/inspeccio-sanitaria\/"]}]},{"@type":"ImageObject","inLanguage":"es","@id":"https:\/\/www.aspb.cat\/es\/areas\/seguridad-alimentaria\/inspeccio-sanitaria\/#primaryimage","url":"https:\/\/www.aspb.cat\/wp-content\/uploads\/2023\/03\/bt-inspeccio-sanitaria_ES.png","contentUrl":"https:\/\/www.aspb.cat\/wp-content\/uploads\/2023\/03\/bt-inspeccio-sanitaria_ES.png"},{"@type":"BreadcrumbList","@id":"https:\/\/www.aspb.cat\/es\/areas\/seguridad-alimentaria\/inspeccio-sanitaria\/#breadcrumb","itemListElement":[{"@type":"ListItem","position":1,"name":"Inici","item":"https:\/\/www.aspb.cat\/es\/"},{"@type":"ListItem","position":2,"name":"\u00c1reas","item":"https:\/\/www.aspb.cat\/es\/areas\/"},{"@type":"ListItem","position":3,"name":"Seguridad alimentaria","item":"https:\/\/www.aspb.cat\/es\/areas\/seguridad-alimentaria\/"},{"@type":"ListItem","position":4,"name":"La inspecci\u00f3n sanitaria"}]},{"@type":"WebSite","@id":"https:\/\/www.aspb.cat\/#website","url":"https:\/\/www.aspb.cat\/","name":"ASPB","description":"Just another WordPress site","potentialAction":[{"@type":"SearchAction","target":{"@type":"EntryPoint","urlTemplate":"https:\/\/www.aspb.cat\/?s={search_term_string}"},"query-input":{"@type":"PropertyValueSpecification","valueRequired":true,"valueName":"search_term_string"}}],"inLanguage":"es"}]}},"_links":{"self":[{"href":"https:\/\/www.aspb.cat\/es\/wp-json\/wp\/v2\/pages\/7478","targetHints":{"allow":["GET"]}}],"collection":[{"href":"https:\/\/www.aspb.cat\/es\/wp-json\/wp\/v2\/pages"}],"about":[{"href":"https:\/\/www.aspb.cat\/es\/wp-json\/wp\/v2\/types\/page"}],"author":[{"embeddable":true,"href":"https:\/\/www.aspb.cat\/es\/wp-json\/wp\/v2\/users\/3"}],"replies":[{"embeddable":true,"href":"https:\/\/www.aspb.cat\/es\/wp-json\/wp\/v2\/comments?post=7478"}],"version-history":[{"count":24,"href":"https:\/\/www.aspb.cat\/es\/wp-json\/wp\/v2\/pages\/7478\/revisions"}],"predecessor-version":[{"id":59842,"href":"https:\/\/www.aspb.cat\/es\/wp-json\/wp\/v2\/pages\/7478\/revisions\/59842"}],"up":[{"embeddable":true,"href":"https:\/\/www.aspb.cat\/es\/wp-json\/wp\/v2\/pages\/4252"}],"wp:attachment":[{"href":"https:\/\/www.aspb.cat\/es\/wp-json\/wp\/v2\/media?parent=7478"}],"curies":[{"name":"wp","href":"https:\/\/api.w.org\/{rel}","templated":true}]}}