{"id":7466,"date":"2016-03-14T14:38:46","date_gmt":"2016-03-14T14:38:46","guid":{"rendered":"https:\/\/www.aspb.cat\/areas\/salut-ambiental\/establiments-i-serveis-plaguicides\/"},"modified":"2023-04-05T15:38:31","modified_gmt":"2023-04-05T15:38:31","slug":"biocidas-productos-quimicos","status":"publish","type":"page","link":"https:\/\/www.aspb.cat\/es\/areas\/salut-ambiental\/biocidas-productos-quimicos\/","title":{"rendered":"Biocidas y productos qu\u00edmicos"},"content":{"rendered":"<p>La mayor parte de productos qu\u00edmicos si se utilizan correctamente, mejoran nuestra calidad de vida y nuestro bienestar. Sin embargo, pueden ser muy peligrosos y afectar negativamente a la salud y al medio ambiente, cuando se utilizan de forma inadecuada. Estos productos pueden provocar efectos negativos sobre la salud a corto plazo (irritaciones, quemaduras, intoxicaciones&#8230;) y tambi\u00e9n a largo plazo (enfermedades cr\u00f3nicas, efectos cancer\u00edgenos, alteraciones de la fertilidad, malformaciones cong\u00e9nitas, etc&#8230;).<\/p>\n<p>La <em>Ag\u00e8ncia de Salut P\u00fablica de Barcelona<\/em> (ASPB) asume las competencias de vigilancia y control en materia de productos qu\u00edmicos en la ciudad de Barcelona.<\/p>\n<div class=\"moure_faqs_aqui\"><\/div>\n","protected":false},"excerpt":{"rendered":"<p>La mayor parte de productos qu\u00edmicos si se utilizan correctamente, mejoran nuestra calidad de vida [&hellip;]\n","protected":false},"author":3,"featured_media":49305,"parent":4247,"menu_order":275,"comment_status":"closed","ping_status":"closed","template":"","meta":{"_acf_changed":false,"_monsterinsights_skip_tracking":false,"_monsterinsights_sitenote_active":false,"_monsterinsights_sitenote_note":"","_monsterinsights_sitenote_category":0,"footnotes":""},"class_list":["post-7466","page","type-page","status-publish","has-post-thumbnail","hentry","publish","author-as20pb16-x22","impar","primero"],"acf":[],"yoast_head":"<!-- This site is optimized with the Yoast SEO Premium plugin v27.5 (Yoast SEO v27.5) - https:\/\/yoast.com\/product\/yoast-seo-premium-wordpress\/ -->\n<title>Biocidas y productos qu\u00edmicos - ASPB<\/title>\n<meta name=\"robots\" content=\"index, follow, max-snippet:-1, max-image-preview:large, max-video-preview:-1\" \/>\n<link rel=\"canonical\" href=\"https:\/\/www.aspb.cat\/es\/areas\/salut-ambiental\/biocidas-productos-quimicos\/\" \/>\n<meta property=\"og:locale\" content=\"es_ES\" \/>\n<meta property=\"og:type\" content=\"article\" \/>\n<meta property=\"og:title\" content=\"Biocidas y productos qu\u00edmicos\" \/>\n<meta property=\"og:description\" content=\"La mayor parte de productos qu\u00edmicos si se utilizan correctamente, mejoran nuestra calidad de vida [&hellip;]\" \/>\n<meta property=\"og:url\" content=\"https:\/\/www.aspb.cat\/es\/areas\/salut-ambiental\/biocidas-productos-quimicos\/\" \/>\n<meta property=\"og:site_name\" content=\"ASPB\" \/>\n<meta property=\"article:publisher\" content=\"https:\/\/www.facebook.com\/salutpublicabcn\" \/>\n<meta property=\"article:modified_time\" content=\"2023-04-05T15:38:31+00:00\" \/>\n<meta property=\"og:image\" content=\"https:\/\/www.aspb.cat\/wp-content\/uploads\/2023\/03\/biocides-productes-quimics.jpg\" \/>\n\t<meta property=\"og:image:width\" content=\"730\" \/>\n\t<meta property=\"og:image:height\" content=\"469\" \/>\n\t<meta property=\"og:image:type\" content=\"image\/jpeg\" \/>\n<meta name=\"twitter:card\" content=\"summary_large_image\" \/>\n<meta name=\"twitter:site\" content=\"@salutpublicabcn\" \/>\n<meta name=\"twitter:label1\" content=\"Tiempo de lectura\" \/>\n\t<meta name=\"twitter:data1\" content=\"1 minuto\" \/>\n<script type=\"application\/ld+json\" class=\"yoast-schema-graph\">{\"@context\":\"https:\\\/\\\/schema.org\",\"@graph\":[{\"@type\":\"WebPage\",\"@id\":\"https:\\\/\\\/www.aspb.cat\\\/es\\\/areas\\\/salut-ambiental\\\/biocidas-productos-quimicos\\\/\",\"url\":\"https:\\\/\\\/www.aspb.cat\\\/es\\\/areas\\\/salut-ambiental\\\/biocidas-productos-quimicos\\\/\",\"name\":\"Biocidas y productos qu\u00edmicos - ASPB\",\"isPartOf\":{\"@id\":\"https:\\\/\\\/www.aspb.cat\\\/#website\"},\"primaryImageOfPage\":{\"@id\":\"https:\\\/\\\/www.aspb.cat\\\/es\\\/areas\\\/salut-ambiental\\\/biocidas-productos-quimicos\\\/#primaryimage\"},\"image\":{\"@id\":\"https:\\\/\\\/www.aspb.cat\\\/es\\\/areas\\\/salut-ambiental\\\/biocidas-productos-quimicos\\\/#primaryimage\"},\"thumbnailUrl\":\"https:\\\/\\\/www.aspb.cat\\\/wp-content\\\/uploads\\\/2023\\\/03\\\/biocides-productes-quimics.jpg\",\"datePublished\":\"2016-03-14T14:38:46+00:00\",\"dateModified\":\"2023-04-05T15:38:31+00:00\",\"breadcrumb\":{\"@id\":\"https:\\\/\\\/www.aspb.cat\\\/es\\\/areas\\\/salut-ambiental\\\/biocidas-productos-quimicos\\\/#breadcrumb\"},\"inLanguage\":\"es\",\"potentialAction\":[{\"@type\":\"ReadAction\",\"target\":[\"https:\\\/\\\/www.aspb.cat\\\/es\\\/areas\\\/salut-ambiental\\\/biocidas-productos-quimicos\\\/\"]}]},{\"@type\":\"ImageObject\",\"inLanguage\":\"es\",\"@id\":\"https:\\\/\\\/www.aspb.cat\\\/es\\\/areas\\\/salut-ambiental\\\/biocidas-productos-quimicos\\\/#primaryimage\",\"url\":\"https:\\\/\\\/www.aspb.cat\\\/wp-content\\\/uploads\\\/2023\\\/03\\\/biocides-productes-quimics.jpg\",\"contentUrl\":\"https:\\\/\\\/www.aspb.cat\\\/wp-content\\\/uploads\\\/2023\\\/03\\\/biocides-productes-quimics.jpg\",\"width\":730,\"height\":469},{\"@type\":\"BreadcrumbList\",\"@id\":\"https:\\\/\\\/www.aspb.cat\\\/es\\\/areas\\\/salut-ambiental\\\/biocidas-productos-quimicos\\\/#breadcrumb\",\"itemListElement\":[{\"@type\":\"ListItem\",\"position\":1,\"name\":\"Inici\",\"item\":\"https:\\\/\\\/www.aspb.cat\\\/es\\\/\"},{\"@type\":\"ListItem\",\"position\":2,\"name\":\"\u00c1reas\",\"item\":\"https:\\\/\\\/www.aspb.cat\\\/es\\\/areas\\\/\"},{\"@type\":\"ListItem\",\"position\":3,\"name\":\"Salud ambiental\",\"item\":\"https:\\\/\\\/www.aspb.cat\\\/es\\\/areas\\\/salut-ambiental\\\/\"},{\"@type\":\"ListItem\",\"position\":4,\"name\":\"Biocidas y productos qu\u00edmicos\"}]},{\"@type\":\"WebSite\",\"@id\":\"https:\\\/\\\/www.aspb.cat\\\/#website\",\"url\":\"https:\\\/\\\/www.aspb.cat\\\/\",\"name\":\"ASPB\",\"description\":\"Just another WordPress site\",\"potentialAction\":[{\"@type\":\"SearchAction\",\"target\":{\"@type\":\"EntryPoint\",\"urlTemplate\":\"https:\\\/\\\/www.aspb.cat\\\/?s={search_term_string}\"},\"query-input\":{\"@type\":\"PropertyValueSpecification\",\"valueRequired\":true,\"valueName\":\"search_term_string\"}}],\"inLanguage\":\"es\"}]}<\/script>\n<!-- \/ Yoast SEO Premium plugin. -->","yoast_head_json":{"title":"Biocidas y productos qu\u00edmicos - ASPB","robots":{"index":"index","follow":"follow","max-snippet":"max-snippet:-1","max-image-preview":"max-image-preview:large","max-video-preview":"max-video-preview:-1"},"canonical":"https:\/\/www.aspb.cat\/es\/areas\/salut-ambiental\/biocidas-productos-quimicos\/","og_locale":"es_ES","og_type":"article","og_title":"Biocidas y productos qu\u00edmicos","og_description":"La mayor parte de productos qu\u00edmicos si se utilizan correctamente, mejoran nuestra calidad de vida [&hellip;]","og_url":"https:\/\/www.aspb.cat\/es\/areas\/salut-ambiental\/biocidas-productos-quimicos\/","og_site_name":"ASPB","article_publisher":"https:\/\/www.facebook.com\/salutpublicabcn","article_modified_time":"2023-04-05T15:38:31+00:00","og_image":[{"width":730,"height":469,"url":"https:\/\/www.aspb.cat\/wp-content\/uploads\/2023\/03\/biocides-productes-quimics.jpg","type":"image\/jpeg"}],"twitter_card":"summary_large_image","twitter_site":"@salutpublicabcn","twitter_misc":{"Tiempo de lectura":"1 minuto"},"schema":{"@context":"https:\/\/schema.org","@graph":[{"@type":"WebPage","@id":"https:\/\/www.aspb.cat\/es\/areas\/salut-ambiental\/biocidas-productos-quimicos\/","url":"https:\/\/www.aspb.cat\/es\/areas\/salut-ambiental\/biocidas-productos-quimicos\/","name":"Biocidas y productos qu\u00edmicos - ASPB","isPartOf":{"@id":"https:\/\/www.aspb.cat\/#website"},"primaryImageOfPage":{"@id":"https:\/\/www.aspb.cat\/es\/areas\/salut-ambiental\/biocidas-productos-quimicos\/#primaryimage"},"image":{"@id":"https:\/\/www.aspb.cat\/es\/areas\/salut-ambiental\/biocidas-productos-quimicos\/#primaryimage"},"thumbnailUrl":"https:\/\/www.aspb.cat\/wp-content\/uploads\/2023\/03\/biocides-productes-quimics.jpg","datePublished":"2016-03-14T14:38:46+00:00","dateModified":"2023-04-05T15:38:31+00:00","breadcrumb":{"@id":"https:\/\/www.aspb.cat\/es\/areas\/salut-ambiental\/biocidas-productos-quimicos\/#breadcrumb"},"inLanguage":"es","potentialAction":[{"@type":"ReadAction","target":["https:\/\/www.aspb.cat\/es\/areas\/salut-ambiental\/biocidas-productos-quimicos\/"]}]},{"@type":"ImageObject","inLanguage":"es","@id":"https:\/\/www.aspb.cat\/es\/areas\/salut-ambiental\/biocidas-productos-quimicos\/#primaryimage","url":"https:\/\/www.aspb.cat\/wp-content\/uploads\/2023\/03\/biocides-productes-quimics.jpg","contentUrl":"https:\/\/www.aspb.cat\/wp-content\/uploads\/2023\/03\/biocides-productes-quimics.jpg","width":730,"height":469},{"@type":"BreadcrumbList","@id":"https:\/\/www.aspb.cat\/es\/areas\/salut-ambiental\/biocidas-productos-quimicos\/#breadcrumb","itemListElement":[{"@type":"ListItem","position":1,"name":"Inici","item":"https:\/\/www.aspb.cat\/es\/"},{"@type":"ListItem","position":2,"name":"\u00c1reas","item":"https:\/\/www.aspb.cat\/es\/areas\/"},{"@type":"ListItem","position":3,"name":"Salud ambiental","item":"https:\/\/www.aspb.cat\/es\/areas\/salut-ambiental\/"},{"@type":"ListItem","position":4,"name":"Biocidas y productos qu\u00edmicos"}]},{"@type":"WebSite","@id":"https:\/\/www.aspb.cat\/#website","url":"https:\/\/www.aspb.cat\/","name":"ASPB","description":"Just another WordPress site","potentialAction":[{"@type":"SearchAction","target":{"@type":"EntryPoint","urlTemplate":"https:\/\/www.aspb.cat\/?s={search_term_string}"},"query-input":{"@type":"PropertyValueSpecification","valueRequired":true,"valueName":"search_term_string"}}],"inLanguage":"es"}]}},"_links":{"self":[{"href":"https:\/\/www.aspb.cat\/es\/wp-json\/wp\/v2\/pages\/7466","targetHints":{"allow":["GET"]}}],"collection":[{"href":"https:\/\/www.aspb.cat\/es\/wp-json\/wp\/v2\/pages"}],"about":[{"href":"https:\/\/www.aspb.cat\/es\/wp-json\/wp\/v2\/types\/page"}],"author":[{"embeddable":true,"href":"https:\/\/www.aspb.cat\/es\/wp-json\/wp\/v2\/users\/3"}],"replies":[{"embeddable":true,"href":"https:\/\/www.aspb.cat\/es\/wp-json\/wp\/v2\/comments?post=7466"}],"version-history":[{"count":9,"href":"https:\/\/www.aspb.cat\/es\/wp-json\/wp\/v2\/pages\/7466\/revisions"}],"predecessor-version":[{"id":49478,"href":"https:\/\/www.aspb.cat\/es\/wp-json\/wp\/v2\/pages\/7466\/revisions\/49478"}],"up":[{"embeddable":true,"href":"https:\/\/www.aspb.cat\/es\/wp-json\/wp\/v2\/pages\/4247"}],"wp:featuredmedia":[{"embeddable":true,"href":"https:\/\/www.aspb.cat\/es\/wp-json\/wp\/v2\/media\/49305"}],"wp:attachment":[{"href":"https:\/\/www.aspb.cat\/es\/wp-json\/wp\/v2\/media?parent=7466"}],"curies":[{"name":"wp","href":"https:\/\/api.w.org\/{rel}","templated":true}]}}