{"id":7465,"date":"2016-03-14T14:38:24","date_gmt":"2016-03-14T14:38:24","guid":{"rendered":"https:\/\/www.aspb.cat\/areas\/salut-ambiental\/piscines-dus-public\/"},"modified":"2022-01-31T16:47:22","modified_gmt":"2022-01-31T16:47:22","slug":"piscines-dus-public","status":"publish","type":"page","link":"https:\/\/www.aspb.cat\/es\/areas\/salut-ambiental\/piscines-dus-public\/","title":{"rendered":"Piscinas de uso p\u00fablico"},"content":{"rendered":"<p>Llevamos a cabo la vigilancia y control de las condiciones higi\u00e9nico-sanitarias de las piscinas de uso p\u00fablico de la ciudad para garantizar que no afectan negativamente a la salud, la seguridad y el bienestar de las personas usuarias. El objetivo es proteger a las personas de los riesgos f\u00edsicos, qu\u00edmicos y microbiol\u00f3gicos derivados del uso de las piscinas, conocer las incidencias y prevenirlas, garantizar la calidad del agua y del ambiente, y controlar las condiciones higi\u00e9nico-sanitarias generales.<\/p>\n","protected":false},"excerpt":{"rendered":"<p>Llevamos a cabo la vigilancia y control de las condiciones higi\u00e9nico-sanitarias de las piscinas de [&hellip;]\n","protected":false},"author":3,"featured_media":0,"parent":4247,"menu_order":246,"comment_status":"closed","ping_status":"closed","template":"","meta":{"_acf_changed":false,"_monsterinsights_skip_tracking":false,"_monsterinsights_sitenote_active":false,"_monsterinsights_sitenote_note":"","_monsterinsights_sitenote_category":0,"footnotes":""},"class_list":["post-7465","page","type-page","status-publish","hentry","publish","author-as20pb16-x22","impar","primero"],"acf":[],"yoast_head":"<!-- This site is optimized with the Yoast SEO Premium plugin v27.5 (Yoast SEO v27.5) - https:\/\/yoast.com\/product\/yoast-seo-premium-wordpress\/ -->\n<title>Piscinas de uso p\u00fablico - ASPB<\/title>\n<meta name=\"robots\" content=\"index, follow, max-snippet:-1, max-image-preview:large, max-video-preview:-1\" \/>\n<link rel=\"canonical\" href=\"https:\/\/www.aspb.cat\/es\/areas\/salut-ambiental\/piscines-dus-public\/\" \/>\n<meta property=\"og:locale\" content=\"es_ES\" \/>\n<meta property=\"og:type\" content=\"article\" \/>\n<meta property=\"og:title\" content=\"Piscinas de uso p\u00fablico\" \/>\n<meta property=\"og:description\" content=\"Llevamos a cabo la vigilancia y control de las condiciones higi\u00e9nico-sanitarias de las piscinas de [&hellip;]\" \/>\n<meta property=\"og:url\" content=\"https:\/\/www.aspb.cat\/es\/areas\/salut-ambiental\/piscines-dus-public\/\" \/>\n<meta property=\"og:site_name\" content=\"ASPB\" \/>\n<meta property=\"article:publisher\" content=\"https:\/\/www.facebook.com\/salutpublicabcn\" \/>\n<meta property=\"article:modified_time\" content=\"2022-01-31T16:47:22+00:00\" \/>\n<meta name=\"twitter:card\" content=\"summary_large_image\" \/>\n<meta name=\"twitter:site\" content=\"@salutpublicabcn\" \/>\n<script type=\"application\/ld+json\" class=\"yoast-schema-graph\">{\"@context\":\"https:\\\/\\\/schema.org\",\"@graph\":[{\"@type\":\"WebPage\",\"@id\":\"https:\\\/\\\/www.aspb.cat\\\/es\\\/areas\\\/salut-ambiental\\\/piscines-dus-public\\\/\",\"url\":\"https:\\\/\\\/www.aspb.cat\\\/es\\\/areas\\\/salut-ambiental\\\/piscines-dus-public\\\/\",\"name\":\"Piscinas de uso p\u00fablico - ASPB\",\"isPartOf\":{\"@id\":\"https:\\\/\\\/www.aspb.cat\\\/#website\"},\"datePublished\":\"2016-03-14T14:38:24+00:00\",\"dateModified\":\"2022-01-31T16:47:22+00:00\",\"breadcrumb\":{\"@id\":\"https:\\\/\\\/www.aspb.cat\\\/es\\\/areas\\\/salut-ambiental\\\/piscines-dus-public\\\/#breadcrumb\"},\"inLanguage\":\"es\",\"potentialAction\":[{\"@type\":\"ReadAction\",\"target\":[\"https:\\\/\\\/www.aspb.cat\\\/es\\\/areas\\\/salut-ambiental\\\/piscines-dus-public\\\/\"]}]},{\"@type\":\"BreadcrumbList\",\"@id\":\"https:\\\/\\\/www.aspb.cat\\\/es\\\/areas\\\/salut-ambiental\\\/piscines-dus-public\\\/#breadcrumb\",\"itemListElement\":[{\"@type\":\"ListItem\",\"position\":1,\"name\":\"Inici\",\"item\":\"https:\\\/\\\/www.aspb.cat\\\/es\\\/\"},{\"@type\":\"ListItem\",\"position\":2,\"name\":\"\u00c1reas\",\"item\":\"https:\\\/\\\/www.aspb.cat\\\/es\\\/areas\\\/\"},{\"@type\":\"ListItem\",\"position\":3,\"name\":\"Salud ambiental\",\"item\":\"https:\\\/\\\/www.aspb.cat\\\/es\\\/areas\\\/salut-ambiental\\\/\"},{\"@type\":\"ListItem\",\"position\":4,\"name\":\"Piscinas de uso p\u00fablico\"}]},{\"@type\":\"WebSite\",\"@id\":\"https:\\\/\\\/www.aspb.cat\\\/#website\",\"url\":\"https:\\\/\\\/www.aspb.cat\\\/\",\"name\":\"ASPB\",\"description\":\"Just another WordPress site\",\"potentialAction\":[{\"@type\":\"SearchAction\",\"target\":{\"@type\":\"EntryPoint\",\"urlTemplate\":\"https:\\\/\\\/www.aspb.cat\\\/?s={search_term_string}\"},\"query-input\":{\"@type\":\"PropertyValueSpecification\",\"valueRequired\":true,\"valueName\":\"search_term_string\"}}],\"inLanguage\":\"es\"}]}<\/script>\n<!-- \/ Yoast SEO Premium plugin. -->","yoast_head_json":{"title":"Piscinas de uso p\u00fablico - ASPB","robots":{"index":"index","follow":"follow","max-snippet":"max-snippet:-1","max-image-preview":"max-image-preview:large","max-video-preview":"max-video-preview:-1"},"canonical":"https:\/\/www.aspb.cat\/es\/areas\/salut-ambiental\/piscines-dus-public\/","og_locale":"es_ES","og_type":"article","og_title":"Piscinas de uso p\u00fablico","og_description":"Llevamos a cabo la vigilancia y control de las condiciones higi\u00e9nico-sanitarias de las piscinas de [&hellip;]","og_url":"https:\/\/www.aspb.cat\/es\/areas\/salut-ambiental\/piscines-dus-public\/","og_site_name":"ASPB","article_publisher":"https:\/\/www.facebook.com\/salutpublicabcn","article_modified_time":"2022-01-31T16:47:22+00:00","twitter_card":"summary_large_image","twitter_site":"@salutpublicabcn","schema":{"@context":"https:\/\/schema.org","@graph":[{"@type":"WebPage","@id":"https:\/\/www.aspb.cat\/es\/areas\/salut-ambiental\/piscines-dus-public\/","url":"https:\/\/www.aspb.cat\/es\/areas\/salut-ambiental\/piscines-dus-public\/","name":"Piscinas de uso p\u00fablico - ASPB","isPartOf":{"@id":"https:\/\/www.aspb.cat\/#website"},"datePublished":"2016-03-14T14:38:24+00:00","dateModified":"2022-01-31T16:47:22+00:00","breadcrumb":{"@id":"https:\/\/www.aspb.cat\/es\/areas\/salut-ambiental\/piscines-dus-public\/#breadcrumb"},"inLanguage":"es","potentialAction":[{"@type":"ReadAction","target":["https:\/\/www.aspb.cat\/es\/areas\/salut-ambiental\/piscines-dus-public\/"]}]},{"@type":"BreadcrumbList","@id":"https:\/\/www.aspb.cat\/es\/areas\/salut-ambiental\/piscines-dus-public\/#breadcrumb","itemListElement":[{"@type":"ListItem","position":1,"name":"Inici","item":"https:\/\/www.aspb.cat\/es\/"},{"@type":"ListItem","position":2,"name":"\u00c1reas","item":"https:\/\/www.aspb.cat\/es\/areas\/"},{"@type":"ListItem","position":3,"name":"Salud ambiental","item":"https:\/\/www.aspb.cat\/es\/areas\/salut-ambiental\/"},{"@type":"ListItem","position":4,"name":"Piscinas de uso p\u00fablico"}]},{"@type":"WebSite","@id":"https:\/\/www.aspb.cat\/#website","url":"https:\/\/www.aspb.cat\/","name":"ASPB","description":"Just another WordPress site","potentialAction":[{"@type":"SearchAction","target":{"@type":"EntryPoint","urlTemplate":"https:\/\/www.aspb.cat\/?s={search_term_string}"},"query-input":{"@type":"PropertyValueSpecification","valueRequired":true,"valueName":"search_term_string"}}],"inLanguage":"es"}]}},"_links":{"self":[{"href":"https:\/\/www.aspb.cat\/es\/wp-json\/wp\/v2\/pages\/7465","targetHints":{"allow":["GET"]}}],"collection":[{"href":"https:\/\/www.aspb.cat\/es\/wp-json\/wp\/v2\/pages"}],"about":[{"href":"https:\/\/www.aspb.cat\/es\/wp-json\/wp\/v2\/types\/page"}],"author":[{"embeddable":true,"href":"https:\/\/www.aspb.cat\/es\/wp-json\/wp\/v2\/users\/3"}],"replies":[{"embeddable":true,"href":"https:\/\/www.aspb.cat\/es\/wp-json\/wp\/v2\/comments?post=7465"}],"version-history":[{"count":1,"href":"https:\/\/www.aspb.cat\/es\/wp-json\/wp\/v2\/pages\/7465\/revisions"}],"predecessor-version":[{"id":7471,"href":"https:\/\/www.aspb.cat\/es\/wp-json\/wp\/v2\/pages\/7465\/revisions\/7471"}],"up":[{"embeddable":true,"href":"https:\/\/www.aspb.cat\/es\/wp-json\/wp\/v2\/pages\/4247"}],"wp:attachment":[{"href":"https:\/\/www.aspb.cat\/es\/wp-json\/wp\/v2\/media?parent=7465"}],"curies":[{"name":"wp","href":"https:\/\/api.w.org\/{rel}","templated":true}]}}