{"id":7441,"date":"2016-03-14T12:59:00","date_gmt":"2016-03-14T12:59:00","guid":{"rendered":"https:\/\/www.aspb.cat\/areas\/drogodependencias\/sistema-dinformacio-sobre-drogues-de-barcelona\/"},"modified":"2022-01-31T16:47:21","modified_gmt":"2022-01-31T16:47:21","slug":"sistema-dinformacio-sobre-drogues-de-barcelona","status":"publish","type":"page","link":"https:\/\/www.aspb.cat\/es\/areas\/drogodependencias\/sistema-dinformacio-sobre-drogues-de-barcelona\/","title":{"rendered":"Sistema de informaci\u00f3n sobre drogas"},"content":{"rendered":"<p>El Sistema de informaci\u00f3n sobre drogas de Barcelona (SIDB) est\u00e1 formado por un conjunto de indicadores relacionados con el consumo de drogas en la ciudad de Barcelona (tratamiento, urgencias, mortalidad, etc.) que se utilizan para evaluar las pol\u00edticas de la ciudad en este \u00e1mbito. A continuaci\u00f3n, encontrar\u00e1 informes que contienen estos indicadores con el objetivo de monitorizar el consumo de drogas y sus efectos en la ciudad de Barcelona.<\/p>\n","protected":false},"excerpt":{"rendered":"<p>El Sistema de informaci\u00f3n sobre drogas de Barcelona (SIDB) est\u00e1 formado por un conjunto de [&hellip;]\n","protected":false},"author":3,"featured_media":0,"parent":4243,"menu_order":223,"comment_status":"closed","ping_status":"closed","template":"","meta":{"_acf_changed":false,"_monsterinsights_skip_tracking":false,"_monsterinsights_sitenote_active":false,"_monsterinsights_sitenote_note":"","_monsterinsights_sitenote_category":0,"footnotes":""},"class_list":["post-7441","page","type-page","status-publish","hentry","publish","author-as20pb16-x22","impar","primero"],"acf":[],"yoast_head":"<!-- This site is optimized with the Yoast SEO Premium plugin v27.5 (Yoast SEO v27.5) - https:\/\/yoast.com\/product\/yoast-seo-premium-wordpress\/ -->\n<title>Sistema de informaci\u00f3n sobre drogas - ASPB<\/title>\n<meta name=\"robots\" content=\"index, follow, max-snippet:-1, max-image-preview:large, max-video-preview:-1\" \/>\n<link rel=\"canonical\" href=\"https:\/\/www.aspb.cat\/es\/areas\/drogodependencias\/sistema-dinformacio-sobre-drogues-de-barcelona\/\" \/>\n<meta property=\"og:locale\" content=\"es_ES\" \/>\n<meta property=\"og:type\" content=\"article\" \/>\n<meta property=\"og:title\" content=\"Sistema de informaci\u00f3n sobre drogas\" \/>\n<meta property=\"og:description\" content=\"El Sistema de informaci\u00f3n sobre drogas de Barcelona (SIDB) est\u00e1 formado por un conjunto de [&hellip;]\" \/>\n<meta property=\"og:url\" content=\"https:\/\/www.aspb.cat\/es\/areas\/drogodependencias\/sistema-dinformacio-sobre-drogues-de-barcelona\/\" \/>\n<meta property=\"og:site_name\" content=\"ASPB\" \/>\n<meta property=\"article:publisher\" content=\"https:\/\/www.facebook.com\/salutpublicabcn\" \/>\n<meta property=\"article:modified_time\" content=\"2022-01-31T16:47:21+00:00\" \/>\n<meta name=\"twitter:card\" content=\"summary_large_image\" \/>\n<meta name=\"twitter:site\" content=\"@salutpublicabcn\" \/>\n<meta name=\"twitter:label1\" content=\"Tiempo de lectura\" \/>\n\t<meta name=\"twitter:data1\" content=\"1 minuto\" \/>\n<script type=\"application\/ld+json\" class=\"yoast-schema-graph\">{\"@context\":\"https:\\\/\\\/schema.org\",\"@graph\":[{\"@type\":\"WebPage\",\"@id\":\"https:\\\/\\\/www.aspb.cat\\\/es\\\/areas\\\/drogodependencias\\\/sistema-dinformacio-sobre-drogues-de-barcelona\\\/\",\"url\":\"https:\\\/\\\/www.aspb.cat\\\/es\\\/areas\\\/drogodependencias\\\/sistema-dinformacio-sobre-drogues-de-barcelona\\\/\",\"name\":\"Sistema de informaci\u00f3n sobre drogas - ASPB\",\"isPartOf\":{\"@id\":\"https:\\\/\\\/www.aspb.cat\\\/#website\"},\"datePublished\":\"2016-03-14T12:59:00+00:00\",\"dateModified\":\"2022-01-31T16:47:21+00:00\",\"breadcrumb\":{\"@id\":\"https:\\\/\\\/www.aspb.cat\\\/es\\\/areas\\\/drogodependencias\\\/sistema-dinformacio-sobre-drogues-de-barcelona\\\/#breadcrumb\"},\"inLanguage\":\"es\",\"potentialAction\":[{\"@type\":\"ReadAction\",\"target\":[\"https:\\\/\\\/www.aspb.cat\\\/es\\\/areas\\\/drogodependencias\\\/sistema-dinformacio-sobre-drogues-de-barcelona\\\/\"]}]},{\"@type\":\"BreadcrumbList\",\"@id\":\"https:\\\/\\\/www.aspb.cat\\\/es\\\/areas\\\/drogodependencias\\\/sistema-dinformacio-sobre-drogues-de-barcelona\\\/#breadcrumb\",\"itemListElement\":[{\"@type\":\"ListItem\",\"position\":1,\"name\":\"Inici\",\"item\":\"https:\\\/\\\/www.aspb.cat\\\/es\\\/\"},{\"@type\":\"ListItem\",\"position\":2,\"name\":\"\u00c1reas\",\"item\":\"https:\\\/\\\/www.aspb.cat\\\/es\\\/areas\\\/\"},{\"@type\":\"ListItem\",\"position\":3,\"name\":\"Drogodependencias\",\"item\":\"https:\\\/\\\/www.aspb.cat\\\/es\\\/areas\\\/drogodependencias\\\/\"},{\"@type\":\"ListItem\",\"position\":4,\"name\":\"Sistema de informaci\u00f3n sobre drogas\"}]},{\"@type\":\"WebSite\",\"@id\":\"https:\\\/\\\/www.aspb.cat\\\/#website\",\"url\":\"https:\\\/\\\/www.aspb.cat\\\/\",\"name\":\"ASPB\",\"description\":\"Just another WordPress site\",\"potentialAction\":[{\"@type\":\"SearchAction\",\"target\":{\"@type\":\"EntryPoint\",\"urlTemplate\":\"https:\\\/\\\/www.aspb.cat\\\/?s={search_term_string}\"},\"query-input\":{\"@type\":\"PropertyValueSpecification\",\"valueRequired\":true,\"valueName\":\"search_term_string\"}}],\"inLanguage\":\"es\"}]}<\/script>\n<!-- \/ Yoast SEO Premium plugin. -->","yoast_head_json":{"title":"Sistema de informaci\u00f3n sobre drogas - ASPB","robots":{"index":"index","follow":"follow","max-snippet":"max-snippet:-1","max-image-preview":"max-image-preview:large","max-video-preview":"max-video-preview:-1"},"canonical":"https:\/\/www.aspb.cat\/es\/areas\/drogodependencias\/sistema-dinformacio-sobre-drogues-de-barcelona\/","og_locale":"es_ES","og_type":"article","og_title":"Sistema de informaci\u00f3n sobre drogas","og_description":"El Sistema de informaci\u00f3n sobre drogas de Barcelona (SIDB) est\u00e1 formado por un conjunto de [&hellip;]","og_url":"https:\/\/www.aspb.cat\/es\/areas\/drogodependencias\/sistema-dinformacio-sobre-drogues-de-barcelona\/","og_site_name":"ASPB","article_publisher":"https:\/\/www.facebook.com\/salutpublicabcn","article_modified_time":"2022-01-31T16:47:21+00:00","twitter_card":"summary_large_image","twitter_site":"@salutpublicabcn","twitter_misc":{"Tiempo de lectura":"1 minuto"},"schema":{"@context":"https:\/\/schema.org","@graph":[{"@type":"WebPage","@id":"https:\/\/www.aspb.cat\/es\/areas\/drogodependencias\/sistema-dinformacio-sobre-drogues-de-barcelona\/","url":"https:\/\/www.aspb.cat\/es\/areas\/drogodependencias\/sistema-dinformacio-sobre-drogues-de-barcelona\/","name":"Sistema de informaci\u00f3n sobre drogas - ASPB","isPartOf":{"@id":"https:\/\/www.aspb.cat\/#website"},"datePublished":"2016-03-14T12:59:00+00:00","dateModified":"2022-01-31T16:47:21+00:00","breadcrumb":{"@id":"https:\/\/www.aspb.cat\/es\/areas\/drogodependencias\/sistema-dinformacio-sobre-drogues-de-barcelona\/#breadcrumb"},"inLanguage":"es","potentialAction":[{"@type":"ReadAction","target":["https:\/\/www.aspb.cat\/es\/areas\/drogodependencias\/sistema-dinformacio-sobre-drogues-de-barcelona\/"]}]},{"@type":"BreadcrumbList","@id":"https:\/\/www.aspb.cat\/es\/areas\/drogodependencias\/sistema-dinformacio-sobre-drogues-de-barcelona\/#breadcrumb","itemListElement":[{"@type":"ListItem","position":1,"name":"Inici","item":"https:\/\/www.aspb.cat\/es\/"},{"@type":"ListItem","position":2,"name":"\u00c1reas","item":"https:\/\/www.aspb.cat\/es\/areas\/"},{"@type":"ListItem","position":3,"name":"Drogodependencias","item":"https:\/\/www.aspb.cat\/es\/areas\/drogodependencias\/"},{"@type":"ListItem","position":4,"name":"Sistema de informaci\u00f3n sobre drogas"}]},{"@type":"WebSite","@id":"https:\/\/www.aspb.cat\/#website","url":"https:\/\/www.aspb.cat\/","name":"ASPB","description":"Just another WordPress site","potentialAction":[{"@type":"SearchAction","target":{"@type":"EntryPoint","urlTemplate":"https:\/\/www.aspb.cat\/?s={search_term_string}"},"query-input":{"@type":"PropertyValueSpecification","valueRequired":true,"valueName":"search_term_string"}}],"inLanguage":"es"}]}},"_links":{"self":[{"href":"https:\/\/www.aspb.cat\/es\/wp-json\/wp\/v2\/pages\/7441","targetHints":{"allow":["GET"]}}],"collection":[{"href":"https:\/\/www.aspb.cat\/es\/wp-json\/wp\/v2\/pages"}],"about":[{"href":"https:\/\/www.aspb.cat\/es\/wp-json\/wp\/v2\/types\/page"}],"author":[{"embeddable":true,"href":"https:\/\/www.aspb.cat\/es\/wp-json\/wp\/v2\/users\/3"}],"replies":[{"embeddable":true,"href":"https:\/\/www.aspb.cat\/es\/wp-json\/wp\/v2\/comments?post=7441"}],"version-history":[{"count":2,"href":"https:\/\/www.aspb.cat\/es\/wp-json\/wp\/v2\/pages\/7441\/revisions"}],"predecessor-version":[{"id":30129,"href":"https:\/\/www.aspb.cat\/es\/wp-json\/wp\/v2\/pages\/7441\/revisions\/30129"}],"up":[{"embeddable":true,"href":"https:\/\/www.aspb.cat\/es\/wp-json\/wp\/v2\/pages\/4243"}],"wp:attachment":[{"href":"https:\/\/www.aspb.cat\/es\/wp-json\/wp\/v2\/media?parent=7441"}],"curies":[{"name":"wp","href":"https:\/\/api.w.org\/{rel}","templated":true}]}}