{"id":7420,"date":"2016-07-12T11:12:18","date_gmt":"2016-07-12T11:12:18","guid":{"rendered":"https:\/\/www.aspb.cat\/areas\/drogodependencias\/centres-datencio-seguiment-barcelona\/"},"modified":"2024-05-13T08:22:58","modified_gmt":"2024-05-13T08:22:58","slug":"centres-datencio-seguiment-barcelona","status":"publish","type":"page","link":"https:\/\/www.aspb.cat\/es\/areas\/drogodependencias\/centres-datencio-seguiment-barcelona\/","title":{"rendered":"Centros de atenci\u00f3n y seguimiento (CAS)"},"content":{"rendered":"<p>La ciudad de Barcelona tiene un modelo de atenci\u00f3n a las drogodependencias integral que incluye tanto los <a href=\"https:\/\/www.aspb.cat\/es\/areas\/drogodependencias\/tractament-a-adults\/\" target=\"_blank\" rel=\"noopener\">tratamientos<\/a> como los <a href=\"https:\/\/www.aspb.cat\/es\/areas\/drogodependencias\/reduccio-de-danys\/\" target=\"_blank\" rel=\"noopener\">programas de reducci\u00f3n de da\u00f1os<\/a>.<\/p>\n<p>En este sentido, dentro de la red p\u00fablica de recursos especializados en la atenci\u00f3n a las drogodependencias destacan los Centros de Atenci\u00f3n y Seguimiento (CAS) a las drogodependencias. Actualmente Barcelona consta de 15 centros, distribuidos de manera equitativa en la ciudad. As\u00ed, desde 2017 todos los distritos tienen, como m\u00ednimo, un CAS. Todos ellos ofrecen la cartera de servicios integral, que incluye programas de tratamiento y de reducci\u00f3n de da\u00f1os, y nueve de los CAS incluyen tambi\u00e9n espacios de consumo supervisado.<\/p>\n<p>El acceso a los servicios de los CAS es por v\u00eda directa, sin necesidad de derivaci\u00f3n. En el caso requerir un tratamiento, hay que solicitar cita previa, para concertar la primera visita, cosa que se puede hacer por tel\u00e9fono. A los CAS solo pueden acceder personas mayores de edad, a excepci\u00f3n del CAS Horta-Guinard\u00f3 que dispone de <a href=\"https:\/\/www.aspb.cat\/es\/areas\/drogodependencias\/tractament-a-adolescents-i-joves\/\" target=\"_blank\" rel=\"noopener\">atenci\u00f3n a adolescentes<\/a>.<\/p>\n<p>Para acceder a los recursos residenciales (comunidades terap\u00e9uticas o pisos de reinserci\u00f3n) hay que estar primero en contacto con el CAS que os corresponda seg\u00fan vuestro lugar de residencia.<\/p>\n<p>Tambi\u00e9n pod\u00e9is dirigiros a los servicios telef\u00f3nicos:<br \/>\nL\u00ednea verde de informaci\u00f3n y orientaci\u00f3n sobre el alcoholismo y las otras drogodependencias 900 900 540<\/p>\n<p><iframe style=\"border: 0px currentColor;\" src=\"https:\/\/www.google.com\/maps\/embed?pb=!1m18!1m12!1m3!1d2993.5359917943097!2d2.192922615629251!3d41.384164904157444!2m3!1f0!2f0!3f0!3m2!1i1024!2i768!4f13.1!3m3!1m2!1s0x0%3A0xca3a9069e5f13332!2sHospital+del+Mar!5e0!3m2!1sca!2ses!4v1468330270974\" width=\"700\" height=\"300\" frameborder=\"0\" allowfullscreen=\"allowfullscreen\"><\/iframe><\/p>\n<p><strong>Barceloneta &#8211; Hospital del Mar<\/strong><br \/>\nPg Mar\u00edtim, 25-29 &#8211; 08003 Barcelona &#8211; Tel\u00e8fon: 93 248 31 07<\/p>\n<p><iframe style=\"border: 0px currentColor;\" src=\"https:\/\/www.google.com\/maps\/embed?pb=!1m18!1m12!1m3!1d748.3174553114167!2d2.180238579695521!3d41.389946324074!2m3!1f0!2f0!3f0!3m2!1i1024!2i768!4f13.1!3m3!1m2!1s0x0%3A0x48052fd1f506c5c2!2sCasc+Antic+Centro+de+Salud!5e0!3m2!1sca!2ses!4v1468330441933\" width=\"700\" height=\"300\" frameborder=\"0\" allowfullscreen=\"allowfullscreen\"><\/iframe><\/p>\n<p><strong>Llu\u00eds Companys<\/strong><br \/>\nC\/ Davant del Portal Nou ,s\/n &#8211; 08003 Barcelona &#8211; Tel\u00e8fons: 93 318 17 96<\/p>\n<p><iframe style=\"border: 0px currentColor;\" src=\"https:\/\/www.google.com\/maps\/embed?pb=!1m18!1m12!1m3!1d748.4014569522881!2d2.174178329231478!3d41.38264790495017!2m3!1f0!2f0!3f0!3m2!1i1024!2i768!4f13.1!3m3!1m2!1s0x12a4a2f828965aa5%3A0x996c46e3a3a1005a!2sCarrer+dels+Banys+Nous%2C+16%2C+08002+Barcelona!5e0!3m2!1sca!2ses!4v1468330548077\" width=\"600\" height=\"450\" frameborder=\"0\" allowfullscreen=\"allowfullscreen\"><\/iframe><\/p>\n<p><strong>CECAS<\/strong><br \/>\nC\/ Banys nous, 16, 2on &#8211; 08002 Barcelona &#8211; Tel\u00e8fon: 93 317 78 20<\/p>\n<p><iframe style=\"border: 0px currentColor;\" src=\"https:\/\/www.google.com\/maps\/embed?pb=!1m18!1m12!1m3!1d2993.9461438080966!2d2.1726654511130277!3d41.37525480460826!2m3!1f0!2f0!3f0!3m2!1i1024!2i768!4f13.1!3m3!1m2!1s0x12a4a250abc9fa23%3A0x300d2cf22dedac80!2sPla%C3%A7a+de+Blanquerna%2C+08001+Barcelona!5e0!3m2!1sca!2ses!4v1467293956851\" width=\"700\" height=\"300\" frameborder=\"0\" allowfullscreen=\"allowfullscreen\"><\/iframe><\/p>\n<p><strong>CAS Baluard<br \/>\n<\/strong>Pl. Blanquerna, 2 &#8211; 08001 Barcelona<br \/>\nTel. 93 342 68 92<\/p>\n<p><iframe style=\"border: 0px currentColor;\" src=\"https:\/\/www.google.com\/maps\/embed?pb=!1m18!1m12!1m3!1d2993.5766691346857!2d2.133311251113217!3d41.38328130411053!2m3!1f0!2f0!3f0!3m2!1i1024!2i768!4f13.1!3m3!1m2!1s0x12a4987d321dbcd7%3A0x6734e30b3e235986!2sCAS+Sants!5e0!3m2!1sca!2ses!4v1467293502246\" width=\"700\" height=\"300\" frameborder=\"0\" allowfullscreen=\"allowfullscreen\"><\/iframe><\/p>\n<p><strong>CAS Sants<br \/>\n<\/strong>C\/ Comtes de Bell-lloc, 138 &#8211; 08014 Barcelona<br \/>\nTel. 93 490 19 40<\/p>\n<p><iframe style=\"border: 0px currentColor;\" src=\"https:\/\/www.google.com\/maps\/embed?pb=!1m18!1m12!1m3!1d2993.293459811788!2d2.1500212156294167!3d41.3894329038308!2m3!1f0!2f0!3f0!3m2!1i1024!2i768!4f13.1!3m3!1m2!1s0x12a4a2853c31dd2b%3A0x7bacaced73cdac27!2sHospital+Cl%C3%ADnic+de+Barcelona!5e0!3m2!1sca!2ses!4v1468330611089\" width=\"700\" height=\"300\" frameborder=\"0\" allowfullscreen=\"allowfullscreen\"><\/iframe><\/p>\n<p><strong>Unidad de Adicciones \u2013 Hospital Cl\u00ednic <\/strong><br \/>\nC\/ Rossell\u00f3, 161, planta baixa &#8211; 08036 Barcelona &#8211; Tel\u00e8fon: 93 227 17 19<\/p>\n<p><iframe style=\"border: 0px currentColor;\" src=\"https:\/\/www.google.com\/maps\/embed?pb=!1m18!1m12!1m3!1d2992.6470907515572!2d2.1276351511137253!3d41.403469902858866!2m3!1f0!2f0!3f0!3m2!1i1024!2i768!4f13.1!3m3!1m2!1s0x12a4981490fb9c3b%3A0x8d1de5dd3fc7cf67!2sCAS+Sarri%C3%A0!5e0!3m2!1sca!2ses!4v1467293681691\" width=\"700\" height=\"300\" frameborder=\"0\" allowfullscreen=\"allowfullscreen\"><\/iframe><\/p>\n<p><strong>CAS Sarri\u00e0<br \/>\n<\/strong>C\/ Dalmases, 76 &#8211; 08017 Barcelona<br \/>\nTel. 93 212 10 75<\/p>\n<p><iframe style=\"border: 0px currentColor;\" src=\"https:\/\/www.google.com\/maps\/embed?pb=!1m18!1m12!1m3!1d2992.3744263517087!2d2.14691381562986!3d41.40939010259332!2m3!1f0!2f0!3f0!3m2!1i1024!2i768!4f13.1!3m3!1m2!1s0x12a4a2a66f685ccf%3A0x83df75d4d15ab2c6!2sCarrer+de+la+Mare+de+D%C3%A9u+del+Coll%2C+41%2C+08023+Barcelona!5e0!3m2!1sca!2ses!4v1468330695363\" width=\"700\" height=\"300\" frameborder=\"0\" allowfullscreen=\"allowfullscreen\"><\/iframe><\/p>\n<p><strong>Gr\u00e0cia<\/strong><br \/>\nC\/ Mare de Deu del Coll, 41, baixos &#8211; 08023 Barcelona &#8211; Tel\u00e8fon: 93 218 93 02<\/p>\n<p><iframe style=\"border: 0px currentColor;\" src=\"https:\/\/www.google.com\/maps\/embed?pb=!1m18!1m12!1m3!1d2992.2242474060254!2d2.172682465629935!3d41.41265055239117!2m3!1f0!2f0!3f0!3m2!1i1024!2i768!4f13.1!3m3!1m2!1s0x0%3A0x1fac5228bd2718f!2sHospital+de+la+Santa+Creu+i+Sant+Pau!5e0!3m2!1sca!2ses!4v1468330793497\" width=\"700\" height=\"300\" frameborder=\"0\" allowfullscreen=\"allowfullscreen\"><\/iframe><\/p>\n<p><strong>Unidad de Psiquiatr\u00eda Cl\u00ednica y Conductas Adictivas. Hospital de Sant Pau.<\/strong><br \/>\nAv. Sant Antoni M. Claret, 167 &#8211; 08025 Barcelona &#8211; Tel\u00e8fon: 93 553 76 65<\/p>\n<p><iframe style=\"border: 0px currentColor;\" src=\"https:\/\/www.google.com\/maps\/embed?pb=!1m18!1m12!1m3!1d2991.5410088784724!2d2.1410470156302774!3d41.42748130147119!2m3!1f0!2f0!3f0!3m2!1i1024!2i768!4f13.1!3m3!1m2!1s0x12a497fd174becdf%3A0x605519a76ed9875!2sHospital+Universitari+Vall+d'Hebron!5e0!3m2!1sca!2ses!4v1468330854580\" width=\"700\" height=\"300\" frameborder=\"0\" allowfullscreen=\"allowfullscreen\"><\/iframe><\/p>\n<p><strong>Vall d\u2019Hebron. Servicio de Psiquiatr\u00eda \u2013 Hospital Vall<\/strong><br \/>\nPg. Vall d&#8217;Hebron, 119-129 &#8211; 08035 Barcelona &#8211; Tel\u00e8fon: 93 489 38 80<\/p>\n<p><iframe style=\"border: 0px currentColor;\" src=\"https:\/\/www.google.com\/maps\/embed?pb=!1m18!1m12!1m3!1d1054.6477272798024!2d2.153352704069848!3d41.425734861809964!2m3!1f0!2f0!3f0!3m2!1i1024!2i768!4f13.1!3m3!1m2!1s0x12a4bd4df9154433%3A0x9ef1a930fcc16747!2sCarrer+de+Saced%C3%B3n%2C+18%2C+08032+Barcelona!5e0!3m2!1sca!2ses!4v1467293756925\" width=\"700\" height=\"300\" frameborder=\"0\" allowfullscreen=\"allowfullscreen\"><\/iframe><\/p>\n<p><strong>CAS Horta-Guinard\u00f3<br \/>\n<\/strong>C\/ Sacedon, 18 &#8211; 08032 Barcelona<br \/>\nTel. 93 407 13 16<\/p>\n<p><iframe style=\"border: 0px currentColor;\" src=\"https:\/\/www.google.com\/maps\/embed?pb=!1m18!1m12!1m3!1d747.6572639185666!2d2.1865484814444165!3d41.447269881021846!2m3!1f0!2f0!3f0!3m2!1i1024!2i768!4f13.1!3m3!1m2!1s0x12a4bce24c88953b%3A0x7f05fb6033576746!2sVia+Fav%C3%A8ncia%2C+379%2C+08033+Barcelona!5e0!3m2!1sca!2ses!4v1467293591545\" width=\"700\" height=\"300\" frameborder=\"0\" allowfullscreen=\"allowfullscreen\"><\/iframe><\/p>\n<p><strong>CAS Nou Barris<br \/>\n<\/strong>Via Fav\u00e8ncia, 379 &#8211; 08033 Barcelona<br \/>\nTel. 93 354 02 19<\/p>\n<p><iframe style=\"border: 0px currentColor;\" src=\"https:\/\/www.google.com\/maps\/embed?pb=!1m18!1m12!1m3!1d1548.534057161578!2d2.189767670706753!3d41.42685828069353!2m3!1f0!2f0!3f0!3m2!1i1024!2i768!4f13.1!3m3!1m2!1s0x12a4bcd116b84c5d%3A0xcdc30de27a5fc104!2sCarrer+Gran+de+la+Sagrera%2C+179%2C+08027+Barcelona!5e0!3m2!1sca!2ses!4v1467293656109\" width=\"700\" height=\"300\" frameborder=\"0\" allowfullscreen=\"allowfullscreen\"><\/iframe><\/p>\n<p><strong>CAS Garbivent<br \/>\n<\/strong>C\/ Sagrera, 179 &#8211; 0827 Barcelona<br \/>\nTel. 93 340 84 58<\/p>\n<p><iframe style=\"border: 0px currentColor;\" src=\"https:\/\/www.google.com\/maps\/embed?pb=!1m18!1m12!1m3!1d1496.0968174608465!2d2.217797963632075!3d41.41331513684268!2m3!1f0!2f0!3f0!3m2!1i1024!2i768!4f13.1!3m3!1m2!1s0x12a4a356ca360119%3A0xa0e232bfe21373a!2sCarrer+de+Llull%2C+410%2C+08019+Barcelona!5e0!3m2!1sca!2ses!4v1468330910520\" width=\"700\" height=\"300\" frameborder=\"0\" allowfullscreen=\"allowfullscreen\"><\/iframe><\/p>\n<p><strong>F\u00f2rum<\/strong><br \/>\nC\/ Llull, 410 &#8211; 08019 Barcelona &#8211; Tel\u00e8fon: 93 326 85 61<\/p>\n","protected":false},"excerpt":{"rendered":"<p>La ciudad de Barcelona tiene un modelo de atenci\u00f3n a las drogodependencias integral que incluye [&hellip;]\n","protected":false},"author":21,"featured_media":0,"parent":4243,"menu_order":268,"comment_status":"closed","ping_status":"closed","template":"","meta":{"_acf_changed":false,"_monsterinsights_skip_tracking":false,"_monsterinsights_sitenote_active":false,"_monsterinsights_sitenote_note":"","_monsterinsights_sitenote_category":0,"footnotes":""},"class_list":["post-7420","page","type-page","status-publish","hentry","publish","author-ext_acaillab","impar","primero"],"acf":[],"yoast_head":"<!-- This site is optimized with the Yoast SEO Premium plugin v27.5 (Yoast SEO v27.5) - https:\/\/yoast.com\/product\/yoast-seo-premium-wordpress\/ -->\n<title>Centros de atenci\u00f3n y seguimiento (CAS) - ASPB<\/title>\n<meta name=\"robots\" content=\"index, follow, max-snippet:-1, max-image-preview:large, max-video-preview:-1\" \/>\n<link rel=\"canonical\" href=\"https:\/\/www.aspb.cat\/es\/areas\/drogodependencias\/centres-datencio-seguiment-barcelona\/\" \/>\n<meta property=\"og:locale\" content=\"es_ES\" \/>\n<meta property=\"og:type\" content=\"article\" \/>\n<meta property=\"og:title\" content=\"Centros de atenci\u00f3n y seguimiento (CAS)\" \/>\n<meta property=\"og:description\" content=\"La ciudad de Barcelona tiene un modelo de atenci\u00f3n a las drogodependencias integral que incluye [&hellip;]\" \/>\n<meta property=\"og:url\" content=\"https:\/\/www.aspb.cat\/es\/areas\/drogodependencias\/centres-datencio-seguiment-barcelona\/\" \/>\n<meta property=\"og:site_name\" content=\"ASPB\" \/>\n<meta property=\"article:publisher\" content=\"https:\/\/www.facebook.com\/salutpublicabcn\" \/>\n<meta property=\"article:modified_time\" content=\"2024-05-13T08:22:58+00:00\" \/>\n<meta name=\"twitter:card\" content=\"summary_large_image\" \/>\n<meta name=\"twitter:site\" content=\"@salutpublicabcn\" \/>\n<meta name=\"twitter:label1\" content=\"Tiempo de lectura\" \/>\n\t<meta name=\"twitter:data1\" content=\"2 minutos\" \/>\n<script type=\"application\/ld+json\" class=\"yoast-schema-graph\">{\"@context\":\"https:\\\/\\\/schema.org\",\"@graph\":[{\"@type\":\"WebPage\",\"@id\":\"https:\\\/\\\/www.aspb.cat\\\/es\\\/areas\\\/drogodependencias\\\/centres-datencio-seguiment-barcelona\\\/\",\"url\":\"https:\\\/\\\/www.aspb.cat\\\/es\\\/areas\\\/drogodependencias\\\/centres-datencio-seguiment-barcelona\\\/\",\"name\":\"Centros de atenci\u00f3n y seguimiento (CAS) - ASPB\",\"isPartOf\":{\"@id\":\"https:\\\/\\\/www.aspb.cat\\\/#website\"},\"datePublished\":\"2016-07-12T11:12:18+00:00\",\"dateModified\":\"2024-05-13T08:22:58+00:00\",\"breadcrumb\":{\"@id\":\"https:\\\/\\\/www.aspb.cat\\\/es\\\/areas\\\/drogodependencias\\\/centres-datencio-seguiment-barcelona\\\/#breadcrumb\"},\"inLanguage\":\"es\",\"potentialAction\":[{\"@type\":\"ReadAction\",\"target\":[\"https:\\\/\\\/www.aspb.cat\\\/es\\\/areas\\\/drogodependencias\\\/centres-datencio-seguiment-barcelona\\\/\"]}]},{\"@type\":\"BreadcrumbList\",\"@id\":\"https:\\\/\\\/www.aspb.cat\\\/es\\\/areas\\\/drogodependencias\\\/centres-datencio-seguiment-barcelona\\\/#breadcrumb\",\"itemListElement\":[{\"@type\":\"ListItem\",\"position\":1,\"name\":\"Inici\",\"item\":\"https:\\\/\\\/www.aspb.cat\\\/es\\\/\"},{\"@type\":\"ListItem\",\"position\":2,\"name\":\"\u00c1reas\",\"item\":\"https:\\\/\\\/www.aspb.cat\\\/es\\\/areas\\\/\"},{\"@type\":\"ListItem\",\"position\":3,\"name\":\"Drogodependencias\",\"item\":\"https:\\\/\\\/www.aspb.cat\\\/es\\\/areas\\\/drogodependencias\\\/\"},{\"@type\":\"ListItem\",\"position\":4,\"name\":\"Centros de atenci\u00f3n y seguimiento (CAS)\"}]},{\"@type\":\"WebSite\",\"@id\":\"https:\\\/\\\/www.aspb.cat\\\/#website\",\"url\":\"https:\\\/\\\/www.aspb.cat\\\/\",\"name\":\"ASPB\",\"description\":\"Just another WordPress site\",\"potentialAction\":[{\"@type\":\"SearchAction\",\"target\":{\"@type\":\"EntryPoint\",\"urlTemplate\":\"https:\\\/\\\/www.aspb.cat\\\/?s={search_term_string}\"},\"query-input\":{\"@type\":\"PropertyValueSpecification\",\"valueRequired\":true,\"valueName\":\"search_term_string\"}}],\"inLanguage\":\"es\"}]}<\/script>\n<!-- \/ Yoast SEO Premium plugin. -->","yoast_head_json":{"title":"Centros de atenci\u00f3n y seguimiento (CAS) - ASPB","robots":{"index":"index","follow":"follow","max-snippet":"max-snippet:-1","max-image-preview":"max-image-preview:large","max-video-preview":"max-video-preview:-1"},"canonical":"https:\/\/www.aspb.cat\/es\/areas\/drogodependencias\/centres-datencio-seguiment-barcelona\/","og_locale":"es_ES","og_type":"article","og_title":"Centros de atenci\u00f3n y seguimiento (CAS)","og_description":"La ciudad de Barcelona tiene un modelo de atenci\u00f3n a las drogodependencias integral que incluye [&hellip;]","og_url":"https:\/\/www.aspb.cat\/es\/areas\/drogodependencias\/centres-datencio-seguiment-barcelona\/","og_site_name":"ASPB","article_publisher":"https:\/\/www.facebook.com\/salutpublicabcn","article_modified_time":"2024-05-13T08:22:58+00:00","twitter_card":"summary_large_image","twitter_site":"@salutpublicabcn","twitter_misc":{"Tiempo de lectura":"2 minutos"},"schema":{"@context":"https:\/\/schema.org","@graph":[{"@type":"WebPage","@id":"https:\/\/www.aspb.cat\/es\/areas\/drogodependencias\/centres-datencio-seguiment-barcelona\/","url":"https:\/\/www.aspb.cat\/es\/areas\/drogodependencias\/centres-datencio-seguiment-barcelona\/","name":"Centros de atenci\u00f3n y seguimiento (CAS) - ASPB","isPartOf":{"@id":"https:\/\/www.aspb.cat\/#website"},"datePublished":"2016-07-12T11:12:18+00:00","dateModified":"2024-05-13T08:22:58+00:00","breadcrumb":{"@id":"https:\/\/www.aspb.cat\/es\/areas\/drogodependencias\/centres-datencio-seguiment-barcelona\/#breadcrumb"},"inLanguage":"es","potentialAction":[{"@type":"ReadAction","target":["https:\/\/www.aspb.cat\/es\/areas\/drogodependencias\/centres-datencio-seguiment-barcelona\/"]}]},{"@type":"BreadcrumbList","@id":"https:\/\/www.aspb.cat\/es\/areas\/drogodependencias\/centres-datencio-seguiment-barcelona\/#breadcrumb","itemListElement":[{"@type":"ListItem","position":1,"name":"Inici","item":"https:\/\/www.aspb.cat\/es\/"},{"@type":"ListItem","position":2,"name":"\u00c1reas","item":"https:\/\/www.aspb.cat\/es\/areas\/"},{"@type":"ListItem","position":3,"name":"Drogodependencias","item":"https:\/\/www.aspb.cat\/es\/areas\/drogodependencias\/"},{"@type":"ListItem","position":4,"name":"Centros de atenci\u00f3n y seguimiento (CAS)"}]},{"@type":"WebSite","@id":"https:\/\/www.aspb.cat\/#website","url":"https:\/\/www.aspb.cat\/","name":"ASPB","description":"Just another WordPress site","potentialAction":[{"@type":"SearchAction","target":{"@type":"EntryPoint","urlTemplate":"https:\/\/www.aspb.cat\/?s={search_term_string}"},"query-input":{"@type":"PropertyValueSpecification","valueRequired":true,"valueName":"search_term_string"}}],"inLanguage":"es"}]}},"_links":{"self":[{"href":"https:\/\/www.aspb.cat\/es\/wp-json\/wp\/v2\/pages\/7420","targetHints":{"allow":["GET"]}}],"collection":[{"href":"https:\/\/www.aspb.cat\/es\/wp-json\/wp\/v2\/pages"}],"about":[{"href":"https:\/\/www.aspb.cat\/es\/wp-json\/wp\/v2\/types\/page"}],"author":[{"embeddable":true,"href":"https:\/\/www.aspb.cat\/es\/wp-json\/wp\/v2\/users\/21"}],"replies":[{"embeddable":true,"href":"https:\/\/www.aspb.cat\/es\/wp-json\/wp\/v2\/comments?post=7420"}],"version-history":[{"count":5,"href":"https:\/\/www.aspb.cat\/es\/wp-json\/wp\/v2\/pages\/7420\/revisions"}],"predecessor-version":[{"id":54641,"href":"https:\/\/www.aspb.cat\/es\/wp-json\/wp\/v2\/pages\/7420\/revisions\/54641"}],"up":[{"embeddable":true,"href":"https:\/\/www.aspb.cat\/es\/wp-json\/wp\/v2\/pages\/4243"}],"wp:attachment":[{"href":"https:\/\/www.aspb.cat\/es\/wp-json\/wp\/v2\/media?parent=7420"}],"curies":[{"name":"wp","href":"https:\/\/api.w.org\/{rel}","templated":true}]}}