{"id":7418,"date":"2016-03-14T13:01:34","date_gmt":"2016-03-14T13:01:34","guid":{"rendered":"https:\/\/www.aspb.cat\/areas\/drogodependencias\/reduccio-de-danys\/"},"modified":"2022-01-31T16:47:21","modified_gmt":"2022-01-31T16:47:21","slug":"reduccio-de-danys","status":"publish","type":"page","link":"https:\/\/www.aspb.cat\/es\/areas\/drogodependencias\/reduccio-de-danys\/","title":{"rendered":"Reducci\u00f3n de da\u00f1os"},"content":{"rendered":"<p>Los programas e intervenciones de reducci\u00f3n de da\u00f1os son servicios dirigidos a reducir los efectos negativos del consumo activo de drogas sobre la salud individual y colectiva. Se centran en la reducci\u00f3n de riesgos en las personas que no pueden abandonar el consumo de drogas o est\u00e1n en las primeras fases de su tratamiento.<\/p>\n<p>B\u00e1sicamente hay dos tipos de programas: los que se concentran en el <strong>intercambio de jeringuillas<\/strong> y los que se realizan en <strong>espacios de atenci\u00f3n sociosanitaria<\/strong>.<\/p>\n<p><strong>Programas de intercambio de jeringuillas (PIX)<\/strong><\/p>\n<p>Son programas que facilitan material de inyecci\u00f3n est\u00e9ril, preservativos y otros servicios a los usuarios de drogas por v\u00eda parenteral y recogen jeringas usadas. El objetivo es reducir el riesgo de infecciones asociadas al uso de drogas por v\u00eda endovenosa. Tambi\u00e9n realizan actividades de educaci\u00f3n sanitaria y estimulan la conexi\u00f3n con la red asistencial. Se pueden llevar a cabo en los centros sociosanitarios de reducci\u00f3n de da\u00f1os, en la calle, en las farmacias y en los centros de atenci\u00f3n primaria (CAP) vinculados.<\/p>\n<p><strong>Espacios de atenci\u00f3n sociosanitaria de reducci\u00f3n de da\u00f1os (REDAN)<\/strong><\/p>\n<p>Los centros de reducci\u00f3n de da\u00f1os facilitan el contacto de los profesionales con usuarios de drogas ilegales en activo, algunos en situaci\u00f3n de exclusi\u00f3n y marginaci\u00f3n. As\u00ed se pueden abordar sus necesidades m\u00e9dicas, psicol\u00f3gicas y sociales. Disponen de equipos multidisciplinarios y ofrecen educaci\u00f3n sanitaria, intercambio de jeringas, distribuci\u00f3n de preservativos, prestaciones sociales y sanitarias, y, en algunos casos, espacio de venopunci\u00f3n asistida. Algunos son monogr\u00e1ficos y otros est\u00e1n integrados en CAS o centros de tratamiento.<\/p>\n<p><a href=\"https:\/\/www.google.com\/maps\/d\/u\/0\/viewer?mid=1Qe_szKNUPvBw8b_LnfU4xPBNpwU\">Ver mapa de recursos REDAN<\/a><\/p>\n","protected":false},"excerpt":{"rendered":"<p>Los programas e intervenciones de reducci\u00f3n de da\u00f1os son servicios dirigidos a reducir los efectos [&hellip;]\n","protected":false},"author":3,"featured_media":30127,"parent":4243,"menu_order":196,"comment_status":"closed","ping_status":"closed","template":"","meta":{"_acf_changed":false,"_monsterinsights_skip_tracking":false,"_monsterinsights_sitenote_active":false,"_monsterinsights_sitenote_note":"","_monsterinsights_sitenote_category":0,"footnotes":""},"class_list":["post-7418","page","type-page","status-publish","has-post-thumbnail","hentry","publish","author-as20pb16-x22","impar","primero"],"acf":[],"yoast_head":"<!-- This site is optimized with the Yoast SEO Premium plugin v27.5 (Yoast SEO v27.5) - https:\/\/yoast.com\/product\/yoast-seo-premium-wordpress\/ -->\n<title>Reducci\u00f3n de da\u00f1os - ASPB<\/title>\n<meta name=\"robots\" content=\"index, follow, max-snippet:-1, max-image-preview:large, max-video-preview:-1\" \/>\n<link rel=\"canonical\" href=\"https:\/\/www.aspb.cat\/es\/areas\/drogodependencias\/reduccio-de-danys\/\" \/>\n<meta property=\"og:locale\" content=\"es_ES\" \/>\n<meta property=\"og:type\" content=\"article\" \/>\n<meta property=\"og:title\" content=\"Reducci\u00f3n de da\u00f1os\" \/>\n<meta property=\"og:description\" content=\"Los programas e intervenciones de reducci\u00f3n de da\u00f1os son servicios dirigidos a reducir los efectos [&hellip;]\" \/>\n<meta property=\"og:url\" content=\"https:\/\/www.aspb.cat\/es\/areas\/drogodependencias\/reduccio-de-danys\/\" \/>\n<meta property=\"og:site_name\" content=\"ASPB\" \/>\n<meta property=\"article:publisher\" content=\"https:\/\/www.facebook.com\/salutpublicabcn\" \/>\n<meta property=\"article:modified_time\" content=\"2022-01-31T16:47:21+00:00\" \/>\n<meta property=\"og:image\" content=\"https:\/\/www.aspb.cat\/wp-content\/uploads\/2016\/03\/reduccio_danys.jpg\" \/>\n\t<meta property=\"og:image:width\" content=\"617\" \/>\n\t<meta property=\"og:image:height\" content=\"411\" \/>\n\t<meta property=\"og:image:type\" content=\"image\/jpeg\" \/>\n<meta name=\"twitter:card\" content=\"summary_large_image\" \/>\n<meta name=\"twitter:site\" content=\"@salutpublicabcn\" \/>\n<meta name=\"twitter:label1\" content=\"Tiempo de lectura\" \/>\n\t<meta name=\"twitter:data1\" content=\"2 minutos\" \/>\n<script type=\"application\/ld+json\" class=\"yoast-schema-graph\">{\"@context\":\"https:\\\/\\\/schema.org\",\"@graph\":[{\"@type\":\"WebPage\",\"@id\":\"https:\\\/\\\/www.aspb.cat\\\/es\\\/areas\\\/drogodependencias\\\/reduccio-de-danys\\\/\",\"url\":\"https:\\\/\\\/www.aspb.cat\\\/es\\\/areas\\\/drogodependencias\\\/reduccio-de-danys\\\/\",\"name\":\"Reducci\u00f3n de da\u00f1os - ASPB\",\"isPartOf\":{\"@id\":\"https:\\\/\\\/www.aspb.cat\\\/#website\"},\"primaryImageOfPage\":{\"@id\":\"https:\\\/\\\/www.aspb.cat\\\/es\\\/areas\\\/drogodependencias\\\/reduccio-de-danys\\\/#primaryimage\"},\"image\":{\"@id\":\"https:\\\/\\\/www.aspb.cat\\\/es\\\/areas\\\/drogodependencias\\\/reduccio-de-danys\\\/#primaryimage\"},\"thumbnailUrl\":\"https:\\\/\\\/www.aspb.cat\\\/wp-content\\\/uploads\\\/2016\\\/03\\\/reduccio_danys.jpg\",\"datePublished\":\"2016-03-14T13:01:34+00:00\",\"dateModified\":\"2022-01-31T16:47:21+00:00\",\"breadcrumb\":{\"@id\":\"https:\\\/\\\/www.aspb.cat\\\/es\\\/areas\\\/drogodependencias\\\/reduccio-de-danys\\\/#breadcrumb\"},\"inLanguage\":\"es\",\"potentialAction\":[{\"@type\":\"ReadAction\",\"target\":[\"https:\\\/\\\/www.aspb.cat\\\/es\\\/areas\\\/drogodependencias\\\/reduccio-de-danys\\\/\"]}]},{\"@type\":\"ImageObject\",\"inLanguage\":\"es\",\"@id\":\"https:\\\/\\\/www.aspb.cat\\\/es\\\/areas\\\/drogodependencias\\\/reduccio-de-danys\\\/#primaryimage\",\"url\":\"https:\\\/\\\/www.aspb.cat\\\/wp-content\\\/uploads\\\/2016\\\/03\\\/reduccio_danys.jpg\",\"contentUrl\":\"https:\\\/\\\/www.aspb.cat\\\/wp-content\\\/uploads\\\/2016\\\/03\\\/reduccio_danys.jpg\",\"width\":617,\"height\":411},{\"@type\":\"BreadcrumbList\",\"@id\":\"https:\\\/\\\/www.aspb.cat\\\/es\\\/areas\\\/drogodependencias\\\/reduccio-de-danys\\\/#breadcrumb\",\"itemListElement\":[{\"@type\":\"ListItem\",\"position\":1,\"name\":\"Inici\",\"item\":\"https:\\\/\\\/www.aspb.cat\\\/es\\\/\"},{\"@type\":\"ListItem\",\"position\":2,\"name\":\"\u00c1reas\",\"item\":\"https:\\\/\\\/www.aspb.cat\\\/es\\\/areas\\\/\"},{\"@type\":\"ListItem\",\"position\":3,\"name\":\"Drogodependencias\",\"item\":\"https:\\\/\\\/www.aspb.cat\\\/es\\\/areas\\\/drogodependencias\\\/\"},{\"@type\":\"ListItem\",\"position\":4,\"name\":\"Reducci\u00f3n de da\u00f1os\"}]},{\"@type\":\"WebSite\",\"@id\":\"https:\\\/\\\/www.aspb.cat\\\/#website\",\"url\":\"https:\\\/\\\/www.aspb.cat\\\/\",\"name\":\"ASPB\",\"description\":\"Just another WordPress site\",\"potentialAction\":[{\"@type\":\"SearchAction\",\"target\":{\"@type\":\"EntryPoint\",\"urlTemplate\":\"https:\\\/\\\/www.aspb.cat\\\/?s={search_term_string}\"},\"query-input\":{\"@type\":\"PropertyValueSpecification\",\"valueRequired\":true,\"valueName\":\"search_term_string\"}}],\"inLanguage\":\"es\"}]}<\/script>\n<!-- \/ Yoast SEO Premium plugin. -->","yoast_head_json":{"title":"Reducci\u00f3n de da\u00f1os - ASPB","robots":{"index":"index","follow":"follow","max-snippet":"max-snippet:-1","max-image-preview":"max-image-preview:large","max-video-preview":"max-video-preview:-1"},"canonical":"https:\/\/www.aspb.cat\/es\/areas\/drogodependencias\/reduccio-de-danys\/","og_locale":"es_ES","og_type":"article","og_title":"Reducci\u00f3n de da\u00f1os","og_description":"Los programas e intervenciones de reducci\u00f3n de da\u00f1os son servicios dirigidos a reducir los efectos [&hellip;]","og_url":"https:\/\/www.aspb.cat\/es\/areas\/drogodependencias\/reduccio-de-danys\/","og_site_name":"ASPB","article_publisher":"https:\/\/www.facebook.com\/salutpublicabcn","article_modified_time":"2022-01-31T16:47:21+00:00","og_image":[{"width":617,"height":411,"url":"https:\/\/www.aspb.cat\/wp-content\/uploads\/2016\/03\/reduccio_danys.jpg","type":"image\/jpeg"}],"twitter_card":"summary_large_image","twitter_site":"@salutpublicabcn","twitter_misc":{"Tiempo de lectura":"2 minutos"},"schema":{"@context":"https:\/\/schema.org","@graph":[{"@type":"WebPage","@id":"https:\/\/www.aspb.cat\/es\/areas\/drogodependencias\/reduccio-de-danys\/","url":"https:\/\/www.aspb.cat\/es\/areas\/drogodependencias\/reduccio-de-danys\/","name":"Reducci\u00f3n de da\u00f1os - ASPB","isPartOf":{"@id":"https:\/\/www.aspb.cat\/#website"},"primaryImageOfPage":{"@id":"https:\/\/www.aspb.cat\/es\/areas\/drogodependencias\/reduccio-de-danys\/#primaryimage"},"image":{"@id":"https:\/\/www.aspb.cat\/es\/areas\/drogodependencias\/reduccio-de-danys\/#primaryimage"},"thumbnailUrl":"https:\/\/www.aspb.cat\/wp-content\/uploads\/2016\/03\/reduccio_danys.jpg","datePublished":"2016-03-14T13:01:34+00:00","dateModified":"2022-01-31T16:47:21+00:00","breadcrumb":{"@id":"https:\/\/www.aspb.cat\/es\/areas\/drogodependencias\/reduccio-de-danys\/#breadcrumb"},"inLanguage":"es","potentialAction":[{"@type":"ReadAction","target":["https:\/\/www.aspb.cat\/es\/areas\/drogodependencias\/reduccio-de-danys\/"]}]},{"@type":"ImageObject","inLanguage":"es","@id":"https:\/\/www.aspb.cat\/es\/areas\/drogodependencias\/reduccio-de-danys\/#primaryimage","url":"https:\/\/www.aspb.cat\/wp-content\/uploads\/2016\/03\/reduccio_danys.jpg","contentUrl":"https:\/\/www.aspb.cat\/wp-content\/uploads\/2016\/03\/reduccio_danys.jpg","width":617,"height":411},{"@type":"BreadcrumbList","@id":"https:\/\/www.aspb.cat\/es\/areas\/drogodependencias\/reduccio-de-danys\/#breadcrumb","itemListElement":[{"@type":"ListItem","position":1,"name":"Inici","item":"https:\/\/www.aspb.cat\/es\/"},{"@type":"ListItem","position":2,"name":"\u00c1reas","item":"https:\/\/www.aspb.cat\/es\/areas\/"},{"@type":"ListItem","position":3,"name":"Drogodependencias","item":"https:\/\/www.aspb.cat\/es\/areas\/drogodependencias\/"},{"@type":"ListItem","position":4,"name":"Reducci\u00f3n de da\u00f1os"}]},{"@type":"WebSite","@id":"https:\/\/www.aspb.cat\/#website","url":"https:\/\/www.aspb.cat\/","name":"ASPB","description":"Just another WordPress site","potentialAction":[{"@type":"SearchAction","target":{"@type":"EntryPoint","urlTemplate":"https:\/\/www.aspb.cat\/?s={search_term_string}"},"query-input":{"@type":"PropertyValueSpecification","valueRequired":true,"valueName":"search_term_string"}}],"inLanguage":"es"}]}},"_links":{"self":[{"href":"https:\/\/www.aspb.cat\/es\/wp-json\/wp\/v2\/pages\/7418","targetHints":{"allow":["GET"]}}],"collection":[{"href":"https:\/\/www.aspb.cat\/es\/wp-json\/wp\/v2\/pages"}],"about":[{"href":"https:\/\/www.aspb.cat\/es\/wp-json\/wp\/v2\/types\/page"}],"author":[{"embeddable":true,"href":"https:\/\/www.aspb.cat\/es\/wp-json\/wp\/v2\/users\/3"}],"replies":[{"embeddable":true,"href":"https:\/\/www.aspb.cat\/es\/wp-json\/wp\/v2\/comments?post=7418"}],"version-history":[{"count":2,"href":"https:\/\/www.aspb.cat\/es\/wp-json\/wp\/v2\/pages\/7418\/revisions"}],"predecessor-version":[{"id":30126,"href":"https:\/\/www.aspb.cat\/es\/wp-json\/wp\/v2\/pages\/7418\/revisions\/30126"}],"up":[{"embeddable":true,"href":"https:\/\/www.aspb.cat\/es\/wp-json\/wp\/v2\/pages\/4243"}],"wp:featuredmedia":[{"embeddable":true,"href":"https:\/\/www.aspb.cat\/es\/wp-json\/wp\/v2\/media\/30127"}],"wp:attachment":[{"href":"https:\/\/www.aspb.cat\/es\/wp-json\/wp\/v2\/media?parent=7418"}],"curies":[{"name":"wp","href":"https:\/\/api.w.org\/{rel}","templated":true}]}}