{"id":7417,"date":"2016-03-14T13:01:03","date_gmt":"2016-03-14T13:01:03","guid":{"rendered":"https:\/\/www.aspb.cat\/areas\/drogodependencias\/tractament-a-adults\/"},"modified":"2022-01-31T16:47:21","modified_gmt":"2022-01-31T16:47:21","slug":"tractament-a-adults","status":"publish","type":"page","link":"https:\/\/www.aspb.cat\/es\/areas\/drogodependencias\/tractament-a-adults\/","title":{"rendered":"Tratamiento a adultos"},"content":{"rendered":"<p>Los centros de atenci\u00f3n y seguimiento (CAS) atienden a los pacientes con drogodependencia de cualquier tipo de sustancia (alcohol, hero\u00edna, coca\u00edna&#8230;) y ofrecen varias opciones de tratamiento: deshabituaci\u00f3n, programas de mantenimiento con metadona, etc. Proponen tambi\u00e9n talleres y programas educativos y de reinserci\u00f3n. Los familiares de pacientes encontrar\u00e1n all\u00ed informaci\u00f3n, asesoramiento o tratamiento.<\/p>\n<p>Estos centros son la puerta de entrada al tratamiento especializado que ofrece la Red de Atenci\u00f3n a las Drogodependencias. Est\u00e1n sectorizados territorialmente y act\u00faan como referencia para la red asistencial y social. Disponen de equipos profesionales multidisciplinarios (medicina, enfermer\u00eda, psicolog\u00eda, trabajo social, educaci\u00f3n) que ofrecen un abordaje biopsicosocial de la dependencia a las drogas, y acuerdan con los usuarios la modalidad de tratamiento m\u00e1s indicada en cada caso.<\/p>\n","protected":false},"excerpt":{"rendered":"<p>Los centros de atenci\u00f3n y seguimiento (CAS) atienden a los pacientes con drogodependencia de cualquier [&hellip;]\n","protected":false},"author":3,"featured_media":39815,"parent":4243,"menu_order":163,"comment_status":"closed","ping_status":"closed","template":"","meta":{"_acf_changed":false,"_monsterinsights_skip_tracking":false,"_monsterinsights_sitenote_active":false,"_monsterinsights_sitenote_note":"","_monsterinsights_sitenote_category":0,"footnotes":""},"class_list":["post-7417","page","type-page","status-publish","has-post-thumbnail","hentry","publish","author-as20pb16-x22","impar","primero"],"acf":[],"yoast_head":"<!-- This site is optimized with the Yoast SEO Premium plugin v27.5 (Yoast SEO v27.5) - https:\/\/yoast.com\/product\/yoast-seo-premium-wordpress\/ -->\n<title>Tratamiento a adultos - ASPB<\/title>\n<meta name=\"robots\" content=\"index, follow, max-snippet:-1, max-image-preview:large, max-video-preview:-1\" \/>\n<link rel=\"canonical\" href=\"https:\/\/www.aspb.cat\/es\/areas\/drogodependencias\/tractament-a-adults\/\" \/>\n<meta property=\"og:locale\" content=\"es_ES\" \/>\n<meta property=\"og:type\" content=\"article\" \/>\n<meta property=\"og:title\" content=\"Tratamiento a adultos\" \/>\n<meta property=\"og:description\" content=\"Los centros de atenci\u00f3n y seguimiento (CAS) atienden a los pacientes con drogodependencia de cualquier [&hellip;]\" \/>\n<meta property=\"og:url\" content=\"https:\/\/www.aspb.cat\/es\/areas\/drogodependencias\/tractament-a-adults\/\" \/>\n<meta property=\"og:site_name\" content=\"ASPB\" \/>\n<meta property=\"article:publisher\" content=\"https:\/\/www.facebook.com\/salutpublicabcn\" \/>\n<meta property=\"article:modified_time\" content=\"2022-01-31T16:47:21+00:00\" \/>\n<meta property=\"og:image\" content=\"https:\/\/www.aspb.cat\/wp-content\/uploads\/2016\/03\/tractament_adults.jpg\" \/>\n\t<meta property=\"og:image:width\" content=\"938\" \/>\n\t<meta property=\"og:image:height\" content=\"626\" \/>\n\t<meta property=\"og:image:type\" content=\"image\/jpeg\" \/>\n<meta name=\"twitter:card\" content=\"summary_large_image\" \/>\n<meta name=\"twitter:site\" content=\"@salutpublicabcn\" \/>\n<meta name=\"twitter:label1\" content=\"Tiempo de lectura\" \/>\n\t<meta name=\"twitter:data1\" content=\"1 minuto\" \/>\n<script type=\"application\/ld+json\" class=\"yoast-schema-graph\">{\"@context\":\"https:\\\/\\\/schema.org\",\"@graph\":[{\"@type\":\"WebPage\",\"@id\":\"https:\\\/\\\/www.aspb.cat\\\/es\\\/areas\\\/drogodependencias\\\/tractament-a-adults\\\/\",\"url\":\"https:\\\/\\\/www.aspb.cat\\\/es\\\/areas\\\/drogodependencias\\\/tractament-a-adults\\\/\",\"name\":\"Tratamiento a adultos - ASPB\",\"isPartOf\":{\"@id\":\"https:\\\/\\\/www.aspb.cat\\\/#website\"},\"primaryImageOfPage\":{\"@id\":\"https:\\\/\\\/www.aspb.cat\\\/es\\\/areas\\\/drogodependencias\\\/tractament-a-adults\\\/#primaryimage\"},\"image\":{\"@id\":\"https:\\\/\\\/www.aspb.cat\\\/es\\\/areas\\\/drogodependencias\\\/tractament-a-adults\\\/#primaryimage\"},\"thumbnailUrl\":\"https:\\\/\\\/www.aspb.cat\\\/wp-content\\\/uploads\\\/2016\\\/03\\\/tractament_adults.jpg\",\"datePublished\":\"2016-03-14T13:01:03+00:00\",\"dateModified\":\"2022-01-31T16:47:21+00:00\",\"breadcrumb\":{\"@id\":\"https:\\\/\\\/www.aspb.cat\\\/es\\\/areas\\\/drogodependencias\\\/tractament-a-adults\\\/#breadcrumb\"},\"inLanguage\":\"es\",\"potentialAction\":[{\"@type\":\"ReadAction\",\"target\":[\"https:\\\/\\\/www.aspb.cat\\\/es\\\/areas\\\/drogodependencias\\\/tractament-a-adults\\\/\"]}]},{\"@type\":\"ImageObject\",\"inLanguage\":\"es\",\"@id\":\"https:\\\/\\\/www.aspb.cat\\\/es\\\/areas\\\/drogodependencias\\\/tractament-a-adults\\\/#primaryimage\",\"url\":\"https:\\\/\\\/www.aspb.cat\\\/wp-content\\\/uploads\\\/2016\\\/03\\\/tractament_adults.jpg\",\"contentUrl\":\"https:\\\/\\\/www.aspb.cat\\\/wp-content\\\/uploads\\\/2016\\\/03\\\/tractament_adults.jpg\",\"width\":938,\"height\":626},{\"@type\":\"BreadcrumbList\",\"@id\":\"https:\\\/\\\/www.aspb.cat\\\/es\\\/areas\\\/drogodependencias\\\/tractament-a-adults\\\/#breadcrumb\",\"itemListElement\":[{\"@type\":\"ListItem\",\"position\":1,\"name\":\"Inici\",\"item\":\"https:\\\/\\\/www.aspb.cat\\\/es\\\/\"},{\"@type\":\"ListItem\",\"position\":2,\"name\":\"\u00c1reas\",\"item\":\"https:\\\/\\\/www.aspb.cat\\\/es\\\/areas\\\/\"},{\"@type\":\"ListItem\",\"position\":3,\"name\":\"Drogodependencias\",\"item\":\"https:\\\/\\\/www.aspb.cat\\\/es\\\/areas\\\/drogodependencias\\\/\"},{\"@type\":\"ListItem\",\"position\":4,\"name\":\"Tratamiento a adultos\"}]},{\"@type\":\"WebSite\",\"@id\":\"https:\\\/\\\/www.aspb.cat\\\/#website\",\"url\":\"https:\\\/\\\/www.aspb.cat\\\/\",\"name\":\"ASPB\",\"description\":\"Just another WordPress site\",\"potentialAction\":[{\"@type\":\"SearchAction\",\"target\":{\"@type\":\"EntryPoint\",\"urlTemplate\":\"https:\\\/\\\/www.aspb.cat\\\/?s={search_term_string}\"},\"query-input\":{\"@type\":\"PropertyValueSpecification\",\"valueRequired\":true,\"valueName\":\"search_term_string\"}}],\"inLanguage\":\"es\"}]}<\/script>\n<!-- \/ Yoast SEO Premium plugin. -->","yoast_head_json":{"title":"Tratamiento a adultos - ASPB","robots":{"index":"index","follow":"follow","max-snippet":"max-snippet:-1","max-image-preview":"max-image-preview:large","max-video-preview":"max-video-preview:-1"},"canonical":"https:\/\/www.aspb.cat\/es\/areas\/drogodependencias\/tractament-a-adults\/","og_locale":"es_ES","og_type":"article","og_title":"Tratamiento a adultos","og_description":"Los centros de atenci\u00f3n y seguimiento (CAS) atienden a los pacientes con drogodependencia de cualquier [&hellip;]","og_url":"https:\/\/www.aspb.cat\/es\/areas\/drogodependencias\/tractament-a-adults\/","og_site_name":"ASPB","article_publisher":"https:\/\/www.facebook.com\/salutpublicabcn","article_modified_time":"2022-01-31T16:47:21+00:00","og_image":[{"width":938,"height":626,"url":"https:\/\/www.aspb.cat\/wp-content\/uploads\/2016\/03\/tractament_adults.jpg","type":"image\/jpeg"}],"twitter_card":"summary_large_image","twitter_site":"@salutpublicabcn","twitter_misc":{"Tiempo de lectura":"1 minuto"},"schema":{"@context":"https:\/\/schema.org","@graph":[{"@type":"WebPage","@id":"https:\/\/www.aspb.cat\/es\/areas\/drogodependencias\/tractament-a-adults\/","url":"https:\/\/www.aspb.cat\/es\/areas\/drogodependencias\/tractament-a-adults\/","name":"Tratamiento a adultos - ASPB","isPartOf":{"@id":"https:\/\/www.aspb.cat\/#website"},"primaryImageOfPage":{"@id":"https:\/\/www.aspb.cat\/es\/areas\/drogodependencias\/tractament-a-adults\/#primaryimage"},"image":{"@id":"https:\/\/www.aspb.cat\/es\/areas\/drogodependencias\/tractament-a-adults\/#primaryimage"},"thumbnailUrl":"https:\/\/www.aspb.cat\/wp-content\/uploads\/2016\/03\/tractament_adults.jpg","datePublished":"2016-03-14T13:01:03+00:00","dateModified":"2022-01-31T16:47:21+00:00","breadcrumb":{"@id":"https:\/\/www.aspb.cat\/es\/areas\/drogodependencias\/tractament-a-adults\/#breadcrumb"},"inLanguage":"es","potentialAction":[{"@type":"ReadAction","target":["https:\/\/www.aspb.cat\/es\/areas\/drogodependencias\/tractament-a-adults\/"]}]},{"@type":"ImageObject","inLanguage":"es","@id":"https:\/\/www.aspb.cat\/es\/areas\/drogodependencias\/tractament-a-adults\/#primaryimage","url":"https:\/\/www.aspb.cat\/wp-content\/uploads\/2016\/03\/tractament_adults.jpg","contentUrl":"https:\/\/www.aspb.cat\/wp-content\/uploads\/2016\/03\/tractament_adults.jpg","width":938,"height":626},{"@type":"BreadcrumbList","@id":"https:\/\/www.aspb.cat\/es\/areas\/drogodependencias\/tractament-a-adults\/#breadcrumb","itemListElement":[{"@type":"ListItem","position":1,"name":"Inici","item":"https:\/\/www.aspb.cat\/es\/"},{"@type":"ListItem","position":2,"name":"\u00c1reas","item":"https:\/\/www.aspb.cat\/es\/areas\/"},{"@type":"ListItem","position":3,"name":"Drogodependencias","item":"https:\/\/www.aspb.cat\/es\/areas\/drogodependencias\/"},{"@type":"ListItem","position":4,"name":"Tratamiento a adultos"}]},{"@type":"WebSite","@id":"https:\/\/www.aspb.cat\/#website","url":"https:\/\/www.aspb.cat\/","name":"ASPB","description":"Just another WordPress site","potentialAction":[{"@type":"SearchAction","target":{"@type":"EntryPoint","urlTemplate":"https:\/\/www.aspb.cat\/?s={search_term_string}"},"query-input":{"@type":"PropertyValueSpecification","valueRequired":true,"valueName":"search_term_string"}}],"inLanguage":"es"}]}},"_links":{"self":[{"href":"https:\/\/www.aspb.cat\/es\/wp-json\/wp\/v2\/pages\/7417","targetHints":{"allow":["GET"]}}],"collection":[{"href":"https:\/\/www.aspb.cat\/es\/wp-json\/wp\/v2\/pages"}],"about":[{"href":"https:\/\/www.aspb.cat\/es\/wp-json\/wp\/v2\/types\/page"}],"author":[{"embeddable":true,"href":"https:\/\/www.aspb.cat\/es\/wp-json\/wp\/v2\/users\/3"}],"replies":[{"embeddable":true,"href":"https:\/\/www.aspb.cat\/es\/wp-json\/wp\/v2\/comments?post=7417"}],"version-history":[{"count":1,"href":"https:\/\/www.aspb.cat\/es\/wp-json\/wp\/v2\/pages\/7417\/revisions"}],"predecessor-version":[{"id":7428,"href":"https:\/\/www.aspb.cat\/es\/wp-json\/wp\/v2\/pages\/7417\/revisions\/7428"}],"up":[{"embeddable":true,"href":"https:\/\/www.aspb.cat\/es\/wp-json\/wp\/v2\/pages\/4243"}],"wp:featuredmedia":[{"embeddable":true,"href":"https:\/\/www.aspb.cat\/es\/wp-json\/wp\/v2\/media\/39815"}],"wp:attachment":[{"href":"https:\/\/www.aspb.cat\/es\/wp-json\/wp\/v2\/media?parent=7417"}],"curies":[{"name":"wp","href":"https:\/\/api.w.org\/{rel}","templated":true}]}}