{"id":7415,"date":"2016-03-14T12:59:47","date_gmt":"2016-03-14T12:59:47","guid":{"rendered":"https:\/\/www.aspb.cat\/areas\/drogodependencias\/prevencio\/"},"modified":"2022-08-25T08:50:18","modified_gmt":"2022-08-25T08:50:18","slug":"prevencio","status":"publish","type":"page","link":"https:\/\/www.aspb.cat\/es\/areas\/drogodependencias\/prevencio\/","title":{"rendered":"Prevenci\u00f3n"},"content":{"rendered":"<p>En Barcelona se ofrecen programas e intervenciones de prevenci\u00f3n del consumo de drogas desde distintos \u00e1mbitos de actuaci\u00f3n. A continuaci\u00f3n se detalla la informaci\u00f3n referente a los \u00faltimos programas en el \u00e1mbito educativo, que llevan a cabo los propios docentes con el apoyo de la Agencia de Salud P\u00fablica de Barcelona y de los Centros de Recursos Pedag\u00f3gicos. Asimismo, tambi\u00e9n puede acceder a los \u00faltimos informes, materiales divulgativos y materiales de apoyo comunitarios dirigidos a distintas franjas de la poblaci\u00f3n.<\/p>\n","protected":false},"excerpt":{"rendered":"<p>En Barcelona se ofrecen programas e intervenciones de prevenci\u00f3n del consumo de drogas desde distintos [&hellip;]\n","protected":false},"author":3,"featured_media":39813,"parent":4243,"menu_order":93,"comment_status":"closed","ping_status":"closed","template":"","meta":{"_acf_changed":false,"_monsterinsights_skip_tracking":false,"_monsterinsights_sitenote_active":false,"_monsterinsights_sitenote_note":"","_monsterinsights_sitenote_category":0,"footnotes":""},"class_list":["post-7415","page","type-page","status-publish","has-post-thumbnail","hentry","publish","author-as20pb16-x22","impar","primero"],"acf":[],"yoast_head":"<!-- This site is optimized with the Yoast SEO Premium plugin v27.5 (Yoast SEO v27.5) - https:\/\/yoast.com\/product\/yoast-seo-premium-wordpress\/ -->\n<title>Prevenci\u00f3n - ASPB<\/title>\n<meta name=\"robots\" content=\"index, follow, max-snippet:-1, max-image-preview:large, max-video-preview:-1\" \/>\n<link rel=\"canonical\" href=\"https:\/\/www.aspb.cat\/es\/areas\/drogodependencias\/prevencio\/\" \/>\n<meta property=\"og:locale\" content=\"es_ES\" \/>\n<meta property=\"og:type\" content=\"article\" \/>\n<meta property=\"og:title\" content=\"Prevenci\u00f3n\" \/>\n<meta property=\"og:description\" content=\"En Barcelona se ofrecen programas e intervenciones de prevenci\u00f3n del consumo de drogas desde distintos [&hellip;]\" \/>\n<meta property=\"og:url\" content=\"https:\/\/www.aspb.cat\/es\/areas\/drogodependencias\/prevencio\/\" \/>\n<meta property=\"og:site_name\" content=\"ASPB\" \/>\n<meta property=\"article:publisher\" content=\"https:\/\/www.facebook.com\/salutpublicabcn\" \/>\n<meta property=\"article:modified_time\" content=\"2022-08-25T08:50:18+00:00\" \/>\n<meta property=\"og:image\" content=\"https:\/\/www.aspb.cat\/wp-content\/uploads\/2016\/03\/prevencio.jpg\" \/>\n\t<meta property=\"og:image:width\" content=\"721\" \/>\n\t<meta property=\"og:image:height\" content=\"480\" \/>\n\t<meta property=\"og:image:type\" content=\"image\/jpeg\" \/>\n<meta name=\"twitter:card\" content=\"summary_large_image\" \/>\n<meta name=\"twitter:site\" content=\"@salutpublicabcn\" \/>\n<meta name=\"twitter:label1\" content=\"Tiempo de lectura\" \/>\n\t<meta name=\"twitter:data1\" content=\"1 minuto\" \/>\n<script type=\"application\/ld+json\" class=\"yoast-schema-graph\">{\"@context\":\"https:\\\/\\\/schema.org\",\"@graph\":[{\"@type\":\"WebPage\",\"@id\":\"https:\\\/\\\/www.aspb.cat\\\/es\\\/areas\\\/drogodependencias\\\/prevencio\\\/\",\"url\":\"https:\\\/\\\/www.aspb.cat\\\/es\\\/areas\\\/drogodependencias\\\/prevencio\\\/\",\"name\":\"Prevenci\u00f3n - ASPB\",\"isPartOf\":{\"@id\":\"https:\\\/\\\/www.aspb.cat\\\/#website\"},\"primaryImageOfPage\":{\"@id\":\"https:\\\/\\\/www.aspb.cat\\\/es\\\/areas\\\/drogodependencias\\\/prevencio\\\/#primaryimage\"},\"image\":{\"@id\":\"https:\\\/\\\/www.aspb.cat\\\/es\\\/areas\\\/drogodependencias\\\/prevencio\\\/#primaryimage\"},\"thumbnailUrl\":\"https:\\\/\\\/www.aspb.cat\\\/wp-content\\\/uploads\\\/2016\\\/03\\\/prevencio.jpg\",\"datePublished\":\"2016-03-14T12:59:47+00:00\",\"dateModified\":\"2022-08-25T08:50:18+00:00\",\"breadcrumb\":{\"@id\":\"https:\\\/\\\/www.aspb.cat\\\/es\\\/areas\\\/drogodependencias\\\/prevencio\\\/#breadcrumb\"},\"inLanguage\":\"es\",\"potentialAction\":[{\"@type\":\"ReadAction\",\"target\":[\"https:\\\/\\\/www.aspb.cat\\\/es\\\/areas\\\/drogodependencias\\\/prevencio\\\/\"]}]},{\"@type\":\"ImageObject\",\"inLanguage\":\"es\",\"@id\":\"https:\\\/\\\/www.aspb.cat\\\/es\\\/areas\\\/drogodependencias\\\/prevencio\\\/#primaryimage\",\"url\":\"https:\\\/\\\/www.aspb.cat\\\/wp-content\\\/uploads\\\/2016\\\/03\\\/prevencio.jpg\",\"contentUrl\":\"https:\\\/\\\/www.aspb.cat\\\/wp-content\\\/uploads\\\/2016\\\/03\\\/prevencio.jpg\",\"width\":721,\"height\":480},{\"@type\":\"BreadcrumbList\",\"@id\":\"https:\\\/\\\/www.aspb.cat\\\/es\\\/areas\\\/drogodependencias\\\/prevencio\\\/#breadcrumb\",\"itemListElement\":[{\"@type\":\"ListItem\",\"position\":1,\"name\":\"Inici\",\"item\":\"https:\\\/\\\/www.aspb.cat\\\/es\\\/\"},{\"@type\":\"ListItem\",\"position\":2,\"name\":\"\u00c1reas\",\"item\":\"https:\\\/\\\/www.aspb.cat\\\/es\\\/areas\\\/\"},{\"@type\":\"ListItem\",\"position\":3,\"name\":\"Drogodependencias\",\"item\":\"https:\\\/\\\/www.aspb.cat\\\/es\\\/areas\\\/drogodependencias\\\/\"},{\"@type\":\"ListItem\",\"position\":4,\"name\":\"Prevenci\u00f3n\"}]},{\"@type\":\"WebSite\",\"@id\":\"https:\\\/\\\/www.aspb.cat\\\/#website\",\"url\":\"https:\\\/\\\/www.aspb.cat\\\/\",\"name\":\"ASPB\",\"description\":\"Just another WordPress site\",\"potentialAction\":[{\"@type\":\"SearchAction\",\"target\":{\"@type\":\"EntryPoint\",\"urlTemplate\":\"https:\\\/\\\/www.aspb.cat\\\/?s={search_term_string}\"},\"query-input\":{\"@type\":\"PropertyValueSpecification\",\"valueRequired\":true,\"valueName\":\"search_term_string\"}}],\"inLanguage\":\"es\"}]}<\/script>\n<!-- \/ Yoast SEO Premium plugin. -->","yoast_head_json":{"title":"Prevenci\u00f3n - ASPB","robots":{"index":"index","follow":"follow","max-snippet":"max-snippet:-1","max-image-preview":"max-image-preview:large","max-video-preview":"max-video-preview:-1"},"canonical":"https:\/\/www.aspb.cat\/es\/areas\/drogodependencias\/prevencio\/","og_locale":"es_ES","og_type":"article","og_title":"Prevenci\u00f3n","og_description":"En Barcelona se ofrecen programas e intervenciones de prevenci\u00f3n del consumo de drogas desde distintos [&hellip;]","og_url":"https:\/\/www.aspb.cat\/es\/areas\/drogodependencias\/prevencio\/","og_site_name":"ASPB","article_publisher":"https:\/\/www.facebook.com\/salutpublicabcn","article_modified_time":"2022-08-25T08:50:18+00:00","og_image":[{"width":721,"height":480,"url":"https:\/\/www.aspb.cat\/wp-content\/uploads\/2016\/03\/prevencio.jpg","type":"image\/jpeg"}],"twitter_card":"summary_large_image","twitter_site":"@salutpublicabcn","twitter_misc":{"Tiempo de lectura":"1 minuto"},"schema":{"@context":"https:\/\/schema.org","@graph":[{"@type":"WebPage","@id":"https:\/\/www.aspb.cat\/es\/areas\/drogodependencias\/prevencio\/","url":"https:\/\/www.aspb.cat\/es\/areas\/drogodependencias\/prevencio\/","name":"Prevenci\u00f3n - ASPB","isPartOf":{"@id":"https:\/\/www.aspb.cat\/#website"},"primaryImageOfPage":{"@id":"https:\/\/www.aspb.cat\/es\/areas\/drogodependencias\/prevencio\/#primaryimage"},"image":{"@id":"https:\/\/www.aspb.cat\/es\/areas\/drogodependencias\/prevencio\/#primaryimage"},"thumbnailUrl":"https:\/\/www.aspb.cat\/wp-content\/uploads\/2016\/03\/prevencio.jpg","datePublished":"2016-03-14T12:59:47+00:00","dateModified":"2022-08-25T08:50:18+00:00","breadcrumb":{"@id":"https:\/\/www.aspb.cat\/es\/areas\/drogodependencias\/prevencio\/#breadcrumb"},"inLanguage":"es","potentialAction":[{"@type":"ReadAction","target":["https:\/\/www.aspb.cat\/es\/areas\/drogodependencias\/prevencio\/"]}]},{"@type":"ImageObject","inLanguage":"es","@id":"https:\/\/www.aspb.cat\/es\/areas\/drogodependencias\/prevencio\/#primaryimage","url":"https:\/\/www.aspb.cat\/wp-content\/uploads\/2016\/03\/prevencio.jpg","contentUrl":"https:\/\/www.aspb.cat\/wp-content\/uploads\/2016\/03\/prevencio.jpg","width":721,"height":480},{"@type":"BreadcrumbList","@id":"https:\/\/www.aspb.cat\/es\/areas\/drogodependencias\/prevencio\/#breadcrumb","itemListElement":[{"@type":"ListItem","position":1,"name":"Inici","item":"https:\/\/www.aspb.cat\/es\/"},{"@type":"ListItem","position":2,"name":"\u00c1reas","item":"https:\/\/www.aspb.cat\/es\/areas\/"},{"@type":"ListItem","position":3,"name":"Drogodependencias","item":"https:\/\/www.aspb.cat\/es\/areas\/drogodependencias\/"},{"@type":"ListItem","position":4,"name":"Prevenci\u00f3n"}]},{"@type":"WebSite","@id":"https:\/\/www.aspb.cat\/#website","url":"https:\/\/www.aspb.cat\/","name":"ASPB","description":"Just another WordPress site","potentialAction":[{"@type":"SearchAction","target":{"@type":"EntryPoint","urlTemplate":"https:\/\/www.aspb.cat\/?s={search_term_string}"},"query-input":{"@type":"PropertyValueSpecification","valueRequired":true,"valueName":"search_term_string"}}],"inLanguage":"es"}]}},"_links":{"self":[{"href":"https:\/\/www.aspb.cat\/es\/wp-json\/wp\/v2\/pages\/7415","targetHints":{"allow":["GET"]}}],"collection":[{"href":"https:\/\/www.aspb.cat\/es\/wp-json\/wp\/v2\/pages"}],"about":[{"href":"https:\/\/www.aspb.cat\/es\/wp-json\/wp\/v2\/types\/page"}],"author":[{"embeddable":true,"href":"https:\/\/www.aspb.cat\/es\/wp-json\/wp\/v2\/users\/3"}],"replies":[{"embeddable":true,"href":"https:\/\/www.aspb.cat\/es\/wp-json\/wp\/v2\/comments?post=7415"}],"version-history":[{"count":1,"href":"https:\/\/www.aspb.cat\/es\/wp-json\/wp\/v2\/pages\/7415\/revisions"}],"predecessor-version":[{"id":7425,"href":"https:\/\/www.aspb.cat\/es\/wp-json\/wp\/v2\/pages\/7415\/revisions\/7425"}],"up":[{"embeddable":true,"href":"https:\/\/www.aspb.cat\/es\/wp-json\/wp\/v2\/pages\/4243"}],"wp:featuredmedia":[{"embeddable":true,"href":"https:\/\/www.aspb.cat\/es\/wp-json\/wp\/v2\/media\/39813"}],"wp:attachment":[{"href":"https:\/\/www.aspb.cat\/es\/wp-json\/wp\/v2\/media?parent=7415"}],"curies":[{"name":"wp","href":"https:\/\/api.w.org\/{rel}","templated":true}]}}