{"id":7350,"date":"2016-03-14T14:26:55","date_gmt":"2016-03-14T14:26:55","guid":{"rendered":"https:\/\/www.aspb.cat\/areas\/promocion-entornos\/treball\/"},"modified":"2022-01-31T16:47:19","modified_gmt":"2022-01-31T16:47:19","slug":"treball","status":"publish","type":"page","link":"https:\/\/www.aspb.cat\/es\/areas\/entornos\/treball\/","title":{"rendered":"Trabajo"},"content":{"rendered":"<p>Las condiciones de trabajo influyen directamente en el bienestar f\u00edsico, mental, econ\u00f3mico y social de las personas, as\u00ed como el de sus familias y de la comunidad. Es importante un abordaje amplio que no se limite solo a los riesgos laborales tradicionales, sino que contemple el trabajo remunerado como uno de los principales determinantes sociales de la salud e incorpore el trabajo dom\u00e9stico y familiar en su \u00e1mbito de actuaci\u00f3n.<\/p>\n","protected":false},"excerpt":{"rendered":"<p>Las condiciones de trabajo influyen directamente en el bienestar f\u00edsico, mental, econ\u00f3mico y social de [&hellip;]\n","protected":false},"author":3,"featured_media":0,"parent":4236,"menu_order":248,"comment_status":"closed","ping_status":"closed","template":"","meta":{"_acf_changed":false,"_monsterinsights_skip_tracking":false,"_monsterinsights_sitenote_active":false,"_monsterinsights_sitenote_note":"","_monsterinsights_sitenote_category":0,"footnotes":""},"class_list":["post-7350","page","type-page","status-publish","hentry","publish","author-as20pb16-x22","impar","primero"],"acf":[],"yoast_head":"<!-- This site is optimized with the Yoast SEO Premium plugin v27.5 (Yoast SEO v27.5) - https:\/\/yoast.com\/product\/yoast-seo-premium-wordpress\/ -->\n<title>Trabajo - ASPB<\/title>\n<meta name=\"robots\" content=\"index, follow, max-snippet:-1, max-image-preview:large, max-video-preview:-1\" \/>\n<link rel=\"canonical\" href=\"https:\/\/www.aspb.cat\/es\/areas\/entornos\/treball\/\" \/>\n<meta property=\"og:locale\" content=\"es_ES\" \/>\n<meta property=\"og:type\" content=\"article\" \/>\n<meta property=\"og:title\" content=\"Trabajo\" \/>\n<meta property=\"og:description\" content=\"Las condiciones de trabajo influyen directamente en el bienestar f\u00edsico, mental, econ\u00f3mico y social de [&hellip;]\" \/>\n<meta property=\"og:url\" content=\"https:\/\/www.aspb.cat\/es\/areas\/entornos\/treball\/\" \/>\n<meta property=\"og:site_name\" content=\"ASPB\" \/>\n<meta property=\"article:publisher\" content=\"https:\/\/www.facebook.com\/salutpublicabcn\" \/>\n<meta property=\"article:modified_time\" content=\"2022-01-31T16:47:19+00:00\" \/>\n<meta name=\"twitter:card\" content=\"summary_large_image\" \/>\n<meta name=\"twitter:site\" content=\"@salutpublicabcn\" \/>\n<script type=\"application\/ld+json\" class=\"yoast-schema-graph\">{\"@context\":\"https:\\\/\\\/schema.org\",\"@graph\":[{\"@type\":\"WebPage\",\"@id\":\"https:\\\/\\\/www.aspb.cat\\\/es\\\/areas\\\/entornos\\\/treball\\\/\",\"url\":\"https:\\\/\\\/www.aspb.cat\\\/es\\\/areas\\\/entornos\\\/treball\\\/\",\"name\":\"Trabajo - ASPB\",\"isPartOf\":{\"@id\":\"https:\\\/\\\/www.aspb.cat\\\/#website\"},\"datePublished\":\"2016-03-14T14:26:55+00:00\",\"dateModified\":\"2022-01-31T16:47:19+00:00\",\"breadcrumb\":{\"@id\":\"https:\\\/\\\/www.aspb.cat\\\/es\\\/areas\\\/entornos\\\/treball\\\/#breadcrumb\"},\"inLanguage\":\"es\",\"potentialAction\":[{\"@type\":\"ReadAction\",\"target\":[\"https:\\\/\\\/www.aspb.cat\\\/es\\\/areas\\\/entornos\\\/treball\\\/\"]}]},{\"@type\":\"BreadcrumbList\",\"@id\":\"https:\\\/\\\/www.aspb.cat\\\/es\\\/areas\\\/entornos\\\/treball\\\/#breadcrumb\",\"itemListElement\":[{\"@type\":\"ListItem\",\"position\":1,\"name\":\"Inici\",\"item\":\"https:\\\/\\\/www.aspb.cat\\\/es\\\/\"},{\"@type\":\"ListItem\",\"position\":2,\"name\":\"\u00c1reas\",\"item\":\"https:\\\/\\\/www.aspb.cat\\\/es\\\/areas\\\/\"},{\"@type\":\"ListItem\",\"position\":3,\"name\":\"Entornos\",\"item\":\"https:\\\/\\\/www.aspb.cat\\\/es\\\/areas\\\/entornos\\\/\"},{\"@type\":\"ListItem\",\"position\":4,\"name\":\"Trabajo\"}]},{\"@type\":\"WebSite\",\"@id\":\"https:\\\/\\\/www.aspb.cat\\\/#website\",\"url\":\"https:\\\/\\\/www.aspb.cat\\\/\",\"name\":\"ASPB\",\"description\":\"Just another WordPress site\",\"potentialAction\":[{\"@type\":\"SearchAction\",\"target\":{\"@type\":\"EntryPoint\",\"urlTemplate\":\"https:\\\/\\\/www.aspb.cat\\\/?s={search_term_string}\"},\"query-input\":{\"@type\":\"PropertyValueSpecification\",\"valueRequired\":true,\"valueName\":\"search_term_string\"}}],\"inLanguage\":\"es\"}]}<\/script>\n<!-- \/ Yoast SEO Premium plugin. -->","yoast_head_json":{"title":"Trabajo - ASPB","robots":{"index":"index","follow":"follow","max-snippet":"max-snippet:-1","max-image-preview":"max-image-preview:large","max-video-preview":"max-video-preview:-1"},"canonical":"https:\/\/www.aspb.cat\/es\/areas\/entornos\/treball\/","og_locale":"es_ES","og_type":"article","og_title":"Trabajo","og_description":"Las condiciones de trabajo influyen directamente en el bienestar f\u00edsico, mental, econ\u00f3mico y social de [&hellip;]","og_url":"https:\/\/www.aspb.cat\/es\/areas\/entornos\/treball\/","og_site_name":"ASPB","article_publisher":"https:\/\/www.facebook.com\/salutpublicabcn","article_modified_time":"2022-01-31T16:47:19+00:00","twitter_card":"summary_large_image","twitter_site":"@salutpublicabcn","schema":{"@context":"https:\/\/schema.org","@graph":[{"@type":"WebPage","@id":"https:\/\/www.aspb.cat\/es\/areas\/entornos\/treball\/","url":"https:\/\/www.aspb.cat\/es\/areas\/entornos\/treball\/","name":"Trabajo - ASPB","isPartOf":{"@id":"https:\/\/www.aspb.cat\/#website"},"datePublished":"2016-03-14T14:26:55+00:00","dateModified":"2022-01-31T16:47:19+00:00","breadcrumb":{"@id":"https:\/\/www.aspb.cat\/es\/areas\/entornos\/treball\/#breadcrumb"},"inLanguage":"es","potentialAction":[{"@type":"ReadAction","target":["https:\/\/www.aspb.cat\/es\/areas\/entornos\/treball\/"]}]},{"@type":"BreadcrumbList","@id":"https:\/\/www.aspb.cat\/es\/areas\/entornos\/treball\/#breadcrumb","itemListElement":[{"@type":"ListItem","position":1,"name":"Inici","item":"https:\/\/www.aspb.cat\/es\/"},{"@type":"ListItem","position":2,"name":"\u00c1reas","item":"https:\/\/www.aspb.cat\/es\/areas\/"},{"@type":"ListItem","position":3,"name":"Entornos","item":"https:\/\/www.aspb.cat\/es\/areas\/entornos\/"},{"@type":"ListItem","position":4,"name":"Trabajo"}]},{"@type":"WebSite","@id":"https:\/\/www.aspb.cat\/#website","url":"https:\/\/www.aspb.cat\/","name":"ASPB","description":"Just another WordPress site","potentialAction":[{"@type":"SearchAction","target":{"@type":"EntryPoint","urlTemplate":"https:\/\/www.aspb.cat\/?s={search_term_string}"},"query-input":{"@type":"PropertyValueSpecification","valueRequired":true,"valueName":"search_term_string"}}],"inLanguage":"es"}]}},"_links":{"self":[{"href":"https:\/\/www.aspb.cat\/es\/wp-json\/wp\/v2\/pages\/7350","targetHints":{"allow":["GET"]}}],"collection":[{"href":"https:\/\/www.aspb.cat\/es\/wp-json\/wp\/v2\/pages"}],"about":[{"href":"https:\/\/www.aspb.cat\/es\/wp-json\/wp\/v2\/types\/page"}],"author":[{"embeddable":true,"href":"https:\/\/www.aspb.cat\/es\/wp-json\/wp\/v2\/users\/3"}],"replies":[{"embeddable":true,"href":"https:\/\/www.aspb.cat\/es\/wp-json\/wp\/v2\/comments?post=7350"}],"version-history":[{"count":1,"href":"https:\/\/www.aspb.cat\/es\/wp-json\/wp\/v2\/pages\/7350\/revisions"}],"predecessor-version":[{"id":7367,"href":"https:\/\/www.aspb.cat\/es\/wp-json\/wp\/v2\/pages\/7350\/revisions\/7367"}],"up":[{"embeddable":true,"href":"https:\/\/www.aspb.cat\/es\/wp-json\/wp\/v2\/pages\/4236"}],"wp:attachment":[{"href":"https:\/\/www.aspb.cat\/es\/wp-json\/wp\/v2\/media?parent=7350"}],"curies":[{"name":"wp","href":"https:\/\/api.w.org\/{rel}","templated":true}]}}