{"id":7348,"date":"2016-03-14T14:26:13","date_gmt":"2016-03-14T14:26:13","guid":{"rendered":"https:\/\/www.aspb.cat\/areas\/promocion-entornos\/escoles\/"},"modified":"2025-03-25T10:08:33","modified_gmt":"2025-03-25T10:08:33","slug":"escuelas","status":"publish","type":"page","link":"https:\/\/www.aspb.cat\/es\/areas\/entornos\/escuelas\/","title":{"rendered":"Escuelas"},"content":{"rendered":"<h3>Programas de promoci\u00f3n de la salud en la escuela<\/h3>\n<p>Los programas de promoci\u00f3n de la salud en la escuela fomentan h\u00e1bitos saludables y contribuyen a la salud f\u00edsica, emocional y social de los ni\u00f1os. Para que tengan \u00e9xito es necesario que sean motivadores y se adapten a las necesidades de cada centro y que tengan el compromiso de toda la comunidad escolar por trabajar en un entorno de aprendizaje, de vida y de trabajo sanos.<\/p>\n<div class=\"moure_faqs_aqui\"><\/div>\n","protected":false},"excerpt":{"rendered":"<p>Programas de promoci\u00f3n de la salud en la escuela Los programas de promoci\u00f3n de la [&hellip;]\n","protected":false},"author":3,"featured_media":54978,"parent":4236,"menu_order":189,"comment_status":"closed","ping_status":"closed","template":"","meta":{"_acf_changed":false,"_monsterinsights_skip_tracking":false,"_monsterinsights_sitenote_active":false,"_monsterinsights_sitenote_note":"","_monsterinsights_sitenote_category":0,"footnotes":""},"class_list":["post-7348","page","type-page","status-publish","has-post-thumbnail","hentry","publish","author-as20pb16-x22","impar","primero"],"acf":[],"yoast_head":"<!-- This site is optimized with the Yoast SEO Premium plugin v27.5 (Yoast SEO v27.5) - https:\/\/yoast.com\/product\/yoast-seo-premium-wordpress\/ -->\n<title>Escuelas - ASPB<\/title>\n<meta name=\"robots\" content=\"index, follow, max-snippet:-1, max-image-preview:large, max-video-preview:-1\" \/>\n<link rel=\"canonical\" href=\"https:\/\/www.aspb.cat\/es\/areas\/entornos\/escuelas\/\" \/>\n<meta property=\"og:locale\" content=\"es_ES\" \/>\n<meta property=\"og:type\" content=\"article\" \/>\n<meta property=\"og:title\" content=\"Escuelas\" \/>\n<meta property=\"og:description\" content=\"Programas de promoci\u00f3n de la salud en la escuela Los programas de promoci\u00f3n de la [&hellip;]\" \/>\n<meta property=\"og:url\" content=\"https:\/\/www.aspb.cat\/es\/areas\/entornos\/escuelas\/\" \/>\n<meta property=\"og:site_name\" content=\"ASPB\" \/>\n<meta property=\"article:publisher\" content=\"https:\/\/www.facebook.com\/salutpublicabcn\" \/>\n<meta property=\"article:modified_time\" content=\"2025-03-25T10:08:33+00:00\" \/>\n<meta property=\"og:image\" content=\"https:\/\/www.aspb.cat\/wp-content\/uploads\/2024\/06\/Entorns-Escoles-img-1.jpg\" \/>\n\t<meta property=\"og:image:width\" content=\"1460\" \/>\n\t<meta property=\"og:image:height\" content=\"918\" \/>\n\t<meta property=\"og:image:type\" content=\"image\/jpeg\" \/>\n<meta name=\"twitter:card\" content=\"summary_large_image\" \/>\n<meta name=\"twitter:site\" content=\"@salutpublicabcn\" \/>\n<meta name=\"twitter:label1\" content=\"Tiempo de lectura\" \/>\n\t<meta name=\"twitter:data1\" content=\"1 minuto\" \/>\n<script type=\"application\/ld+json\" class=\"yoast-schema-graph\">{\"@context\":\"https:\\\/\\\/schema.org\",\"@graph\":[{\"@type\":\"WebPage\",\"@id\":\"https:\\\/\\\/www.aspb.cat\\\/es\\\/areas\\\/entornos\\\/escuelas\\\/\",\"url\":\"https:\\\/\\\/www.aspb.cat\\\/es\\\/areas\\\/entornos\\\/escuelas\\\/\",\"name\":\"Escuelas - ASPB\",\"isPartOf\":{\"@id\":\"https:\\\/\\\/www.aspb.cat\\\/#website\"},\"primaryImageOfPage\":{\"@id\":\"https:\\\/\\\/www.aspb.cat\\\/es\\\/areas\\\/entornos\\\/escuelas\\\/#primaryimage\"},\"image\":{\"@id\":\"https:\\\/\\\/www.aspb.cat\\\/es\\\/areas\\\/entornos\\\/escuelas\\\/#primaryimage\"},\"thumbnailUrl\":\"https:\\\/\\\/www.aspb.cat\\\/wp-content\\\/uploads\\\/2024\\\/06\\\/Entorns-Escoles-img-1.jpg\",\"datePublished\":\"2016-03-14T14:26:13+00:00\",\"dateModified\":\"2025-03-25T10:08:33+00:00\",\"breadcrumb\":{\"@id\":\"https:\\\/\\\/www.aspb.cat\\\/es\\\/areas\\\/entornos\\\/escuelas\\\/#breadcrumb\"},\"inLanguage\":\"es\",\"potentialAction\":[{\"@type\":\"ReadAction\",\"target\":[\"https:\\\/\\\/www.aspb.cat\\\/es\\\/areas\\\/entornos\\\/escuelas\\\/\"]}]},{\"@type\":\"ImageObject\",\"inLanguage\":\"es\",\"@id\":\"https:\\\/\\\/www.aspb.cat\\\/es\\\/areas\\\/entornos\\\/escuelas\\\/#primaryimage\",\"url\":\"https:\\\/\\\/www.aspb.cat\\\/wp-content\\\/uploads\\\/2024\\\/06\\\/Entorns-Escoles-img-1.jpg\",\"contentUrl\":\"https:\\\/\\\/www.aspb.cat\\\/wp-content\\\/uploads\\\/2024\\\/06\\\/Entorns-Escoles-img-1.jpg\",\"width\":1460,\"height\":918},{\"@type\":\"BreadcrumbList\",\"@id\":\"https:\\\/\\\/www.aspb.cat\\\/es\\\/areas\\\/entornos\\\/escuelas\\\/#breadcrumb\",\"itemListElement\":[{\"@type\":\"ListItem\",\"position\":1,\"name\":\"Inici\",\"item\":\"https:\\\/\\\/www.aspb.cat\\\/es\\\/\"},{\"@type\":\"ListItem\",\"position\":2,\"name\":\"\u00c1reas\",\"item\":\"https:\\\/\\\/www.aspb.cat\\\/es\\\/areas\\\/\"},{\"@type\":\"ListItem\",\"position\":3,\"name\":\"Entornos\",\"item\":\"https:\\\/\\\/www.aspb.cat\\\/es\\\/areas\\\/entornos\\\/\"},{\"@type\":\"ListItem\",\"position\":4,\"name\":\"Escuelas\"}]},{\"@type\":\"WebSite\",\"@id\":\"https:\\\/\\\/www.aspb.cat\\\/#website\",\"url\":\"https:\\\/\\\/www.aspb.cat\\\/\",\"name\":\"ASPB\",\"description\":\"Just another WordPress site\",\"potentialAction\":[{\"@type\":\"SearchAction\",\"target\":{\"@type\":\"EntryPoint\",\"urlTemplate\":\"https:\\\/\\\/www.aspb.cat\\\/?s={search_term_string}\"},\"query-input\":{\"@type\":\"PropertyValueSpecification\",\"valueRequired\":true,\"valueName\":\"search_term_string\"}}],\"inLanguage\":\"es\"}]}<\/script>\n<!-- \/ Yoast SEO Premium plugin. -->","yoast_head_json":{"title":"Escuelas - ASPB","robots":{"index":"index","follow":"follow","max-snippet":"max-snippet:-1","max-image-preview":"max-image-preview:large","max-video-preview":"max-video-preview:-1"},"canonical":"https:\/\/www.aspb.cat\/es\/areas\/entornos\/escuelas\/","og_locale":"es_ES","og_type":"article","og_title":"Escuelas","og_description":"Programas de promoci\u00f3n de la salud en la escuela Los programas de promoci\u00f3n de la [&hellip;]","og_url":"https:\/\/www.aspb.cat\/es\/areas\/entornos\/escuelas\/","og_site_name":"ASPB","article_publisher":"https:\/\/www.facebook.com\/salutpublicabcn","article_modified_time":"2025-03-25T10:08:33+00:00","og_image":[{"width":1460,"height":918,"url":"https:\/\/www.aspb.cat\/wp-content\/uploads\/2024\/06\/Entorns-Escoles-img-1.jpg","type":"image\/jpeg"}],"twitter_card":"summary_large_image","twitter_site":"@salutpublicabcn","twitter_misc":{"Tiempo de lectura":"1 minuto"},"schema":{"@context":"https:\/\/schema.org","@graph":[{"@type":"WebPage","@id":"https:\/\/www.aspb.cat\/es\/areas\/entornos\/escuelas\/","url":"https:\/\/www.aspb.cat\/es\/areas\/entornos\/escuelas\/","name":"Escuelas - ASPB","isPartOf":{"@id":"https:\/\/www.aspb.cat\/#website"},"primaryImageOfPage":{"@id":"https:\/\/www.aspb.cat\/es\/areas\/entornos\/escuelas\/#primaryimage"},"image":{"@id":"https:\/\/www.aspb.cat\/es\/areas\/entornos\/escuelas\/#primaryimage"},"thumbnailUrl":"https:\/\/www.aspb.cat\/wp-content\/uploads\/2024\/06\/Entorns-Escoles-img-1.jpg","datePublished":"2016-03-14T14:26:13+00:00","dateModified":"2025-03-25T10:08:33+00:00","breadcrumb":{"@id":"https:\/\/www.aspb.cat\/es\/areas\/entornos\/escuelas\/#breadcrumb"},"inLanguage":"es","potentialAction":[{"@type":"ReadAction","target":["https:\/\/www.aspb.cat\/es\/areas\/entornos\/escuelas\/"]}]},{"@type":"ImageObject","inLanguage":"es","@id":"https:\/\/www.aspb.cat\/es\/areas\/entornos\/escuelas\/#primaryimage","url":"https:\/\/www.aspb.cat\/wp-content\/uploads\/2024\/06\/Entorns-Escoles-img-1.jpg","contentUrl":"https:\/\/www.aspb.cat\/wp-content\/uploads\/2024\/06\/Entorns-Escoles-img-1.jpg","width":1460,"height":918},{"@type":"BreadcrumbList","@id":"https:\/\/www.aspb.cat\/es\/areas\/entornos\/escuelas\/#breadcrumb","itemListElement":[{"@type":"ListItem","position":1,"name":"Inici","item":"https:\/\/www.aspb.cat\/es\/"},{"@type":"ListItem","position":2,"name":"\u00c1reas","item":"https:\/\/www.aspb.cat\/es\/areas\/"},{"@type":"ListItem","position":3,"name":"Entornos","item":"https:\/\/www.aspb.cat\/es\/areas\/entornos\/"},{"@type":"ListItem","position":4,"name":"Escuelas"}]},{"@type":"WebSite","@id":"https:\/\/www.aspb.cat\/#website","url":"https:\/\/www.aspb.cat\/","name":"ASPB","description":"Just another WordPress site","potentialAction":[{"@type":"SearchAction","target":{"@type":"EntryPoint","urlTemplate":"https:\/\/www.aspb.cat\/?s={search_term_string}"},"query-input":{"@type":"PropertyValueSpecification","valueRequired":true,"valueName":"search_term_string"}}],"inLanguage":"es"}]}},"_links":{"self":[{"href":"https:\/\/www.aspb.cat\/es\/wp-json\/wp\/v2\/pages\/7348","targetHints":{"allow":["GET"]}}],"collection":[{"href":"https:\/\/www.aspb.cat\/es\/wp-json\/wp\/v2\/pages"}],"about":[{"href":"https:\/\/www.aspb.cat\/es\/wp-json\/wp\/v2\/types\/page"}],"author":[{"embeddable":true,"href":"https:\/\/www.aspb.cat\/es\/wp-json\/wp\/v2\/users\/3"}],"replies":[{"embeddable":true,"href":"https:\/\/www.aspb.cat\/es\/wp-json\/wp\/v2\/comments?post=7348"}],"version-history":[{"count":13,"href":"https:\/\/www.aspb.cat\/es\/wp-json\/wp\/v2\/pages\/7348\/revisions"}],"predecessor-version":[{"id":57910,"href":"https:\/\/www.aspb.cat\/es\/wp-json\/wp\/v2\/pages\/7348\/revisions\/57910"}],"up":[{"embeddable":true,"href":"https:\/\/www.aspb.cat\/es\/wp-json\/wp\/v2\/pages\/4236"}],"wp:featuredmedia":[{"embeddable":true,"href":"https:\/\/www.aspb.cat\/es\/wp-json\/wp\/v2\/media\/54978"}],"wp:attachment":[{"href":"https:\/\/www.aspb.cat\/es\/wp-json\/wp\/v2\/media?parent=7348"}],"curies":[{"name":"wp","href":"https:\/\/api.w.org\/{rel}","templated":true}]}}