{"id":7324,"date":"2016-03-14T14:24:07","date_gmt":"2016-03-14T14:24:07","guid":{"rendered":"https:\/\/www.aspb.cat\/areas\/promocion-vivir-con-salud\/prevencio-de-les-addicions\/"},"modified":"2022-01-31T16:47:18","modified_gmt":"2022-01-31T16:47:18","slug":"prevencio-de-les-addicions","status":"publish","type":"page","link":"https:\/\/www.aspb.cat\/es\/areas\/vivir-salud\/prevencio-de-les-addicions\/","title":{"rendered":"Prevenci\u00f3n de las adicciones"},"content":{"rendered":"<p>Las personas tenemos caracter\u00edsticas individuales que nos pueden hacer vulnerables a las adicciones. Adem\u00e1s, no vivimos aisladas, sino que formamos parte de una familia, vivimos en un barrio y nos relacionamos en entornos como el laboral. Las condiciones de dichos entornos pueden favorecer o no las adicciones. Por ello, en la prevenci\u00f3n de las adicciones son importantes estrategias tanto a t\u00edtulo individual como tambi\u00e9n en los entornos. Incidir en el entorno tambi\u00e9n puede crear cambios en las actitudes individuales y en las normas de las comunidades, y a largo plazo tener un impacto potencial superior.<\/p>\n\n\n<div class=\"figure\"><\/div>\n","protected":false},"excerpt":{"rendered":"<p>Las personas tenemos caracter\u00edsticas individuales que nos pueden hacer vulnerables a las adicciones. Adem\u00e1s, no [&hellip;]\n","protected":false},"author":3,"featured_media":63358,"parent":4232,"menu_order":90,"comment_status":"closed","ping_status":"closed","template":"","meta":{"_acf_changed":false,"_monsterinsights_skip_tracking":false,"_monsterinsights_sitenote_active":false,"_monsterinsights_sitenote_note":"","_monsterinsights_sitenote_category":0,"footnotes":""},"class_list":["post-7324","page","type-page","status-publish","has-post-thumbnail","hentry","publish","author-as20pb16-x22","impar","primero"],"acf":[],"yoast_head":"<!-- This site is optimized with the Yoast SEO Premium plugin v27.5 (Yoast SEO v27.5) - https:\/\/yoast.com\/product\/yoast-seo-premium-wordpress\/ -->\n<title>Prevenci\u00f3n de las adicciones - ASPB<\/title>\n<meta name=\"robots\" content=\"index, follow, max-snippet:-1, max-image-preview:large, max-video-preview:-1\" \/>\n<link rel=\"canonical\" href=\"https:\/\/www.aspb.cat\/es\/areas\/vivir-salud\/prevencio-de-les-addicions\/\" \/>\n<meta property=\"og:locale\" content=\"es_ES\" \/>\n<meta property=\"og:type\" content=\"article\" \/>\n<meta property=\"og:title\" content=\"Prevenci\u00f3n de las adicciones\" \/>\n<meta property=\"og:description\" content=\"Las personas tenemos caracter\u00edsticas individuales que nos pueden hacer vulnerables a las adicciones. Adem\u00e1s, no [&hellip;]\" \/>\n<meta property=\"og:url\" content=\"https:\/\/www.aspb.cat\/es\/areas\/vivir-salud\/prevencio-de-les-addicions\/\" \/>\n<meta property=\"og:site_name\" content=\"ASPB\" \/>\n<meta property=\"article:publisher\" content=\"https:\/\/www.facebook.com\/salutpublicabcn\" \/>\n<meta property=\"article:modified_time\" content=\"2022-01-31T16:47:18+00:00\" \/>\n<meta name=\"twitter:card\" content=\"summary_large_image\" \/>\n<meta name=\"twitter:site\" content=\"@salutpublicabcn\" \/>\n<meta name=\"twitter:label1\" content=\"Tiempo de lectura\" \/>\n\t<meta name=\"twitter:data1\" content=\"1 minuto\" \/>\n<script type=\"application\/ld+json\" class=\"yoast-schema-graph\">{\"@context\":\"https:\\\/\\\/schema.org\",\"@graph\":[{\"@type\":\"WebPage\",\"@id\":\"https:\\\/\\\/www.aspb.cat\\\/es\\\/areas\\\/vivir-salud\\\/prevencio-de-les-addicions\\\/\",\"url\":\"https:\\\/\\\/www.aspb.cat\\\/es\\\/areas\\\/vivir-salud\\\/prevencio-de-les-addicions\\\/\",\"name\":\"Prevenci\u00f3n de las adicciones - ASPB\",\"isPartOf\":{\"@id\":\"https:\\\/\\\/www.aspb.cat\\\/#website\"},\"primaryImageOfPage\":{\"@id\":\"https:\\\/\\\/www.aspb.cat\\\/es\\\/areas\\\/vivir-salud\\\/prevencio-de-les-addicions\\\/#primaryimage\"},\"image\":{\"@id\":\"https:\\\/\\\/www.aspb.cat\\\/es\\\/areas\\\/vivir-salud\\\/prevencio-de-les-addicions\\\/#primaryimage\"},\"thumbnailUrl\":\"https:\\\/\\\/www.aspb.cat\\\/wp-content\\\/uploads\\\/2016\\\/03\\\/0165.jpg\",\"datePublished\":\"2016-03-14T14:24:07+00:00\",\"dateModified\":\"2022-01-31T16:47:18+00:00\",\"breadcrumb\":{\"@id\":\"https:\\\/\\\/www.aspb.cat\\\/es\\\/areas\\\/vivir-salud\\\/prevencio-de-les-addicions\\\/#breadcrumb\"},\"inLanguage\":\"es\",\"potentialAction\":[{\"@type\":\"ReadAction\",\"target\":[\"https:\\\/\\\/www.aspb.cat\\\/es\\\/areas\\\/vivir-salud\\\/prevencio-de-les-addicions\\\/\"]}]},{\"@type\":\"ImageObject\",\"inLanguage\":\"es\",\"@id\":\"https:\\\/\\\/www.aspb.cat\\\/es\\\/areas\\\/vivir-salud\\\/prevencio-de-les-addicions\\\/#primaryimage\",\"url\":\"https:\\\/\\\/www.aspb.cat\\\/wp-content\\\/uploads\\\/2016\\\/03\\\/0165.jpg\",\"contentUrl\":\"https:\\\/\\\/www.aspb.cat\\\/wp-content\\\/uploads\\\/2016\\\/03\\\/0165.jpg\",\"width\":981,\"height\":654,\"caption\":\"titol 3\"},{\"@type\":\"BreadcrumbList\",\"@id\":\"https:\\\/\\\/www.aspb.cat\\\/es\\\/areas\\\/vivir-salud\\\/prevencio-de-les-addicions\\\/#breadcrumb\",\"itemListElement\":[{\"@type\":\"ListItem\",\"position\":1,\"name\":\"Inici\",\"item\":\"https:\\\/\\\/www.aspb.cat\\\/es\\\/\"},{\"@type\":\"ListItem\",\"position\":2,\"name\":\"\u00c1reas\",\"item\":\"https:\\\/\\\/www.aspb.cat\\\/es\\\/areas\\\/\"},{\"@type\":\"ListItem\",\"position\":3,\"name\":\"Vivir con salud\",\"item\":\"https:\\\/\\\/www.aspb.cat\\\/es\\\/areas\\\/vivir-salud\\\/\"},{\"@type\":\"ListItem\",\"position\":4,\"name\":\"Prevenci\u00f3n de las adicciones\"}]},{\"@type\":\"WebSite\",\"@id\":\"https:\\\/\\\/www.aspb.cat\\\/#website\",\"url\":\"https:\\\/\\\/www.aspb.cat\\\/\",\"name\":\"ASPB\",\"description\":\"Just another WordPress site\",\"potentialAction\":[{\"@type\":\"SearchAction\",\"target\":{\"@type\":\"EntryPoint\",\"urlTemplate\":\"https:\\\/\\\/www.aspb.cat\\\/?s={search_term_string}\"},\"query-input\":{\"@type\":\"PropertyValueSpecification\",\"valueRequired\":true,\"valueName\":\"search_term_string\"}}],\"inLanguage\":\"es\"}]}<\/script>\n<!-- \/ Yoast SEO Premium plugin. -->","yoast_head_json":{"title":"Prevenci\u00f3n de las adicciones - ASPB","robots":{"index":"index","follow":"follow","max-snippet":"max-snippet:-1","max-image-preview":"max-image-preview:large","max-video-preview":"max-video-preview:-1"},"canonical":"https:\/\/www.aspb.cat\/es\/areas\/vivir-salud\/prevencio-de-les-addicions\/","og_locale":"es_ES","og_type":"article","og_title":"Prevenci\u00f3n de las adicciones","og_description":"Las personas tenemos caracter\u00edsticas individuales que nos pueden hacer vulnerables a las adicciones. Adem\u00e1s, no [&hellip;]","og_url":"https:\/\/www.aspb.cat\/es\/areas\/vivir-salud\/prevencio-de-les-addicions\/","og_site_name":"ASPB","article_publisher":"https:\/\/www.facebook.com\/salutpublicabcn","article_modified_time":"2022-01-31T16:47:18+00:00","twitter_card":"summary_large_image","twitter_site":"@salutpublicabcn","twitter_misc":{"Tiempo de lectura":"1 minuto"},"schema":{"@context":"https:\/\/schema.org","@graph":[{"@type":"WebPage","@id":"https:\/\/www.aspb.cat\/es\/areas\/vivir-salud\/prevencio-de-les-addicions\/","url":"https:\/\/www.aspb.cat\/es\/areas\/vivir-salud\/prevencio-de-les-addicions\/","name":"Prevenci\u00f3n de las adicciones - ASPB","isPartOf":{"@id":"https:\/\/www.aspb.cat\/#website"},"primaryImageOfPage":{"@id":"https:\/\/www.aspb.cat\/es\/areas\/vivir-salud\/prevencio-de-les-addicions\/#primaryimage"},"image":{"@id":"https:\/\/www.aspb.cat\/es\/areas\/vivir-salud\/prevencio-de-les-addicions\/#primaryimage"},"thumbnailUrl":"https:\/\/www.aspb.cat\/wp-content\/uploads\/2016\/03\/0165.jpg","datePublished":"2016-03-14T14:24:07+00:00","dateModified":"2022-01-31T16:47:18+00:00","breadcrumb":{"@id":"https:\/\/www.aspb.cat\/es\/areas\/vivir-salud\/prevencio-de-les-addicions\/#breadcrumb"},"inLanguage":"es","potentialAction":[{"@type":"ReadAction","target":["https:\/\/www.aspb.cat\/es\/areas\/vivir-salud\/prevencio-de-les-addicions\/"]}]},{"@type":"ImageObject","inLanguage":"es","@id":"https:\/\/www.aspb.cat\/es\/areas\/vivir-salud\/prevencio-de-les-addicions\/#primaryimage","url":"https:\/\/www.aspb.cat\/wp-content\/uploads\/2016\/03\/0165.jpg","contentUrl":"https:\/\/www.aspb.cat\/wp-content\/uploads\/2016\/03\/0165.jpg","width":981,"height":654,"caption":"titol 3"},{"@type":"BreadcrumbList","@id":"https:\/\/www.aspb.cat\/es\/areas\/vivir-salud\/prevencio-de-les-addicions\/#breadcrumb","itemListElement":[{"@type":"ListItem","position":1,"name":"Inici","item":"https:\/\/www.aspb.cat\/es\/"},{"@type":"ListItem","position":2,"name":"\u00c1reas","item":"https:\/\/www.aspb.cat\/es\/areas\/"},{"@type":"ListItem","position":3,"name":"Vivir con salud","item":"https:\/\/www.aspb.cat\/es\/areas\/vivir-salud\/"},{"@type":"ListItem","position":4,"name":"Prevenci\u00f3n de las adicciones"}]},{"@type":"WebSite","@id":"https:\/\/www.aspb.cat\/#website","url":"https:\/\/www.aspb.cat\/","name":"ASPB","description":"Just another WordPress site","potentialAction":[{"@type":"SearchAction","target":{"@type":"EntryPoint","urlTemplate":"https:\/\/www.aspb.cat\/?s={search_term_string}"},"query-input":{"@type":"PropertyValueSpecification","valueRequired":true,"valueName":"search_term_string"}}],"inLanguage":"es"}]}},"_links":{"self":[{"href":"https:\/\/www.aspb.cat\/es\/wp-json\/wp\/v2\/pages\/7324","targetHints":{"allow":["GET"]}}],"collection":[{"href":"https:\/\/www.aspb.cat\/es\/wp-json\/wp\/v2\/pages"}],"about":[{"href":"https:\/\/www.aspb.cat\/es\/wp-json\/wp\/v2\/types\/page"}],"author":[{"embeddable":true,"href":"https:\/\/www.aspb.cat\/es\/wp-json\/wp\/v2\/users\/3"}],"replies":[{"embeddable":true,"href":"https:\/\/www.aspb.cat\/es\/wp-json\/wp\/v2\/comments?post=7324"}],"version-history":[{"count":2,"href":"https:\/\/www.aspb.cat\/es\/wp-json\/wp\/v2\/pages\/7324\/revisions"}],"predecessor-version":[{"id":29229,"href":"https:\/\/www.aspb.cat\/es\/wp-json\/wp\/v2\/pages\/7324\/revisions\/29229"}],"up":[{"embeddable":true,"href":"https:\/\/www.aspb.cat\/es\/wp-json\/wp\/v2\/pages\/4232"}],"wp:featuredmedia":[{"embeddable":true,"href":"https:\/\/www.aspb.cat\/es\/wp-json\/wp\/v2\/media\/63358"}],"wp:attachment":[{"href":"https:\/\/www.aspb.cat\/es\/wp-json\/wp\/v2\/media?parent=7324"}],"curies":[{"name":"wp","href":"https:\/\/api.w.org\/{rel}","templated":true}]}}