{"id":7321,"date":"2016-03-14T15:28:35","date_gmt":"2016-03-14T15:28:35","guid":{"rendered":"https:\/\/www.aspb.cat\/areas\/promocion-vivir-con-salud\/introduccio\/"},"modified":"2025-10-27T11:48:24","modified_gmt":"2025-10-27T11:48:24","slug":"introduccio","status":"publish","type":"page","link":"https:\/\/www.aspb.cat\/es\/areas\/vivir-salud\/introduccio\/","title":{"rendered":"Introducci\u00f3n"},"content":{"rendered":"<p>Para alcanzar un bienestar f\u00edsico, mental y social completo, un individuo o grupo debe ser capaz de identificar y realizar sus aspiraciones, satisfacer sus necesidades y cambiar de entorno o adaptarse a \u00e9l. Desde esta perspectiva, la salud es un concepto positivo que pone el \u00e9nfasis en los recursos personales y sociales, as\u00ed como en las capacidades f\u00edsicas. En este sentido, la promoci\u00f3n de la salud pretende facilitar a las personas el control y la mejora de su salud y los factores que la determinan.<\/p>\n<p>Aunque con frecuencia la promoci\u00f3n de la salud se ha identificado exclusivamente con la educaci\u00f3n y el marketing social para cambiar conductas poco saludables, el alcance es mucho m\u00e1s amplio y aborda prerrequisitos de la salud como los ingresos, la vivienda, el acceso a una alimentaci\u00f3n suficiente y equilibrada y las condiciones de trabajo y de empleo. Por tanto, la promoci\u00f3n de la salud no es solo una responsabilidad del sector sanitario, sino que implica a otros sectores.<\/p>\n","protected":false},"excerpt":{"rendered":"<p>Para alcanzar un bienestar f\u00edsico, mental y social completo, un individuo o grupo debe ser [&hellip;]\n","protected":false},"author":3,"featured_media":60665,"parent":4232,"menu_order":43,"comment_status":"closed","ping_status":"closed","template":"","meta":{"_acf_changed":false,"_monsterinsights_skip_tracking":false,"_monsterinsights_sitenote_active":false,"_monsterinsights_sitenote_note":"","_monsterinsights_sitenote_category":0,"footnotes":""},"class_list":["post-7321","page","type-page","status-publish","has-post-thumbnail","hentry","publish","author-as20pb16-x22","impar","primero"],"acf":[],"yoast_head":"<!-- This site is optimized with the Yoast SEO Premium plugin v27.5 (Yoast SEO v27.5) - https:\/\/yoast.com\/product\/yoast-seo-premium-wordpress\/ -->\n<title>Introducci\u00f3n - ASPB<\/title>\n<meta name=\"robots\" content=\"index, follow, max-snippet:-1, max-image-preview:large, max-video-preview:-1\" \/>\n<link rel=\"canonical\" href=\"https:\/\/www.aspb.cat\/es\/areas\/vivir-salud\/introduccio\/\" \/>\n<meta property=\"og:locale\" content=\"es_ES\" \/>\n<meta property=\"og:type\" content=\"article\" \/>\n<meta property=\"og:title\" content=\"Introducci\u00f3n\" \/>\n<meta property=\"og:description\" content=\"Para alcanzar un bienestar f\u00edsico, mental y social completo, un individuo o grupo debe ser [&hellip;]\" \/>\n<meta property=\"og:url\" content=\"https:\/\/www.aspb.cat\/es\/areas\/vivir-salud\/introduccio\/\" \/>\n<meta property=\"og:site_name\" content=\"ASPB\" \/>\n<meta property=\"article:publisher\" content=\"https:\/\/www.facebook.com\/salutpublicabcn\" \/>\n<meta property=\"article:modified_time\" content=\"2025-10-27T11:48:24+00:00\" \/>\n<meta property=\"og:image\" content=\"https:\/\/www.aspb.cat\/wp-content\/uploads\/2025\/10\/ASPB_Introduccio-Promocio-salut-web-1.jpg\" \/>\n\t<meta property=\"og:image:width\" content=\"1521\" \/>\n\t<meta property=\"og:image:height\" content=\"956\" \/>\n\t<meta property=\"og:image:type\" content=\"image\/jpeg\" \/>\n<meta name=\"twitter:card\" content=\"summary_large_image\" \/>\n<meta name=\"twitter:site\" content=\"@salutpublicabcn\" \/>\n<meta name=\"twitter:label1\" content=\"Tiempo de lectura\" \/>\n\t<meta name=\"twitter:data1\" content=\"1 minuto\" \/>\n<script type=\"application\/ld+json\" class=\"yoast-schema-graph\">{\"@context\":\"https:\\\/\\\/schema.org\",\"@graph\":[{\"@type\":\"WebPage\",\"@id\":\"https:\\\/\\\/www.aspb.cat\\\/es\\\/areas\\\/vivir-salud\\\/introduccio\\\/\",\"url\":\"https:\\\/\\\/www.aspb.cat\\\/es\\\/areas\\\/vivir-salud\\\/introduccio\\\/\",\"name\":\"Introducci\u00f3n - ASPB\",\"isPartOf\":{\"@id\":\"https:\\\/\\\/www.aspb.cat\\\/#website\"},\"primaryImageOfPage\":{\"@id\":\"https:\\\/\\\/www.aspb.cat\\\/es\\\/areas\\\/vivir-salud\\\/introduccio\\\/#primaryimage\"},\"image\":{\"@id\":\"https:\\\/\\\/www.aspb.cat\\\/es\\\/areas\\\/vivir-salud\\\/introduccio\\\/#primaryimage\"},\"thumbnailUrl\":\"https:\\\/\\\/www.aspb.cat\\\/wp-content\\\/uploads\\\/2025\\\/10\\\/ASPB_Introduccio-Promocio-salut-web-1.jpg\",\"datePublished\":\"2016-03-14T15:28:35+00:00\",\"dateModified\":\"2025-10-27T11:48:24+00:00\",\"breadcrumb\":{\"@id\":\"https:\\\/\\\/www.aspb.cat\\\/es\\\/areas\\\/vivir-salud\\\/introduccio\\\/#breadcrumb\"},\"inLanguage\":\"es\",\"potentialAction\":[{\"@type\":\"ReadAction\",\"target\":[\"https:\\\/\\\/www.aspb.cat\\\/es\\\/areas\\\/vivir-salud\\\/introduccio\\\/\"]}]},{\"@type\":\"ImageObject\",\"inLanguage\":\"es\",\"@id\":\"https:\\\/\\\/www.aspb.cat\\\/es\\\/areas\\\/vivir-salud\\\/introduccio\\\/#primaryimage\",\"url\":\"https:\\\/\\\/www.aspb.cat\\\/wp-content\\\/uploads\\\/2025\\\/10\\\/ASPB_Introduccio-Promocio-salut-web-1.jpg\",\"contentUrl\":\"https:\\\/\\\/www.aspb.cat\\\/wp-content\\\/uploads\\\/2025\\\/10\\\/ASPB_Introduccio-Promocio-salut-web-1.jpg\",\"width\":1521,\"height\":956},{\"@type\":\"BreadcrumbList\",\"@id\":\"https:\\\/\\\/www.aspb.cat\\\/es\\\/areas\\\/vivir-salud\\\/introduccio\\\/#breadcrumb\",\"itemListElement\":[{\"@type\":\"ListItem\",\"position\":1,\"name\":\"Inici\",\"item\":\"https:\\\/\\\/www.aspb.cat\\\/es\\\/\"},{\"@type\":\"ListItem\",\"position\":2,\"name\":\"\u00c1reas\",\"item\":\"https:\\\/\\\/www.aspb.cat\\\/es\\\/areas\\\/\"},{\"@type\":\"ListItem\",\"position\":3,\"name\":\"Vivir con salud\",\"item\":\"https:\\\/\\\/www.aspb.cat\\\/es\\\/areas\\\/vivir-salud\\\/\"},{\"@type\":\"ListItem\",\"position\":4,\"name\":\"Introducci\u00f3n\"}]},{\"@type\":\"WebSite\",\"@id\":\"https:\\\/\\\/www.aspb.cat\\\/#website\",\"url\":\"https:\\\/\\\/www.aspb.cat\\\/\",\"name\":\"ASPB\",\"description\":\"Just another WordPress site\",\"potentialAction\":[{\"@type\":\"SearchAction\",\"target\":{\"@type\":\"EntryPoint\",\"urlTemplate\":\"https:\\\/\\\/www.aspb.cat\\\/?s={search_term_string}\"},\"query-input\":{\"@type\":\"PropertyValueSpecification\",\"valueRequired\":true,\"valueName\":\"search_term_string\"}}],\"inLanguage\":\"es\"}]}<\/script>\n<!-- \/ Yoast SEO Premium plugin. -->","yoast_head_json":{"title":"Introducci\u00f3n - ASPB","robots":{"index":"index","follow":"follow","max-snippet":"max-snippet:-1","max-image-preview":"max-image-preview:large","max-video-preview":"max-video-preview:-1"},"canonical":"https:\/\/www.aspb.cat\/es\/areas\/vivir-salud\/introduccio\/","og_locale":"es_ES","og_type":"article","og_title":"Introducci\u00f3n","og_description":"Para alcanzar un bienestar f\u00edsico, mental y social completo, un individuo o grupo debe ser [&hellip;]","og_url":"https:\/\/www.aspb.cat\/es\/areas\/vivir-salud\/introduccio\/","og_site_name":"ASPB","article_publisher":"https:\/\/www.facebook.com\/salutpublicabcn","article_modified_time":"2025-10-27T11:48:24+00:00","og_image":[{"width":1521,"height":956,"url":"https:\/\/www.aspb.cat\/wp-content\/uploads\/2025\/10\/ASPB_Introduccio-Promocio-salut-web-1.jpg","type":"image\/jpeg"}],"twitter_card":"summary_large_image","twitter_site":"@salutpublicabcn","twitter_misc":{"Tiempo de lectura":"1 minuto"},"schema":{"@context":"https:\/\/schema.org","@graph":[{"@type":"WebPage","@id":"https:\/\/www.aspb.cat\/es\/areas\/vivir-salud\/introduccio\/","url":"https:\/\/www.aspb.cat\/es\/areas\/vivir-salud\/introduccio\/","name":"Introducci\u00f3n - ASPB","isPartOf":{"@id":"https:\/\/www.aspb.cat\/#website"},"primaryImageOfPage":{"@id":"https:\/\/www.aspb.cat\/es\/areas\/vivir-salud\/introduccio\/#primaryimage"},"image":{"@id":"https:\/\/www.aspb.cat\/es\/areas\/vivir-salud\/introduccio\/#primaryimage"},"thumbnailUrl":"https:\/\/www.aspb.cat\/wp-content\/uploads\/2025\/10\/ASPB_Introduccio-Promocio-salut-web-1.jpg","datePublished":"2016-03-14T15:28:35+00:00","dateModified":"2025-10-27T11:48:24+00:00","breadcrumb":{"@id":"https:\/\/www.aspb.cat\/es\/areas\/vivir-salud\/introduccio\/#breadcrumb"},"inLanguage":"es","potentialAction":[{"@type":"ReadAction","target":["https:\/\/www.aspb.cat\/es\/areas\/vivir-salud\/introduccio\/"]}]},{"@type":"ImageObject","inLanguage":"es","@id":"https:\/\/www.aspb.cat\/es\/areas\/vivir-salud\/introduccio\/#primaryimage","url":"https:\/\/www.aspb.cat\/wp-content\/uploads\/2025\/10\/ASPB_Introduccio-Promocio-salut-web-1.jpg","contentUrl":"https:\/\/www.aspb.cat\/wp-content\/uploads\/2025\/10\/ASPB_Introduccio-Promocio-salut-web-1.jpg","width":1521,"height":956},{"@type":"BreadcrumbList","@id":"https:\/\/www.aspb.cat\/es\/areas\/vivir-salud\/introduccio\/#breadcrumb","itemListElement":[{"@type":"ListItem","position":1,"name":"Inici","item":"https:\/\/www.aspb.cat\/es\/"},{"@type":"ListItem","position":2,"name":"\u00c1reas","item":"https:\/\/www.aspb.cat\/es\/areas\/"},{"@type":"ListItem","position":3,"name":"Vivir con salud","item":"https:\/\/www.aspb.cat\/es\/areas\/vivir-salud\/"},{"@type":"ListItem","position":4,"name":"Introducci\u00f3n"}]},{"@type":"WebSite","@id":"https:\/\/www.aspb.cat\/#website","url":"https:\/\/www.aspb.cat\/","name":"ASPB","description":"Just another WordPress site","potentialAction":[{"@type":"SearchAction","target":{"@type":"EntryPoint","urlTemplate":"https:\/\/www.aspb.cat\/?s={search_term_string}"},"query-input":{"@type":"PropertyValueSpecification","valueRequired":true,"valueName":"search_term_string"}}],"inLanguage":"es"}]}},"_links":{"self":[{"href":"https:\/\/www.aspb.cat\/es\/wp-json\/wp\/v2\/pages\/7321","targetHints":{"allow":["GET"]}}],"collection":[{"href":"https:\/\/www.aspb.cat\/es\/wp-json\/wp\/v2\/pages"}],"about":[{"href":"https:\/\/www.aspb.cat\/es\/wp-json\/wp\/v2\/types\/page"}],"author":[{"embeddable":true,"href":"https:\/\/www.aspb.cat\/es\/wp-json\/wp\/v2\/users\/3"}],"replies":[{"embeddable":true,"href":"https:\/\/www.aspb.cat\/es\/wp-json\/wp\/v2\/comments?post=7321"}],"version-history":[{"count":3,"href":"https:\/\/www.aspb.cat\/es\/wp-json\/wp\/v2\/pages\/7321\/revisions"}],"predecessor-version":[{"id":30728,"href":"https:\/\/www.aspb.cat\/es\/wp-json\/wp\/v2\/pages\/7321\/revisions\/30728"}],"up":[{"embeddable":true,"href":"https:\/\/www.aspb.cat\/es\/wp-json\/wp\/v2\/pages\/4232"}],"wp:featuredmedia":[{"embeddable":true,"href":"https:\/\/www.aspb.cat\/es\/wp-json\/wp\/v2\/media\/60665"}],"wp:attachment":[{"href":"https:\/\/www.aspb.cat\/es\/wp-json\/wp\/v2\/media?parent=7321"}],"curies":[{"name":"wp","href":"https:\/\/api.w.org\/{rel}","templated":true}]}}