{"id":7255,"date":"2016-03-14T14:08:37","date_gmt":"2016-03-14T14:08:37","guid":{"rendered":"https:\/\/www.aspb.cat\/areas\/promocion-etapas-de-la-vida\/poblacions-especifiques\/"},"modified":"2022-01-31T16:47:17","modified_gmt":"2022-01-31T16:47:17","slug":"poblacions-especifiques","status":"publish","type":"page","link":"https:\/\/www.aspb.cat\/es\/areas\/etapas-vida\/poblacions-especifiques\/","title":{"rendered":"Poblaciones espec\u00edficas"},"content":{"rendered":"<p>Hay personas y grupos sociales que tienen m\u00e1s riesgo de sufrir problemas de salud, ya sea porque se encuentran en una etapa de la vida que requiere un control espec\u00edfico (como es el embarazo) o bien porque pertenecen a grupos vulnerables: familias que viven en la pobreza, personas con problemas de salud cr\u00f3nicos, menores expuestos al maltrato o al abandono, grupos minoritarios, personas sometidas a discriminaciones y violaciones de los derechos humanos o personas expuestas a conflictos, desastres naturales u otras emergencias humanitarias.<\/p>\n","protected":false},"excerpt":{"rendered":"<p>Hay personas y grupos sociales que tienen m\u00e1s riesgo de sufrir problemas de salud, ya [&hellip;]\n","protected":false},"author":3,"featured_media":0,"parent":4227,"menu_order":219,"comment_status":"closed","ping_status":"closed","template":"","meta":{"_acf_changed":false,"_monsterinsights_skip_tracking":false,"_monsterinsights_sitenote_active":false,"_monsterinsights_sitenote_note":"","_monsterinsights_sitenote_category":0,"footnotes":""},"class_list":["post-7255","page","type-page","status-publish","hentry","publish","author-as20pb16-x22","impar","primero"],"acf":[],"yoast_head":"<!-- This site is optimized with the Yoast SEO Premium plugin v27.5 (Yoast SEO v27.5) - https:\/\/yoast.com\/product\/yoast-seo-premium-wordpress\/ -->\n<title>Poblaciones espec\u00edficas - ASPB<\/title>\n<meta name=\"robots\" content=\"index, follow, max-snippet:-1, max-image-preview:large, max-video-preview:-1\" \/>\n<link rel=\"canonical\" href=\"https:\/\/www.aspb.cat\/es\/areas\/etapas-vida\/poblacions-especifiques\/\" \/>\n<meta property=\"og:locale\" content=\"es_ES\" \/>\n<meta property=\"og:type\" content=\"article\" \/>\n<meta property=\"og:title\" content=\"Poblaciones espec\u00edficas\" \/>\n<meta property=\"og:description\" content=\"Hay personas y grupos sociales que tienen m\u00e1s riesgo de sufrir problemas de salud, ya [&hellip;]\" \/>\n<meta property=\"og:url\" content=\"https:\/\/www.aspb.cat\/es\/areas\/etapas-vida\/poblacions-especifiques\/\" \/>\n<meta property=\"og:site_name\" content=\"ASPB\" \/>\n<meta property=\"article:publisher\" content=\"https:\/\/www.facebook.com\/salutpublicabcn\" \/>\n<meta property=\"article:modified_time\" content=\"2022-01-31T16:47:17+00:00\" \/>\n<meta name=\"twitter:card\" content=\"summary_large_image\" \/>\n<meta name=\"twitter:site\" content=\"@salutpublicabcn\" \/>\n<script type=\"application\/ld+json\" class=\"yoast-schema-graph\">{\"@context\":\"https:\\\/\\\/schema.org\",\"@graph\":[{\"@type\":\"WebPage\",\"@id\":\"https:\\\/\\\/www.aspb.cat\\\/es\\\/areas\\\/etapas-vida\\\/poblacions-especifiques\\\/\",\"url\":\"https:\\\/\\\/www.aspb.cat\\\/es\\\/areas\\\/etapas-vida\\\/poblacions-especifiques\\\/\",\"name\":\"Poblaciones espec\u00edficas - ASPB\",\"isPartOf\":{\"@id\":\"https:\\\/\\\/www.aspb.cat\\\/#website\"},\"datePublished\":\"2016-03-14T14:08:37+00:00\",\"dateModified\":\"2022-01-31T16:47:17+00:00\",\"breadcrumb\":{\"@id\":\"https:\\\/\\\/www.aspb.cat\\\/es\\\/areas\\\/etapas-vida\\\/poblacions-especifiques\\\/#breadcrumb\"},\"inLanguage\":\"es\",\"potentialAction\":[{\"@type\":\"ReadAction\",\"target\":[\"https:\\\/\\\/www.aspb.cat\\\/es\\\/areas\\\/etapas-vida\\\/poblacions-especifiques\\\/\"]}]},{\"@type\":\"BreadcrumbList\",\"@id\":\"https:\\\/\\\/www.aspb.cat\\\/es\\\/areas\\\/etapas-vida\\\/poblacions-especifiques\\\/#breadcrumb\",\"itemListElement\":[{\"@type\":\"ListItem\",\"position\":1,\"name\":\"Inici\",\"item\":\"https:\\\/\\\/www.aspb.cat\\\/es\\\/\"},{\"@type\":\"ListItem\",\"position\":2,\"name\":\"\u00c1reas\",\"item\":\"https:\\\/\\\/www.aspb.cat\\\/es\\\/areas\\\/\"},{\"@type\":\"ListItem\",\"position\":3,\"name\":\"Etapas de la vida\",\"item\":\"https:\\\/\\\/www.aspb.cat\\\/es\\\/areas\\\/etapas-vida\\\/\"},{\"@type\":\"ListItem\",\"position\":4,\"name\":\"Poblaciones espec\u00edficas\"}]},{\"@type\":\"WebSite\",\"@id\":\"https:\\\/\\\/www.aspb.cat\\\/#website\",\"url\":\"https:\\\/\\\/www.aspb.cat\\\/\",\"name\":\"ASPB\",\"description\":\"Just another WordPress site\",\"potentialAction\":[{\"@type\":\"SearchAction\",\"target\":{\"@type\":\"EntryPoint\",\"urlTemplate\":\"https:\\\/\\\/www.aspb.cat\\\/?s={search_term_string}\"},\"query-input\":{\"@type\":\"PropertyValueSpecification\",\"valueRequired\":true,\"valueName\":\"search_term_string\"}}],\"inLanguage\":\"es\"}]}<\/script>\n<!-- \/ Yoast SEO Premium plugin. -->","yoast_head_json":{"title":"Poblaciones espec\u00edficas - ASPB","robots":{"index":"index","follow":"follow","max-snippet":"max-snippet:-1","max-image-preview":"max-image-preview:large","max-video-preview":"max-video-preview:-1"},"canonical":"https:\/\/www.aspb.cat\/es\/areas\/etapas-vida\/poblacions-especifiques\/","og_locale":"es_ES","og_type":"article","og_title":"Poblaciones espec\u00edficas","og_description":"Hay personas y grupos sociales que tienen m\u00e1s riesgo de sufrir problemas de salud, ya [&hellip;]","og_url":"https:\/\/www.aspb.cat\/es\/areas\/etapas-vida\/poblacions-especifiques\/","og_site_name":"ASPB","article_publisher":"https:\/\/www.facebook.com\/salutpublicabcn","article_modified_time":"2022-01-31T16:47:17+00:00","twitter_card":"summary_large_image","twitter_site":"@salutpublicabcn","schema":{"@context":"https:\/\/schema.org","@graph":[{"@type":"WebPage","@id":"https:\/\/www.aspb.cat\/es\/areas\/etapas-vida\/poblacions-especifiques\/","url":"https:\/\/www.aspb.cat\/es\/areas\/etapas-vida\/poblacions-especifiques\/","name":"Poblaciones espec\u00edficas - ASPB","isPartOf":{"@id":"https:\/\/www.aspb.cat\/#website"},"datePublished":"2016-03-14T14:08:37+00:00","dateModified":"2022-01-31T16:47:17+00:00","breadcrumb":{"@id":"https:\/\/www.aspb.cat\/es\/areas\/etapas-vida\/poblacions-especifiques\/#breadcrumb"},"inLanguage":"es","potentialAction":[{"@type":"ReadAction","target":["https:\/\/www.aspb.cat\/es\/areas\/etapas-vida\/poblacions-especifiques\/"]}]},{"@type":"BreadcrumbList","@id":"https:\/\/www.aspb.cat\/es\/areas\/etapas-vida\/poblacions-especifiques\/#breadcrumb","itemListElement":[{"@type":"ListItem","position":1,"name":"Inici","item":"https:\/\/www.aspb.cat\/es\/"},{"@type":"ListItem","position":2,"name":"\u00c1reas","item":"https:\/\/www.aspb.cat\/es\/areas\/"},{"@type":"ListItem","position":3,"name":"Etapas de la vida","item":"https:\/\/www.aspb.cat\/es\/areas\/etapas-vida\/"},{"@type":"ListItem","position":4,"name":"Poblaciones espec\u00edficas"}]},{"@type":"WebSite","@id":"https:\/\/www.aspb.cat\/#website","url":"https:\/\/www.aspb.cat\/","name":"ASPB","description":"Just another WordPress site","potentialAction":[{"@type":"SearchAction","target":{"@type":"EntryPoint","urlTemplate":"https:\/\/www.aspb.cat\/?s={search_term_string}"},"query-input":{"@type":"PropertyValueSpecification","valueRequired":true,"valueName":"search_term_string"}}],"inLanguage":"es"}]}},"_links":{"self":[{"href":"https:\/\/www.aspb.cat\/es\/wp-json\/wp\/v2\/pages\/7255","targetHints":{"allow":["GET"]}}],"collection":[{"href":"https:\/\/www.aspb.cat\/es\/wp-json\/wp\/v2\/pages"}],"about":[{"href":"https:\/\/www.aspb.cat\/es\/wp-json\/wp\/v2\/types\/page"}],"author":[{"embeddable":true,"href":"https:\/\/www.aspb.cat\/es\/wp-json\/wp\/v2\/users\/3"}],"replies":[{"embeddable":true,"href":"https:\/\/www.aspb.cat\/es\/wp-json\/wp\/v2\/comments?post=7255"}],"version-history":[{"count":1,"href":"https:\/\/www.aspb.cat\/es\/wp-json\/wp\/v2\/pages\/7255\/revisions"}],"predecessor-version":[{"id":7282,"href":"https:\/\/www.aspb.cat\/es\/wp-json\/wp\/v2\/pages\/7255\/revisions\/7282"}],"up":[{"embeddable":true,"href":"https:\/\/www.aspb.cat\/es\/wp-json\/wp\/v2\/pages\/4227"}],"wp:attachment":[{"href":"https:\/\/www.aspb.cat\/es\/wp-json\/wp\/v2\/media?parent=7255"}],"curies":[{"name":"wp","href":"https:\/\/api.w.org\/{rel}","templated":true}]}}