{"id":7254,"date":"2016-03-14T14:08:16","date_gmt":"2016-03-14T14:08:16","guid":{"rendered":"https:\/\/www.aspb.cat\/areas\/promocion-etapas-de-la-vida\/gent-gran\/"},"modified":"2022-01-31T16:47:17","modified_gmt":"2022-01-31T16:47:17","slug":"gent-gran","status":"publish","type":"page","link":"https:\/\/www.aspb.cat\/es\/areas\/etapas-vida\/gent-gran\/","title":{"rendered":"Personas mayores"},"content":{"rendered":"<p>La salud de las personas mayores est\u00e1 influenciada por sus experiencias a lo largo de la vida y tambi\u00e9n por las experiencias de esta etapa, como la jubilaci\u00f3n, el cuidado informal de personas con dependencia, el duelo y la p\u00e9rdida de seres queridos, la p\u00e9rdida de estatus, la discriminaci\u00f3n, la soledad o el padecimiento de trastornos cr\u00f3nicos, que tambi\u00e9n dependen en buena parte del entorno f\u00edsico y social de la persona. El envejecimiento saludable es un reto que se afronta con la promoci\u00f3n de la actividad f\u00edsica, mental y social, la creaci\u00f3n de ciudades amigas de las personas mayores y la mejora de la calidad de vida de las personas mayores.<\/p>\n","protected":false},"excerpt":{"rendered":"<p>La salud de las personas mayores est\u00e1 influenciada por sus experiencias a lo largo de [&hellip;]\n","protected":false},"author":3,"featured_media":0,"parent":4227,"menu_order":193,"comment_status":"closed","ping_status":"closed","template":"","meta":{"_acf_changed":false,"_monsterinsights_skip_tracking":false,"_monsterinsights_sitenote_active":false,"_monsterinsights_sitenote_note":"","_monsterinsights_sitenote_category":0,"footnotes":""},"class_list":["post-7254","page","type-page","status-publish","hentry","publish","author-as20pb16-x22","impar","primero"],"acf":[],"yoast_head":"<!-- This site is optimized with the Yoast SEO Premium plugin v27.5 (Yoast SEO v27.5) - https:\/\/yoast.com\/product\/yoast-seo-premium-wordpress\/ -->\n<title>Personas mayores - ASPB<\/title>\n<meta name=\"robots\" content=\"index, follow, max-snippet:-1, max-image-preview:large, max-video-preview:-1\" \/>\n<link rel=\"canonical\" href=\"https:\/\/www.aspb.cat\/es\/areas\/etapas-vida\/gent-gran\/\" \/>\n<meta property=\"og:locale\" content=\"es_ES\" \/>\n<meta property=\"og:type\" content=\"article\" \/>\n<meta property=\"og:title\" content=\"Personas mayores\" \/>\n<meta property=\"og:description\" content=\"La salud de las personas mayores est\u00e1 influenciada por sus experiencias a lo largo de [&hellip;]\" \/>\n<meta property=\"og:url\" content=\"https:\/\/www.aspb.cat\/es\/areas\/etapas-vida\/gent-gran\/\" \/>\n<meta property=\"og:site_name\" content=\"ASPB\" \/>\n<meta property=\"article:publisher\" content=\"https:\/\/www.facebook.com\/salutpublicabcn\" \/>\n<meta property=\"article:modified_time\" content=\"2022-01-31T16:47:17+00:00\" \/>\n<meta name=\"twitter:card\" content=\"summary_large_image\" \/>\n<meta name=\"twitter:site\" content=\"@salutpublicabcn\" \/>\n<meta name=\"twitter:label1\" content=\"Tiempo de lectura\" \/>\n\t<meta name=\"twitter:data1\" content=\"1 minuto\" \/>\n<script type=\"application\/ld+json\" class=\"yoast-schema-graph\">{\"@context\":\"https:\\\/\\\/schema.org\",\"@graph\":[{\"@type\":\"WebPage\",\"@id\":\"https:\\\/\\\/www.aspb.cat\\\/es\\\/areas\\\/etapas-vida\\\/gent-gran\\\/\",\"url\":\"https:\\\/\\\/www.aspb.cat\\\/es\\\/areas\\\/etapas-vida\\\/gent-gran\\\/\",\"name\":\"Personas mayores - ASPB\",\"isPartOf\":{\"@id\":\"https:\\\/\\\/www.aspb.cat\\\/#website\"},\"datePublished\":\"2016-03-14T14:08:16+00:00\",\"dateModified\":\"2022-01-31T16:47:17+00:00\",\"breadcrumb\":{\"@id\":\"https:\\\/\\\/www.aspb.cat\\\/es\\\/areas\\\/etapas-vida\\\/gent-gran\\\/#breadcrumb\"},\"inLanguage\":\"es\",\"potentialAction\":[{\"@type\":\"ReadAction\",\"target\":[\"https:\\\/\\\/www.aspb.cat\\\/es\\\/areas\\\/etapas-vida\\\/gent-gran\\\/\"]}]},{\"@type\":\"BreadcrumbList\",\"@id\":\"https:\\\/\\\/www.aspb.cat\\\/es\\\/areas\\\/etapas-vida\\\/gent-gran\\\/#breadcrumb\",\"itemListElement\":[{\"@type\":\"ListItem\",\"position\":1,\"name\":\"Inici\",\"item\":\"https:\\\/\\\/www.aspb.cat\\\/es\\\/\"},{\"@type\":\"ListItem\",\"position\":2,\"name\":\"\u00c1reas\",\"item\":\"https:\\\/\\\/www.aspb.cat\\\/es\\\/areas\\\/\"},{\"@type\":\"ListItem\",\"position\":3,\"name\":\"Etapas de la vida\",\"item\":\"https:\\\/\\\/www.aspb.cat\\\/es\\\/areas\\\/etapas-vida\\\/\"},{\"@type\":\"ListItem\",\"position\":4,\"name\":\"Personas mayores\"}]},{\"@type\":\"WebSite\",\"@id\":\"https:\\\/\\\/www.aspb.cat\\\/#website\",\"url\":\"https:\\\/\\\/www.aspb.cat\\\/\",\"name\":\"ASPB\",\"description\":\"Just another WordPress site\",\"potentialAction\":[{\"@type\":\"SearchAction\",\"target\":{\"@type\":\"EntryPoint\",\"urlTemplate\":\"https:\\\/\\\/www.aspb.cat\\\/?s={search_term_string}\"},\"query-input\":{\"@type\":\"PropertyValueSpecification\",\"valueRequired\":true,\"valueName\":\"search_term_string\"}}],\"inLanguage\":\"es\"}]}<\/script>\n<!-- \/ Yoast SEO Premium plugin. -->","yoast_head_json":{"title":"Personas mayores - ASPB","robots":{"index":"index","follow":"follow","max-snippet":"max-snippet:-1","max-image-preview":"max-image-preview:large","max-video-preview":"max-video-preview:-1"},"canonical":"https:\/\/www.aspb.cat\/es\/areas\/etapas-vida\/gent-gran\/","og_locale":"es_ES","og_type":"article","og_title":"Personas mayores","og_description":"La salud de las personas mayores est\u00e1 influenciada por sus experiencias a lo largo de [&hellip;]","og_url":"https:\/\/www.aspb.cat\/es\/areas\/etapas-vida\/gent-gran\/","og_site_name":"ASPB","article_publisher":"https:\/\/www.facebook.com\/salutpublicabcn","article_modified_time":"2022-01-31T16:47:17+00:00","twitter_card":"summary_large_image","twitter_site":"@salutpublicabcn","twitter_misc":{"Tiempo de lectura":"1 minuto"},"schema":{"@context":"https:\/\/schema.org","@graph":[{"@type":"WebPage","@id":"https:\/\/www.aspb.cat\/es\/areas\/etapas-vida\/gent-gran\/","url":"https:\/\/www.aspb.cat\/es\/areas\/etapas-vida\/gent-gran\/","name":"Personas mayores - ASPB","isPartOf":{"@id":"https:\/\/www.aspb.cat\/#website"},"datePublished":"2016-03-14T14:08:16+00:00","dateModified":"2022-01-31T16:47:17+00:00","breadcrumb":{"@id":"https:\/\/www.aspb.cat\/es\/areas\/etapas-vida\/gent-gran\/#breadcrumb"},"inLanguage":"es","potentialAction":[{"@type":"ReadAction","target":["https:\/\/www.aspb.cat\/es\/areas\/etapas-vida\/gent-gran\/"]}]},{"@type":"BreadcrumbList","@id":"https:\/\/www.aspb.cat\/es\/areas\/etapas-vida\/gent-gran\/#breadcrumb","itemListElement":[{"@type":"ListItem","position":1,"name":"Inici","item":"https:\/\/www.aspb.cat\/es\/"},{"@type":"ListItem","position":2,"name":"\u00c1reas","item":"https:\/\/www.aspb.cat\/es\/areas\/"},{"@type":"ListItem","position":3,"name":"Etapas de la vida","item":"https:\/\/www.aspb.cat\/es\/areas\/etapas-vida\/"},{"@type":"ListItem","position":4,"name":"Personas mayores"}]},{"@type":"WebSite","@id":"https:\/\/www.aspb.cat\/#website","url":"https:\/\/www.aspb.cat\/","name":"ASPB","description":"Just another WordPress site","potentialAction":[{"@type":"SearchAction","target":{"@type":"EntryPoint","urlTemplate":"https:\/\/www.aspb.cat\/?s={search_term_string}"},"query-input":{"@type":"PropertyValueSpecification","valueRequired":true,"valueName":"search_term_string"}}],"inLanguage":"es"}]}},"_links":{"self":[{"href":"https:\/\/www.aspb.cat\/es\/wp-json\/wp\/v2\/pages\/7254","targetHints":{"allow":["GET"]}}],"collection":[{"href":"https:\/\/www.aspb.cat\/es\/wp-json\/wp\/v2\/pages"}],"about":[{"href":"https:\/\/www.aspb.cat\/es\/wp-json\/wp\/v2\/types\/page"}],"author":[{"embeddable":true,"href":"https:\/\/www.aspb.cat\/es\/wp-json\/wp\/v2\/users\/3"}],"replies":[{"embeddable":true,"href":"https:\/\/www.aspb.cat\/es\/wp-json\/wp\/v2\/comments?post=7254"}],"version-history":[{"count":1,"href":"https:\/\/www.aspb.cat\/es\/wp-json\/wp\/v2\/pages\/7254\/revisions"}],"predecessor-version":[{"id":7278,"href":"https:\/\/www.aspb.cat\/es\/wp-json\/wp\/v2\/pages\/7254\/revisions\/7278"}],"up":[{"embeddable":true,"href":"https:\/\/www.aspb.cat\/es\/wp-json\/wp\/v2\/pages\/4227"}],"wp:attachment":[{"href":"https:\/\/www.aspb.cat\/es\/wp-json\/wp\/v2\/media?parent=7254"}],"curies":[{"name":"wp","href":"https:\/\/api.w.org\/{rel}","templated":true}]}}