{"id":7253,"date":"2016-03-14T14:07:54","date_gmt":"2016-03-14T14:07:54","guid":{"rendered":"https:\/\/www.aspb.cat\/areas\/promocion-etapas-de-la-vida\/adultesa\/"},"modified":"2022-01-31T16:47:17","modified_gmt":"2022-01-31T16:47:17","slug":"adultesa","status":"publish","type":"page","link":"https:\/\/www.aspb.cat\/es\/areas\/etapas-vida\/adultesa\/","title":{"rendered":"Edad adulta"},"content":{"rendered":"<p>Para entender la salud de las personas en la edad adulta es importante tener en cuenta la divisi\u00f3n sexual del trabajo y, por tanto, las condiciones tanto del trabajo remunerado como del cuidado de la familia. Tener o no tener trabajo es uno de los determinantes que influyen m\u00e1s en la salud de las personas; asimismo, tener un trabajo precario genera problemas de salud importantes. Por otra parte, las personas adultas tienen una mayor exposici\u00f3n al estr\u00e9s, ya sea por problemas vinculados con el entorno familiar, por dificultades econ\u00f3micas o por los problemas para conciliar la vida laboral y la familiar. Y dicho estr\u00e9s representa un riesgo o amenaza para la salud.<\/p>\n","protected":false},"excerpt":{"rendered":"<p>Para entender la salud de las personas en la edad adulta es importante tener en [&hellip;]\n","protected":false},"author":3,"featured_media":0,"parent":4227,"menu_order":159,"comment_status":"closed","ping_status":"closed","template":"","meta":{"_acf_changed":false,"_monsterinsights_skip_tracking":false,"_monsterinsights_sitenote_active":false,"_monsterinsights_sitenote_note":"","_monsterinsights_sitenote_category":0,"footnotes":""},"class_list":["post-7253","page","type-page","status-publish","hentry","publish","author-as20pb16-x22","impar","primero"],"acf":[],"yoast_head":"<!-- This site is optimized with the Yoast SEO Premium plugin v27.5 (Yoast SEO v27.5) - https:\/\/yoast.com\/product\/yoast-seo-premium-wordpress\/ -->\n<title>Edad adulta - ASPB<\/title>\n<meta name=\"robots\" content=\"index, follow, max-snippet:-1, max-image-preview:large, max-video-preview:-1\" \/>\n<link rel=\"canonical\" href=\"https:\/\/www.aspb.cat\/es\/areas\/etapas-vida\/adultesa\/\" \/>\n<meta property=\"og:locale\" content=\"es_ES\" \/>\n<meta property=\"og:type\" content=\"article\" \/>\n<meta property=\"og:title\" content=\"Edad adulta\" \/>\n<meta property=\"og:description\" content=\"Para entender la salud de las personas en la edad adulta es importante tener en [&hellip;]\" \/>\n<meta property=\"og:url\" content=\"https:\/\/www.aspb.cat\/es\/areas\/etapas-vida\/adultesa\/\" \/>\n<meta property=\"og:site_name\" content=\"ASPB\" \/>\n<meta property=\"article:publisher\" content=\"https:\/\/www.facebook.com\/salutpublicabcn\" \/>\n<meta property=\"article:modified_time\" content=\"2022-01-31T16:47:17+00:00\" \/>\n<meta name=\"twitter:card\" content=\"summary_large_image\" \/>\n<meta name=\"twitter:site\" content=\"@salutpublicabcn\" \/>\n<meta name=\"twitter:label1\" content=\"Tiempo de lectura\" \/>\n\t<meta name=\"twitter:data1\" content=\"1 minuto\" \/>\n<script type=\"application\/ld+json\" class=\"yoast-schema-graph\">{\"@context\":\"https:\\\/\\\/schema.org\",\"@graph\":[{\"@type\":\"WebPage\",\"@id\":\"https:\\\/\\\/www.aspb.cat\\\/es\\\/areas\\\/etapas-vida\\\/adultesa\\\/\",\"url\":\"https:\\\/\\\/www.aspb.cat\\\/es\\\/areas\\\/etapas-vida\\\/adultesa\\\/\",\"name\":\"Edad adulta - ASPB\",\"isPartOf\":{\"@id\":\"https:\\\/\\\/www.aspb.cat\\\/#website\"},\"datePublished\":\"2016-03-14T14:07:54+00:00\",\"dateModified\":\"2022-01-31T16:47:17+00:00\",\"breadcrumb\":{\"@id\":\"https:\\\/\\\/www.aspb.cat\\\/es\\\/areas\\\/etapas-vida\\\/adultesa\\\/#breadcrumb\"},\"inLanguage\":\"es\",\"potentialAction\":[{\"@type\":\"ReadAction\",\"target\":[\"https:\\\/\\\/www.aspb.cat\\\/es\\\/areas\\\/etapas-vida\\\/adultesa\\\/\"]}]},{\"@type\":\"BreadcrumbList\",\"@id\":\"https:\\\/\\\/www.aspb.cat\\\/es\\\/areas\\\/etapas-vida\\\/adultesa\\\/#breadcrumb\",\"itemListElement\":[{\"@type\":\"ListItem\",\"position\":1,\"name\":\"Inici\",\"item\":\"https:\\\/\\\/www.aspb.cat\\\/es\\\/\"},{\"@type\":\"ListItem\",\"position\":2,\"name\":\"\u00c1reas\",\"item\":\"https:\\\/\\\/www.aspb.cat\\\/es\\\/areas\\\/\"},{\"@type\":\"ListItem\",\"position\":3,\"name\":\"Etapas de la vida\",\"item\":\"https:\\\/\\\/www.aspb.cat\\\/es\\\/areas\\\/etapas-vida\\\/\"},{\"@type\":\"ListItem\",\"position\":4,\"name\":\"Edad adulta\"}]},{\"@type\":\"WebSite\",\"@id\":\"https:\\\/\\\/www.aspb.cat\\\/#website\",\"url\":\"https:\\\/\\\/www.aspb.cat\\\/\",\"name\":\"ASPB\",\"description\":\"Just another WordPress site\",\"potentialAction\":[{\"@type\":\"SearchAction\",\"target\":{\"@type\":\"EntryPoint\",\"urlTemplate\":\"https:\\\/\\\/www.aspb.cat\\\/?s={search_term_string}\"},\"query-input\":{\"@type\":\"PropertyValueSpecification\",\"valueRequired\":true,\"valueName\":\"search_term_string\"}}],\"inLanguage\":\"es\"}]}<\/script>\n<!-- \/ Yoast SEO Premium plugin. -->","yoast_head_json":{"title":"Edad adulta - ASPB","robots":{"index":"index","follow":"follow","max-snippet":"max-snippet:-1","max-image-preview":"max-image-preview:large","max-video-preview":"max-video-preview:-1"},"canonical":"https:\/\/www.aspb.cat\/es\/areas\/etapas-vida\/adultesa\/","og_locale":"es_ES","og_type":"article","og_title":"Edad adulta","og_description":"Para entender la salud de las personas en la edad adulta es importante tener en [&hellip;]","og_url":"https:\/\/www.aspb.cat\/es\/areas\/etapas-vida\/adultesa\/","og_site_name":"ASPB","article_publisher":"https:\/\/www.facebook.com\/salutpublicabcn","article_modified_time":"2022-01-31T16:47:17+00:00","twitter_card":"summary_large_image","twitter_site":"@salutpublicabcn","twitter_misc":{"Tiempo de lectura":"1 minuto"},"schema":{"@context":"https:\/\/schema.org","@graph":[{"@type":"WebPage","@id":"https:\/\/www.aspb.cat\/es\/areas\/etapas-vida\/adultesa\/","url":"https:\/\/www.aspb.cat\/es\/areas\/etapas-vida\/adultesa\/","name":"Edad adulta - ASPB","isPartOf":{"@id":"https:\/\/www.aspb.cat\/#website"},"datePublished":"2016-03-14T14:07:54+00:00","dateModified":"2022-01-31T16:47:17+00:00","breadcrumb":{"@id":"https:\/\/www.aspb.cat\/es\/areas\/etapas-vida\/adultesa\/#breadcrumb"},"inLanguage":"es","potentialAction":[{"@type":"ReadAction","target":["https:\/\/www.aspb.cat\/es\/areas\/etapas-vida\/adultesa\/"]}]},{"@type":"BreadcrumbList","@id":"https:\/\/www.aspb.cat\/es\/areas\/etapas-vida\/adultesa\/#breadcrumb","itemListElement":[{"@type":"ListItem","position":1,"name":"Inici","item":"https:\/\/www.aspb.cat\/es\/"},{"@type":"ListItem","position":2,"name":"\u00c1reas","item":"https:\/\/www.aspb.cat\/es\/areas\/"},{"@type":"ListItem","position":3,"name":"Etapas de la vida","item":"https:\/\/www.aspb.cat\/es\/areas\/etapas-vida\/"},{"@type":"ListItem","position":4,"name":"Edad adulta"}]},{"@type":"WebSite","@id":"https:\/\/www.aspb.cat\/#website","url":"https:\/\/www.aspb.cat\/","name":"ASPB","description":"Just another WordPress site","potentialAction":[{"@type":"SearchAction","target":{"@type":"EntryPoint","urlTemplate":"https:\/\/www.aspb.cat\/?s={search_term_string}"},"query-input":{"@type":"PropertyValueSpecification","valueRequired":true,"valueName":"search_term_string"}}],"inLanguage":"es"}]}},"_links":{"self":[{"href":"https:\/\/www.aspb.cat\/es\/wp-json\/wp\/v2\/pages\/7253","targetHints":{"allow":["GET"]}}],"collection":[{"href":"https:\/\/www.aspb.cat\/es\/wp-json\/wp\/v2\/pages"}],"about":[{"href":"https:\/\/www.aspb.cat\/es\/wp-json\/wp\/v2\/types\/page"}],"author":[{"embeddable":true,"href":"https:\/\/www.aspb.cat\/es\/wp-json\/wp\/v2\/users\/3"}],"replies":[{"embeddable":true,"href":"https:\/\/www.aspb.cat\/es\/wp-json\/wp\/v2\/comments?post=7253"}],"version-history":[{"count":1,"href":"https:\/\/www.aspb.cat\/es\/wp-json\/wp\/v2\/pages\/7253\/revisions"}],"predecessor-version":[{"id":7264,"href":"https:\/\/www.aspb.cat\/es\/wp-json\/wp\/v2\/pages\/7253\/revisions\/7264"}],"up":[{"embeddable":true,"href":"https:\/\/www.aspb.cat\/es\/wp-json\/wp\/v2\/pages\/4227"}],"wp:attachment":[{"href":"https:\/\/www.aspb.cat\/es\/wp-json\/wp\/v2\/media?parent=7253"}],"curies":[{"name":"wp","href":"https:\/\/api.w.org\/{rel}","templated":true}]}}