{"id":7239,"date":"2016-03-14T14:00:42","date_gmt":"2016-03-14T14:00:42","guid":{"rendered":"https:\/\/www.aspb.cat\/areas\/la-salud-en-cifras\/enquesta-fresc\/"},"modified":"2022-01-31T16:47:16","modified_gmt":"2022-01-31T16:47:16","slug":"encuesta-fresc","status":"publish","type":"page","link":"https:\/\/www.aspb.cat\/es\/areas\/salud-cifras\/encuesta-fresc\/","title":{"rendered":"Encuesta Factores de Riesgo en la Escuela Secundaria (FRESC)"},"content":{"rendered":"<p>La encuesta FRESC se realiza peri\u00f3dicamente en las escuelas de la ciudad. Permite conocer con regularidad la situaci\u00f3n de la mayor\u00eda de h\u00e1bitos y conductas relacionadas con la salud de los y las adolescentes. Es un instrumento de primer orden para poner en marcha estrategias y recursos preventivos frente a los problemas que se detecten. Adem\u00e1s de los informes de resultados, se pueden consultar los cuestionarios y el manual.<\/p>\n","protected":false},"excerpt":{"rendered":"<p>La encuesta FRESC se realiza peri\u00f3dicamente en las escuelas de la ciudad. Permite conocer con [&hellip;]\n","protected":false},"author":3,"featured_media":30289,"parent":4223,"menu_order":345,"comment_status":"closed","ping_status":"closed","template":"","meta":{"_acf_changed":false,"_monsterinsights_skip_tracking":false,"_monsterinsights_sitenote_active":false,"_monsterinsights_sitenote_note":"","_monsterinsights_sitenote_category":0,"footnotes":""},"class_list":["post-7239","page","type-page","status-publish","has-post-thumbnail","hentry","publish","author-as20pb16-x22","impar","primero"],"acf":[],"yoast_head":"<!-- This site is optimized with the Yoast SEO Premium plugin v27.5 (Yoast SEO v27.5) - https:\/\/yoast.com\/product\/yoast-seo-premium-wordpress\/ -->\n<title>Encuesta Factores de Riesgo en la Escuela Secundaria (FRESC) - ASPB<\/title>\n<meta name=\"robots\" content=\"index, follow, max-snippet:-1, max-image-preview:large, max-video-preview:-1\" \/>\n<link rel=\"canonical\" href=\"https:\/\/www.aspb.cat\/es\/areas\/salud-cifras\/encuesta-fresc\/\" \/>\n<meta property=\"og:locale\" content=\"es_ES\" \/>\n<meta property=\"og:type\" content=\"article\" \/>\n<meta property=\"og:title\" content=\"Encuesta Factores de Riesgo en la Escuela Secundaria (FRESC)\" \/>\n<meta property=\"og:description\" content=\"La encuesta FRESC se realiza peri\u00f3dicamente en las escuelas de la ciudad. Permite conocer con [&hellip;]\" \/>\n<meta property=\"og:url\" content=\"https:\/\/www.aspb.cat\/es\/areas\/salud-cifras\/encuesta-fresc\/\" \/>\n<meta property=\"og:site_name\" content=\"ASPB\" \/>\n<meta property=\"article:publisher\" content=\"https:\/\/www.facebook.com\/salutpublicabcn\" \/>\n<meta property=\"article:modified_time\" content=\"2022-01-31T16:47:16+00:00\" \/>\n<meta property=\"og:image\" content=\"https:\/\/www.aspb.cat\/wp-content\/uploads\/2021\/02\/0203.jpg\" \/>\n\t<meta property=\"og:image:width\" content=\"1024\" \/>\n\t<meta property=\"og:image:height\" content=\"683\" \/>\n\t<meta property=\"og:image:type\" content=\"image\/jpeg\" \/>\n<meta name=\"twitter:card\" content=\"summary_large_image\" \/>\n<meta name=\"twitter:site\" content=\"@salutpublicabcn\" \/>\n<meta name=\"twitter:label1\" content=\"Tiempo de lectura\" \/>\n\t<meta name=\"twitter:data1\" content=\"1 minuto\" \/>\n<script type=\"application\/ld+json\" class=\"yoast-schema-graph\">{\"@context\":\"https:\\\/\\\/schema.org\",\"@graph\":[{\"@type\":\"WebPage\",\"@id\":\"https:\\\/\\\/www.aspb.cat\\\/es\\\/areas\\\/salud-cifras\\\/encuesta-fresc\\\/\",\"url\":\"https:\\\/\\\/www.aspb.cat\\\/es\\\/areas\\\/salud-cifras\\\/encuesta-fresc\\\/\",\"name\":\"Encuesta Factores de Riesgo en la Escuela Secundaria (FRESC) - ASPB\",\"isPartOf\":{\"@id\":\"https:\\\/\\\/www.aspb.cat\\\/#website\"},\"primaryImageOfPage\":{\"@id\":\"https:\\\/\\\/www.aspb.cat\\\/es\\\/areas\\\/salud-cifras\\\/encuesta-fresc\\\/#primaryimage\"},\"image\":{\"@id\":\"https:\\\/\\\/www.aspb.cat\\\/es\\\/areas\\\/salud-cifras\\\/encuesta-fresc\\\/#primaryimage\"},\"thumbnailUrl\":\"https:\\\/\\\/www.aspb.cat\\\/wp-content\\\/uploads\\\/2021\\\/02\\\/0203.jpg\",\"datePublished\":\"2016-03-14T14:00:42+00:00\",\"dateModified\":\"2022-01-31T16:47:16+00:00\",\"breadcrumb\":{\"@id\":\"https:\\\/\\\/www.aspb.cat\\\/es\\\/areas\\\/salud-cifras\\\/encuesta-fresc\\\/#breadcrumb\"},\"inLanguage\":\"es\",\"potentialAction\":[{\"@type\":\"ReadAction\",\"target\":[\"https:\\\/\\\/www.aspb.cat\\\/es\\\/areas\\\/salud-cifras\\\/encuesta-fresc\\\/\"]}]},{\"@type\":\"ImageObject\",\"inLanguage\":\"es\",\"@id\":\"https:\\\/\\\/www.aspb.cat\\\/es\\\/areas\\\/salud-cifras\\\/encuesta-fresc\\\/#primaryimage\",\"url\":\"https:\\\/\\\/www.aspb.cat\\\/wp-content\\\/uploads\\\/2021\\\/02\\\/0203.jpg\",\"contentUrl\":\"https:\\\/\\\/www.aspb.cat\\\/wp-content\\\/uploads\\\/2021\\\/02\\\/0203.jpg\",\"width\":1024,\"height\":683},{\"@type\":\"BreadcrumbList\",\"@id\":\"https:\\\/\\\/www.aspb.cat\\\/es\\\/areas\\\/salud-cifras\\\/encuesta-fresc\\\/#breadcrumb\",\"itemListElement\":[{\"@type\":\"ListItem\",\"position\":1,\"name\":\"Inici\",\"item\":\"https:\\\/\\\/www.aspb.cat\\\/es\\\/\"},{\"@type\":\"ListItem\",\"position\":2,\"name\":\"\u00c1reas\",\"item\":\"https:\\\/\\\/www.aspb.cat\\\/es\\\/areas\\\/\"},{\"@type\":\"ListItem\",\"position\":3,\"name\":\"La Salud en cifras\",\"item\":\"https:\\\/\\\/www.aspb.cat\\\/es\\\/areas\\\/salud-cifras\\\/\"},{\"@type\":\"ListItem\",\"position\":4,\"name\":\"Encuesta Factores de Riesgo en la Escuela Secundaria (FRESC)\"}]},{\"@type\":\"WebSite\",\"@id\":\"https:\\\/\\\/www.aspb.cat\\\/#website\",\"url\":\"https:\\\/\\\/www.aspb.cat\\\/\",\"name\":\"ASPB\",\"description\":\"Just another WordPress site\",\"potentialAction\":[{\"@type\":\"SearchAction\",\"target\":{\"@type\":\"EntryPoint\",\"urlTemplate\":\"https:\\\/\\\/www.aspb.cat\\\/?s={search_term_string}\"},\"query-input\":{\"@type\":\"PropertyValueSpecification\",\"valueRequired\":true,\"valueName\":\"search_term_string\"}}],\"inLanguage\":\"es\"}]}<\/script>\n<!-- \/ Yoast SEO Premium plugin. -->","yoast_head_json":{"title":"Encuesta Factores de Riesgo en la Escuela Secundaria (FRESC) - ASPB","robots":{"index":"index","follow":"follow","max-snippet":"max-snippet:-1","max-image-preview":"max-image-preview:large","max-video-preview":"max-video-preview:-1"},"canonical":"https:\/\/www.aspb.cat\/es\/areas\/salud-cifras\/encuesta-fresc\/","og_locale":"es_ES","og_type":"article","og_title":"Encuesta Factores de Riesgo en la Escuela Secundaria (FRESC)","og_description":"La encuesta FRESC se realiza peri\u00f3dicamente en las escuelas de la ciudad. Permite conocer con [&hellip;]","og_url":"https:\/\/www.aspb.cat\/es\/areas\/salud-cifras\/encuesta-fresc\/","og_site_name":"ASPB","article_publisher":"https:\/\/www.facebook.com\/salutpublicabcn","article_modified_time":"2022-01-31T16:47:16+00:00","og_image":[{"width":1024,"height":683,"url":"https:\/\/www.aspb.cat\/wp-content\/uploads\/2021\/02\/0203.jpg","type":"image\/jpeg"}],"twitter_card":"summary_large_image","twitter_site":"@salutpublicabcn","twitter_misc":{"Tiempo de lectura":"1 minuto"},"schema":{"@context":"https:\/\/schema.org","@graph":[{"@type":"WebPage","@id":"https:\/\/www.aspb.cat\/es\/areas\/salud-cifras\/encuesta-fresc\/","url":"https:\/\/www.aspb.cat\/es\/areas\/salud-cifras\/encuesta-fresc\/","name":"Encuesta Factores de Riesgo en la Escuela Secundaria (FRESC) - ASPB","isPartOf":{"@id":"https:\/\/www.aspb.cat\/#website"},"primaryImageOfPage":{"@id":"https:\/\/www.aspb.cat\/es\/areas\/salud-cifras\/encuesta-fresc\/#primaryimage"},"image":{"@id":"https:\/\/www.aspb.cat\/es\/areas\/salud-cifras\/encuesta-fresc\/#primaryimage"},"thumbnailUrl":"https:\/\/www.aspb.cat\/wp-content\/uploads\/2021\/02\/0203.jpg","datePublished":"2016-03-14T14:00:42+00:00","dateModified":"2022-01-31T16:47:16+00:00","breadcrumb":{"@id":"https:\/\/www.aspb.cat\/es\/areas\/salud-cifras\/encuesta-fresc\/#breadcrumb"},"inLanguage":"es","potentialAction":[{"@type":"ReadAction","target":["https:\/\/www.aspb.cat\/es\/areas\/salud-cifras\/encuesta-fresc\/"]}]},{"@type":"ImageObject","inLanguage":"es","@id":"https:\/\/www.aspb.cat\/es\/areas\/salud-cifras\/encuesta-fresc\/#primaryimage","url":"https:\/\/www.aspb.cat\/wp-content\/uploads\/2021\/02\/0203.jpg","contentUrl":"https:\/\/www.aspb.cat\/wp-content\/uploads\/2021\/02\/0203.jpg","width":1024,"height":683},{"@type":"BreadcrumbList","@id":"https:\/\/www.aspb.cat\/es\/areas\/salud-cifras\/encuesta-fresc\/#breadcrumb","itemListElement":[{"@type":"ListItem","position":1,"name":"Inici","item":"https:\/\/www.aspb.cat\/es\/"},{"@type":"ListItem","position":2,"name":"\u00c1reas","item":"https:\/\/www.aspb.cat\/es\/areas\/"},{"@type":"ListItem","position":3,"name":"La Salud en cifras","item":"https:\/\/www.aspb.cat\/es\/areas\/salud-cifras\/"},{"@type":"ListItem","position":4,"name":"Encuesta Factores de Riesgo en la Escuela Secundaria (FRESC)"}]},{"@type":"WebSite","@id":"https:\/\/www.aspb.cat\/#website","url":"https:\/\/www.aspb.cat\/","name":"ASPB","description":"Just another WordPress site","potentialAction":[{"@type":"SearchAction","target":{"@type":"EntryPoint","urlTemplate":"https:\/\/www.aspb.cat\/?s={search_term_string}"},"query-input":{"@type":"PropertyValueSpecification","valueRequired":true,"valueName":"search_term_string"}}],"inLanguage":"es"}]}},"_links":{"self":[{"href":"https:\/\/www.aspb.cat\/es\/wp-json\/wp\/v2\/pages\/7239","targetHints":{"allow":["GET"]}}],"collection":[{"href":"https:\/\/www.aspb.cat\/es\/wp-json\/wp\/v2\/pages"}],"about":[{"href":"https:\/\/www.aspb.cat\/es\/wp-json\/wp\/v2\/types\/page"}],"author":[{"embeddable":true,"href":"https:\/\/www.aspb.cat\/es\/wp-json\/wp\/v2\/users\/3"}],"replies":[{"embeddable":true,"href":"https:\/\/www.aspb.cat\/es\/wp-json\/wp\/v2\/comments?post=7239"}],"version-history":[{"count":1,"href":"https:\/\/www.aspb.cat\/es\/wp-json\/wp\/v2\/pages\/7239\/revisions"}],"predecessor-version":[{"id":7248,"href":"https:\/\/www.aspb.cat\/es\/wp-json\/wp\/v2\/pages\/7239\/revisions\/7248"}],"up":[{"embeddable":true,"href":"https:\/\/www.aspb.cat\/es\/wp-json\/wp\/v2\/pages\/4223"}],"wp:featuredmedia":[{"embeddable":true,"href":"https:\/\/www.aspb.cat\/es\/wp-json\/wp\/v2\/media\/30289"}],"wp:attachment":[{"href":"https:\/\/www.aspb.cat\/es\/wp-json\/wp\/v2\/media?parent=7239"}],"curies":[{"name":"wp","href":"https:\/\/api.w.org\/{rel}","templated":true}]}}