{"id":7214,"date":"2016-02-02T15:31:55","date_gmt":"2016-02-02T15:31:55","guid":{"rendered":"https:\/\/www.aspb.cat\/la-agencia\/proveidors\/"},"modified":"2025-03-25T12:23:50","modified_gmt":"2025-03-25T12:23:50","slug":"proveedores-perfil-contratante","status":"publish","type":"page","link":"https:\/\/www.aspb.cat\/es\/la-agencia\/proveedores-perfil-contratante\/","title":{"rendered":"Proveedores y perfil del contratante"},"content":{"rendered":"<div style=\"background-color: #f5f3ef; width: 100%; padding: 15px;\">\n<p>En este perfil de contratante encontrar\u00e1, la informaci\u00f3n relativa a las licitaciones en curso, las adjudicaciones y las formalizaciones de los contratos de la Agencia de Salud P\u00fablica de Barcelona.<\/p>\n<p>El perfil de contratante es el medio de difusi\u00f3n de las pujas de los procedimientos abiertos, restringidos y negociados con publicidad; de las adjudicaciones de los contratos con procedimiento de licitaci\u00f3n, y de las formalizaciones de los contratos de obras adjudicados por cuant\u00eda igual o superior a 50.000\u20ac (IVA excluido) y del resto de contratos adjudicados por cuant\u00eda igual o superior a 18.000\u20ac (IVA excluido).<\/p>\n<\/div>\n\n\n<div style=\"height:30px\" aria-hidden=\"true\" class=\"wp-block-spacer\"><\/div>\n\n\n<h4>Nota:<\/h4>\n<ul>\n<li>Las licitaciones publicadas <strong>a partir del 1 de junio de 2016<\/strong> deben consultarse en:<br \/><a href=\"https:\/\/contractaciopublica.gencat.cat\/ecofin_pscp\/AppJava\/perfil\/aspb\" target=\"_blank\" rel=\"noopener noreferrer\"><u>la plataforma electr\u00f2nica de contractaci\u00f3 p\u00fablica de la Generalitat de Catalunya<\/u><\/a><\/li>\n<\/ul>\n<ul>\n<li>Las licitaciones publicadas <strong>antes del 1 de junio de 2016<\/strong> deben consultarse en:<br \/><a href=\"https:\/\/seuelectronica.ajuntament.barcelona.cat\/ca\/licitacions\" target=\"_blank\" rel=\"noopener noreferrer\"><u>el perfil del contractant de l&#8217;Ajuntament de Barcelona<\/u><\/a><\/li>\n<\/ul>\n\n\n<div style=\"height:30px\" aria-hidden=\"true\" class=\"wp-block-spacer\"><\/div>\n\n\n<div style=\"background-color: #f5f3ef; width: 100%; padding: 15px;\">El per\u00edodo medio de pago se publica peri\u00f3dicamente en la web del <em><a href=\"https:\/\/economia.gencat.cat\/ca\/ambits-actuacio\/tresoreria-pagaments\/\" target=\"_blank\" rel=\"noopener\"><u>Departament de la vicepresidencia i d&#8217;economia i Hisenda<\/u><\/a><\/em> de la Generalitat de Catalunya.<\/div>\n\n\n<div style=\"height:40px\" aria-hidden=\"true\" class=\"wp-block-spacer\"><\/div>\n\n\n\n<hr class=\"wp-block-separator has-text-color has-css-opacity has-background is-style-default\" style=\"background-color:#f5f3ef;color:#f5f3ef\"\/>\n\n\n\n<div style=\"height:40px\" aria-hidden=\"true\" class=\"wp-block-spacer\"><\/div>\n\n\n<h4>Pol\u00edticas transversales de la <em>Ag\u00e8ncia de Salut P\u00fablica de Barcelona<\/em>:<\/h4>\n<ul>\n<li><em><a href=\"https:\/\/www.aspb.cat\/wp-content\/uploads\/2016\/05\/Manual-prevencio-riscos-empreses-contractades.pdf\" target=\"_blank\" rel=\"noopener noreferrer\">Manual de prevenci\u00f3 de riscos laborals per a empreses contractades [PDF]<\/a><\/em><\/li>\n<li><em><a href=\"https:\/\/www.aspb.cat\/wp-content\/uploads\/2016\/05\/Manual-prevencio-riscos-empreses-contractades_CAST.pdf\" target=\"_blank\" rel=\"noopener noreferrer\">Manual de prevenci\u00f3n de riesgos laborales para empresas contratadas [PDF]<\/a><\/em><\/li>\n<li><em><a href=\"https:\/\/www.aspb.cat\/wp-content\/uploads\/2022\/07\/PoliticaIntegradaQASST-ASPB_20220628.pdf\" target=\"_blank\" rel=\"noopener\">Pol\u00edtica integrada de la qualitat, ambiental i de la seguretat i salut en el treball [PDF]<\/a><\/em><\/li>\n<\/ul>\n\n\n<div style=\"height:30px\" aria-hidden=\"true\" class=\"wp-block-spacer\"><\/div>\n","protected":false},"excerpt":{"rendered":"<p>En este perfil de contratante encontrar\u00e1, la informaci\u00f3n relativa a las licitaciones en curso, las [&hellip;]\n","protected":false},"author":3,"featured_media":0,"parent":4214,"menu_order":285,"comment_status":"closed","ping_status":"closed","template":"","meta":{"_acf_changed":false,"_monsterinsights_skip_tracking":false,"_monsterinsights_sitenote_active":false,"_monsterinsights_sitenote_note":"","_monsterinsights_sitenote_category":0,"footnotes":""},"class_list":["post-7214","page","type-page","status-publish","hentry","publish","author-as20pb16-x22","impar","primero"],"acf":[],"yoast_head":"<!-- This site is optimized with the Yoast SEO Premium plugin v27.5 (Yoast SEO v27.5) - https:\/\/yoast.com\/product\/yoast-seo-premium-wordpress\/ -->\n<title>Proveedores y perfil del contratante - ASPB<\/title>\n<meta name=\"robots\" content=\"index, follow, max-snippet:-1, max-image-preview:large, max-video-preview:-1\" \/>\n<link rel=\"canonical\" href=\"https:\/\/www.aspb.cat\/es\/la-agencia\/proveedores-perfil-contratante\/\" \/>\n<meta property=\"og:locale\" content=\"es_ES\" \/>\n<meta property=\"og:type\" content=\"article\" \/>\n<meta property=\"og:title\" content=\"Proveedores y perfil del contratante\" \/>\n<meta property=\"og:description\" content=\"En este perfil de contratante encontrar\u00e1, la informaci\u00f3n relativa a las licitaciones en curso, las [&hellip;]\" \/>\n<meta property=\"og:url\" content=\"https:\/\/www.aspb.cat\/es\/la-agencia\/proveedores-perfil-contratante\/\" \/>\n<meta property=\"og:site_name\" content=\"ASPB\" \/>\n<meta property=\"article:publisher\" content=\"https:\/\/www.facebook.com\/salutpublicabcn\" \/>\n<meta property=\"article:modified_time\" content=\"2025-03-25T12:23:50+00:00\" \/>\n<meta name=\"twitter:card\" content=\"summary_large_image\" \/>\n<meta name=\"twitter:site\" content=\"@salutpublicabcn\" \/>\n<meta name=\"twitter:label1\" content=\"Tiempo de lectura\" \/>\n\t<meta name=\"twitter:data1\" content=\"2 minutos\" \/>\n<script type=\"application\/ld+json\" class=\"yoast-schema-graph\">{\"@context\":\"https:\\\/\\\/schema.org\",\"@graph\":[{\"@type\":\"WebPage\",\"@id\":\"https:\\\/\\\/www.aspb.cat\\\/es\\\/la-agencia\\\/proveedores-perfil-contratante\\\/\",\"url\":\"https:\\\/\\\/www.aspb.cat\\\/es\\\/la-agencia\\\/proveedores-perfil-contratante\\\/\",\"name\":\"Proveedores y perfil del contratante - ASPB\",\"isPartOf\":{\"@id\":\"https:\\\/\\\/www.aspb.cat\\\/#website\"},\"datePublished\":\"2016-02-02T15:31:55+00:00\",\"dateModified\":\"2025-03-25T12:23:50+00:00\",\"breadcrumb\":{\"@id\":\"https:\\\/\\\/www.aspb.cat\\\/es\\\/la-agencia\\\/proveedores-perfil-contratante\\\/#breadcrumb\"},\"inLanguage\":\"es\",\"potentialAction\":[{\"@type\":\"ReadAction\",\"target\":[\"https:\\\/\\\/www.aspb.cat\\\/es\\\/la-agencia\\\/proveedores-perfil-contratante\\\/\"]}]},{\"@type\":\"BreadcrumbList\",\"@id\":\"https:\\\/\\\/www.aspb.cat\\\/es\\\/la-agencia\\\/proveedores-perfil-contratante\\\/#breadcrumb\",\"itemListElement\":[{\"@type\":\"ListItem\",\"position\":1,\"name\":\"Inici\",\"item\":\"https:\\\/\\\/www.aspb.cat\\\/es\\\/\"},{\"@type\":\"ListItem\",\"position\":2,\"name\":\"La Agencia\",\"item\":\"https:\\\/\\\/www.aspb.cat\\\/es\\\/la-agencia\\\/\"},{\"@type\":\"ListItem\",\"position\":3,\"name\":\"Proveedores y perfil del contratante\"}]},{\"@type\":\"WebSite\",\"@id\":\"https:\\\/\\\/www.aspb.cat\\\/#website\",\"url\":\"https:\\\/\\\/www.aspb.cat\\\/\",\"name\":\"ASPB\",\"description\":\"Just another WordPress site\",\"potentialAction\":[{\"@type\":\"SearchAction\",\"target\":{\"@type\":\"EntryPoint\",\"urlTemplate\":\"https:\\\/\\\/www.aspb.cat\\\/?s={search_term_string}\"},\"query-input\":{\"@type\":\"PropertyValueSpecification\",\"valueRequired\":true,\"valueName\":\"search_term_string\"}}],\"inLanguage\":\"es\"}]}<\/script>\n<!-- \/ Yoast SEO Premium plugin. -->","yoast_head_json":{"title":"Proveedores y perfil del contratante - ASPB","robots":{"index":"index","follow":"follow","max-snippet":"max-snippet:-1","max-image-preview":"max-image-preview:large","max-video-preview":"max-video-preview:-1"},"canonical":"https:\/\/www.aspb.cat\/es\/la-agencia\/proveedores-perfil-contratante\/","og_locale":"es_ES","og_type":"article","og_title":"Proveedores y perfil del contratante","og_description":"En este perfil de contratante encontrar\u00e1, la informaci\u00f3n relativa a las licitaciones en curso, las [&hellip;]","og_url":"https:\/\/www.aspb.cat\/es\/la-agencia\/proveedores-perfil-contratante\/","og_site_name":"ASPB","article_publisher":"https:\/\/www.facebook.com\/salutpublicabcn","article_modified_time":"2025-03-25T12:23:50+00:00","twitter_card":"summary_large_image","twitter_site":"@salutpublicabcn","twitter_misc":{"Tiempo de lectura":"2 minutos"},"schema":{"@context":"https:\/\/schema.org","@graph":[{"@type":"WebPage","@id":"https:\/\/www.aspb.cat\/es\/la-agencia\/proveedores-perfil-contratante\/","url":"https:\/\/www.aspb.cat\/es\/la-agencia\/proveedores-perfil-contratante\/","name":"Proveedores y perfil del contratante - ASPB","isPartOf":{"@id":"https:\/\/www.aspb.cat\/#website"},"datePublished":"2016-02-02T15:31:55+00:00","dateModified":"2025-03-25T12:23:50+00:00","breadcrumb":{"@id":"https:\/\/www.aspb.cat\/es\/la-agencia\/proveedores-perfil-contratante\/#breadcrumb"},"inLanguage":"es","potentialAction":[{"@type":"ReadAction","target":["https:\/\/www.aspb.cat\/es\/la-agencia\/proveedores-perfil-contratante\/"]}]},{"@type":"BreadcrumbList","@id":"https:\/\/www.aspb.cat\/es\/la-agencia\/proveedores-perfil-contratante\/#breadcrumb","itemListElement":[{"@type":"ListItem","position":1,"name":"Inici","item":"https:\/\/www.aspb.cat\/es\/"},{"@type":"ListItem","position":2,"name":"La Agencia","item":"https:\/\/www.aspb.cat\/es\/la-agencia\/"},{"@type":"ListItem","position":3,"name":"Proveedores y perfil del contratante"}]},{"@type":"WebSite","@id":"https:\/\/www.aspb.cat\/#website","url":"https:\/\/www.aspb.cat\/","name":"ASPB","description":"Just another WordPress site","potentialAction":[{"@type":"SearchAction","target":{"@type":"EntryPoint","urlTemplate":"https:\/\/www.aspb.cat\/?s={search_term_string}"},"query-input":{"@type":"PropertyValueSpecification","valueRequired":true,"valueName":"search_term_string"}}],"inLanguage":"es"}]}},"_links":{"self":[{"href":"https:\/\/www.aspb.cat\/es\/wp-json\/wp\/v2\/pages\/7214","targetHints":{"allow":["GET"]}}],"collection":[{"href":"https:\/\/www.aspb.cat\/es\/wp-json\/wp\/v2\/pages"}],"about":[{"href":"https:\/\/www.aspb.cat\/es\/wp-json\/wp\/v2\/types\/page"}],"author":[{"embeddable":true,"href":"https:\/\/www.aspb.cat\/es\/wp-json\/wp\/v2\/users\/3"}],"replies":[{"embeddable":true,"href":"https:\/\/www.aspb.cat\/es\/wp-json\/wp\/v2\/comments?post=7214"}],"version-history":[{"count":15,"href":"https:\/\/www.aspb.cat\/es\/wp-json\/wp\/v2\/pages\/7214\/revisions"}],"predecessor-version":[{"id":57973,"href":"https:\/\/www.aspb.cat\/es\/wp-json\/wp\/v2\/pages\/7214\/revisions\/57973"}],"up":[{"embeddable":true,"href":"https:\/\/www.aspb.cat\/es\/wp-json\/wp\/v2\/pages\/4214"}],"wp:attachment":[{"href":"https:\/\/www.aspb.cat\/es\/wp-json\/wp\/v2\/media?parent=7214"}],"curies":[{"name":"wp","href":"https:\/\/api.w.org\/{rel}","templated":true}]}}