{"id":7193,"date":"2016-03-14T13:56:34","date_gmt":"2016-03-14T13:56:34","guid":{"rendered":"https:\/\/www.aspb.cat\/areas\/la-salud-en-cifras\/salut-barcelona\/"},"modified":"2022-01-31T16:47:15","modified_gmt":"2022-01-31T16:47:15","slug":"salud-barcelona","status":"publish","type":"page","link":"https:\/\/www.aspb.cat\/es\/areas\/salud-cifras\/salud-barcelona\/","title":{"rendered":"La salud en Barcelona"},"content":{"rendered":"<p>La Salud en Barcelona recoge los informes \u00fatiles para el an\u00e1lisis y la planificaci\u00f3n \u2013desde la perspectiva del contexto f\u00edsico y socioecon\u00f3mico\u2013 que describen la situaci\u00f3n y la evoluci\u00f3n de los principales indicadores de salud de la poblaci\u00f3n barcelonesa. El hecho de utilizar la matriz Urban HEART (Urban Health Equity Assessment and Response Tool) Barcelona, una herramienta de an\u00e1lisis de la Organizaci\u00f3n Mundial de la Salud (OMS), permite analizar las desigualdades entre barrios de los indicadores de salud y de sus determinantes.<\/p>\n","protected":false},"excerpt":{"rendered":"<p>La Salud en Barcelona recoge los informes \u00fatiles para el an\u00e1lisis y la planificaci\u00f3n \u2013desde [&hellip;]\n","protected":false},"author":3,"featured_media":29592,"parent":4223,"menu_order":160,"comment_status":"closed","ping_status":"closed","template":"","meta":{"_acf_changed":false,"_monsterinsights_skip_tracking":false,"_monsterinsights_sitenote_active":false,"_monsterinsights_sitenote_note":"","_monsterinsights_sitenote_category":0,"footnotes":""},"class_list":["post-7193","page","type-page","status-publish","has-post-thumbnail","hentry","publish","author-as20pb16-x22","impar","primero"],"acf":[],"yoast_head":"<!-- This site is optimized with the Yoast SEO Premium plugin v27.5 (Yoast SEO v27.5) - https:\/\/yoast.com\/product\/yoast-seo-premium-wordpress\/ -->\n<title>La Salut de la poblaci\u00f3 de Barcelona<\/title>\n<meta name=\"description\" content=\"La Salut a Barcelona recull informes \u00fatils per l\u2019an\u00e0lisi i la planificaci\u00f3 de la salut de la poblaci\u00f3, considerant el context f\u00edsic i socioecon\u00f2mic.\" \/>\n<meta name=\"robots\" content=\"index, follow, max-snippet:-1, max-image-preview:large, max-video-preview:-1\" \/>\n<link rel=\"canonical\" href=\"https:\/\/www.aspb.cat\/es\/areas\/salud-cifras\/salud-barcelona\/\" \/>\n<meta property=\"og:locale\" content=\"es_ES\" \/>\n<meta property=\"og:type\" content=\"article\" \/>\n<meta property=\"og:title\" content=\"La salud en Barcelona\" \/>\n<meta property=\"og:description\" content=\"La Salut a Barcelona recull informes \u00fatils per l\u2019an\u00e0lisi i la planificaci\u00f3 de la salut de la poblaci\u00f3, considerant el context f\u00edsic i socioecon\u00f2mic.\" \/>\n<meta property=\"og:url\" content=\"https:\/\/www.aspb.cat\/es\/areas\/salud-cifras\/salud-barcelona\/\" \/>\n<meta property=\"og:site_name\" content=\"ASPB\" \/>\n<meta property=\"article:publisher\" content=\"https:\/\/www.facebook.com\/salutpublicabcn\" \/>\n<meta property=\"article:modified_time\" content=\"2022-01-31T16:47:15+00:00\" \/>\n<meta property=\"og:image\" content=\"https:\/\/www.aspb.cat\/wp-content\/uploads\/2021\/02\/DSC00869_la-salut-en-xifres-916x611-1.jpg\" \/>\n\t<meta property=\"og:image:width\" content=\"916\" \/>\n\t<meta property=\"og:image:height\" content=\"611\" \/>\n\t<meta property=\"og:image:type\" content=\"image\/jpeg\" \/>\n<meta name=\"twitter:card\" content=\"summary_large_image\" \/>\n<meta name=\"twitter:site\" content=\"@salutpublicabcn\" \/>\n<meta name=\"twitter:label1\" content=\"Tiempo de lectura\" \/>\n\t<meta name=\"twitter:data1\" content=\"1 minuto\" \/>\n<script type=\"application\/ld+json\" class=\"yoast-schema-graph\">{\"@context\":\"https:\\\/\\\/schema.org\",\"@graph\":[{\"@type\":\"WebPage\",\"@id\":\"https:\\\/\\\/www.aspb.cat\\\/es\\\/areas\\\/salud-cifras\\\/salud-barcelona\\\/\",\"url\":\"https:\\\/\\\/www.aspb.cat\\\/es\\\/areas\\\/salud-cifras\\\/salud-barcelona\\\/\",\"name\":\"La Salut de la poblaci\u00f3 de Barcelona\",\"isPartOf\":{\"@id\":\"https:\\\/\\\/www.aspb.cat\\\/#website\"},\"primaryImageOfPage\":{\"@id\":\"https:\\\/\\\/www.aspb.cat\\\/es\\\/areas\\\/salud-cifras\\\/salud-barcelona\\\/#primaryimage\"},\"image\":{\"@id\":\"https:\\\/\\\/www.aspb.cat\\\/es\\\/areas\\\/salud-cifras\\\/salud-barcelona\\\/#primaryimage\"},\"thumbnailUrl\":\"https:\\\/\\\/www.aspb.cat\\\/wp-content\\\/uploads\\\/2021\\\/02\\\/DSC00869_la-salut-en-xifres-916x611-1.jpg\",\"datePublished\":\"2016-03-14T13:56:34+00:00\",\"dateModified\":\"2022-01-31T16:47:15+00:00\",\"description\":\"La Salut a Barcelona recull informes \u00fatils per l\u2019an\u00e0lisi i la planificaci\u00f3 de la salut de la poblaci\u00f3, considerant el context f\u00edsic i socioecon\u00f2mic.\",\"breadcrumb\":{\"@id\":\"https:\\\/\\\/www.aspb.cat\\\/es\\\/areas\\\/salud-cifras\\\/salud-barcelona\\\/#breadcrumb\"},\"inLanguage\":\"es\",\"potentialAction\":[{\"@type\":\"ReadAction\",\"target\":[\"https:\\\/\\\/www.aspb.cat\\\/es\\\/areas\\\/salud-cifras\\\/salud-barcelona\\\/\"]}]},{\"@type\":\"ImageObject\",\"inLanguage\":\"es\",\"@id\":\"https:\\\/\\\/www.aspb.cat\\\/es\\\/areas\\\/salud-cifras\\\/salud-barcelona\\\/#primaryimage\",\"url\":\"https:\\\/\\\/www.aspb.cat\\\/wp-content\\\/uploads\\\/2021\\\/02\\\/DSC00869_la-salut-en-xifres-916x611-1.jpg\",\"contentUrl\":\"https:\\\/\\\/www.aspb.cat\\\/wp-content\\\/uploads\\\/2021\\\/02\\\/DSC00869_la-salut-en-xifres-916x611-1.jpg\",\"width\":916,\"height\":611},{\"@type\":\"BreadcrumbList\",\"@id\":\"https:\\\/\\\/www.aspb.cat\\\/es\\\/areas\\\/salud-cifras\\\/salud-barcelona\\\/#breadcrumb\",\"itemListElement\":[{\"@type\":\"ListItem\",\"position\":1,\"name\":\"Inici\",\"item\":\"https:\\\/\\\/www.aspb.cat\\\/es\\\/\"},{\"@type\":\"ListItem\",\"position\":2,\"name\":\"\u00c1reas\",\"item\":\"https:\\\/\\\/www.aspb.cat\\\/es\\\/areas\\\/\"},{\"@type\":\"ListItem\",\"position\":3,\"name\":\"La Salud en cifras\",\"item\":\"https:\\\/\\\/www.aspb.cat\\\/es\\\/areas\\\/salud-cifras\\\/\"},{\"@type\":\"ListItem\",\"position\":4,\"name\":\"La salud en Barcelona\"}]},{\"@type\":\"WebSite\",\"@id\":\"https:\\\/\\\/www.aspb.cat\\\/#website\",\"url\":\"https:\\\/\\\/www.aspb.cat\\\/\",\"name\":\"ASPB\",\"description\":\"Just another WordPress site\",\"potentialAction\":[{\"@type\":\"SearchAction\",\"target\":{\"@type\":\"EntryPoint\",\"urlTemplate\":\"https:\\\/\\\/www.aspb.cat\\\/?s={search_term_string}\"},\"query-input\":{\"@type\":\"PropertyValueSpecification\",\"valueRequired\":true,\"valueName\":\"search_term_string\"}}],\"inLanguage\":\"es\"}]}<\/script>\n<!-- \/ Yoast SEO Premium plugin. -->","yoast_head_json":{"title":"La Salut de la poblaci\u00f3 de Barcelona","description":"La Salut a Barcelona recull informes \u00fatils per l\u2019an\u00e0lisi i la planificaci\u00f3 de la salut de la poblaci\u00f3, considerant el context f\u00edsic i socioecon\u00f2mic.","robots":{"index":"index","follow":"follow","max-snippet":"max-snippet:-1","max-image-preview":"max-image-preview:large","max-video-preview":"max-video-preview:-1"},"canonical":"https:\/\/www.aspb.cat\/es\/areas\/salud-cifras\/salud-barcelona\/","og_locale":"es_ES","og_type":"article","og_title":"La salud en Barcelona","og_description":"La Salut a Barcelona recull informes \u00fatils per l\u2019an\u00e0lisi i la planificaci\u00f3 de la salut de la poblaci\u00f3, considerant el context f\u00edsic i socioecon\u00f2mic.","og_url":"https:\/\/www.aspb.cat\/es\/areas\/salud-cifras\/salud-barcelona\/","og_site_name":"ASPB","article_publisher":"https:\/\/www.facebook.com\/salutpublicabcn","article_modified_time":"2022-01-31T16:47:15+00:00","og_image":[{"width":916,"height":611,"url":"https:\/\/www.aspb.cat\/wp-content\/uploads\/2021\/02\/DSC00869_la-salut-en-xifres-916x611-1.jpg","type":"image\/jpeg"}],"twitter_card":"summary_large_image","twitter_site":"@salutpublicabcn","twitter_misc":{"Tiempo de lectura":"1 minuto"},"schema":{"@context":"https:\/\/schema.org","@graph":[{"@type":"WebPage","@id":"https:\/\/www.aspb.cat\/es\/areas\/salud-cifras\/salud-barcelona\/","url":"https:\/\/www.aspb.cat\/es\/areas\/salud-cifras\/salud-barcelona\/","name":"La Salut de la poblaci\u00f3 de Barcelona","isPartOf":{"@id":"https:\/\/www.aspb.cat\/#website"},"primaryImageOfPage":{"@id":"https:\/\/www.aspb.cat\/es\/areas\/salud-cifras\/salud-barcelona\/#primaryimage"},"image":{"@id":"https:\/\/www.aspb.cat\/es\/areas\/salud-cifras\/salud-barcelona\/#primaryimage"},"thumbnailUrl":"https:\/\/www.aspb.cat\/wp-content\/uploads\/2021\/02\/DSC00869_la-salut-en-xifres-916x611-1.jpg","datePublished":"2016-03-14T13:56:34+00:00","dateModified":"2022-01-31T16:47:15+00:00","description":"La Salut a Barcelona recull informes \u00fatils per l\u2019an\u00e0lisi i la planificaci\u00f3 de la salut de la poblaci\u00f3, considerant el context f\u00edsic i socioecon\u00f2mic.","breadcrumb":{"@id":"https:\/\/www.aspb.cat\/es\/areas\/salud-cifras\/salud-barcelona\/#breadcrumb"},"inLanguage":"es","potentialAction":[{"@type":"ReadAction","target":["https:\/\/www.aspb.cat\/es\/areas\/salud-cifras\/salud-barcelona\/"]}]},{"@type":"ImageObject","inLanguage":"es","@id":"https:\/\/www.aspb.cat\/es\/areas\/salud-cifras\/salud-barcelona\/#primaryimage","url":"https:\/\/www.aspb.cat\/wp-content\/uploads\/2021\/02\/DSC00869_la-salut-en-xifres-916x611-1.jpg","contentUrl":"https:\/\/www.aspb.cat\/wp-content\/uploads\/2021\/02\/DSC00869_la-salut-en-xifres-916x611-1.jpg","width":916,"height":611},{"@type":"BreadcrumbList","@id":"https:\/\/www.aspb.cat\/es\/areas\/salud-cifras\/salud-barcelona\/#breadcrumb","itemListElement":[{"@type":"ListItem","position":1,"name":"Inici","item":"https:\/\/www.aspb.cat\/es\/"},{"@type":"ListItem","position":2,"name":"\u00c1reas","item":"https:\/\/www.aspb.cat\/es\/areas\/"},{"@type":"ListItem","position":3,"name":"La Salud en cifras","item":"https:\/\/www.aspb.cat\/es\/areas\/salud-cifras\/"},{"@type":"ListItem","position":4,"name":"La salud en Barcelona"}]},{"@type":"WebSite","@id":"https:\/\/www.aspb.cat\/#website","url":"https:\/\/www.aspb.cat\/","name":"ASPB","description":"Just another WordPress site","potentialAction":[{"@type":"SearchAction","target":{"@type":"EntryPoint","urlTemplate":"https:\/\/www.aspb.cat\/?s={search_term_string}"},"query-input":{"@type":"PropertyValueSpecification","valueRequired":true,"valueName":"search_term_string"}}],"inLanguage":"es"}]}},"_links":{"self":[{"href":"https:\/\/www.aspb.cat\/es\/wp-json\/wp\/v2\/pages\/7193","targetHints":{"allow":["GET"]}}],"collection":[{"href":"https:\/\/www.aspb.cat\/es\/wp-json\/wp\/v2\/pages"}],"about":[{"href":"https:\/\/www.aspb.cat\/es\/wp-json\/wp\/v2\/types\/page"}],"author":[{"embeddable":true,"href":"https:\/\/www.aspb.cat\/es\/wp-json\/wp\/v2\/users\/3"}],"replies":[{"embeddable":true,"href":"https:\/\/www.aspb.cat\/es\/wp-json\/wp\/v2\/comments?post=7193"}],"version-history":[{"count":1,"href":"https:\/\/www.aspb.cat\/es\/wp-json\/wp\/v2\/pages\/7193\/revisions"}],"predecessor-version":[{"id":7196,"href":"https:\/\/www.aspb.cat\/es\/wp-json\/wp\/v2\/pages\/7193\/revisions\/7196"}],"up":[{"embeddable":true,"href":"https:\/\/www.aspb.cat\/es\/wp-json\/wp\/v2\/pages\/4223"}],"wp:featuredmedia":[{"embeddable":true,"href":"https:\/\/www.aspb.cat\/es\/wp-json\/wp\/v2\/media\/29592"}],"wp:attachment":[{"href":"https:\/\/www.aspb.cat\/es\/wp-json\/wp\/v2\/media?parent=7193"}],"curies":[{"name":"wp","href":"https:\/\/api.w.org\/{rel}","templated":true}]}}