{"id":7173,"date":"2016-02-02T15:31:15","date_gmt":"2016-02-02T15:31:15","guid":{"rendered":"https:\/\/www.aspb.cat\/la-agencia\/qualitat\/"},"modified":"2026-04-08T15:44:37","modified_gmt":"2026-04-08T15:44:37","slug":"gestion-servicios","status":"publish","type":"page","link":"https:\/\/www.aspb.cat\/es\/la-agencia\/gestion-servicios\/","title":{"rendered":"Gesti\u00f3n de servicios"},"content":{"rendered":"<p>De las declaraciones de misi\u00f3n y visi\u00f3n se evidencia el papel central que la mejora de la calidad y la consecuci\u00f3n de la excelencia tienen en la Ag\u00e8ncia de Salut P\u00fablica de Barcelona (ASPB). Para conseguirlo, la calidad organizativa e institucional debe desarrollarse mediante sistemas de funcionamiento cotidiano de la organizaci\u00f3n, que permitan medir, evaluar, asegurar y mejorar la calidad. La concreci\u00f3n se resume en los siguientes puntos b\u00e1sicos que configuran esa pol\u00edtica de calidad<\/p>\n<p>La ASPB en su actuaci\u00f3n se orienta hacia la satisfacci\u00f3n de los ciudadanos de Barcelona, \u200b\u200ba los que consideramos como clientes. Esto implica que es necesario el conocimiento expl\u00edcito de sus necesidades y expectativas. Para lograr esta satisfacci\u00f3n es necesaria la mejora continua de nuestros procesos, para producir nuestra cartera de servicios con la mayor calidad. Nuestra acci\u00f3n se fundamenta en la transparencia y la participaci\u00f3n, la satisfacci\u00f3n y el crecimiento laboral de nuestro personal y en la efectividad y eficiencia de nuestros servicios. Todas las personas integrantes de la ASPB mantienen una actitud permanente de mejora de nuestros productos y servicios, que se eval\u00faan peri\u00f3dicamente. La Gerencia y el Comit\u00e9 de Direcci\u00f3n se constituyen en m\u00e1ximos responsables y garantes de esta pol\u00edtica de calidad, al considerarla como objetivo institucional integrado plenamente en el sistema de gesti\u00f3n global de la organizaci\u00f3n, proporcionando los recursos humanos, econ\u00f3micos y t\u00e9cnicos para asegurar su cumplimiento.<\/p>\n<ul>\n<li><a href=\"https:\/\/www.aspb.cat\/wp-content\/uploads\/2022\/07\/PoliticaIntegradaQASST-ASPB_20220628.pdf\" target=\"_blank\" rel=\"noopener\">Pol\u00edtica integrada de la calidad ambiental, y de la seguridad y la salud en el trabajo [PDF]<\/a><\/li>\n<li><a href=\"https:\/\/www.aspb.cat\/documents\/manual-gestio-aspb\/\" target=\"_blank\" rel=\"noopener noreferrer\">Manual de gesti\u00f3n de la Agencia<\/a><\/li>\n<li><a href=\"https:\/\/www.aspb.cat\/wp-content\/uploads\/2016\/05\/cataleg_productes_serveis-ASPB-191129.pdf\">Cat\u00e1logo de productos y servicios [PDF]<\/a><\/li>\n<\/ul>\n<p><!-- \u2013 INICIO TABLA \u2013--><\/p>\n<table style=\"width: 100%;\">\n<tbody>\n<tr style=\"background-color: #fff;\">\n<td style=\"text-align: center;\" valign=\"middle\"><a href=\"https:\/\/www.aspb.cat\/wp-content\/uploads\/2026\/04\/ASPB-Diploma-EFQM-500-2025-IMG-Segell.jpg\" rel=\"lightbox-0\"><img decoding=\"async\" class=\"alignnone wp-image-50240\" style=\"border: 1px solid; color: #adb4b9;\" src=\"https:\/\/www.aspb.cat\/wp-content\/uploads\/2026\/04\/ASPB-Diploma-EFQM-500-2025-IMG-Segell.jpg\" alt=\"\" width=\"200\" height=\"283\" \/><\/a><\/td>\n<td style=\"text-align: center;\" valign=\"middle\"><!-- \u2013\u2013 INICIO \u2013\u2013--> <a href=\"https:\/\/www.aspb.cat\/wp-content\/uploads\/2022\/09\/CertificatISO9001ASPB_20210921.jpg\" rel=\"lightbox-1\"><img decoding=\"async\" style=\"border: 1px solid; color: #adb4b9;\" src=\"https:\/\/www.aspb.cat\/wp-content\/uploads\/2022\/09\/CertificatISO9001ASPB_20210921.jpg\" alt=\"\" width=\"200\" height=\"283\" \/><\/a><\/td>\n<td style=\"text-align: center;\" valign=\"middle\"><a href=\"https:\/\/www.aspb.cat\/wp-content\/uploads\/2022\/09\/CertificatISO45001ASPB_20220207.jpg\" rel=\"lightbox-2\"><img decoding=\"async\" class=\"alignnone\" style=\"border: 1px solid; color: #adb4b9;\" src=\"https:\/\/www.aspb.cat\/wp-content\/uploads\/2022\/09\/CertificatISO45001ASPB_20220207.jpg\" alt=\"\" width=\"200\" height=\"283\" \/><\/a><\/td>\n<\/tr>\n<\/tbody>\n<\/table>\n<p><!-- \u2013 FIN TABLA \u2013--><\/p>\n<ul>\n<li><a href=\"https:\/\/www.aspb.cat\/wp-content\/uploads\/2026\/04\/ASPB-Diploma-EFQM-500-2025.pdf\" target=\"_blank\" rel=\"noopener\">Sello EFQM 500 [PDF]<\/a><\/li>\n<li><a href=\"https:\/\/www.aspb.cat\/wp-content\/uploads\/2022\/09\/CertificadoISO45001ASPB_20220207.pdf\" target=\"_blank\" rel=\"noopener noreferrer\">Certificado del sistema de gesti\u00f3n de la seguridad y salud en el trabajo ISO 45001 [PDF]<\/a><\/li>\n<li><a href=\"https:\/\/www.aspb.cat\/wp-content\/uploads\/2022\/09\/CertificatISO9001ASPB_20210921.pdf\" target=\"_blank\" rel=\"noopener noreferrer\">Certificado del sistema de gesti\u00f3n. ISO 9001:2015 [PDF]<\/a><\/li>\n<\/ul>\n\n\n<div class=\"figure\"><\/div>\n","protected":false},"excerpt":{"rendered":"<p>De las declaraciones de misi\u00f3n y visi\u00f3n se evidencia el papel central que la mejora [&hellip;]\n","protected":false},"author":3,"featured_media":0,"parent":4214,"menu_order":165,"comment_status":"closed","ping_status":"closed","template":"","meta":{"_acf_changed":false,"_monsterinsights_skip_tracking":false,"_monsterinsights_sitenote_active":false,"_monsterinsights_sitenote_note":"","_monsterinsights_sitenote_category":0,"footnotes":""},"class_list":["post-7173","page","type-page","status-publish","hentry","publish","author-as20pb16-x22","impar","primero"],"acf":[],"yoast_head":"<!-- This site is optimized with the Yoast SEO Premium plugin v27.5 (Yoast SEO v27.5) - https:\/\/yoast.com\/product\/yoast-seo-premium-wordpress\/ -->\n<title>Gesti\u00f3n de servicios - ASPB<\/title>\n<meta name=\"robots\" content=\"index, follow, max-snippet:-1, max-image-preview:large, max-video-preview:-1\" \/>\n<link rel=\"canonical\" href=\"https:\/\/www.aspb.cat\/es\/la-agencia\/gestion-servicios\/\" \/>\n<meta property=\"og:locale\" content=\"es_ES\" \/>\n<meta property=\"og:type\" content=\"article\" \/>\n<meta property=\"og:title\" content=\"Gesti\u00f3n de servicios\" \/>\n<meta property=\"og:description\" content=\"De las declaraciones de misi\u00f3n y visi\u00f3n se evidencia el papel central que la mejora [&hellip;]\" \/>\n<meta property=\"og:url\" content=\"https:\/\/www.aspb.cat\/es\/la-agencia\/gestion-servicios\/\" \/>\n<meta property=\"og:site_name\" content=\"ASPB\" \/>\n<meta property=\"article:publisher\" content=\"https:\/\/www.facebook.com\/salutpublicabcn\" \/>\n<meta property=\"article:modified_time\" content=\"2026-04-08T15:44:37+00:00\" \/>\n<meta property=\"og:image\" content=\"https:\/\/www.aspb.cat\/wp-content\/uploads\/2023\/06\/DiplomaEFQM-400_ASPB_2022.jpg\" \/>\n\t<meta property=\"og:image:width\" content=\"595\" \/>\n\t<meta property=\"og:image:height\" content=\"842\" \/>\n\t<meta property=\"og:image:type\" content=\"image\/jpeg\" \/>\n<meta name=\"twitter:card\" content=\"summary_large_image\" \/>\n<meta name=\"twitter:site\" content=\"@salutpublicabcn\" \/>\n<meta name=\"twitter:label1\" content=\"Tiempo de lectura\" \/>\n\t<meta name=\"twitter:data1\" content=\"3 minutos\" \/>\n<script type=\"application\/ld+json\" class=\"yoast-schema-graph\">{\"@context\":\"https:\\\/\\\/schema.org\",\"@graph\":[{\"@type\":\"WebPage\",\"@id\":\"https:\\\/\\\/www.aspb.cat\\\/es\\\/la-agencia\\\/gestion-servicios\\\/\",\"url\":\"https:\\\/\\\/www.aspb.cat\\\/es\\\/la-agencia\\\/gestion-servicios\\\/\",\"name\":\"Gesti\u00f3n de servicios - ASPB\",\"isPartOf\":{\"@id\":\"https:\\\/\\\/www.aspb.cat\\\/#website\"},\"primaryImageOfPage\":{\"@id\":\"https:\\\/\\\/www.aspb.cat\\\/es\\\/la-agencia\\\/gestion-servicios\\\/#primaryimage\"},\"image\":{\"@id\":\"https:\\\/\\\/www.aspb.cat\\\/es\\\/la-agencia\\\/gestion-servicios\\\/#primaryimage\"},\"thumbnailUrl\":\"https:\\\/\\\/www.aspb.cat\\\/wp-content\\\/uploads\\\/2026\\\/04\\\/ASPB-Diploma-EFQM-500-2025-IMG-Segell.jpg\",\"datePublished\":\"2016-02-02T15:31:15+00:00\",\"dateModified\":\"2026-04-08T15:44:37+00:00\",\"breadcrumb\":{\"@id\":\"https:\\\/\\\/www.aspb.cat\\\/es\\\/la-agencia\\\/gestion-servicios\\\/#breadcrumb\"},\"inLanguage\":\"es\",\"potentialAction\":[{\"@type\":\"ReadAction\",\"target\":[\"https:\\\/\\\/www.aspb.cat\\\/es\\\/la-agencia\\\/gestion-servicios\\\/\"]}]},{\"@type\":\"ImageObject\",\"inLanguage\":\"es\",\"@id\":\"https:\\\/\\\/www.aspb.cat\\\/es\\\/la-agencia\\\/gestion-servicios\\\/#primaryimage\",\"url\":\"https:\\\/\\\/www.aspb.cat\\\/wp-content\\\/uploads\\\/2026\\\/04\\\/ASPB-Diploma-EFQM-500-2025-IMG-Segell.jpg\",\"contentUrl\":\"https:\\\/\\\/www.aspb.cat\\\/wp-content\\\/uploads\\\/2026\\\/04\\\/ASPB-Diploma-EFQM-500-2025-IMG-Segell.jpg\"},{\"@type\":\"BreadcrumbList\",\"@id\":\"https:\\\/\\\/www.aspb.cat\\\/es\\\/la-agencia\\\/gestion-servicios\\\/#breadcrumb\",\"itemListElement\":[{\"@type\":\"ListItem\",\"position\":1,\"name\":\"Inici\",\"item\":\"https:\\\/\\\/www.aspb.cat\\\/es\\\/\"},{\"@type\":\"ListItem\",\"position\":2,\"name\":\"La Agencia\",\"item\":\"https:\\\/\\\/www.aspb.cat\\\/es\\\/la-agencia\\\/\"},{\"@type\":\"ListItem\",\"position\":3,\"name\":\"Gesti\u00f3n de servicios\"}]},{\"@type\":\"WebSite\",\"@id\":\"https:\\\/\\\/www.aspb.cat\\\/#website\",\"url\":\"https:\\\/\\\/www.aspb.cat\\\/\",\"name\":\"ASPB\",\"description\":\"Just another WordPress site\",\"potentialAction\":[{\"@type\":\"SearchAction\",\"target\":{\"@type\":\"EntryPoint\",\"urlTemplate\":\"https:\\\/\\\/www.aspb.cat\\\/?s={search_term_string}\"},\"query-input\":{\"@type\":\"PropertyValueSpecification\",\"valueRequired\":true,\"valueName\":\"search_term_string\"}}],\"inLanguage\":\"es\"}]}<\/script>\n<!-- \/ Yoast SEO Premium plugin. -->","yoast_head_json":{"title":"Gesti\u00f3n de servicios - ASPB","robots":{"index":"index","follow":"follow","max-snippet":"max-snippet:-1","max-image-preview":"max-image-preview:large","max-video-preview":"max-video-preview:-1"},"canonical":"https:\/\/www.aspb.cat\/es\/la-agencia\/gestion-servicios\/","og_locale":"es_ES","og_type":"article","og_title":"Gesti\u00f3n de servicios","og_description":"De las declaraciones de misi\u00f3n y visi\u00f3n se evidencia el papel central que la mejora [&hellip;]","og_url":"https:\/\/www.aspb.cat\/es\/la-agencia\/gestion-servicios\/","og_site_name":"ASPB","article_publisher":"https:\/\/www.facebook.com\/salutpublicabcn","article_modified_time":"2026-04-08T15:44:37+00:00","og_image":[{"width":595,"height":842,"url":"https:\/\/www.aspb.cat\/wp-content\/uploads\/2023\/06\/DiplomaEFQM-400_ASPB_2022.jpg","type":"image\/jpeg"}],"twitter_card":"summary_large_image","twitter_site":"@salutpublicabcn","twitter_misc":{"Tiempo de lectura":"3 minutos"},"schema":{"@context":"https:\/\/schema.org","@graph":[{"@type":"WebPage","@id":"https:\/\/www.aspb.cat\/es\/la-agencia\/gestion-servicios\/","url":"https:\/\/www.aspb.cat\/es\/la-agencia\/gestion-servicios\/","name":"Gesti\u00f3n de servicios - ASPB","isPartOf":{"@id":"https:\/\/www.aspb.cat\/#website"},"primaryImageOfPage":{"@id":"https:\/\/www.aspb.cat\/es\/la-agencia\/gestion-servicios\/#primaryimage"},"image":{"@id":"https:\/\/www.aspb.cat\/es\/la-agencia\/gestion-servicios\/#primaryimage"},"thumbnailUrl":"https:\/\/www.aspb.cat\/wp-content\/uploads\/2026\/04\/ASPB-Diploma-EFQM-500-2025-IMG-Segell.jpg","datePublished":"2016-02-02T15:31:15+00:00","dateModified":"2026-04-08T15:44:37+00:00","breadcrumb":{"@id":"https:\/\/www.aspb.cat\/es\/la-agencia\/gestion-servicios\/#breadcrumb"},"inLanguage":"es","potentialAction":[{"@type":"ReadAction","target":["https:\/\/www.aspb.cat\/es\/la-agencia\/gestion-servicios\/"]}]},{"@type":"ImageObject","inLanguage":"es","@id":"https:\/\/www.aspb.cat\/es\/la-agencia\/gestion-servicios\/#primaryimage","url":"https:\/\/www.aspb.cat\/wp-content\/uploads\/2026\/04\/ASPB-Diploma-EFQM-500-2025-IMG-Segell.jpg","contentUrl":"https:\/\/www.aspb.cat\/wp-content\/uploads\/2026\/04\/ASPB-Diploma-EFQM-500-2025-IMG-Segell.jpg"},{"@type":"BreadcrumbList","@id":"https:\/\/www.aspb.cat\/es\/la-agencia\/gestion-servicios\/#breadcrumb","itemListElement":[{"@type":"ListItem","position":1,"name":"Inici","item":"https:\/\/www.aspb.cat\/es\/"},{"@type":"ListItem","position":2,"name":"La Agencia","item":"https:\/\/www.aspb.cat\/es\/la-agencia\/"},{"@type":"ListItem","position":3,"name":"Gesti\u00f3n de servicios"}]},{"@type":"WebSite","@id":"https:\/\/www.aspb.cat\/#website","url":"https:\/\/www.aspb.cat\/","name":"ASPB","description":"Just another WordPress site","potentialAction":[{"@type":"SearchAction","target":{"@type":"EntryPoint","urlTemplate":"https:\/\/www.aspb.cat\/?s={search_term_string}"},"query-input":{"@type":"PropertyValueSpecification","valueRequired":true,"valueName":"search_term_string"}}],"inLanguage":"es"}]}},"_links":{"self":[{"href":"https:\/\/www.aspb.cat\/es\/wp-json\/wp\/v2\/pages\/7173","targetHints":{"allow":["GET"]}}],"collection":[{"href":"https:\/\/www.aspb.cat\/es\/wp-json\/wp\/v2\/pages"}],"about":[{"href":"https:\/\/www.aspb.cat\/es\/wp-json\/wp\/v2\/types\/page"}],"author":[{"embeddable":true,"href":"https:\/\/www.aspb.cat\/es\/wp-json\/wp\/v2\/users\/3"}],"replies":[{"embeddable":true,"href":"https:\/\/www.aspb.cat\/es\/wp-json\/wp\/v2\/comments?post=7173"}],"version-history":[{"count":13,"href":"https:\/\/www.aspb.cat\/es\/wp-json\/wp\/v2\/pages\/7173\/revisions"}],"predecessor-version":[{"id":63329,"href":"https:\/\/www.aspb.cat\/es\/wp-json\/wp\/v2\/pages\/7173\/revisions\/63329"}],"up":[{"embeddable":true,"href":"https:\/\/www.aspb.cat\/es\/wp-json\/wp\/v2\/pages\/4214"}],"wp:attachment":[{"href":"https:\/\/www.aspb.cat\/es\/wp-json\/wp\/v2\/media?parent=7173"}],"curies":[{"name":"wp","href":"https:\/\/api.w.org\/{rel}","templated":true}]}}