{"id":62957,"date":"2026-03-02T12:34:49","date_gmt":"2026-03-02T12:34:49","guid":{"rendered":"https:\/\/www.aspb.cat\/eira-feder\/"},"modified":"2026-03-18T17:20:47","modified_gmt":"2026-03-18T17:20:47","slug":"eira-feder","status":"publish","type":"page","link":"https:\/\/www.aspb.cat\/es\/eira-feder\/","title":{"rendered":"EIRA: Innovaci\u00f3n digital del control oficial ambiental y alimentario en Barcelona"},"content":{"rendered":"<p>En la ciudad de Barcelona, la <em>Ag\u00e8ncia de Salut P\u00fablica de Barcelona<\/em> (ASPB) <span class=\"s1\">es el organismo p\u00fablico competente para realizar la vigilancia y control oficial de la <strong>seguridad alimentaria<\/strong> y de la <strong>salud ambiental<\/strong>, con el objetivo de proteger la salud de las personas consumidoras y del conjunto de la ciudadan\u00eda.<\/span><\/p>\n<p class=\"p1\"><span class=\"s1\">En el \u00e1mbito alimentario, la vigilancia y el control garantizan que los alimentos se producen y comercializan de acuerdo con la normativa vigente, asegurando su seguridad ante los peligros de transmisi\u00f3n alimentaria. Igualmente, en el \u00e1mbito ambiental, la vigilancia y el control sanitarios velan por la protecci\u00f3n frente a los riesgos ambientales presentes en el medio (agua, aire&#8230;) que pueden afectar a la salud, as\u00ed como por la supervisi\u00f3n de las pr\u00e1cticas que pueden comportar riesgo sanitario (salud ambiental).<\/span><\/p>\n<p class=\"p1\"><span class=\"s1\">La vigilancia y control oficial desarrollan diferentes actividades, principalmente la inspecci\u00f3n y toma de muestras y, en caso necesario, medidas de autoridad sanitaria como autorizaciones y requerimientos, multas coercitivas o sanciones. La programaci\u00f3n y gesti\u00f3n de estas actuaciones y de los datos que se derivan requiere la creaci\u00f3n de un <strong>nuevo sistema digital de informaci\u00f3n integral de protecci\u00f3n de la salud (denominado EIRA)<\/strong> que permita aprovechar las oportunidades actuales de las tecnolog\u00edas digitales para introducir innovaciones en el servicio p\u00fablico. El objetivo del nuevo sistema EIRA es ofrecer un servicio m\u00e1s eficiente y de mayor calidad, transparente y m\u00e1s justo para las empresas inspeccionadas, con evidencia \u00fatil para la mejora de los servicios y pol\u00edticas de protecci\u00f3n de la salud de la ciudadan\u00eda.<\/span><\/p>\n<p class=\"p1\"><span class=\"s1\">En 2024, la ASPB solicit\u00f3 ayuda para el desarrollo del nuevo sistema EIRA en el Programa FEDER de Catalu\u00f1a 2021-2027, que impulsa inversiones en proyectos que fomentan la competitividad y el desarrollo econ\u00f3mico, as\u00ed como la resiliencia ante el cambio clim\u00e1tico y la calidad de vida de toda la ciudadan\u00eda.<\/span><\/p>\n<div class=\"figure\"><img decoding=\"async\" width=\"656\" height=\"153\" class=\"wp-image-62825 aligncenter\" src=\"https:\/\/www.aspb.cat\/wp-content\/uploads\/2026\/03\/EIRA-Innovacio-digital-control-oficial-ambiental-alimentari-Barcelona-logos-02.jpg\" alt=\"\" srcset=\"https:\/\/www.aspb.cat\/wp-content\/uploads\/2026\/03\/EIRA-Innovacio-digital-control-oficial-ambiental-alimentari-Barcelona-logos-02.jpg 656w, https:\/\/www.aspb.cat\/wp-content\/uploads\/2026\/03\/EIRA-Innovacio-digital-control-oficial-ambiental-alimentari-Barcelona-logos-02-280x65.jpg 280w\" sizes=\"(max-width: 656px) 100vw, 656px\" \/><\/div>\n","protected":false},"excerpt":{"rendered":"<p>En la ciudad de Barcelona, la Ag\u00e8ncia de Salut P\u00fablica de Barcelona (ASPB) es el [&hellip;]\n","protected":false},"author":21,"featured_media":62958,"parent":0,"menu_order":1,"comment_status":"closed","ping_status":"closed","template":"","meta":{"_acf_changed":false,"_monsterinsights_skip_tracking":false,"_monsterinsights_sitenote_active":false,"_monsterinsights_sitenote_note":"","_monsterinsights_sitenote_category":0,"footnotes":""},"class_list":["post-62957","page","type-page","status-publish","has-post-thumbnail","hentry","publish","author-ext_acaillab","impar","primero"],"acf":[],"yoast_head":"<!-- This site is optimized with the Yoast SEO Premium plugin v27.5 (Yoast SEO v27.5) - https:\/\/yoast.com\/product\/yoast-seo-premium-wordpress\/ -->\n<title>EIRA: Innovaci\u00f3n digital del control oficial ambiental y alimentario en Barcelona - ASPB<\/title>\n<meta name=\"robots\" content=\"index, follow, max-snippet:-1, max-image-preview:large, max-video-preview:-1\" \/>\n<link rel=\"canonical\" href=\"https:\/\/www.aspb.cat\/es\/eira-feder\/\" \/>\n<meta property=\"og:locale\" content=\"es_ES\" \/>\n<meta property=\"og:type\" content=\"article\" \/>\n<meta property=\"og:title\" content=\"EIRA: Innovaci\u00f3n digital del control oficial ambiental y alimentario en Barcelona\" \/>\n<meta property=\"og:description\" content=\"En la ciudad de Barcelona, la Ag\u00e8ncia de Salut P\u00fablica de Barcelona (ASPB) es el [&hellip;]\" \/>\n<meta property=\"og:url\" content=\"https:\/\/www.aspb.cat\/es\/eira-feder\/\" \/>\n<meta property=\"og:site_name\" content=\"ASPB\" \/>\n<meta property=\"article:publisher\" content=\"https:\/\/www.facebook.com\/salutpublicabcn\" \/>\n<meta property=\"article:modified_time\" content=\"2026-03-18T17:20:47+00:00\" \/>\n<meta property=\"og:image\" content=\"https:\/\/www.aspb.cat\/wp-content\/uploads\/2026\/03\/EIRA-Innovacio-digital-control-oficial-ambiental-alimentari-Barcelona-.jpg\" \/>\n\t<meta property=\"og:image:width\" content=\"1460\" \/>\n\t<meta property=\"og:image:height\" content=\"918\" \/>\n\t<meta property=\"og:image:type\" content=\"image\/jpeg\" \/>\n<meta name=\"twitter:card\" content=\"summary_large_image\" \/>\n<meta name=\"twitter:site\" content=\"@salutpublicabcn\" \/>\n<meta name=\"twitter:label1\" content=\"Tiempo de lectura\" \/>\n\t<meta name=\"twitter:data1\" content=\"3 minutos\" \/>\n<script type=\"application\/ld+json\" class=\"yoast-schema-graph\">{\"@context\":\"https:\\\/\\\/schema.org\",\"@graph\":[{\"@type\":\"WebPage\",\"@id\":\"https:\\\/\\\/www.aspb.cat\\\/es\\\/eira-feder\\\/\",\"url\":\"https:\\\/\\\/www.aspb.cat\\\/es\\\/eira-feder\\\/\",\"name\":\"EIRA: Innovaci\u00f3n digital del control oficial ambiental y alimentario en Barcelona - ASPB\",\"isPartOf\":{\"@id\":\"https:\\\/\\\/www.aspb.cat\\\/#website\"},\"primaryImageOfPage\":{\"@id\":\"https:\\\/\\\/www.aspb.cat\\\/es\\\/eira-feder\\\/#primaryimage\"},\"image\":{\"@id\":\"https:\\\/\\\/www.aspb.cat\\\/es\\\/eira-feder\\\/#primaryimage\"},\"thumbnailUrl\":\"https:\\\/\\\/www.aspb.cat\\\/wp-content\\\/uploads\\\/2026\\\/03\\\/EIRA-Innovacio-digital-control-oficial-ambiental-alimentari-Barcelona-.jpg\",\"datePublished\":\"2026-03-02T12:34:49+00:00\",\"dateModified\":\"2026-03-18T17:20:47+00:00\",\"breadcrumb\":{\"@id\":\"https:\\\/\\\/www.aspb.cat\\\/es\\\/eira-feder\\\/#breadcrumb\"},\"inLanguage\":\"es\",\"potentialAction\":[{\"@type\":\"ReadAction\",\"target\":[\"https:\\\/\\\/www.aspb.cat\\\/es\\\/eira-feder\\\/\"]}]},{\"@type\":\"ImageObject\",\"inLanguage\":\"es\",\"@id\":\"https:\\\/\\\/www.aspb.cat\\\/es\\\/eira-feder\\\/#primaryimage\",\"url\":\"https:\\\/\\\/www.aspb.cat\\\/wp-content\\\/uploads\\\/2026\\\/03\\\/EIRA-Innovacio-digital-control-oficial-ambiental-alimentari-Barcelona-.jpg\",\"contentUrl\":\"https:\\\/\\\/www.aspb.cat\\\/wp-content\\\/uploads\\\/2026\\\/03\\\/EIRA-Innovacio-digital-control-oficial-ambiental-alimentari-Barcelona-.jpg\",\"width\":1460,\"height\":918},{\"@type\":\"BreadcrumbList\",\"@id\":\"https:\\\/\\\/www.aspb.cat\\\/es\\\/eira-feder\\\/#breadcrumb\",\"itemListElement\":[{\"@type\":\"ListItem\",\"position\":1,\"name\":\"Inici\",\"item\":\"https:\\\/\\\/www.aspb.cat\\\/es\\\/\"},{\"@type\":\"ListItem\",\"position\":2,\"name\":\"EIRA: Innovaci\u00f3n digital del control oficial ambiental y alimentario en Barcelona\"}]},{\"@type\":\"WebSite\",\"@id\":\"https:\\\/\\\/www.aspb.cat\\\/#website\",\"url\":\"https:\\\/\\\/www.aspb.cat\\\/\",\"name\":\"ASPB\",\"description\":\"Just another WordPress site\",\"potentialAction\":[{\"@type\":\"SearchAction\",\"target\":{\"@type\":\"EntryPoint\",\"urlTemplate\":\"https:\\\/\\\/www.aspb.cat\\\/?s={search_term_string}\"},\"query-input\":{\"@type\":\"PropertyValueSpecification\",\"valueRequired\":true,\"valueName\":\"search_term_string\"}}],\"inLanguage\":\"es\"}]}<\/script>\n<!-- \/ Yoast SEO Premium plugin. -->","yoast_head_json":{"title":"EIRA: Innovaci\u00f3n digital del control oficial ambiental y alimentario en Barcelona - ASPB","robots":{"index":"index","follow":"follow","max-snippet":"max-snippet:-1","max-image-preview":"max-image-preview:large","max-video-preview":"max-video-preview:-1"},"canonical":"https:\/\/www.aspb.cat\/es\/eira-feder\/","og_locale":"es_ES","og_type":"article","og_title":"EIRA: Innovaci\u00f3n digital del control oficial ambiental y alimentario en Barcelona","og_description":"En la ciudad de Barcelona, la Ag\u00e8ncia de Salut P\u00fablica de Barcelona (ASPB) es el [&hellip;]","og_url":"https:\/\/www.aspb.cat\/es\/eira-feder\/","og_site_name":"ASPB","article_publisher":"https:\/\/www.facebook.com\/salutpublicabcn","article_modified_time":"2026-03-18T17:20:47+00:00","og_image":[{"width":1460,"height":918,"url":"https:\/\/www.aspb.cat\/wp-content\/uploads\/2026\/03\/EIRA-Innovacio-digital-control-oficial-ambiental-alimentari-Barcelona-.jpg","type":"image\/jpeg"}],"twitter_card":"summary_large_image","twitter_site":"@salutpublicabcn","twitter_misc":{"Tiempo de lectura":"3 minutos"},"schema":{"@context":"https:\/\/schema.org","@graph":[{"@type":"WebPage","@id":"https:\/\/www.aspb.cat\/es\/eira-feder\/","url":"https:\/\/www.aspb.cat\/es\/eira-feder\/","name":"EIRA: Innovaci\u00f3n digital del control oficial ambiental y alimentario en Barcelona - ASPB","isPartOf":{"@id":"https:\/\/www.aspb.cat\/#website"},"primaryImageOfPage":{"@id":"https:\/\/www.aspb.cat\/es\/eira-feder\/#primaryimage"},"image":{"@id":"https:\/\/www.aspb.cat\/es\/eira-feder\/#primaryimage"},"thumbnailUrl":"https:\/\/www.aspb.cat\/wp-content\/uploads\/2026\/03\/EIRA-Innovacio-digital-control-oficial-ambiental-alimentari-Barcelona-.jpg","datePublished":"2026-03-02T12:34:49+00:00","dateModified":"2026-03-18T17:20:47+00:00","breadcrumb":{"@id":"https:\/\/www.aspb.cat\/es\/eira-feder\/#breadcrumb"},"inLanguage":"es","potentialAction":[{"@type":"ReadAction","target":["https:\/\/www.aspb.cat\/es\/eira-feder\/"]}]},{"@type":"ImageObject","inLanguage":"es","@id":"https:\/\/www.aspb.cat\/es\/eira-feder\/#primaryimage","url":"https:\/\/www.aspb.cat\/wp-content\/uploads\/2026\/03\/EIRA-Innovacio-digital-control-oficial-ambiental-alimentari-Barcelona-.jpg","contentUrl":"https:\/\/www.aspb.cat\/wp-content\/uploads\/2026\/03\/EIRA-Innovacio-digital-control-oficial-ambiental-alimentari-Barcelona-.jpg","width":1460,"height":918},{"@type":"BreadcrumbList","@id":"https:\/\/www.aspb.cat\/es\/eira-feder\/#breadcrumb","itemListElement":[{"@type":"ListItem","position":1,"name":"Inici","item":"https:\/\/www.aspb.cat\/es\/"},{"@type":"ListItem","position":2,"name":"EIRA: Innovaci\u00f3n digital del control oficial ambiental y alimentario en Barcelona"}]},{"@type":"WebSite","@id":"https:\/\/www.aspb.cat\/#website","url":"https:\/\/www.aspb.cat\/","name":"ASPB","description":"Just another WordPress site","potentialAction":[{"@type":"SearchAction","target":{"@type":"EntryPoint","urlTemplate":"https:\/\/www.aspb.cat\/?s={search_term_string}"},"query-input":{"@type":"PropertyValueSpecification","valueRequired":true,"valueName":"search_term_string"}}],"inLanguage":"es"}]}},"_links":{"self":[{"href":"https:\/\/www.aspb.cat\/es\/wp-json\/wp\/v2\/pages\/62957","targetHints":{"allow":["GET"]}}],"collection":[{"href":"https:\/\/www.aspb.cat\/es\/wp-json\/wp\/v2\/pages"}],"about":[{"href":"https:\/\/www.aspb.cat\/es\/wp-json\/wp\/v2\/types\/page"}],"author":[{"embeddable":true,"href":"https:\/\/www.aspb.cat\/es\/wp-json\/wp\/v2\/users\/21"}],"replies":[{"embeddable":true,"href":"https:\/\/www.aspb.cat\/es\/wp-json\/wp\/v2\/comments?post=62957"}],"version-history":[{"count":2,"href":"https:\/\/www.aspb.cat\/es\/wp-json\/wp\/v2\/pages\/62957\/revisions"}],"predecessor-version":[{"id":63053,"href":"https:\/\/www.aspb.cat\/es\/wp-json\/wp\/v2\/pages\/62957\/revisions\/63053"}],"wp:featuredmedia":[{"embeddable":true,"href":"https:\/\/www.aspb.cat\/es\/wp-json\/wp\/v2\/media\/62958"}],"wp:attachment":[{"href":"https:\/\/www.aspb.cat\/es\/wp-json\/wp\/v2\/media?parent=62957"}],"curies":[{"name":"wp","href":"https:\/\/api.w.org\/{rel}","templated":true}]}}