{"id":62350,"date":"2026-02-05T15:42:10","date_gmt":"2026-02-05T15:42:10","guid":{"rendered":"https:\/\/www.aspb.cat\/tatuatges-pircings-micropigmentacio-bcn\/"},"modified":"2026-02-05T16:51:28","modified_gmt":"2026-02-05T16:51:28","slug":"tatuajes-piercing-micropigmentacion-bcn","status":"publish","type":"page","link":"https:\/\/www.aspb.cat\/es\/tatuajes-piercing-micropigmentacion-bcn\/","title":{"rendered":"Solicitud, modificaci\u00f3n o cese de autoritzaci\u00f3n sanitaria de establecimientos de tatuajes, micropigmentaci\u00f3n y piercing"},"content":{"rendered":"<p>Para llevar a cabo pr\u00e1cticas de tatuaje, pircing o micropigmentaci\u00f3n hace falta una autorizaci\u00f3n sanitaria previa. Estas t\u00e9cnicas son actividades con riesgo sanitario y tanto las personas que las realizan como los establecimientos donde se hacen est\u00e1n reguladas en Catalu\u00f1a por el <a href=\"https:\/\/portaljuridic.gencat.cat\/ca\/document-del-pjur\/?documentId=490743\" target=\"_blank\" rel=\"noopener\">Decreto 90\/2008<\/a>. As\u00ed pues, es obligatorio disponer de una autorizaci\u00f3n sanitaria de funcionamiento antes de empezar la actividad. En la ciudad, es la Agencia de Salud P\u00fablica de Barcelona (ASPB) qui\u00e9n lo otorga y tambi\u00e9n lleva a cabo la vigilancia y control de las condiciones sanitarias.<\/p>\n<p>Los <strong>tr\u00e1mites<\/strong> relativos a la solicitud de una <strong>nueva autorizaci\u00f3n sanitaria de funcionamiento, de modificaci\u00f3n de una existente o de baja<\/strong>, hay que realizarlos en l\u00ednea, <a href=\"https:\/\/seuelectronica.ajuntament.barcelona.cat\/oficinavirtual\/es\/tramit\/20250001758\" target=\"_blank\" rel=\"noopener\"><strong>a trav\u00e9s de la Oficina Virtual de Tr\u00e1mites del Ayuntamiento de Barcelona<\/strong><\/a>.<\/p>\n<p>Si el titular es una <strong>persona f\u00edsica (aut\u00f3nomo\/a)<\/strong>, se puede realizar el tr\u00e1mite tambi\u00e9n de forma presencial presentando el <a href=\"https:\/\/www.aspb.cat\/wp-content\/uploads\/2025\/12\/Formulari_TPM_171225.pdf\" target=\"_blank\" rel=\"noopener\">Formulario de Autorizaci\u00f3n Sanitaria de Establecimientos de Tatuaje, micropigmentaci\u00f3n y Pircing<\/a> junto con el justificante bancario del pago de la tasa correspondiente seg\u00fan la Ordenanza Fiscal vigente del Ayuntamiento de Barcelona y la documentaci\u00f3n que encontrar\u00e9is explicada en la propia solicitud.<\/p>\n<div class=\"moure_faqs_aqui\"><\/div>\n","protected":false},"excerpt":{"rendered":"<p>Para llevar a cabo pr\u00e1cticas de tatuaje, pircing o micropigmentaci\u00f3n hace falta una autorizaci\u00f3n sanitaria [&hellip;]\n","protected":false},"author":21,"featured_media":0,"parent":0,"menu_order":3,"comment_status":"closed","ping_status":"closed","template":"","meta":{"_acf_changed":false,"_monsterinsights_skip_tracking":false,"_monsterinsights_sitenote_active":false,"_monsterinsights_sitenote_note":"","_monsterinsights_sitenote_category":0,"footnotes":""},"class_list":["post-62350","page","type-page","status-publish","hentry","publish","author-ext_acaillab","impar","primero"],"acf":[],"yoast_head":"<!-- This site is optimized with the Yoast SEO Premium plugin v27.3 (Yoast SEO v27.3) - https:\/\/yoast.com\/product\/yoast-seo-premium-wordpress\/ -->\n<title>Solicitud, modificaci\u00f3n o cese de autoritzaci\u00f3n sanitaria de establecimientos de tatuajes, micropigmentaci\u00f3n y piercing - ASPB<\/title>\n<meta name=\"robots\" content=\"index, follow, max-snippet:-1, max-image-preview:large, max-video-preview:-1\" \/>\n<link rel=\"canonical\" href=\"https:\/\/www.aspb.cat\/es\/tatuajes-piercing-micropigmentacion-bcn\/\" \/>\n<meta property=\"og:locale\" content=\"es_ES\" \/>\n<meta property=\"og:type\" content=\"article\" \/>\n<meta property=\"og:title\" content=\"Solicitud, modificaci\u00f3n o cese de autoritzaci\u00f3n sanitaria de establecimientos de tatuajes, micropigmentaci\u00f3n y piercing\" \/>\n<meta property=\"og:description\" content=\"Para llevar a cabo pr\u00e1cticas de tatuaje, pircing o micropigmentaci\u00f3n hace falta una autorizaci\u00f3n sanitaria [&hellip;]\" \/>\n<meta property=\"og:url\" content=\"https:\/\/www.aspb.cat\/es\/tatuajes-piercing-micropigmentacion-bcn\/\" \/>\n<meta property=\"og:site_name\" content=\"ASPB\" \/>\n<meta property=\"article:publisher\" content=\"https:\/\/www.facebook.com\/salutpublicabcn\" \/>\n<meta property=\"article:modified_time\" content=\"2026-02-05T16:51:28+00:00\" \/>\n<meta name=\"twitter:card\" content=\"summary_large_image\" \/>\n<meta name=\"twitter:site\" content=\"@salutpublicabcn\" \/>\n<meta name=\"twitter:label1\" content=\"Tiempo de lectura\" \/>\n\t<meta name=\"twitter:data1\" content=\"2 minutos\" \/>\n<script type=\"application\/ld+json\" class=\"yoast-schema-graph\">{\"@context\":\"https:\\\/\\\/schema.org\",\"@graph\":[{\"@type\":\"WebPage\",\"@id\":\"https:\\\/\\\/www.aspb.cat\\\/es\\\/tatuajes-piercing-micropigmentacion-bcn\\\/\",\"url\":\"https:\\\/\\\/www.aspb.cat\\\/es\\\/tatuajes-piercing-micropigmentacion-bcn\\\/\",\"name\":\"Solicitud, modificaci\u00f3n o cese de autoritzaci\u00f3n sanitaria de establecimientos de tatuajes, micropigmentaci\u00f3n y piercing - ASPB\",\"isPartOf\":{\"@id\":\"https:\\\/\\\/www.aspb.cat\\\/#website\"},\"datePublished\":\"2026-02-05T15:42:10+00:00\",\"dateModified\":\"2026-02-05T16:51:28+00:00\",\"breadcrumb\":{\"@id\":\"https:\\\/\\\/www.aspb.cat\\\/es\\\/tatuajes-piercing-micropigmentacion-bcn\\\/#breadcrumb\"},\"inLanguage\":\"es\",\"potentialAction\":[{\"@type\":\"ReadAction\",\"target\":[\"https:\\\/\\\/www.aspb.cat\\\/es\\\/tatuajes-piercing-micropigmentacion-bcn\\\/\"]}]},{\"@type\":\"BreadcrumbList\",\"@id\":\"https:\\\/\\\/www.aspb.cat\\\/es\\\/tatuajes-piercing-micropigmentacion-bcn\\\/#breadcrumb\",\"itemListElement\":[{\"@type\":\"ListItem\",\"position\":1,\"name\":\"Inici\",\"item\":\"https:\\\/\\\/www.aspb.cat\\\/es\\\/\"},{\"@type\":\"ListItem\",\"position\":2,\"name\":\"Solicitud, modificaci\u00f3n o cese de autoritzaci\u00f3n sanitaria de establecimientos de tatuajes, micropigmentaci\u00f3n y piercing\"}]},{\"@type\":\"WebSite\",\"@id\":\"https:\\\/\\\/www.aspb.cat\\\/#website\",\"url\":\"https:\\\/\\\/www.aspb.cat\\\/\",\"name\":\"ASPB\",\"description\":\"Just another WordPress site\",\"potentialAction\":[{\"@type\":\"SearchAction\",\"target\":{\"@type\":\"EntryPoint\",\"urlTemplate\":\"https:\\\/\\\/www.aspb.cat\\\/?s={search_term_string}\"},\"query-input\":{\"@type\":\"PropertyValueSpecification\",\"valueRequired\":true,\"valueName\":\"search_term_string\"}}],\"inLanguage\":\"es\"}]}<\/script>\n<!-- \/ Yoast SEO Premium plugin. -->","yoast_head_json":{"title":"Solicitud, modificaci\u00f3n o cese de autoritzaci\u00f3n sanitaria de establecimientos de tatuajes, micropigmentaci\u00f3n y piercing - ASPB","robots":{"index":"index","follow":"follow","max-snippet":"max-snippet:-1","max-image-preview":"max-image-preview:large","max-video-preview":"max-video-preview:-1"},"canonical":"https:\/\/www.aspb.cat\/es\/tatuajes-piercing-micropigmentacion-bcn\/","og_locale":"es_ES","og_type":"article","og_title":"Solicitud, modificaci\u00f3n o cese de autoritzaci\u00f3n sanitaria de establecimientos de tatuajes, micropigmentaci\u00f3n y piercing","og_description":"Para llevar a cabo pr\u00e1cticas de tatuaje, pircing o micropigmentaci\u00f3n hace falta una autorizaci\u00f3n sanitaria [&hellip;]","og_url":"https:\/\/www.aspb.cat\/es\/tatuajes-piercing-micropigmentacion-bcn\/","og_site_name":"ASPB","article_publisher":"https:\/\/www.facebook.com\/salutpublicabcn","article_modified_time":"2026-02-05T16:51:28+00:00","twitter_card":"summary_large_image","twitter_site":"@salutpublicabcn","twitter_misc":{"Tiempo de lectura":"2 minutos"},"schema":{"@context":"https:\/\/schema.org","@graph":[{"@type":"WebPage","@id":"https:\/\/www.aspb.cat\/es\/tatuajes-piercing-micropigmentacion-bcn\/","url":"https:\/\/www.aspb.cat\/es\/tatuajes-piercing-micropigmentacion-bcn\/","name":"Solicitud, modificaci\u00f3n o cese de autoritzaci\u00f3n sanitaria de establecimientos de tatuajes, micropigmentaci\u00f3n y piercing - ASPB","isPartOf":{"@id":"https:\/\/www.aspb.cat\/#website"},"datePublished":"2026-02-05T15:42:10+00:00","dateModified":"2026-02-05T16:51:28+00:00","breadcrumb":{"@id":"https:\/\/www.aspb.cat\/es\/tatuajes-piercing-micropigmentacion-bcn\/#breadcrumb"},"inLanguage":"es","potentialAction":[{"@type":"ReadAction","target":["https:\/\/www.aspb.cat\/es\/tatuajes-piercing-micropigmentacion-bcn\/"]}]},{"@type":"BreadcrumbList","@id":"https:\/\/www.aspb.cat\/es\/tatuajes-piercing-micropigmentacion-bcn\/#breadcrumb","itemListElement":[{"@type":"ListItem","position":1,"name":"Inici","item":"https:\/\/www.aspb.cat\/es\/"},{"@type":"ListItem","position":2,"name":"Solicitud, modificaci\u00f3n o cese de autoritzaci\u00f3n sanitaria de establecimientos de tatuajes, micropigmentaci\u00f3n y piercing"}]},{"@type":"WebSite","@id":"https:\/\/www.aspb.cat\/#website","url":"https:\/\/www.aspb.cat\/","name":"ASPB","description":"Just another WordPress site","potentialAction":[{"@type":"SearchAction","target":{"@type":"EntryPoint","urlTemplate":"https:\/\/www.aspb.cat\/?s={search_term_string}"},"query-input":{"@type":"PropertyValueSpecification","valueRequired":true,"valueName":"search_term_string"}}],"inLanguage":"es"}]}},"_links":{"self":[{"href":"https:\/\/www.aspb.cat\/es\/wp-json\/wp\/v2\/pages\/62350","targetHints":{"allow":["GET"]}}],"collection":[{"href":"https:\/\/www.aspb.cat\/es\/wp-json\/wp\/v2\/pages"}],"about":[{"href":"https:\/\/www.aspb.cat\/es\/wp-json\/wp\/v2\/types\/page"}],"author":[{"embeddable":true,"href":"https:\/\/www.aspb.cat\/es\/wp-json\/wp\/v2\/users\/21"}],"replies":[{"embeddable":true,"href":"https:\/\/www.aspb.cat\/es\/wp-json\/wp\/v2\/comments?post=62350"}],"version-history":[{"count":2,"href":"https:\/\/www.aspb.cat\/es\/wp-json\/wp\/v2\/pages\/62350\/revisions"}],"predecessor-version":[{"id":62353,"href":"https:\/\/www.aspb.cat\/es\/wp-json\/wp\/v2\/pages\/62350\/revisions\/62353"}],"wp:attachment":[{"href":"https:\/\/www.aspb.cat\/es\/wp-json\/wp\/v2\/media?parent=62350"}],"curies":[{"name":"wp","href":"https:\/\/api.w.org\/{rel}","templated":true}]}}