{"id":61029,"date":"2025-11-14T15:31:00","date_gmt":"2025-11-14T15:31:00","guid":{"rendered":"https:\/\/www.aspb.cat\/la-agencia\/portal-transparencia\/"},"modified":"2025-11-19T10:03:56","modified_gmt":"2025-11-19T10:03:56","slug":"portal-transparencia","status":"publish","type":"page","link":"https:\/\/www.aspb.cat\/es\/la-agencia\/portal-transparencia\/","title":{"rendered":"Portal de transparencia"},"content":{"rendered":"<p>A l\u2019Ag\u00e8ncia de Salut P\u00fablica de Barcelona volem ser una instituci\u00f3 transparent en la nostra gesti\u00f3 i donar acc\u00e9s a la informaci\u00f3 per facilitar el control de l\u2019activitat.<\/p>\n<p><strong>Per facilitar la localitzaci\u00f3 de la informaci\u00f3, l\u2019hem classificat en diversos apartats:<\/strong><\/p>\n<ul>\n<li><a href=\"https:\/\/www.aspb.cat\/es\/la-agencia\/informacio-institucional-organitzativa\/\">Informaci\u00f3 institucional i organitzativa<\/a><\/li>\n<li><a href=\"https:\/\/www.aspb.cat\/es\/la-agencia\/gestion-economica\/\">Gesti\u00f3 econ\u00f2mica<\/a><\/li>\n<li><a href=\"https:\/\/www.aspb.cat\/es\/la-agencia\/gestion-administrativa\/\" rel=\"noopener\">Gesti\u00f3 administrativa<\/a><\/li>\n<li><a href=\"https:\/\/www.aspb.cat\/l-agencia\/portal-transparencia\/plans-i-objectius\/\" rel=\"noopener\">Plans i objectius<\/a><\/li>\n<li><a href=\"https:\/\/www.aspb.cat\/es\/la-agencia\/documentos-referencia\/\">Documents de refer\u00e8ncia<\/a><\/li>\n<li><a href=\"https:\/\/www.aspb.cat\/es\/la-agencia\/participacio-relacio-ciutadania\/\">Participaci\u00f3 i relaci\u00f3 amb la ciutadania<\/a><\/li>\n<li><a href=\"https:\/\/www.aspb.cat\/es\/la-agencia\/dret-dacces-informacio-publica\/\">Dret d\u2019acc\u00e9s a la informaci\u00f3 p\u00fablica <\/a><\/li>\n<\/ul>\n","protected":false},"excerpt":{"rendered":"<p>A l\u2019Ag\u00e8ncia de Salut P\u00fablica de Barcelona volem ser una instituci\u00f3 transparent en la nostra [&hellip;]\n","protected":false},"author":3,"featured_media":0,"parent":4214,"menu_order":168,"comment_status":"closed","ping_status":"closed","template":"","meta":{"_acf_changed":false,"_monsterinsights_skip_tracking":false,"_monsterinsights_sitenote_active":false,"_monsterinsights_sitenote_note":"","_monsterinsights_sitenote_category":0,"footnotes":""},"class_list":["post-61029","page","type-page","status-publish","hentry","publish","author-as20pb16-x22","impar","primero"],"acf":[],"yoast_head":"<!-- This site is optimized with the Yoast SEO Premium plugin v27.5 (Yoast SEO v27.5) - https:\/\/yoast.com\/product\/yoast-seo-premium-wordpress\/ -->\n<title>Portal de transparencia - ASPB<\/title>\n<meta name=\"robots\" content=\"index, follow, max-snippet:-1, max-image-preview:large, max-video-preview:-1\" \/>\n<link rel=\"canonical\" href=\"https:\/\/www.aspb.cat\/es\/la-agencia\/portal-transparencia\/\" \/>\n<meta property=\"og:locale\" content=\"es_ES\" \/>\n<meta property=\"og:type\" content=\"article\" \/>\n<meta property=\"og:title\" content=\"Portal de transparencia\" \/>\n<meta property=\"og:description\" content=\"A l\u2019Ag\u00e8ncia de Salut P\u00fablica de Barcelona volem ser una instituci\u00f3 transparent en la nostra [&hellip;]\" \/>\n<meta property=\"og:url\" content=\"https:\/\/www.aspb.cat\/es\/la-agencia\/portal-transparencia\/\" \/>\n<meta property=\"og:site_name\" content=\"ASPB\" \/>\n<meta property=\"article:publisher\" content=\"https:\/\/www.facebook.com\/salutpublicabcn\" \/>\n<meta property=\"article:modified_time\" content=\"2025-11-19T10:03:56+00:00\" \/>\n<meta name=\"twitter:card\" content=\"summary_large_image\" \/>\n<meta name=\"twitter:site\" content=\"@salutpublicabcn\" \/>\n<script type=\"application\/ld+json\" class=\"yoast-schema-graph\">{\"@context\":\"https:\\\/\\\/schema.org\",\"@graph\":[{\"@type\":\"WebPage\",\"@id\":\"https:\\\/\\\/www.aspb.cat\\\/es\\\/la-agencia\\\/portal-transparencia\\\/\",\"url\":\"https:\\\/\\\/www.aspb.cat\\\/es\\\/la-agencia\\\/portal-transparencia\\\/\",\"name\":\"Portal de transparencia - ASPB\",\"isPartOf\":{\"@id\":\"https:\\\/\\\/www.aspb.cat\\\/#website\"},\"datePublished\":\"2025-11-14T15:31:00+00:00\",\"dateModified\":\"2025-11-19T10:03:56+00:00\",\"breadcrumb\":{\"@id\":\"https:\\\/\\\/www.aspb.cat\\\/es\\\/la-agencia\\\/portal-transparencia\\\/#breadcrumb\"},\"inLanguage\":\"es\",\"potentialAction\":[{\"@type\":\"ReadAction\",\"target\":[\"https:\\\/\\\/www.aspb.cat\\\/es\\\/la-agencia\\\/portal-transparencia\\\/\"]}]},{\"@type\":\"BreadcrumbList\",\"@id\":\"https:\\\/\\\/www.aspb.cat\\\/es\\\/la-agencia\\\/portal-transparencia\\\/#breadcrumb\",\"itemListElement\":[{\"@type\":\"ListItem\",\"position\":1,\"name\":\"Inici\",\"item\":\"https:\\\/\\\/www.aspb.cat\\\/es\\\/\"},{\"@type\":\"ListItem\",\"position\":2,\"name\":\"La Agencia\",\"item\":\"https:\\\/\\\/www.aspb.cat\\\/es\\\/la-agencia\\\/\"},{\"@type\":\"ListItem\",\"position\":3,\"name\":\"Portal de transparencia\"}]},{\"@type\":\"WebSite\",\"@id\":\"https:\\\/\\\/www.aspb.cat\\\/#website\",\"url\":\"https:\\\/\\\/www.aspb.cat\\\/\",\"name\":\"ASPB\",\"description\":\"Just another WordPress site\",\"potentialAction\":[{\"@type\":\"SearchAction\",\"target\":{\"@type\":\"EntryPoint\",\"urlTemplate\":\"https:\\\/\\\/www.aspb.cat\\\/?s={search_term_string}\"},\"query-input\":{\"@type\":\"PropertyValueSpecification\",\"valueRequired\":true,\"valueName\":\"search_term_string\"}}],\"inLanguage\":\"es\"}]}<\/script>\n<!-- \/ Yoast SEO Premium plugin. -->","yoast_head_json":{"title":"Portal de transparencia - ASPB","robots":{"index":"index","follow":"follow","max-snippet":"max-snippet:-1","max-image-preview":"max-image-preview:large","max-video-preview":"max-video-preview:-1"},"canonical":"https:\/\/www.aspb.cat\/es\/la-agencia\/portal-transparencia\/","og_locale":"es_ES","og_type":"article","og_title":"Portal de transparencia","og_description":"A l\u2019Ag\u00e8ncia de Salut P\u00fablica de Barcelona volem ser una instituci\u00f3 transparent en la nostra [&hellip;]","og_url":"https:\/\/www.aspb.cat\/es\/la-agencia\/portal-transparencia\/","og_site_name":"ASPB","article_publisher":"https:\/\/www.facebook.com\/salutpublicabcn","article_modified_time":"2025-11-19T10:03:56+00:00","twitter_card":"summary_large_image","twitter_site":"@salutpublicabcn","schema":{"@context":"https:\/\/schema.org","@graph":[{"@type":"WebPage","@id":"https:\/\/www.aspb.cat\/es\/la-agencia\/portal-transparencia\/","url":"https:\/\/www.aspb.cat\/es\/la-agencia\/portal-transparencia\/","name":"Portal de transparencia - ASPB","isPartOf":{"@id":"https:\/\/www.aspb.cat\/#website"},"datePublished":"2025-11-14T15:31:00+00:00","dateModified":"2025-11-19T10:03:56+00:00","breadcrumb":{"@id":"https:\/\/www.aspb.cat\/es\/la-agencia\/portal-transparencia\/#breadcrumb"},"inLanguage":"es","potentialAction":[{"@type":"ReadAction","target":["https:\/\/www.aspb.cat\/es\/la-agencia\/portal-transparencia\/"]}]},{"@type":"BreadcrumbList","@id":"https:\/\/www.aspb.cat\/es\/la-agencia\/portal-transparencia\/#breadcrumb","itemListElement":[{"@type":"ListItem","position":1,"name":"Inici","item":"https:\/\/www.aspb.cat\/es\/"},{"@type":"ListItem","position":2,"name":"La Agencia","item":"https:\/\/www.aspb.cat\/es\/la-agencia\/"},{"@type":"ListItem","position":3,"name":"Portal de transparencia"}]},{"@type":"WebSite","@id":"https:\/\/www.aspb.cat\/#website","url":"https:\/\/www.aspb.cat\/","name":"ASPB","description":"Just another WordPress site","potentialAction":[{"@type":"SearchAction","target":{"@type":"EntryPoint","urlTemplate":"https:\/\/www.aspb.cat\/?s={search_term_string}"},"query-input":{"@type":"PropertyValueSpecification","valueRequired":true,"valueName":"search_term_string"}}],"inLanguage":"es"}]}},"_links":{"self":[{"href":"https:\/\/www.aspb.cat\/es\/wp-json\/wp\/v2\/pages\/61029","targetHints":{"allow":["GET"]}}],"collection":[{"href":"https:\/\/www.aspb.cat\/es\/wp-json\/wp\/v2\/pages"}],"about":[{"href":"https:\/\/www.aspb.cat\/es\/wp-json\/wp\/v2\/types\/page"}],"author":[{"embeddable":true,"href":"https:\/\/www.aspb.cat\/es\/wp-json\/wp\/v2\/users\/3"}],"replies":[{"embeddable":true,"href":"https:\/\/www.aspb.cat\/es\/wp-json\/wp\/v2\/comments?post=61029"}],"version-history":[{"count":2,"href":"https:\/\/www.aspb.cat\/es\/wp-json\/wp\/v2\/pages\/61029\/revisions"}],"predecessor-version":[{"id":61103,"href":"https:\/\/www.aspb.cat\/es\/wp-json\/wp\/v2\/pages\/61029\/revisions\/61103"}],"up":[{"embeddable":true,"href":"https:\/\/www.aspb.cat\/es\/wp-json\/wp\/v2\/pages\/4214"}],"wp:attachment":[{"href":"https:\/\/www.aspb.cat\/es\/wp-json\/wp\/v2\/media?parent=61029"}],"curies":[{"name":"wp","href":"https:\/\/api.w.org\/{rel}","templated":true}]}}