{"id":60997,"date":"2017-07-12T10:19:01","date_gmt":"2017-07-12T10:19:01","guid":{"rendered":"https:\/\/www.aspb.cat\/la-agencia\/portal-transparencia\/introduccio\/"},"modified":"2025-11-19T17:50:19","modified_gmt":"2025-11-19T17:50:19","slug":"introduccion","status":"publish","type":"page","link":"https:\/\/www.aspb.cat\/es\/la-agencia\/portal-transparencia\/introduccion\/","title":{"rendered":"Introducci\u00f3n"},"content":{"rendered":"\n<p>En la Agencia de Salud P\u00fablica de Barcelona queremos ser una instituci\u00f3n transparente en nuestra gesti\u00f3n y dar acceso a la informaci\u00f3n para facilitar el control de la actividad.<\/p>\n\n\n\n<p><strong>Para facilitar la localizaci\u00f3n de la informaci\u00f3n, la hemos clasificado en varios apartados:<\/strong><\/p>\n\n\n\n<ul class=\"wp-block-list\">\n<li><a href=\"https:\/\/www.aspb.cat\/es\/la-agencia\/portal-transparencia\/informacion-institucional-organizativa\/\">Informaci\u00f3n institucional y organizativa<\/a><\/li>\n\n\n\n<li><a href=\"https:\/\/www.aspb.cat\/es\/la-agencia\/portal-transparencia\/gestion-economica\/\">Gesti\u00f3n econ\u00f3mica<\/a><\/li>\n\n\n\n<li><a href=\"https:\/\/www.aspb.cat\/es\/la-agencia\/portal-transparencia\/gestion-administrativa\/\">Gesti\u00f3n administrativa<\/a><\/li>\n\n\n\n<li><a href=\"https:\/\/www.aspb.cat\/es\/la-agencia\/portal-transparencia\/planes-objetivos\/\">Planes y objetivos<\/a><\/li>\n\n\n\n<li><a href=\"https:\/\/www.aspb.cat\/es\/la-agencia\/portal-transparencia\/documentos-referencia\/\">Documentos de referencia<\/a><\/li>\n\n\n\n<li><a href=\"https:\/\/www.aspb.cat\/es\/la-agencia\/portal-transparencia\/participacion-relacion-ciudadania\/\">Participaci\u00f3n y relaci\u00f3n con la ciudadan\u00eda<\/a><\/li>\n\n\n\n<li><a href=\"https:\/\/www.aspb.cat\/es\/la-agencia\/portal-transparencia\/derecho-acceso-informacion-publica\/\">Derecho de acceso a la informaci\u00f3n p\u00fablica<\/a><\/li>\n<\/ul>\n\n\n\n<div class=\"figure\"><\/div>\n","protected":false},"excerpt":{"rendered":"<p>En la Agencia de Salud P\u00fablica de Barcelona queremos ser una instituci\u00f3n transparente en nuestra [&hellip;]\n","protected":false},"author":21,"featured_media":0,"parent":61029,"menu_order":20,"comment_status":"closed","ping_status":"closed","template":"","meta":{"_acf_changed":false,"_monsterinsights_skip_tracking":false,"_monsterinsights_sitenote_active":false,"_monsterinsights_sitenote_note":"","_monsterinsights_sitenote_category":0,"footnotes":""},"class_list":["post-60997","page","type-page","status-publish","hentry","publish","author-ext_acaillab","impar","primero"],"acf":[],"yoast_head":"<!-- This site is optimized with the Yoast SEO Premium plugin v27.3 (Yoast SEO v27.3) - https:\/\/yoast.com\/product\/yoast-seo-premium-wordpress\/ -->\n<title>Introducci\u00f3n - ASPB<\/title>\n<meta name=\"robots\" content=\"index, follow, max-snippet:-1, max-image-preview:large, max-video-preview:-1\" \/>\n<link rel=\"canonical\" href=\"https:\/\/www.aspb.cat\/es\/la-agencia\/portal-transparencia\/introduccion\/\" \/>\n<meta property=\"og:locale\" content=\"es_ES\" \/>\n<meta property=\"og:type\" content=\"article\" \/>\n<meta property=\"og:title\" content=\"Introducci\u00f3n\" \/>\n<meta property=\"og:description\" content=\"En la Agencia de Salud P\u00fablica de Barcelona queremos ser una instituci\u00f3n transparente en nuestra [&hellip;]\" \/>\n<meta property=\"og:url\" content=\"https:\/\/www.aspb.cat\/es\/la-agencia\/portal-transparencia\/introduccion\/\" \/>\n<meta property=\"og:site_name\" content=\"ASPB\" \/>\n<meta property=\"article:publisher\" content=\"https:\/\/www.facebook.com\/salutpublicabcn\" \/>\n<meta property=\"article:modified_time\" content=\"2025-11-19T17:50:19+00:00\" \/>\n<meta name=\"twitter:card\" content=\"summary_large_image\" \/>\n<meta name=\"twitter:site\" content=\"@salutpublicabcn\" \/>\n<meta name=\"twitter:label1\" content=\"Tiempo de lectura\" \/>\n\t<meta name=\"twitter:data1\" content=\"1 minuto\" \/>\n<script type=\"application\/ld+json\" class=\"yoast-schema-graph\">{\"@context\":\"https:\\\/\\\/schema.org\",\"@graph\":[{\"@type\":\"WebPage\",\"@id\":\"https:\\\/\\\/www.aspb.cat\\\/es\\\/la-agencia\\\/portal-transparencia\\\/introduccion\\\/\",\"url\":\"https:\\\/\\\/www.aspb.cat\\\/es\\\/la-agencia\\\/portal-transparencia\\\/introduccion\\\/\",\"name\":\"Introducci\u00f3n - ASPB\",\"isPartOf\":{\"@id\":\"https:\\\/\\\/www.aspb.cat\\\/#website\"},\"datePublished\":\"2017-07-12T10:19:01+00:00\",\"dateModified\":\"2025-11-19T17:50:19+00:00\",\"breadcrumb\":{\"@id\":\"https:\\\/\\\/www.aspb.cat\\\/es\\\/la-agencia\\\/portal-transparencia\\\/introduccion\\\/#breadcrumb\"},\"inLanguage\":\"es\",\"potentialAction\":[{\"@type\":\"ReadAction\",\"target\":[\"https:\\\/\\\/www.aspb.cat\\\/es\\\/la-agencia\\\/portal-transparencia\\\/introduccion\\\/\"]}]},{\"@type\":\"BreadcrumbList\",\"@id\":\"https:\\\/\\\/www.aspb.cat\\\/es\\\/la-agencia\\\/portal-transparencia\\\/introduccion\\\/#breadcrumb\",\"itemListElement\":[{\"@type\":\"ListItem\",\"position\":1,\"name\":\"Inici\",\"item\":\"https:\\\/\\\/www.aspb.cat\\\/es\\\/\"},{\"@type\":\"ListItem\",\"position\":2,\"name\":\"La Agencia\",\"item\":\"https:\\\/\\\/www.aspb.cat\\\/es\\\/la-agencia\\\/\"},{\"@type\":\"ListItem\",\"position\":3,\"name\":\"Portal de transparencia\",\"item\":\"https:\\\/\\\/www.aspb.cat\\\/es\\\/la-agencia\\\/portal-transparencia\\\/\"},{\"@type\":\"ListItem\",\"position\":4,\"name\":\"Introducci\u00f3n\"}]},{\"@type\":\"WebSite\",\"@id\":\"https:\\\/\\\/www.aspb.cat\\\/#website\",\"url\":\"https:\\\/\\\/www.aspb.cat\\\/\",\"name\":\"ASPB\",\"description\":\"Just another WordPress site\",\"potentialAction\":[{\"@type\":\"SearchAction\",\"target\":{\"@type\":\"EntryPoint\",\"urlTemplate\":\"https:\\\/\\\/www.aspb.cat\\\/?s={search_term_string}\"},\"query-input\":{\"@type\":\"PropertyValueSpecification\",\"valueRequired\":true,\"valueName\":\"search_term_string\"}}],\"inLanguage\":\"es\"}]}<\/script>\n<!-- \/ Yoast SEO Premium plugin. -->","yoast_head_json":{"title":"Introducci\u00f3n - ASPB","robots":{"index":"index","follow":"follow","max-snippet":"max-snippet:-1","max-image-preview":"max-image-preview:large","max-video-preview":"max-video-preview:-1"},"canonical":"https:\/\/www.aspb.cat\/es\/la-agencia\/portal-transparencia\/introduccion\/","og_locale":"es_ES","og_type":"article","og_title":"Introducci\u00f3n","og_description":"En la Agencia de Salud P\u00fablica de Barcelona queremos ser una instituci\u00f3n transparente en nuestra [&hellip;]","og_url":"https:\/\/www.aspb.cat\/es\/la-agencia\/portal-transparencia\/introduccion\/","og_site_name":"ASPB","article_publisher":"https:\/\/www.facebook.com\/salutpublicabcn","article_modified_time":"2025-11-19T17:50:19+00:00","twitter_card":"summary_large_image","twitter_site":"@salutpublicabcn","twitter_misc":{"Tiempo de lectura":"1 minuto"},"schema":{"@context":"https:\/\/schema.org","@graph":[{"@type":"WebPage","@id":"https:\/\/www.aspb.cat\/es\/la-agencia\/portal-transparencia\/introduccion\/","url":"https:\/\/www.aspb.cat\/es\/la-agencia\/portal-transparencia\/introduccion\/","name":"Introducci\u00f3n - ASPB","isPartOf":{"@id":"https:\/\/www.aspb.cat\/#website"},"datePublished":"2017-07-12T10:19:01+00:00","dateModified":"2025-11-19T17:50:19+00:00","breadcrumb":{"@id":"https:\/\/www.aspb.cat\/es\/la-agencia\/portal-transparencia\/introduccion\/#breadcrumb"},"inLanguage":"es","potentialAction":[{"@type":"ReadAction","target":["https:\/\/www.aspb.cat\/es\/la-agencia\/portal-transparencia\/introduccion\/"]}]},{"@type":"BreadcrumbList","@id":"https:\/\/www.aspb.cat\/es\/la-agencia\/portal-transparencia\/introduccion\/#breadcrumb","itemListElement":[{"@type":"ListItem","position":1,"name":"Inici","item":"https:\/\/www.aspb.cat\/es\/"},{"@type":"ListItem","position":2,"name":"La Agencia","item":"https:\/\/www.aspb.cat\/es\/la-agencia\/"},{"@type":"ListItem","position":3,"name":"Portal de transparencia","item":"https:\/\/www.aspb.cat\/es\/la-agencia\/portal-transparencia\/"},{"@type":"ListItem","position":4,"name":"Introducci\u00f3n"}]},{"@type":"WebSite","@id":"https:\/\/www.aspb.cat\/#website","url":"https:\/\/www.aspb.cat\/","name":"ASPB","description":"Just another WordPress site","potentialAction":[{"@type":"SearchAction","target":{"@type":"EntryPoint","urlTemplate":"https:\/\/www.aspb.cat\/?s={search_term_string}"},"query-input":{"@type":"PropertyValueSpecification","valueRequired":true,"valueName":"search_term_string"}}],"inLanguage":"es"}]}},"_links":{"self":[{"href":"https:\/\/www.aspb.cat\/es\/wp-json\/wp\/v2\/pages\/60997","targetHints":{"allow":["GET"]}}],"collection":[{"href":"https:\/\/www.aspb.cat\/es\/wp-json\/wp\/v2\/pages"}],"about":[{"href":"https:\/\/www.aspb.cat\/es\/wp-json\/wp\/v2\/types\/page"}],"author":[{"embeddable":true,"href":"https:\/\/www.aspb.cat\/es\/wp-json\/wp\/v2\/users\/21"}],"replies":[{"embeddable":true,"href":"https:\/\/www.aspb.cat\/es\/wp-json\/wp\/v2\/comments?post=60997"}],"version-history":[{"count":10,"href":"https:\/\/www.aspb.cat\/es\/wp-json\/wp\/v2\/pages\/60997\/revisions"}],"predecessor-version":[{"id":61237,"href":"https:\/\/www.aspb.cat\/es\/wp-json\/wp\/v2\/pages\/60997\/revisions\/61237"}],"up":[{"embeddable":true,"href":"https:\/\/www.aspb.cat\/es\/wp-json\/wp\/v2\/pages\/61029"}],"wp:attachment":[{"href":"https:\/\/www.aspb.cat\/es\/wp-json\/wp\/v2\/media?parent=60997"}],"curies":[{"name":"wp","href":"https:\/\/api.w.org\/{rel}","templated":true}]}}