{"id":60967,"date":"2025-11-12T11:58:00","date_gmt":"2025-11-12T11:58:00","guid":{"rendered":"https:\/\/www.aspb.cat\/la-agencia\/portal-transparencia\/gestio-economica\/"},"modified":"2026-04-22T10:50:31","modified_gmt":"2026-04-22T10:50:31","slug":"gestion-economica","status":"publish","type":"page","link":"https:\/\/www.aspb.cat\/es\/la-agencia\/portal-transparencia\/gestion-economica\/","title":{"rendered":"Gesti\u00f3n econ\u00f3mica"},"content":{"rendered":"\n<div class=\"figure\"><\/div>\n\n\n<div class=\"moure_faqs_aqui\"><\/div>\n\n\n\n<div class=\"pbi-embed-section\">\n  <h3 class=\"pbi-title\">Ejecuci\u00f3n de ingresos y gastos<\/h3>\n  <div class=\"pbi-embed\">\n    <iframe\n      title=\"Power BI\"\n      src=\"https:\/\/app.powerbi.com\/view?r=eyJrIjoiYzk3YWYzZTctZWEyMy00NWE0LTllMDUtYjhjZWViOWU0NThhIiwidCI6ImI0Y2E1ZTA4LWI4ZDMtNGRkZC05YjQ1LTg4MjA5NzYxYzU3NCIsImMiOjh9\"\n      loading=\"lazy\"\n      allowfullscreen>\n    <\/iframe>\n  <\/div>\n<\/div>\n\n<style>\n  \/* Contenedor del bloque *\/\n  .pbi-embed-section{\n    width:100%;\n    max-width:1000px;\n    margin:24px auto 32px;\n    padding:0 12px;\n    text-align:center; \/* centramos el bloque entero *\/\n  }\n\n  \/* T\u00cdTULO centrado *\/\n  .pbi-embed-section .pbi-title{\n    font-family:'Roboto Slab', sans-serif !important;\n    font-weight:800 !important;\n    font-size:20px !important;\n    line-height:22px !important;\n    color:#4d4d4d !important;           \/* rgb(77,77,77) *\/\n    text-align:center !important;       \/* centrado *\/\n    letter-spacing:0 !important;\n    text-transform:none !important;\n    margin:20px 0 12px 0 !important;\n  }\n\n  \/* Marco + fondo del embed *\/\n  .pbi-embed{\n    width:100%;\n    box-sizing:border-box;\n    background:#f7f7f7;\n    border:1px solid #ddd;\n    border-radius:6px;\n    padding:8px;\n    margin:0 auto;\n    overflow:hidden;\n\n    \/* Relaci\u00f3n de aspecto *\/\n    height:auto;\n    aspect-ratio:16 \/ 9;      \n    max-height:560px;\n  }\n\n  .pbi-embed iframe{\n    display:block;\n    width:100%;\n    height:100%;\n    border:0;\n    border-radius:4px;\n  }\n\n  \/* M\u00f3vil: un poco m\u00e1s alto para legibilidad *\/\n  @media (max-width:600px){\n    .pbi-embed{\n      aspect-ratio:4 \/ 3;\n      max-height:460px;\n      min-height:320px;\n      padding:6px;\n    }\n  }\n<\/style>\n\n\n<div class=\"moure_faqs_aqui\"><\/div>\n\n\n<div class=\"moure_faqs_aqui\"><\/div>\n","protected":false},"excerpt":{"rendered":"<p>Ejecuci\u00f3n de ingresos y gastos<\/p>\n","protected":false},"author":21,"featured_media":0,"parent":61029,"menu_order":100,"comment_status":"closed","ping_status":"closed","template":"","meta":{"_acf_changed":false,"_monsterinsights_skip_tracking":false,"_monsterinsights_sitenote_active":false,"_monsterinsights_sitenote_note":"","_monsterinsights_sitenote_category":0,"footnotes":""},"class_list":["post-60967","page","type-page","status-publish","hentry","publish","author-ext_acaillab","impar","primero"],"acf":[],"yoast_head":"<!-- This site is optimized with the Yoast SEO Premium plugin v27.3 (Yoast SEO v27.3) - https:\/\/yoast.com\/product\/yoast-seo-premium-wordpress\/ -->\n<title>Gesti\u00f3n econ\u00f3mica - ASPB<\/title>\n<meta name=\"robots\" content=\"index, follow, max-snippet:-1, max-image-preview:large, max-video-preview:-1\" \/>\n<link rel=\"canonical\" href=\"https:\/\/www.aspb.cat\/es\/la-agencia\/portal-transparencia\/gestion-economica\/\" \/>\n<meta property=\"og:locale\" content=\"es_ES\" \/>\n<meta property=\"og:type\" content=\"article\" \/>\n<meta property=\"og:title\" content=\"Gesti\u00f3n econ\u00f3mica\" \/>\n<meta property=\"og:description\" content=\"Ejecuci\u00f3n de ingresos y gastos\" \/>\n<meta property=\"og:url\" content=\"https:\/\/www.aspb.cat\/es\/la-agencia\/portal-transparencia\/gestion-economica\/\" \/>\n<meta property=\"og:site_name\" content=\"ASPB\" \/>\n<meta property=\"article:publisher\" content=\"https:\/\/www.facebook.com\/salutpublicabcn\" \/>\n<meta property=\"article:modified_time\" content=\"2026-04-22T10:50:31+00:00\" \/>\n<meta name=\"twitter:card\" content=\"summary_large_image\" \/>\n<meta name=\"twitter:site\" content=\"@salutpublicabcn\" \/>\n<meta name=\"twitter:label1\" content=\"Tiempo de lectura\" \/>\n\t<meta name=\"twitter:data1\" content=\"1 minuto\" \/>\n<script type=\"application\/ld+json\" class=\"yoast-schema-graph\">{\"@context\":\"https:\\\/\\\/schema.org\",\"@graph\":[{\"@type\":\"WebPage\",\"@id\":\"https:\\\/\\\/www.aspb.cat\\\/es\\\/la-agencia\\\/portal-transparencia\\\/gestion-economica\\\/\",\"url\":\"https:\\\/\\\/www.aspb.cat\\\/es\\\/la-agencia\\\/portal-transparencia\\\/gestion-economica\\\/\",\"name\":\"Gesti\u00f3n econ\u00f3mica - ASPB\",\"isPartOf\":{\"@id\":\"https:\\\/\\\/www.aspb.cat\\\/#website\"},\"datePublished\":\"2025-11-12T11:58:00+00:00\",\"dateModified\":\"2026-04-22T10:50:31+00:00\",\"breadcrumb\":{\"@id\":\"https:\\\/\\\/www.aspb.cat\\\/es\\\/la-agencia\\\/portal-transparencia\\\/gestion-economica\\\/#breadcrumb\"},\"inLanguage\":\"es\",\"potentialAction\":[{\"@type\":\"ReadAction\",\"target\":[\"https:\\\/\\\/www.aspb.cat\\\/es\\\/la-agencia\\\/portal-transparencia\\\/gestion-economica\\\/\"]}]},{\"@type\":\"BreadcrumbList\",\"@id\":\"https:\\\/\\\/www.aspb.cat\\\/es\\\/la-agencia\\\/portal-transparencia\\\/gestion-economica\\\/#breadcrumb\",\"itemListElement\":[{\"@type\":\"ListItem\",\"position\":1,\"name\":\"Inici\",\"item\":\"https:\\\/\\\/www.aspb.cat\\\/es\\\/\"},{\"@type\":\"ListItem\",\"position\":2,\"name\":\"La Agencia\",\"item\":\"https:\\\/\\\/www.aspb.cat\\\/es\\\/la-agencia\\\/\"},{\"@type\":\"ListItem\",\"position\":3,\"name\":\"Portal de transparencia\",\"item\":\"https:\\\/\\\/www.aspb.cat\\\/es\\\/la-agencia\\\/portal-transparencia\\\/\"},{\"@type\":\"ListItem\",\"position\":4,\"name\":\"Gesti\u00f3n econ\u00f3mica\"}]},{\"@type\":\"WebSite\",\"@id\":\"https:\\\/\\\/www.aspb.cat\\\/#website\",\"url\":\"https:\\\/\\\/www.aspb.cat\\\/\",\"name\":\"ASPB\",\"description\":\"Just another WordPress site\",\"potentialAction\":[{\"@type\":\"SearchAction\",\"target\":{\"@type\":\"EntryPoint\",\"urlTemplate\":\"https:\\\/\\\/www.aspb.cat\\\/?s={search_term_string}\"},\"query-input\":{\"@type\":\"PropertyValueSpecification\",\"valueRequired\":true,\"valueName\":\"search_term_string\"}}],\"inLanguage\":\"es\"}]}<\/script>\n<!-- \/ Yoast SEO Premium plugin. -->","yoast_head_json":{"title":"Gesti\u00f3n econ\u00f3mica - ASPB","robots":{"index":"index","follow":"follow","max-snippet":"max-snippet:-1","max-image-preview":"max-image-preview:large","max-video-preview":"max-video-preview:-1"},"canonical":"https:\/\/www.aspb.cat\/es\/la-agencia\/portal-transparencia\/gestion-economica\/","og_locale":"es_ES","og_type":"article","og_title":"Gesti\u00f3n econ\u00f3mica","og_description":"Ejecuci\u00f3n de ingresos y gastos","og_url":"https:\/\/www.aspb.cat\/es\/la-agencia\/portal-transparencia\/gestion-economica\/","og_site_name":"ASPB","article_publisher":"https:\/\/www.facebook.com\/salutpublicabcn","article_modified_time":"2026-04-22T10:50:31+00:00","twitter_card":"summary_large_image","twitter_site":"@salutpublicabcn","twitter_misc":{"Tiempo de lectura":"1 minuto"},"schema":{"@context":"https:\/\/schema.org","@graph":[{"@type":"WebPage","@id":"https:\/\/www.aspb.cat\/es\/la-agencia\/portal-transparencia\/gestion-economica\/","url":"https:\/\/www.aspb.cat\/es\/la-agencia\/portal-transparencia\/gestion-economica\/","name":"Gesti\u00f3n econ\u00f3mica - ASPB","isPartOf":{"@id":"https:\/\/www.aspb.cat\/#website"},"datePublished":"2025-11-12T11:58:00+00:00","dateModified":"2026-04-22T10:50:31+00:00","breadcrumb":{"@id":"https:\/\/www.aspb.cat\/es\/la-agencia\/portal-transparencia\/gestion-economica\/#breadcrumb"},"inLanguage":"es","potentialAction":[{"@type":"ReadAction","target":["https:\/\/www.aspb.cat\/es\/la-agencia\/portal-transparencia\/gestion-economica\/"]}]},{"@type":"BreadcrumbList","@id":"https:\/\/www.aspb.cat\/es\/la-agencia\/portal-transparencia\/gestion-economica\/#breadcrumb","itemListElement":[{"@type":"ListItem","position":1,"name":"Inici","item":"https:\/\/www.aspb.cat\/es\/"},{"@type":"ListItem","position":2,"name":"La Agencia","item":"https:\/\/www.aspb.cat\/es\/la-agencia\/"},{"@type":"ListItem","position":3,"name":"Portal de transparencia","item":"https:\/\/www.aspb.cat\/es\/la-agencia\/portal-transparencia\/"},{"@type":"ListItem","position":4,"name":"Gesti\u00f3n econ\u00f3mica"}]},{"@type":"WebSite","@id":"https:\/\/www.aspb.cat\/#website","url":"https:\/\/www.aspb.cat\/","name":"ASPB","description":"Just another WordPress site","potentialAction":[{"@type":"SearchAction","target":{"@type":"EntryPoint","urlTemplate":"https:\/\/www.aspb.cat\/?s={search_term_string}"},"query-input":{"@type":"PropertyValueSpecification","valueRequired":true,"valueName":"search_term_string"}}],"inLanguage":"es"}]}},"_links":{"self":[{"href":"https:\/\/www.aspb.cat\/es\/wp-json\/wp\/v2\/pages\/60967","targetHints":{"allow":["GET"]}}],"collection":[{"href":"https:\/\/www.aspb.cat\/es\/wp-json\/wp\/v2\/pages"}],"about":[{"href":"https:\/\/www.aspb.cat\/es\/wp-json\/wp\/v2\/types\/page"}],"author":[{"embeddable":true,"href":"https:\/\/www.aspb.cat\/es\/wp-json\/wp\/v2\/users\/21"}],"replies":[{"embeddable":true,"href":"https:\/\/www.aspb.cat\/es\/wp-json\/wp\/v2\/comments?post=60967"}],"version-history":[{"count":20,"href":"https:\/\/www.aspb.cat\/es\/wp-json\/wp\/v2\/pages\/60967\/revisions"}],"predecessor-version":[{"id":63409,"href":"https:\/\/www.aspb.cat\/es\/wp-json\/wp\/v2\/pages\/60967\/revisions\/63409"}],"up":[{"embeddable":true,"href":"https:\/\/www.aspb.cat\/es\/wp-json\/wp\/v2\/pages\/61029"}],"wp:attachment":[{"href":"https:\/\/www.aspb.cat\/es\/wp-json\/wp\/v2\/media?parent=60967"}],"curies":[{"name":"wp","href":"https:\/\/api.w.org\/{rel}","templated":true}]}}