{"id":59618,"date":"2025-07-12T13:58:54","date_gmt":"2025-07-12T13:58:54","guid":{"rendered":"https:\/\/www.aspb.cat\/accessibilitat\/"},"modified":"2025-11-18T11:05:43","modified_gmt":"2025-11-18T11:05:43","slug":"declaracion-accesibilidad","status":"publish","type":"page","link":"https:\/\/www.aspb.cat\/es\/declaracion-accesibilidad\/","title":{"rendered":"Declaraci\u00f3n de Accesibilidad"},"content":{"rendered":"<h4>Informaci\u00f3n sobre el proveedor<\/h4>\n<p>Este sitio web es operado por Ag\u00e8ncia de Salut P\u00fablica de Barcelona (ASPB)<\/p>\n<ul>\n<li><strong>Contacto:<\/strong> <a href=\"mailto:dir@aspb.cat\" target=\"_blank\" rel=\"noopener\">dir@aspb.cat<\/a><\/li>\n<li><strong>Tel:<\/strong>\u00a093 238 4545<\/li>\n<li><strong>Web:<\/strong> <a href=\"https:\/\/www.aspb.cat\/es\/\" target=\"_blank\" rel=\"noopener\">www.aspb.cat<\/a><\/li>\n<\/ul>\n\n\n<div style=\"height:15px\" aria-hidden=\"true\" class=\"wp-block-spacer\"><\/div>\n\n\n<h4>Descripci\u00f3n general<\/h4>\n<p>La web <a href=\"https:\/\/www.aspb.cat\/es\/\" target=\"_blank\" rel=\"noopener\">aspb.cat<\/a> es el portal institucional de la Ag\u00e8ncia de Salut P\u00fablica de Barcelona (ASPB), un organismo consorciado entre el Ayuntamiento de Barcelona y la Generalitat de Catalunya, cuya misi\u00f3n es proteger y mejorar la salud de la ciudadan\u00eda. El sitio est\u00e1 dirigido tanto a profesionales del \u00e1mbito sanitario y de la administraci\u00f3n p\u00fablica como a la ciudadan\u00eda general, e incluye contenidos relacionados con vigilancia epidemiol\u00f3gica, promoci\u00f3n de la salud, investigaci\u00f3n, datos de salud p\u00fablica y servicios a la comunidad.<\/p>\n\n\n<div style=\"height:15px\" aria-hidden=\"true\" class=\"wp-block-spacer\"><\/div>\n\n\n<h4>Descripci\u00f3n y explicaci\u00f3n de c\u00f3mo funciona el servicio<\/h4>\n<p>El sitio permite a las personas usuarias acceder a contenidos informativos estructurados en secciones como biblioteca, tr\u00e1mites o programas.<\/p>\n<p>La web presenta una organizaci\u00f3n visual clara y un dise\u00f1o adaptado a diferentes dispositivos. Sin embargo, se han identificado diversas \u00e1reas de mejora que afectan a la accesibilidad del sitio. En particular, algunas im\u00e1genes no cuentan con una alternativa textual adecuada, se han detectado errores en la jerarqu\u00eda y el orden l\u00f3gico de los encabezados, en los formularios disponibles, algunos campos no disponen de atributos que permitan el autocompletado y el orden del foco durante la navegaci\u00f3n con teclado no sigue siempre una secuencia l\u00f3gica, entre otras disconformidades.<\/p>\n\n\n<div style=\"height:15px\" aria-hidden=\"true\" class=\"wp-block-spacer\"><\/div>\n\n\n<h4>Situaci\u00f3n de cumplimiento<\/h4>\n<p>Este sitio web es parcialmente conforme con la norma <strong>UNE-EN 301549:2022<\/strong>, debido a la falta de conformidad de los aspectos que se indican a continuaci\u00f3n.<\/p>\n<p>La Ag\u00e8ncia de Salut P\u00fablica de Barcelona (ASPB) ha aplicado algunos principios del dise\u00f1o universal en su portal, como una estructura informativa clara, dise\u00f1o responsive y contenidos organizados por \u00e1reas tem\u00e1ticas. Tambi\u00e9n se observa la incorporaci\u00f3n de formularios funcionales y recursos informativos bien clasificados. Sin embargo, persisten deficiencias significativas en materia de accesibilidad digital.<\/p>\n<p>Las interfaces han sido evaluadas mediante herramientas autom\u00e1ticas y revisi\u00f3n manual, siguiendo los criterios de las <strong>WCAG 2.1<\/strong> en su <strong>nivel AA<\/strong> y la norma <strong>UNE-EN 301549:2022<\/strong>.<\/p>\n<p>A pesar de estos esfuerzos, algunos problemas de accesibilidad pueden persistir, como se detalla en el siguiente apartado t\u00e9cnico.<\/p>\n\n\n<div style=\"height:15px\" aria-hidden=\"true\" class=\"wp-block-spacer\"><\/div>\n\n\n<h4>Contenido no accesible<\/h4>\n<div class=\"moure_faqs_aqui\"><\/div>\n<h4>Preparaci\u00f3n de la presente declaraci\u00f3n de accesibilidad<\/h4>\n<p>La presente declaraci\u00f3n fue preparada el 26\/06\/2025.<\/p>\n<p>El m\u00e9todo empleado para preparar la declaraci\u00f3n ha sido una autoevaluaci\u00f3n externa llevada a cabo por la empresa <a href=\"https:\/\/www.tuwebaccesible.es\/\" target=\"_blank\" rel=\"noopener\">Tu Web Accesible<\/a>.<\/p>\n<p><strong>\u00daltima revisi\u00f3n de la declaraci\u00f3n: 26\/06\/2025.<\/strong><\/p>\n\n\n<div style=\"height:30px\" aria-hidden=\"true\" class=\"wp-block-spacer\"><\/div>\n\n\n<hr class=\"filete\" \/>\n<p><style>\n.filete {<br \/>\n  border: 0;<br \/>\n  height: 1px;<br \/>\n  background: #999999;   \/* color del filete *\/<br \/>\n  margin-top: 10px;<br \/>\n  margin-bottom: 10px;<br \/>\n}<br \/>\n<\/style>\n<\/p>\n\n\n<div style=\"height:15px\" aria-hidden=\"true\" class=\"wp-block-spacer\"><\/div>\n\n\n<div class=\"wp-block-image wp-duotone-unset-1\">\n<figure class=\"aligncenter size-full is-resized\"><img decoding=\"async\" width=\"416\" height=\"438\" src=\"https:\/\/www.aspb.cat\/wp-content\/uploads\/2025\/10\/ASPBCAT-Sello-Accesibilidad-Web-Nota.png\" alt=\"\" class=\"wp-image-60417\" style=\"width:131px;height:auto\" srcset=\"https:\/\/www.aspb.cat\/wp-content\/uploads\/2025\/10\/ASPBCAT-Sello-Accesibilidad-Web-Nota.png 416w, https:\/\/www.aspb.cat\/wp-content\/uploads\/2025\/10\/ASPBCAT-Sello-Accesibilidad-Web-Nota-188x198.png 188w\" sizes=\"(max-width: 416px) 100vw, 416px\" \/><\/figure>\n<\/div>\n\n\n<div style=\"height:50px\" aria-hidden=\"true\" class=\"wp-block-spacer\"><\/div>\n\n\n\n<div class=\"figure\"><\/div>\n","protected":false},"excerpt":{"rendered":"<p>Informaci\u00f3n sobre el proveedor Este sitio web es operado por Ag\u00e8ncia de Salut P\u00fablica de [&hellip;]\n","protected":false},"author":3,"featured_media":0,"parent":0,"menu_order":6,"comment_status":"closed","ping_status":"closed","template":"","meta":{"_acf_changed":false,"_monsterinsights_skip_tracking":false,"_monsterinsights_sitenote_active":false,"_monsterinsights_sitenote_note":"","_monsterinsights_sitenote_category":0,"footnotes":""},"class_list":["post-59618","page","type-page","status-publish","hentry","publish","author-as20pb16-x22","impar","primero"],"acf":[],"yoast_head":"<!-- This site is optimized with the Yoast SEO Premium plugin v27.3 (Yoast SEO v27.3) - https:\/\/yoast.com\/product\/yoast-seo-premium-wordpress\/ -->\n<title>Declaraci\u00f3n de Accesibilidad - ASPB<\/title>\n<meta name=\"robots\" content=\"index, follow, max-snippet:-1, max-image-preview:large, max-video-preview:-1\" \/>\n<link rel=\"canonical\" href=\"https:\/\/www.aspb.cat\/es\/declaracion-accesibilidad\/\" \/>\n<meta property=\"og:locale\" content=\"es_ES\" \/>\n<meta property=\"og:type\" content=\"article\" \/>\n<meta property=\"og:title\" content=\"Declaraci\u00f3n de Accesibilidad\" \/>\n<meta property=\"og:description\" content=\"Informaci\u00f3n sobre el proveedor Este sitio web es operado por Ag\u00e8ncia de Salut P\u00fablica de [&hellip;]\" \/>\n<meta property=\"og:url\" content=\"https:\/\/www.aspb.cat\/es\/declaracion-accesibilidad\/\" \/>\n<meta property=\"og:site_name\" content=\"ASPB\" \/>\n<meta property=\"article:publisher\" content=\"https:\/\/www.facebook.com\/salutpublicabcn\" \/>\n<meta property=\"article:modified_time\" content=\"2025-11-18T11:05:43+00:00\" \/>\n<meta property=\"og:image\" content=\"https:\/\/www.aspb.cat\/wp-content\/uploads\/2025\/10\/ASPBCAT-Sello-Accesibilidad-Web-Nota.png\" \/>\n\t<meta property=\"og:image:width\" content=\"416\" \/>\n\t<meta property=\"og:image:height\" content=\"438\" \/>\n\t<meta property=\"og:image:type\" content=\"image\/png\" \/>\n<meta name=\"twitter:card\" content=\"summary_large_image\" \/>\n<meta name=\"twitter:site\" content=\"@salutpublicabcn\" \/>\n<meta name=\"twitter:label1\" content=\"Tiempo de lectura\" \/>\n\t<meta name=\"twitter:data1\" content=\"3 minutos\" \/>\n<script type=\"application\/ld+json\" class=\"yoast-schema-graph\">{\"@context\":\"https:\\\/\\\/schema.org\",\"@graph\":[{\"@type\":\"WebPage\",\"@id\":\"https:\\\/\\\/www.aspb.cat\\\/es\\\/declaracion-accesibilidad\\\/\",\"url\":\"https:\\\/\\\/www.aspb.cat\\\/es\\\/declaracion-accesibilidad\\\/\",\"name\":\"Declaraci\u00f3n de Accesibilidad - ASPB\",\"isPartOf\":{\"@id\":\"https:\\\/\\\/www.aspb.cat\\\/#website\"},\"primaryImageOfPage\":{\"@id\":\"https:\\\/\\\/www.aspb.cat\\\/es\\\/declaracion-accesibilidad\\\/#primaryimage\"},\"image\":{\"@id\":\"https:\\\/\\\/www.aspb.cat\\\/es\\\/declaracion-accesibilidad\\\/#primaryimage\"},\"thumbnailUrl\":\"https:\\\/\\\/www.aspb.cat\\\/wp-content\\\/uploads\\\/2025\\\/10\\\/ASPBCAT-Sello-Accesibilidad-Web-Nota.png\",\"datePublished\":\"2025-07-12T13:58:54+00:00\",\"dateModified\":\"2025-11-18T11:05:43+00:00\",\"breadcrumb\":{\"@id\":\"https:\\\/\\\/www.aspb.cat\\\/es\\\/declaracion-accesibilidad\\\/#breadcrumb\"},\"inLanguage\":\"es\",\"potentialAction\":[{\"@type\":\"ReadAction\",\"target\":[\"https:\\\/\\\/www.aspb.cat\\\/es\\\/declaracion-accesibilidad\\\/\"]}]},{\"@type\":\"ImageObject\",\"inLanguage\":\"es\",\"@id\":\"https:\\\/\\\/www.aspb.cat\\\/es\\\/declaracion-accesibilidad\\\/#primaryimage\",\"url\":\"https:\\\/\\\/www.aspb.cat\\\/wp-content\\\/uploads\\\/2025\\\/10\\\/ASPBCAT-Sello-Accesibilidad-Web-Nota.png\",\"contentUrl\":\"https:\\\/\\\/www.aspb.cat\\\/wp-content\\\/uploads\\\/2025\\\/10\\\/ASPBCAT-Sello-Accesibilidad-Web-Nota.png\"},{\"@type\":\"BreadcrumbList\",\"@id\":\"https:\\\/\\\/www.aspb.cat\\\/es\\\/declaracion-accesibilidad\\\/#breadcrumb\",\"itemListElement\":[{\"@type\":\"ListItem\",\"position\":1,\"name\":\"Inici\",\"item\":\"https:\\\/\\\/www.aspb.cat\\\/es\\\/\"},{\"@type\":\"ListItem\",\"position\":2,\"name\":\"Declaraci\u00f3n de Accesibilidad\"}]},{\"@type\":\"WebSite\",\"@id\":\"https:\\\/\\\/www.aspb.cat\\\/#website\",\"url\":\"https:\\\/\\\/www.aspb.cat\\\/\",\"name\":\"ASPB\",\"description\":\"Just another WordPress site\",\"potentialAction\":[{\"@type\":\"SearchAction\",\"target\":{\"@type\":\"EntryPoint\",\"urlTemplate\":\"https:\\\/\\\/www.aspb.cat\\\/?s={search_term_string}\"},\"query-input\":{\"@type\":\"PropertyValueSpecification\",\"valueRequired\":true,\"valueName\":\"search_term_string\"}}],\"inLanguage\":\"es\"}]}<\/script>\n<!-- \/ Yoast SEO Premium plugin. -->","yoast_head_json":{"title":"Declaraci\u00f3n de Accesibilidad - ASPB","robots":{"index":"index","follow":"follow","max-snippet":"max-snippet:-1","max-image-preview":"max-image-preview:large","max-video-preview":"max-video-preview:-1"},"canonical":"https:\/\/www.aspb.cat\/es\/declaracion-accesibilidad\/","og_locale":"es_ES","og_type":"article","og_title":"Declaraci\u00f3n de Accesibilidad","og_description":"Informaci\u00f3n sobre el proveedor Este sitio web es operado por Ag\u00e8ncia de Salut P\u00fablica de [&hellip;]","og_url":"https:\/\/www.aspb.cat\/es\/declaracion-accesibilidad\/","og_site_name":"ASPB","article_publisher":"https:\/\/www.facebook.com\/salutpublicabcn","article_modified_time":"2025-11-18T11:05:43+00:00","og_image":[{"width":416,"height":438,"url":"https:\/\/www.aspb.cat\/wp-content\/uploads\/2025\/10\/ASPBCAT-Sello-Accesibilidad-Web-Nota.png","type":"image\/png"}],"twitter_card":"summary_large_image","twitter_site":"@salutpublicabcn","twitter_misc":{"Tiempo de lectura":"3 minutos"},"schema":{"@context":"https:\/\/schema.org","@graph":[{"@type":"WebPage","@id":"https:\/\/www.aspb.cat\/es\/declaracion-accesibilidad\/","url":"https:\/\/www.aspb.cat\/es\/declaracion-accesibilidad\/","name":"Declaraci\u00f3n de Accesibilidad - ASPB","isPartOf":{"@id":"https:\/\/www.aspb.cat\/#website"},"primaryImageOfPage":{"@id":"https:\/\/www.aspb.cat\/es\/declaracion-accesibilidad\/#primaryimage"},"image":{"@id":"https:\/\/www.aspb.cat\/es\/declaracion-accesibilidad\/#primaryimage"},"thumbnailUrl":"https:\/\/www.aspb.cat\/wp-content\/uploads\/2025\/10\/ASPBCAT-Sello-Accesibilidad-Web-Nota.png","datePublished":"2025-07-12T13:58:54+00:00","dateModified":"2025-11-18T11:05:43+00:00","breadcrumb":{"@id":"https:\/\/www.aspb.cat\/es\/declaracion-accesibilidad\/#breadcrumb"},"inLanguage":"es","potentialAction":[{"@type":"ReadAction","target":["https:\/\/www.aspb.cat\/es\/declaracion-accesibilidad\/"]}]},{"@type":"ImageObject","inLanguage":"es","@id":"https:\/\/www.aspb.cat\/es\/declaracion-accesibilidad\/#primaryimage","url":"https:\/\/www.aspb.cat\/wp-content\/uploads\/2025\/10\/ASPBCAT-Sello-Accesibilidad-Web-Nota.png","contentUrl":"https:\/\/www.aspb.cat\/wp-content\/uploads\/2025\/10\/ASPBCAT-Sello-Accesibilidad-Web-Nota.png"},{"@type":"BreadcrumbList","@id":"https:\/\/www.aspb.cat\/es\/declaracion-accesibilidad\/#breadcrumb","itemListElement":[{"@type":"ListItem","position":1,"name":"Inici","item":"https:\/\/www.aspb.cat\/es\/"},{"@type":"ListItem","position":2,"name":"Declaraci\u00f3n de Accesibilidad"}]},{"@type":"WebSite","@id":"https:\/\/www.aspb.cat\/#website","url":"https:\/\/www.aspb.cat\/","name":"ASPB","description":"Just another WordPress site","potentialAction":[{"@type":"SearchAction","target":{"@type":"EntryPoint","urlTemplate":"https:\/\/www.aspb.cat\/?s={search_term_string}"},"query-input":{"@type":"PropertyValueSpecification","valueRequired":true,"valueName":"search_term_string"}}],"inLanguage":"es"}]}},"_links":{"self":[{"href":"https:\/\/www.aspb.cat\/es\/wp-json\/wp\/v2\/pages\/59618","targetHints":{"allow":["GET"]}}],"collection":[{"href":"https:\/\/www.aspb.cat\/es\/wp-json\/wp\/v2\/pages"}],"about":[{"href":"https:\/\/www.aspb.cat\/es\/wp-json\/wp\/v2\/types\/page"}],"author":[{"embeddable":true,"href":"https:\/\/www.aspb.cat\/es\/wp-json\/wp\/v2\/users\/3"}],"replies":[{"embeddable":true,"href":"https:\/\/www.aspb.cat\/es\/wp-json\/wp\/v2\/comments?post=59618"}],"version-history":[{"count":23,"href":"https:\/\/www.aspb.cat\/es\/wp-json\/wp\/v2\/pages\/59618\/revisions"}],"predecessor-version":[{"id":60839,"href":"https:\/\/www.aspb.cat\/es\/wp-json\/wp\/v2\/pages\/59618\/revisions\/60839"}],"wp:attachment":[{"href":"https:\/\/www.aspb.cat\/es\/wp-json\/wp\/v2\/media?parent=59618"}],"curies":[{"name":"wp","href":"https:\/\/api.w.org\/{rel}","templated":true}]}}