{"id":59346,"date":"2025-05-05T15:22:24","date_gmt":"2025-05-05T15:22:24","guid":{"rendered":"https:\/\/www.aspb.cat\/informacio-privadesa-2025\/"},"modified":"2025-07-03T14:33:19","modified_gmt":"2025-07-03T14:33:19","slug":"informacion-privacidad","status":"publish","type":"page","link":"https:\/\/www.aspb.cat\/es\/informacion-privacidad\/","title":{"rendered":"Informaci\u00f3n de privacidad"},"content":{"rendered":"<p><span data-contrast=\"none\">En aplicaci\u00f3n del Reglamento (UE) 2016\/679 del Parlamento Europeo y del Consejo, de 27 de abril de 2016, relativo a la protecci\u00f3n de las personas f\u00edsicas en lo que respecta al tratamiento de datos personales ya la libre circulaci\u00f3n de estos datos, (en adelante RGPD ), y la Ley 3\/2018, de 5 de diciembre, de Protecci\u00f3n de Datos y Garant\u00eda de los Derechos Digitales (en adelante LOPDGDD ) le informamos en este apartado sobre el tratamiento de sus datos personales que lleva a cabo la Agencia de Salud P\u00fablica de Barcelona.<\/span><span data-ccp-props=\"{&quot;201341983&quot;:0,&quot;335551550&quot;:6,&quot;335551620&quot;:6,&quot;335557856&quot;:16777215,&quot;335559739&quot;:150,&quot;335559740&quot;:240}\">\u00a0<\/span><\/p>\n<p><span data-contrast=\"none\">La presente Informaci\u00f3n de privacidad tiene como objetivo facilitar la informaci\u00f3n sobre c\u00f3mo se recogen, tratan y protegen tus datos personales.<\/span><span data-ccp-props=\"{&quot;201341983&quot;:0,&quot;335551550&quot;:6,&quot;335551620&quot;:6,&quot;335557856&quot;:16777215,&quot;335559739&quot;:150,&quot;335559740&quot;:240}\">\u00a0<\/span><\/p>\n<p><span data-contrast=\"none\">La Agencia asume el compromiso de garantizar la privacidad e intimidad del usuario en todo momento.<\/span><span data-ccp-props=\"{&quot;201341983&quot;:0,&quot;335551550&quot;:6,&quot;335551620&quot;:6,&quot;335557856&quot;:16777215,&quot;335559739&quot;:150,&quot;335559740&quot;:240}\">\u00a0<\/span><\/p>\n<figure class=\"wp-block-table is-style-regular has-medium-font-size\"><\/figure>\n<div class=\"moure_faqs_aqui\"><\/div>\n\n\n<style>\n.tabla-privacidad {\n  width: 100%;\n  border-collapse: collapse;\n  font-size: 16px;\n  color: #333;\n  margin-bottom: 2em;\n  overflow: hidden;\n  border-top: 1.5px solid #000;\n  border-bottom: 1.5px solid #000;\n}\n\n.tabla-privacidad th,\n.tabla-privacidad td {\n  border: 0;\n  border-bottom: 1px solid #000;\n  padding: 14px 10px;\n  text-align: left;\n  vertical-align: top;\n}\n\n.tabla-privacidad thead tr:first-child th {\n  border-top: none;\n}\n\n.tabla-privacidad tr:last-child td {\n  border-bottom: none;\n}\n\n.tabla-privacidad tbody tr:hover {\n  background: #fff;\n  transition: background 0.25s;\n}\n\n.tabla-privacidad td strong {\n  font-weight: 600;\n  color: #262626;\n}\n\n.tabla-privacidad td {\n  line-height: 1.2;\n}\n\n.tabla-privacidad td p {\n  margin: 6px 0 0 0;\n}\n\n.tabla-privacidad td p:first-child {\n  margin-top: 0;\n}\n\n.tabla-privacidad td p:last-child {\n  margin-bottom: 0;\n}\n\n@media (max-width: 700px) {\n  .tabla-privacidad, \n  .tabla-privacidad thead, \n  .tabla-privacidad tbody, \n  .tabla-privacidad th, \n  .tabla-privacidad td, \n  .tabla-privacidad tr {\n    display: block;\n    width: 100%;\n  }\n  .tabla-privacidad thead {\n    display: none;\n  }\n  .tabla-privacidad tr {\n    margin-bottom: 20px;\n    padding: 6px 0;\n  }\n  .tabla-privacidad td {\n    padding: 7px 14px 7px 44%;\n    min-height: 28px;\n    border-bottom: 1px solid #000;\n    position: relative;\n    line-height: 1.01;\n  }\n  .tabla-privacidad td:before {\n    content: attr(data-label);\n    position: absolute;\n    left: 12px;\n    top: 7px;\n    width: 38%;\n    color: #888;\n    font-size: 0.97em;\n    font-weight: 500;\n    white-space: pre-wrap;\n  }\n}\n<\/style>\n","protected":false},"excerpt":{"rendered":"<p>En aplicaci\u00f3n del Reglamento (UE) 2016\/679 del Parlamento Europeo y del Consejo, de 27 de [&hellip;]\n","protected":false},"author":21,"featured_media":0,"parent":0,"menu_order":11,"comment_status":"closed","ping_status":"closed","template":"","meta":{"_acf_changed":false,"_monsterinsights_skip_tracking":false,"_monsterinsights_sitenote_active":false,"_monsterinsights_sitenote_note":"","_monsterinsights_sitenote_category":0,"footnotes":""},"class_list":["post-59346","page","type-page","status-publish","hentry","publish","author-ext_acaillab","impar","primero"],"acf":[],"yoast_head":"<!-- This site is optimized with the Yoast SEO Premium plugin v27.5 (Yoast SEO v27.5) - https:\/\/yoast.com\/product\/yoast-seo-premium-wordpress\/ -->\n<title>Informaci\u00f3n de privacidad - ASPB<\/title>\n<meta name=\"robots\" content=\"index, follow, max-snippet:-1, max-image-preview:large, max-video-preview:-1\" \/>\n<link rel=\"canonical\" href=\"https:\/\/www.aspb.cat\/es\/informacion-privacidad\/\" \/>\n<meta property=\"og:locale\" content=\"es_ES\" \/>\n<meta property=\"og:type\" content=\"article\" \/>\n<meta property=\"og:title\" content=\"Informaci\u00f3n de privacidad\" \/>\n<meta property=\"og:description\" content=\"En aplicaci\u00f3n del Reglamento (UE) 2016\/679 del Parlamento Europeo y del Consejo, de 27 de [&hellip;]\" \/>\n<meta property=\"og:url\" content=\"https:\/\/www.aspb.cat\/es\/informacion-privacidad\/\" \/>\n<meta property=\"og:site_name\" content=\"ASPB\" \/>\n<meta property=\"article:publisher\" content=\"https:\/\/www.facebook.com\/salutpublicabcn\" \/>\n<meta property=\"article:modified_time\" content=\"2025-07-03T14:33:19+00:00\" \/>\n<meta name=\"twitter:card\" content=\"summary_large_image\" \/>\n<meta name=\"twitter:site\" content=\"@salutpublicabcn\" \/>\n<meta name=\"twitter:label1\" content=\"Tiempo de lectura\" \/>\n\t<meta name=\"twitter:data1\" content=\"1 minuto\" \/>\n<script type=\"application\/ld+json\" class=\"yoast-schema-graph\">{\"@context\":\"https:\\\/\\\/schema.org\",\"@graph\":[{\"@type\":\"WebPage\",\"@id\":\"https:\\\/\\\/www.aspb.cat\\\/es\\\/informacion-privacidad\\\/\",\"url\":\"https:\\\/\\\/www.aspb.cat\\\/es\\\/informacion-privacidad\\\/\",\"name\":\"Informaci\u00f3n de privacidad - ASPB\",\"isPartOf\":{\"@id\":\"https:\\\/\\\/www.aspb.cat\\\/#website\"},\"datePublished\":\"2025-05-05T15:22:24+00:00\",\"dateModified\":\"2025-07-03T14:33:19+00:00\",\"breadcrumb\":{\"@id\":\"https:\\\/\\\/www.aspb.cat\\\/es\\\/informacion-privacidad\\\/#breadcrumb\"},\"inLanguage\":\"es\",\"potentialAction\":[{\"@type\":\"ReadAction\",\"target\":[\"https:\\\/\\\/www.aspb.cat\\\/es\\\/informacion-privacidad\\\/\"]}]},{\"@type\":\"BreadcrumbList\",\"@id\":\"https:\\\/\\\/www.aspb.cat\\\/es\\\/informacion-privacidad\\\/#breadcrumb\",\"itemListElement\":[{\"@type\":\"ListItem\",\"position\":1,\"name\":\"Inici\",\"item\":\"https:\\\/\\\/www.aspb.cat\\\/es\\\/\"},{\"@type\":\"ListItem\",\"position\":2,\"name\":\"Informaci\u00f3n de privacidad\"}]},{\"@type\":\"WebSite\",\"@id\":\"https:\\\/\\\/www.aspb.cat\\\/#website\",\"url\":\"https:\\\/\\\/www.aspb.cat\\\/\",\"name\":\"ASPB\",\"description\":\"Just another WordPress site\",\"potentialAction\":[{\"@type\":\"SearchAction\",\"target\":{\"@type\":\"EntryPoint\",\"urlTemplate\":\"https:\\\/\\\/www.aspb.cat\\\/?s={search_term_string}\"},\"query-input\":{\"@type\":\"PropertyValueSpecification\",\"valueRequired\":true,\"valueName\":\"search_term_string\"}}],\"inLanguage\":\"es\"}]}<\/script>\n<!-- \/ Yoast SEO Premium plugin. -->","yoast_head_json":{"title":"Informaci\u00f3n de privacidad - ASPB","robots":{"index":"index","follow":"follow","max-snippet":"max-snippet:-1","max-image-preview":"max-image-preview:large","max-video-preview":"max-video-preview:-1"},"canonical":"https:\/\/www.aspb.cat\/es\/informacion-privacidad\/","og_locale":"es_ES","og_type":"article","og_title":"Informaci\u00f3n de privacidad","og_description":"En aplicaci\u00f3n del Reglamento (UE) 2016\/679 del Parlamento Europeo y del Consejo, de 27 de [&hellip;]","og_url":"https:\/\/www.aspb.cat\/es\/informacion-privacidad\/","og_site_name":"ASPB","article_publisher":"https:\/\/www.facebook.com\/salutpublicabcn","article_modified_time":"2025-07-03T14:33:19+00:00","twitter_card":"summary_large_image","twitter_site":"@salutpublicabcn","twitter_misc":{"Tiempo de lectura":"1 minuto"},"schema":{"@context":"https:\/\/schema.org","@graph":[{"@type":"WebPage","@id":"https:\/\/www.aspb.cat\/es\/informacion-privacidad\/","url":"https:\/\/www.aspb.cat\/es\/informacion-privacidad\/","name":"Informaci\u00f3n de privacidad - ASPB","isPartOf":{"@id":"https:\/\/www.aspb.cat\/#website"},"datePublished":"2025-05-05T15:22:24+00:00","dateModified":"2025-07-03T14:33:19+00:00","breadcrumb":{"@id":"https:\/\/www.aspb.cat\/es\/informacion-privacidad\/#breadcrumb"},"inLanguage":"es","potentialAction":[{"@type":"ReadAction","target":["https:\/\/www.aspb.cat\/es\/informacion-privacidad\/"]}]},{"@type":"BreadcrumbList","@id":"https:\/\/www.aspb.cat\/es\/informacion-privacidad\/#breadcrumb","itemListElement":[{"@type":"ListItem","position":1,"name":"Inici","item":"https:\/\/www.aspb.cat\/es\/"},{"@type":"ListItem","position":2,"name":"Informaci\u00f3n de privacidad"}]},{"@type":"WebSite","@id":"https:\/\/www.aspb.cat\/#website","url":"https:\/\/www.aspb.cat\/","name":"ASPB","description":"Just another WordPress site","potentialAction":[{"@type":"SearchAction","target":{"@type":"EntryPoint","urlTemplate":"https:\/\/www.aspb.cat\/?s={search_term_string}"},"query-input":{"@type":"PropertyValueSpecification","valueRequired":true,"valueName":"search_term_string"}}],"inLanguage":"es"}]}},"_links":{"self":[{"href":"https:\/\/www.aspb.cat\/es\/wp-json\/wp\/v2\/pages\/59346","targetHints":{"allow":["GET"]}}],"collection":[{"href":"https:\/\/www.aspb.cat\/es\/wp-json\/wp\/v2\/pages"}],"about":[{"href":"https:\/\/www.aspb.cat\/es\/wp-json\/wp\/v2\/types\/page"}],"author":[{"embeddable":true,"href":"https:\/\/www.aspb.cat\/es\/wp-json\/wp\/v2\/users\/21"}],"replies":[{"embeddable":true,"href":"https:\/\/www.aspb.cat\/es\/wp-json\/wp\/v2\/comments?post=59346"}],"version-history":[{"count":29,"href":"https:\/\/www.aspb.cat\/es\/wp-json\/wp\/v2\/pages\/59346\/revisions"}],"predecessor-version":[{"id":59485,"href":"https:\/\/www.aspb.cat\/es\/wp-json\/wp\/v2\/pages\/59346\/revisions\/59485"}],"wp:attachment":[{"href":"https:\/\/www.aspb.cat\/es\/wp-json\/wp\/v2\/media?parent=59346"}],"curies":[{"name":"wp","href":"https:\/\/api.w.org\/{rel}","templated":true}]}}