{"id":46912,"date":"2022-12-02T14:57:33","date_gmt":"2022-12-02T14:57:33","guid":{"rendered":"https:\/\/www.aspb.cat\/artsalut\/"},"modified":"2023-03-24T08:38:22","modified_gmt":"2023-03-24T08:38:22","slug":"artesalud","status":"publish","type":"page","link":"https:\/\/www.aspb.cat\/es\/artesalud\/","title":{"rendered":"\u00abArt i Salut\u00bb"},"content":{"rendered":"<p><strong>Art i Salut<\/strong> es un proyecto que nace de la necesidad de acercar la <em>Ag\u00e8ncia de Salut P\u00fablica de Barcelona <\/em>(ASPB) a la ciudadan\u00eda utilizando el arte como hilo conductor. Desde la ASPB utilizaremos el Arte como un lenguaje m\u00e1s para poder explicar todos nuestros proyectos y trabajos.<\/p>\n<p>\u00abArt i Salut\u00bb es un ciclo de exposiciones que se realizan peri\u00f3dicamente en el vest\u00edbulo de la ASPB y que como punto de partida inauguramos la primera exposici\u00f3n colectiva con tem\u00e1tica libre y con la participaci\u00f3n de personas trabajadoras de la Agencia de Salud P\u00fablica de Barcelona.<\/p>\n","protected":false},"excerpt":{"rendered":"<p>Art i Salut es un proyecto que nace de la necesidad de acercar la Ag\u00e8ncia [&hellip;]\n","protected":false},"author":21,"featured_media":0,"parent":0,"menu_order":23,"comment_status":"closed","ping_status":"closed","template":"","meta":{"_acf_changed":false,"_monsterinsights_skip_tracking":false,"_monsterinsights_sitenote_active":false,"_monsterinsights_sitenote_note":"","_monsterinsights_sitenote_category":0,"footnotes":""},"class_list":["post-46912","page","type-page","status-publish","hentry","publish","author-ext_acaillab","impar","primero"],"acf":[],"yoast_head":"<!-- This site is optimized with the Yoast SEO Premium plugin v27.5 (Yoast SEO v27.5) - https:\/\/yoast.com\/product\/yoast-seo-premium-wordpress\/ -->\n<title>&quot;Art i Salut&quot; - ASPB<\/title>\n<meta name=\"robots\" content=\"index, follow, max-snippet:-1, max-image-preview:large, max-video-preview:-1\" \/>\n<link rel=\"canonical\" href=\"https:\/\/www.aspb.cat\/es\/artesalud\/\" \/>\n<meta property=\"og:locale\" content=\"es_ES\" \/>\n<meta property=\"og:type\" content=\"article\" \/>\n<meta property=\"og:title\" content=\"&quot;Art i Salut&quot;\" \/>\n<meta property=\"og:description\" content=\"Art i Salut es un proyecto que nace de la necesidad de acercar la Ag\u00e8ncia [&hellip;]\" \/>\n<meta property=\"og:url\" content=\"https:\/\/www.aspb.cat\/es\/artesalud\/\" \/>\n<meta property=\"og:site_name\" content=\"ASPB\" \/>\n<meta property=\"article:publisher\" content=\"https:\/\/www.facebook.com\/salutpublicabcn\" \/>\n<meta property=\"article:modified_time\" content=\"2023-03-24T08:38:22+00:00\" \/>\n<meta name=\"twitter:card\" content=\"summary_large_image\" \/>\n<meta name=\"twitter:site\" content=\"@salutpublicabcn\" \/>\n<meta name=\"twitter:label1\" content=\"Tiempo de lectura\" \/>\n\t<meta name=\"twitter:data1\" content=\"1 minuto\" \/>\n<script type=\"application\/ld+json\" class=\"yoast-schema-graph\">{\"@context\":\"https:\\\/\\\/schema.org\",\"@graph\":[{\"@type\":\"WebPage\",\"@id\":\"https:\\\/\\\/www.aspb.cat\\\/es\\\/artesalud\\\/\",\"url\":\"https:\\\/\\\/www.aspb.cat\\\/es\\\/artesalud\\\/\",\"name\":\"\\\"Art i Salut\\\" - ASPB\",\"isPartOf\":{\"@id\":\"https:\\\/\\\/www.aspb.cat\\\/#website\"},\"datePublished\":\"2022-12-02T14:57:33+00:00\",\"dateModified\":\"2023-03-24T08:38:22+00:00\",\"breadcrumb\":{\"@id\":\"https:\\\/\\\/www.aspb.cat\\\/es\\\/artesalud\\\/#breadcrumb\"},\"inLanguage\":\"es\",\"potentialAction\":[{\"@type\":\"ReadAction\",\"target\":[\"https:\\\/\\\/www.aspb.cat\\\/es\\\/artesalud\\\/\"]}]},{\"@type\":\"BreadcrumbList\",\"@id\":\"https:\\\/\\\/www.aspb.cat\\\/es\\\/artesalud\\\/#breadcrumb\",\"itemListElement\":[{\"@type\":\"ListItem\",\"position\":1,\"name\":\"Inici\",\"item\":\"https:\\\/\\\/www.aspb.cat\\\/es\\\/\"},{\"@type\":\"ListItem\",\"position\":2,\"name\":\"&#8220;Art i Salut&#8221;\"}]},{\"@type\":\"WebSite\",\"@id\":\"https:\\\/\\\/www.aspb.cat\\\/#website\",\"url\":\"https:\\\/\\\/www.aspb.cat\\\/\",\"name\":\"ASPB\",\"description\":\"Just another WordPress site\",\"potentialAction\":[{\"@type\":\"SearchAction\",\"target\":{\"@type\":\"EntryPoint\",\"urlTemplate\":\"https:\\\/\\\/www.aspb.cat\\\/?s={search_term_string}\"},\"query-input\":{\"@type\":\"PropertyValueSpecification\",\"valueRequired\":true,\"valueName\":\"search_term_string\"}}],\"inLanguage\":\"es\"}]}<\/script>\n<!-- \/ Yoast SEO Premium plugin. -->","yoast_head_json":{"title":"\"Art i Salut\" - ASPB","robots":{"index":"index","follow":"follow","max-snippet":"max-snippet:-1","max-image-preview":"max-image-preview:large","max-video-preview":"max-video-preview:-1"},"canonical":"https:\/\/www.aspb.cat\/es\/artesalud\/","og_locale":"es_ES","og_type":"article","og_title":"\"Art i Salut\"","og_description":"Art i Salut es un proyecto que nace de la necesidad de acercar la Ag\u00e8ncia [&hellip;]","og_url":"https:\/\/www.aspb.cat\/es\/artesalud\/","og_site_name":"ASPB","article_publisher":"https:\/\/www.facebook.com\/salutpublicabcn","article_modified_time":"2023-03-24T08:38:22+00:00","twitter_card":"summary_large_image","twitter_site":"@salutpublicabcn","twitter_misc":{"Tiempo de lectura":"1 minuto"},"schema":{"@context":"https:\/\/schema.org","@graph":[{"@type":"WebPage","@id":"https:\/\/www.aspb.cat\/es\/artesalud\/","url":"https:\/\/www.aspb.cat\/es\/artesalud\/","name":"\"Art i Salut\" - ASPB","isPartOf":{"@id":"https:\/\/www.aspb.cat\/#website"},"datePublished":"2022-12-02T14:57:33+00:00","dateModified":"2023-03-24T08:38:22+00:00","breadcrumb":{"@id":"https:\/\/www.aspb.cat\/es\/artesalud\/#breadcrumb"},"inLanguage":"es","potentialAction":[{"@type":"ReadAction","target":["https:\/\/www.aspb.cat\/es\/artesalud\/"]}]},{"@type":"BreadcrumbList","@id":"https:\/\/www.aspb.cat\/es\/artesalud\/#breadcrumb","itemListElement":[{"@type":"ListItem","position":1,"name":"Inici","item":"https:\/\/www.aspb.cat\/es\/"},{"@type":"ListItem","position":2,"name":"&#8220;Art i Salut&#8221;"}]},{"@type":"WebSite","@id":"https:\/\/www.aspb.cat\/#website","url":"https:\/\/www.aspb.cat\/","name":"ASPB","description":"Just another WordPress site","potentialAction":[{"@type":"SearchAction","target":{"@type":"EntryPoint","urlTemplate":"https:\/\/www.aspb.cat\/?s={search_term_string}"},"query-input":{"@type":"PropertyValueSpecification","valueRequired":true,"valueName":"search_term_string"}}],"inLanguage":"es"}]}},"_links":{"self":[{"href":"https:\/\/www.aspb.cat\/es\/wp-json\/wp\/v2\/pages\/46912","targetHints":{"allow":["GET"]}}],"collection":[{"href":"https:\/\/www.aspb.cat\/es\/wp-json\/wp\/v2\/pages"}],"about":[{"href":"https:\/\/www.aspb.cat\/es\/wp-json\/wp\/v2\/types\/page"}],"author":[{"embeddable":true,"href":"https:\/\/www.aspb.cat\/es\/wp-json\/wp\/v2\/users\/21"}],"replies":[{"embeddable":true,"href":"https:\/\/www.aspb.cat\/es\/wp-json\/wp\/v2\/comments?post=46912"}],"version-history":[{"count":5,"href":"https:\/\/www.aspb.cat\/es\/wp-json\/wp\/v2\/pages\/46912\/revisions"}],"predecessor-version":[{"id":49122,"href":"https:\/\/www.aspb.cat\/es\/wp-json\/wp\/v2\/pages\/46912\/revisions\/49122"}],"wp:attachment":[{"href":"https:\/\/www.aspb.cat\/es\/wp-json\/wp\/v2\/media?parent=46912"}],"curies":[{"name":"wp","href":"https:\/\/api.w.org\/{rel}","templated":true}]}}