{"id":44869,"date":"2022-06-22T14:50:26","date_gmt":"2022-06-22T14:50:26","guid":{"rendered":"https:\/\/www.aspb.cat\/areas\/seguridad-alimentaria\/guia-establiments-alimentaris-barcelona\/"},"modified":"2023-03-09T13:37:49","modified_gmt":"2023-03-09T13:37:49","slug":"requisits-condicions-sanitaries","status":"publish","type":"page","link":"https:\/\/www.aspb.cat\/es\/areas\/seguridad-alimentaria\/requisits-condicions-sanitaries\/","title":{"rendered":"Requisitos de seguridad alimentaria. <\/br>Gu\u00eda de ayuda"},"content":{"rendered":"<div class=\"figure\"><a href=\"https:\/\/webs.aspb.cat\/alimentaria-guia\/\"><img decoding=\"async\" class=\"alignnone size-full wp-image-43404\" src=\"https:\/\/www.aspb.cat\/wp-content\/uploads\/2022\/06\/Guia-establiments-alimentaris-NOT_04.jpg\" alt=\"\" width=\"1460\" height=\"918\" srcset=\"https:\/\/www.aspb.cat\/wp-content\/uploads\/2022\/06\/Guia-establiments-alimentaris-NOT_04.jpg 1460w, https:\/\/www.aspb.cat\/wp-content\/uploads\/2022\/06\/Guia-establiments-alimentaris-NOT_04-768x483.jpg 768w, https:\/\/www.aspb.cat\/wp-content\/uploads\/2022\/06\/Guia-establiments-alimentaris-NOT_04-350x220.jpg 350w, https:\/\/www.aspb.cat\/wp-content\/uploads\/2022\/06\/Guia-establiments-alimentaris-NOT_04-916x576.jpg 916w, https:\/\/www.aspb.cat\/wp-content\/uploads\/2022\/06\/Guia-establiments-alimentaris-NOT_04-280x176.jpg 280w\" sizes=\"(max-width: 1460px) 100vw, 1460px\" \/><\/a><\/div>\n\n\n<div style=\"height:25px\" aria-hidden=\"true\" class=\"wp-block-spacer\"><\/div>\n\n\n<p>Todos los establecimientos o actividades alimentarias deben cumplir las condiciones y requisitos de seguridad alimentaria fijados por la normativa vigente. Existen normativas de car\u00e1cter general, con condiciones y requisitos aplicables de forma general en todas las actividades alimentarias, y otras muy espec\u00edficas.<\/p>\n<p>Las empresas alimentarias est\u00e1n obligadas a dise\u00f1ar y poner en marcha sistemas de autocontrol basado en el an\u00e1lisis de peligros y puntos de control cr\u00edtico (APPCC) para ofrecer garant\u00edas sanitarias de los productos alimentarios que producen y comercializan. Esta obligaci\u00f3n afecta a todos los tipos de empresas alimentarias, aunque para los establecimientos peque\u00f1os la normativa introduce criterios de flexibilidad para simplificar el sistema y facilitar su implementaci\u00f3n.<\/p>\n<p>Para facilitar el cumplimiento de las condiciones sanitarias, hemos redactado <a href=\"https:\/\/webs.aspb.cat\/alimentaria-guia\/\" target=\"_blank\" rel=\"noopener\">La gu\u00eda de establecimientos alimentarios<\/a>, dirigida a establecimientos minoristas de alimentaci\u00f3n. En esta gu\u00eda se puede encontrar informaci\u00f3n general para cualquier tipo de establecimiento alimentario, e informaci\u00f3n espec\u00edfica para bares y restaurantes, o para establecimientos de comercio alimentario (carnicer\u00edas, pescader\u00edas, rosticer\u00edas, pasteler\u00edas, etc.).<\/p>\n<p style=\"text-align: center;\"><a href=\"https:\/\/webs.aspb.cat\/alimentaria-guia\/\"><img decoding=\"async\" class=\"alignnone wp-image-48309 size-full\" src=\"https:\/\/www.aspb.cat\/wp-content\/uploads\/2023\/03\/bt-guia-ajuda-autocontrols-01_ES.png\" alt=\"\" width=\"173\" height=\"78\" \/><\/a> \u00a0<img decoding=\"async\" class=\"alignnone size-full wp-image-48311\" src=\"https:\/\/www.aspb.cat\/wp-content\/uploads\/2022\/10\/bt-guia-ajuda-autocontrols-03.png\" alt=\"\" width=\"108\" height=\"78\" \/><\/p>\n<div class=\"moure_faqs_aqui\"><\/div>","protected":false},"excerpt":{"rendered":"<p>Todos los establecimientos o actividades alimentarias deben cumplir las condiciones y requisitos de seguridad alimentaria [&hellip;]\n","protected":false},"author":21,"featured_media":0,"parent":4252,"menu_order":56,"comment_status":"closed","ping_status":"closed","template":"","meta":{"_acf_changed":false,"_monsterinsights_skip_tracking":false,"_monsterinsights_sitenote_active":false,"_monsterinsights_sitenote_note":"","_monsterinsights_sitenote_category":0,"footnotes":""},"class_list":["post-44869","page","type-page","status-publish","hentry","publish","author-ext_acaillab","impar","primero"],"acf":[],"yoast_head":"<!-- This site is optimized with the Yoast SEO Premium plugin v27.5 (Yoast SEO v27.5) - https:\/\/yoast.com\/product\/yoast-seo-premium-wordpress\/ -->\n<title>Requisitos de seguridad alimentaria. Gu\u00eda de ayuda - ASPB<\/title>\n<meta name=\"robots\" content=\"index, follow, max-snippet:-1, max-image-preview:large, max-video-preview:-1\" \/>\n<link rel=\"canonical\" href=\"https:\/\/www.aspb.cat\/es\/areas\/seguridad-alimentaria\/requisits-condicions-sanitaries\/\" \/>\n<meta property=\"og:locale\" content=\"es_ES\" \/>\n<meta property=\"og:type\" content=\"article\" \/>\n<meta property=\"og:title\" content=\"Requisitos de seguridad alimentaria. Gu\u00eda de ayuda\" \/>\n<meta property=\"og:description\" content=\"Todos los establecimientos o actividades alimentarias deben cumplir las condiciones y requisitos de seguridad alimentaria [&hellip;]\" \/>\n<meta property=\"og:url\" content=\"https:\/\/www.aspb.cat\/es\/areas\/seguridad-alimentaria\/requisits-condicions-sanitaries\/\" \/>\n<meta property=\"og:site_name\" content=\"ASPB\" \/>\n<meta property=\"article:publisher\" content=\"https:\/\/www.facebook.com\/salutpublicabcn\" \/>\n<meta property=\"article:modified_time\" content=\"2023-03-09T13:37:49+00:00\" \/>\n<meta property=\"og:image\" content=\"https:\/\/www.aspb.cat\/wp-content\/uploads\/2022\/06\/Guia-establiments-alimentaris-NOT_04.jpg\" \/>\n<meta name=\"twitter:card\" content=\"summary_large_image\" \/>\n<meta name=\"twitter:site\" content=\"@salutpublicabcn\" \/>\n<meta name=\"twitter:label1\" content=\"Tiempo de lectura\" \/>\n\t<meta name=\"twitter:data1\" content=\"2 minutos\" \/>\n<script type=\"application\/ld+json\" class=\"yoast-schema-graph\">{\"@context\":\"https:\\\/\\\/schema.org\",\"@graph\":[{\"@type\":\"WebPage\",\"@id\":\"https:\\\/\\\/www.aspb.cat\\\/es\\\/areas\\\/seguridad-alimentaria\\\/requisits-condicions-sanitaries\\\/\",\"url\":\"https:\\\/\\\/www.aspb.cat\\\/es\\\/areas\\\/seguridad-alimentaria\\\/requisits-condicions-sanitaries\\\/\",\"name\":\"Requisitos de seguridad alimentaria. Gu\u00eda de ayuda - ASPB\",\"isPartOf\":{\"@id\":\"https:\\\/\\\/www.aspb.cat\\\/#website\"},\"primaryImageOfPage\":{\"@id\":\"https:\\\/\\\/www.aspb.cat\\\/es\\\/areas\\\/seguridad-alimentaria\\\/requisits-condicions-sanitaries\\\/#primaryimage\"},\"image\":{\"@id\":\"https:\\\/\\\/www.aspb.cat\\\/es\\\/areas\\\/seguridad-alimentaria\\\/requisits-condicions-sanitaries\\\/#primaryimage\"},\"thumbnailUrl\":\"https:\\\/\\\/www.aspb.cat\\\/wp-content\\\/uploads\\\/2022\\\/06\\\/Guia-establiments-alimentaris-NOT_04.jpg\",\"datePublished\":\"2022-06-22T14:50:26+00:00\",\"dateModified\":\"2023-03-09T13:37:49+00:00\",\"breadcrumb\":{\"@id\":\"https:\\\/\\\/www.aspb.cat\\\/es\\\/areas\\\/seguridad-alimentaria\\\/requisits-condicions-sanitaries\\\/#breadcrumb\"},\"inLanguage\":\"es\",\"potentialAction\":[{\"@type\":\"ReadAction\",\"target\":[\"https:\\\/\\\/www.aspb.cat\\\/es\\\/areas\\\/seguridad-alimentaria\\\/requisits-condicions-sanitaries\\\/\"]}]},{\"@type\":\"ImageObject\",\"inLanguage\":\"es\",\"@id\":\"https:\\\/\\\/www.aspb.cat\\\/es\\\/areas\\\/seguridad-alimentaria\\\/requisits-condicions-sanitaries\\\/#primaryimage\",\"url\":\"https:\\\/\\\/www.aspb.cat\\\/wp-content\\\/uploads\\\/2022\\\/06\\\/Guia-establiments-alimentaris-NOT_04.jpg\",\"contentUrl\":\"https:\\\/\\\/www.aspb.cat\\\/wp-content\\\/uploads\\\/2022\\\/06\\\/Guia-establiments-alimentaris-NOT_04.jpg\"},{\"@type\":\"BreadcrumbList\",\"@id\":\"https:\\\/\\\/www.aspb.cat\\\/es\\\/areas\\\/seguridad-alimentaria\\\/requisits-condicions-sanitaries\\\/#breadcrumb\",\"itemListElement\":[{\"@type\":\"ListItem\",\"position\":1,\"name\":\"Inici\",\"item\":\"https:\\\/\\\/www.aspb.cat\\\/es\\\/\"},{\"@type\":\"ListItem\",\"position\":2,\"name\":\"\u00c1reas\",\"item\":\"https:\\\/\\\/www.aspb.cat\\\/es\\\/areas\\\/\"},{\"@type\":\"ListItem\",\"position\":3,\"name\":\"Seguridad alimentaria\",\"item\":\"https:\\\/\\\/www.aspb.cat\\\/es\\\/areas\\\/seguridad-alimentaria\\\/\"},{\"@type\":\"ListItem\",\"position\":4,\"name\":\"Requisitos de seguridad alimentaria. Gu\u00eda de ayuda\"}]},{\"@type\":\"WebSite\",\"@id\":\"https:\\\/\\\/www.aspb.cat\\\/#website\",\"url\":\"https:\\\/\\\/www.aspb.cat\\\/\",\"name\":\"ASPB\",\"description\":\"Just another WordPress site\",\"potentialAction\":[{\"@type\":\"SearchAction\",\"target\":{\"@type\":\"EntryPoint\",\"urlTemplate\":\"https:\\\/\\\/www.aspb.cat\\\/?s={search_term_string}\"},\"query-input\":{\"@type\":\"PropertyValueSpecification\",\"valueRequired\":true,\"valueName\":\"search_term_string\"}}],\"inLanguage\":\"es\"}]}<\/script>\n<!-- \/ Yoast SEO Premium plugin. -->","yoast_head_json":{"title":"Requisitos de seguridad alimentaria. Gu\u00eda de ayuda - ASPB","robots":{"index":"index","follow":"follow","max-snippet":"max-snippet:-1","max-image-preview":"max-image-preview:large","max-video-preview":"max-video-preview:-1"},"canonical":"https:\/\/www.aspb.cat\/es\/areas\/seguridad-alimentaria\/requisits-condicions-sanitaries\/","og_locale":"es_ES","og_type":"article","og_title":"Requisitos de seguridad alimentaria. Gu\u00eda de ayuda","og_description":"Todos los establecimientos o actividades alimentarias deben cumplir las condiciones y requisitos de seguridad alimentaria [&hellip;]","og_url":"https:\/\/www.aspb.cat\/es\/areas\/seguridad-alimentaria\/requisits-condicions-sanitaries\/","og_site_name":"ASPB","article_publisher":"https:\/\/www.facebook.com\/salutpublicabcn","article_modified_time":"2023-03-09T13:37:49+00:00","og_image":[{"url":"https:\/\/www.aspb.cat\/wp-content\/uploads\/2022\/06\/Guia-establiments-alimentaris-NOT_04.jpg","type":"","width":"","height":""}],"twitter_card":"summary_large_image","twitter_site":"@salutpublicabcn","twitter_misc":{"Tiempo de lectura":"2 minutos"},"schema":{"@context":"https:\/\/schema.org","@graph":[{"@type":"WebPage","@id":"https:\/\/www.aspb.cat\/es\/areas\/seguridad-alimentaria\/requisits-condicions-sanitaries\/","url":"https:\/\/www.aspb.cat\/es\/areas\/seguridad-alimentaria\/requisits-condicions-sanitaries\/","name":"Requisitos de seguridad alimentaria. Gu\u00eda de ayuda - ASPB","isPartOf":{"@id":"https:\/\/www.aspb.cat\/#website"},"primaryImageOfPage":{"@id":"https:\/\/www.aspb.cat\/es\/areas\/seguridad-alimentaria\/requisits-condicions-sanitaries\/#primaryimage"},"image":{"@id":"https:\/\/www.aspb.cat\/es\/areas\/seguridad-alimentaria\/requisits-condicions-sanitaries\/#primaryimage"},"thumbnailUrl":"https:\/\/www.aspb.cat\/wp-content\/uploads\/2022\/06\/Guia-establiments-alimentaris-NOT_04.jpg","datePublished":"2022-06-22T14:50:26+00:00","dateModified":"2023-03-09T13:37:49+00:00","breadcrumb":{"@id":"https:\/\/www.aspb.cat\/es\/areas\/seguridad-alimentaria\/requisits-condicions-sanitaries\/#breadcrumb"},"inLanguage":"es","potentialAction":[{"@type":"ReadAction","target":["https:\/\/www.aspb.cat\/es\/areas\/seguridad-alimentaria\/requisits-condicions-sanitaries\/"]}]},{"@type":"ImageObject","inLanguage":"es","@id":"https:\/\/www.aspb.cat\/es\/areas\/seguridad-alimentaria\/requisits-condicions-sanitaries\/#primaryimage","url":"https:\/\/www.aspb.cat\/wp-content\/uploads\/2022\/06\/Guia-establiments-alimentaris-NOT_04.jpg","contentUrl":"https:\/\/www.aspb.cat\/wp-content\/uploads\/2022\/06\/Guia-establiments-alimentaris-NOT_04.jpg"},{"@type":"BreadcrumbList","@id":"https:\/\/www.aspb.cat\/es\/areas\/seguridad-alimentaria\/requisits-condicions-sanitaries\/#breadcrumb","itemListElement":[{"@type":"ListItem","position":1,"name":"Inici","item":"https:\/\/www.aspb.cat\/es\/"},{"@type":"ListItem","position":2,"name":"\u00c1reas","item":"https:\/\/www.aspb.cat\/es\/areas\/"},{"@type":"ListItem","position":3,"name":"Seguridad alimentaria","item":"https:\/\/www.aspb.cat\/es\/areas\/seguridad-alimentaria\/"},{"@type":"ListItem","position":4,"name":"Requisitos de seguridad alimentaria. Gu\u00eda de ayuda"}]},{"@type":"WebSite","@id":"https:\/\/www.aspb.cat\/#website","url":"https:\/\/www.aspb.cat\/","name":"ASPB","description":"Just another WordPress site","potentialAction":[{"@type":"SearchAction","target":{"@type":"EntryPoint","urlTemplate":"https:\/\/www.aspb.cat\/?s={search_term_string}"},"query-input":{"@type":"PropertyValueSpecification","valueRequired":true,"valueName":"search_term_string"}}],"inLanguage":"es"}]}},"_links":{"self":[{"href":"https:\/\/www.aspb.cat\/es\/wp-json\/wp\/v2\/pages\/44869","targetHints":{"allow":["GET"]}}],"collection":[{"href":"https:\/\/www.aspb.cat\/es\/wp-json\/wp\/v2\/pages"}],"about":[{"href":"https:\/\/www.aspb.cat\/es\/wp-json\/wp\/v2\/types\/page"}],"author":[{"embeddable":true,"href":"https:\/\/www.aspb.cat\/es\/wp-json\/wp\/v2\/users\/21"}],"replies":[{"embeddable":true,"href":"https:\/\/www.aspb.cat\/es\/wp-json\/wp\/v2\/comments?post=44869"}],"version-history":[{"count":32,"href":"https:\/\/www.aspb.cat\/es\/wp-json\/wp\/v2\/pages\/44869\/revisions"}],"predecessor-version":[{"id":48834,"href":"https:\/\/www.aspb.cat\/es\/wp-json\/wp\/v2\/pages\/44869\/revisions\/48834"}],"up":[{"embeddable":true,"href":"https:\/\/www.aspb.cat\/es\/wp-json\/wp\/v2\/pages\/4252"}],"wp:attachment":[{"href":"https:\/\/www.aspb.cat\/es\/wp-json\/wp\/v2\/media?parent=44869"}],"curies":[{"name":"wp","href":"https:\/\/api.w.org\/{rel}","templated":true}]}}