{"id":42974,"date":"2021-09-23T12:37:34","date_gmt":"2021-09-23T12:37:34","guid":{"rendered":"https:\/\/www.aspb.cat\/areas\/epidemiologia\/malalties-transmissibles-a-z\/"},"modified":"2026-01-22T10:43:13","modified_gmt":"2026-01-22T10:43:13","slug":"enfermedades-transmisibles-a-z","status":"publish","type":"page","link":"https:\/\/www.aspb.cat\/es\/areas\/epidemiologia\/enfermedades-transmisibles-a-z\/","title":{"rendered":"Enfermedades transmisibles A-Z"},"content":{"rendered":"<div class=\"figure\"><a href=\"https:\/\/webs.aspb.cat\/epidemiologia-transmissibles\/\"><img decoding=\"async\" class=\"alignnone size-full wp-image-37110\" src=\"https:\/\/www.aspb.cat\/wp-content\/uploads\/2021\/09\/ASPB-malalties-transmissibles-az_04.jpg\" alt=\"\" width=\"1460\" height=\"918\" srcset=\"https:\/\/www.aspb.cat\/wp-content\/uploads\/2021\/09\/ASPB-malalties-transmissibles-az_04.jpg 1460w, https:\/\/www.aspb.cat\/wp-content\/uploads\/2021\/09\/ASPB-malalties-transmissibles-az_04-768x483.jpg 768w, https:\/\/www.aspb.cat\/wp-content\/uploads\/2021\/09\/ASPB-malalties-transmissibles-az_04-350x220.jpg 350w, https:\/\/www.aspb.cat\/wp-content\/uploads\/2021\/09\/ASPB-malalties-transmissibles-az_04-916x576.jpg 916w, https:\/\/www.aspb.cat\/wp-content\/uploads\/2021\/09\/ASPB-malalties-transmissibles-az_04-280x176.jpg 280w\" sizes=\"(max-width: 1460px) 100vw, 1460px\" \/><\/a><\/div>\n\n\n<div style=\"height:25px\" aria-hidden=\"true\" class=\"wp-block-spacer\"><\/div>\n\n\n\n<p><a href=\"https:\/\/webs.aspb.cat\/epidemiologia-transmissibles\/\" target=\"_blank\" rel=\"noopener\">Este sitio web<\/a> del servicio de Epidemiolog\u00eda&nbsp;de la Ag\u00e8ncia de Salut P\u00fablica de Barcelona (ASPB) tiene como objetivo recopilar y hacer accesible <strong>informaci\u00f3n general<\/strong> de les enfermedades transmisibles m\u00e1s comunes en nuestro entorno. Tambi\u00e9n se puede encontrar informaci\u00f3n de aquellas enfermedades que necesitan una vigilancia m\u00e1s estrecha por parte de los servicios de salud p\u00fablica (las denominadas enfermedades de declaraci\u00f3n obligatoria).<\/p>\n\n\n\n<p>La informaci\u00f3n se presenta en formato de preguntas frecuentes y en un lenguaje llano. Adem\u00e1s, se presentan otros recursos para la ciudadan\u00eda y para los profesionales sanitarios como datos de la ciudad de Barcelona, encuestas epidemiol\u00f3gicas, protocolos, investigaci\u00f3n y publicaciones.<\/p>\n\n\n\n<p class=\"has-text-align-center\"><span class=\"boton\" style=\"text-align: center;\"><a href=\"https:\/\/webs.aspb.cat\/epidemiologia-transmissibles\/\" target=\"_blank\" rel=\"noopener\">Enfermedades transmisibles A-Z<\/a><\/span><\/p>\n","protected":false},"excerpt":{"rendered":"<p>Este sitio web del servicio de Epidemiolog\u00eda&nbsp;de la Ag\u00e8ncia de Salut P\u00fablica de Barcelona (ASPB) [&hellip;]\n","protected":false},"author":3,"featured_media":0,"parent":4240,"menu_order":59,"comment_status":"closed","ping_status":"closed","template":"","meta":{"_acf_changed":false,"_monsterinsights_skip_tracking":false,"_monsterinsights_sitenote_active":false,"_monsterinsights_sitenote_note":"","_monsterinsights_sitenote_category":0,"footnotes":""},"class_list":["post-42974","page","type-page","status-publish","hentry","publish","author-as20pb16-x22","impar","primero"],"acf":[],"yoast_head":"<!-- This site is optimized with the Yoast SEO Premium plugin v27.5 (Yoast SEO v27.5) - https:\/\/yoast.com\/product\/yoast-seo-premium-wordpress\/ -->\n<title>Enfermedades transmisibles A-Z - ASPB<\/title>\n<meta name=\"robots\" content=\"index, follow, max-snippet:-1, max-image-preview:large, max-video-preview:-1\" \/>\n<link rel=\"canonical\" href=\"https:\/\/www.aspb.cat\/es\/areas\/epidemiologia\/enfermedades-transmisibles-a-z\/\" \/>\n<meta property=\"og:locale\" content=\"es_ES\" \/>\n<meta property=\"og:type\" content=\"article\" \/>\n<meta property=\"og:title\" content=\"Enfermedades transmisibles A-Z\" \/>\n<meta property=\"og:description\" content=\"Este sitio web del servicio de Epidemiolog\u00eda&nbsp;de la Ag\u00e8ncia de Salut P\u00fablica de Barcelona (ASPB) [&hellip;]\" \/>\n<meta property=\"og:url\" content=\"https:\/\/www.aspb.cat\/es\/areas\/epidemiologia\/enfermedades-transmisibles-a-z\/\" \/>\n<meta property=\"og:site_name\" content=\"ASPB\" \/>\n<meta property=\"article:publisher\" content=\"https:\/\/www.facebook.com\/salutpublicabcn\" \/>\n<meta property=\"article:modified_time\" content=\"2026-01-22T10:43:13+00:00\" \/>\n<meta property=\"og:image\" content=\"https:\/\/www.aspb.cat\/wp-content\/uploads\/2021\/09\/ASPB-malalties-transmissibles-az_04.jpg\" \/>\n\t<meta property=\"og:image:width\" content=\"1460\" \/>\n\t<meta property=\"og:image:height\" content=\"918\" \/>\n\t<meta property=\"og:image:type\" content=\"image\/jpeg\" \/>\n<meta name=\"twitter:card\" content=\"summary_large_image\" \/>\n<meta name=\"twitter:site\" content=\"@salutpublicabcn\" \/>\n<meta name=\"twitter:label1\" content=\"Tiempo de lectura\" \/>\n\t<meta name=\"twitter:data1\" content=\"1 minuto\" \/>\n<script type=\"application\/ld+json\" class=\"yoast-schema-graph\">{\"@context\":\"https:\\\/\\\/schema.org\",\"@graph\":[{\"@type\":\"WebPage\",\"@id\":\"https:\\\/\\\/www.aspb.cat\\\/es\\\/areas\\\/epidemiologia\\\/enfermedades-transmisibles-a-z\\\/\",\"url\":\"https:\\\/\\\/www.aspb.cat\\\/es\\\/areas\\\/epidemiologia\\\/enfermedades-transmisibles-a-z\\\/\",\"name\":\"Enfermedades transmisibles A-Z - ASPB\",\"isPartOf\":{\"@id\":\"https:\\\/\\\/www.aspb.cat\\\/#website\"},\"primaryImageOfPage\":{\"@id\":\"https:\\\/\\\/www.aspb.cat\\\/es\\\/areas\\\/epidemiologia\\\/enfermedades-transmisibles-a-z\\\/#primaryimage\"},\"image\":{\"@id\":\"https:\\\/\\\/www.aspb.cat\\\/es\\\/areas\\\/epidemiologia\\\/enfermedades-transmisibles-a-z\\\/#primaryimage\"},\"thumbnailUrl\":\"https:\\\/\\\/www.aspb.cat\\\/wp-content\\\/uploads\\\/2021\\\/09\\\/ASPB-malalties-transmissibles-az_04.jpg\",\"datePublished\":\"2021-09-23T12:37:34+00:00\",\"dateModified\":\"2026-01-22T10:43:13+00:00\",\"breadcrumb\":{\"@id\":\"https:\\\/\\\/www.aspb.cat\\\/es\\\/areas\\\/epidemiologia\\\/enfermedades-transmisibles-a-z\\\/#breadcrumb\"},\"inLanguage\":\"es\",\"potentialAction\":[{\"@type\":\"ReadAction\",\"target\":[\"https:\\\/\\\/www.aspb.cat\\\/es\\\/areas\\\/epidemiologia\\\/enfermedades-transmisibles-a-z\\\/\"]}]},{\"@type\":\"ImageObject\",\"inLanguage\":\"es\",\"@id\":\"https:\\\/\\\/www.aspb.cat\\\/es\\\/areas\\\/epidemiologia\\\/enfermedades-transmisibles-a-z\\\/#primaryimage\",\"url\":\"https:\\\/\\\/www.aspb.cat\\\/wp-content\\\/uploads\\\/2021\\\/09\\\/ASPB-malalties-transmissibles-az_04.jpg\",\"contentUrl\":\"https:\\\/\\\/www.aspb.cat\\\/wp-content\\\/uploads\\\/2021\\\/09\\\/ASPB-malalties-transmissibles-az_04.jpg\"},{\"@type\":\"BreadcrumbList\",\"@id\":\"https:\\\/\\\/www.aspb.cat\\\/es\\\/areas\\\/epidemiologia\\\/enfermedades-transmisibles-a-z\\\/#breadcrumb\",\"itemListElement\":[{\"@type\":\"ListItem\",\"position\":1,\"name\":\"Inici\",\"item\":\"https:\\\/\\\/www.aspb.cat\\\/es\\\/\"},{\"@type\":\"ListItem\",\"position\":2,\"name\":\"\u00c1reas\",\"item\":\"https:\\\/\\\/www.aspb.cat\\\/es\\\/areas\\\/\"},{\"@type\":\"ListItem\",\"position\":3,\"name\":\"Epidemiolog\u00eda\",\"item\":\"https:\\\/\\\/www.aspb.cat\\\/es\\\/areas\\\/epidemiologia\\\/\"},{\"@type\":\"ListItem\",\"position\":4,\"name\":\"Enfermedades transmisibles A-Z\"}]},{\"@type\":\"WebSite\",\"@id\":\"https:\\\/\\\/www.aspb.cat\\\/#website\",\"url\":\"https:\\\/\\\/www.aspb.cat\\\/\",\"name\":\"ASPB\",\"description\":\"Just another WordPress site\",\"potentialAction\":[{\"@type\":\"SearchAction\",\"target\":{\"@type\":\"EntryPoint\",\"urlTemplate\":\"https:\\\/\\\/www.aspb.cat\\\/?s={search_term_string}\"},\"query-input\":{\"@type\":\"PropertyValueSpecification\",\"valueRequired\":true,\"valueName\":\"search_term_string\"}}],\"inLanguage\":\"es\"}]}<\/script>\n<!-- \/ Yoast SEO Premium plugin. -->","yoast_head_json":{"title":"Enfermedades transmisibles A-Z - ASPB","robots":{"index":"index","follow":"follow","max-snippet":"max-snippet:-1","max-image-preview":"max-image-preview:large","max-video-preview":"max-video-preview:-1"},"canonical":"https:\/\/www.aspb.cat\/es\/areas\/epidemiologia\/enfermedades-transmisibles-a-z\/","og_locale":"es_ES","og_type":"article","og_title":"Enfermedades transmisibles A-Z","og_description":"Este sitio web del servicio de Epidemiolog\u00eda&nbsp;de la Ag\u00e8ncia de Salut P\u00fablica de Barcelona (ASPB) [&hellip;]","og_url":"https:\/\/www.aspb.cat\/es\/areas\/epidemiologia\/enfermedades-transmisibles-a-z\/","og_site_name":"ASPB","article_publisher":"https:\/\/www.facebook.com\/salutpublicabcn","article_modified_time":"2026-01-22T10:43:13+00:00","og_image":[{"width":1460,"height":918,"url":"https:\/\/www.aspb.cat\/wp-content\/uploads\/2021\/09\/ASPB-malalties-transmissibles-az_04.jpg","type":"image\/jpeg"}],"twitter_card":"summary_large_image","twitter_site":"@salutpublicabcn","twitter_misc":{"Tiempo de lectura":"1 minuto"},"schema":{"@context":"https:\/\/schema.org","@graph":[{"@type":"WebPage","@id":"https:\/\/www.aspb.cat\/es\/areas\/epidemiologia\/enfermedades-transmisibles-a-z\/","url":"https:\/\/www.aspb.cat\/es\/areas\/epidemiologia\/enfermedades-transmisibles-a-z\/","name":"Enfermedades transmisibles A-Z - ASPB","isPartOf":{"@id":"https:\/\/www.aspb.cat\/#website"},"primaryImageOfPage":{"@id":"https:\/\/www.aspb.cat\/es\/areas\/epidemiologia\/enfermedades-transmisibles-a-z\/#primaryimage"},"image":{"@id":"https:\/\/www.aspb.cat\/es\/areas\/epidemiologia\/enfermedades-transmisibles-a-z\/#primaryimage"},"thumbnailUrl":"https:\/\/www.aspb.cat\/wp-content\/uploads\/2021\/09\/ASPB-malalties-transmissibles-az_04.jpg","datePublished":"2021-09-23T12:37:34+00:00","dateModified":"2026-01-22T10:43:13+00:00","breadcrumb":{"@id":"https:\/\/www.aspb.cat\/es\/areas\/epidemiologia\/enfermedades-transmisibles-a-z\/#breadcrumb"},"inLanguage":"es","potentialAction":[{"@type":"ReadAction","target":["https:\/\/www.aspb.cat\/es\/areas\/epidemiologia\/enfermedades-transmisibles-a-z\/"]}]},{"@type":"ImageObject","inLanguage":"es","@id":"https:\/\/www.aspb.cat\/es\/areas\/epidemiologia\/enfermedades-transmisibles-a-z\/#primaryimage","url":"https:\/\/www.aspb.cat\/wp-content\/uploads\/2021\/09\/ASPB-malalties-transmissibles-az_04.jpg","contentUrl":"https:\/\/www.aspb.cat\/wp-content\/uploads\/2021\/09\/ASPB-malalties-transmissibles-az_04.jpg"},{"@type":"BreadcrumbList","@id":"https:\/\/www.aspb.cat\/es\/areas\/epidemiologia\/enfermedades-transmisibles-a-z\/#breadcrumb","itemListElement":[{"@type":"ListItem","position":1,"name":"Inici","item":"https:\/\/www.aspb.cat\/es\/"},{"@type":"ListItem","position":2,"name":"\u00c1reas","item":"https:\/\/www.aspb.cat\/es\/areas\/"},{"@type":"ListItem","position":3,"name":"Epidemiolog\u00eda","item":"https:\/\/www.aspb.cat\/es\/areas\/epidemiologia\/"},{"@type":"ListItem","position":4,"name":"Enfermedades transmisibles A-Z"}]},{"@type":"WebSite","@id":"https:\/\/www.aspb.cat\/#website","url":"https:\/\/www.aspb.cat\/","name":"ASPB","description":"Just another WordPress site","potentialAction":[{"@type":"SearchAction","target":{"@type":"EntryPoint","urlTemplate":"https:\/\/www.aspb.cat\/?s={search_term_string}"},"query-input":{"@type":"PropertyValueSpecification","valueRequired":true,"valueName":"search_term_string"}}],"inLanguage":"es"}]}},"_links":{"self":[{"href":"https:\/\/www.aspb.cat\/es\/wp-json\/wp\/v2\/pages\/42974","targetHints":{"allow":["GET"]}}],"collection":[{"href":"https:\/\/www.aspb.cat\/es\/wp-json\/wp\/v2\/pages"}],"about":[{"href":"https:\/\/www.aspb.cat\/es\/wp-json\/wp\/v2\/types\/page"}],"author":[{"embeddable":true,"href":"https:\/\/www.aspb.cat\/es\/wp-json\/wp\/v2\/users\/3"}],"replies":[{"embeddable":true,"href":"https:\/\/www.aspb.cat\/es\/wp-json\/wp\/v2\/comments?post=42974"}],"version-history":[{"count":8,"href":"https:\/\/www.aspb.cat\/es\/wp-json\/wp\/v2\/pages\/42974\/revisions"}],"predecessor-version":[{"id":62143,"href":"https:\/\/www.aspb.cat\/es\/wp-json\/wp\/v2\/pages\/42974\/revisions\/62143"}],"up":[{"embeddable":true,"href":"https:\/\/www.aspb.cat\/es\/wp-json\/wp\/v2\/pages\/4240"}],"wp:attachment":[{"href":"https:\/\/www.aspb.cat\/es\/wp-json\/wp\/v2\/media?parent=42974"}],"curies":[{"name":"wp","href":"https:\/\/api.w.org\/{rel}","templated":true}]}}