{"id":34093,"date":"2017-07-03T10:12:19","date_gmt":"2017-07-03T10:12:19","guid":{"rendered":"https:\/\/www.aspb.cat\/la-agencia\/portal-de-transparencia\/participacio-relacio-ciutadania\/"},"modified":"2026-04-16T12:54:24","modified_gmt":"2026-04-16T12:54:24","slug":"participacion-relacion-ciudadania","status":"publish","type":"page","link":"https:\/\/www.aspb.cat\/es\/la-agencia\/portal-transparencia\/participacion-relacion-ciudadania\/","title":{"rendered":"Participaci\u00f3n y relaci\u00f3n con la ciudadan\u00eda"},"content":{"rendered":"\n<div style=\"text-align: center;\">\n<a href=\"https:\/\/www.aspb.cat\/wp-content\/uploads\/2017\/07\/canals_atencio.pdf\" target=\"_blank\" rel=\"noopener noreferrer\"><i>Canals d&#8217;atenci\u00f3 ciutadana<\/i><\/a> [PDF]<br><a href=\"https:\/\/www.aspb.cat\/wp-content\/uploads\/2016\/05\/cataleg_productes_serveis-ASPB-191129.pdf\" target=\"_blank\" rel=\"noopener noreferrer\"><i>Cat\u00e0leg de productes i serveis<\/i><\/a> [PDF]<\/div><br>\n\n\n\n<div style=\"height:26px\" aria-hidden=\"true\" class=\"wp-block-spacer\"><\/div>\n\n\n\n<div class=\"moure_faqs_aqui\"><\/div>\n<div class=\"moure_faqs_aqui\"><\/div>\n<div class=\"moure_faqs_aqui\"><\/div>\n\n\n\n<div style=\"height:26px\" aria-hidden=\"true\" class=\"wp-block-spacer\"><\/div>\n","protected":false},"excerpt":{"rendered":"<p>Canals d&#8217;atenci\u00f3 ciutadana [PDF]Cat\u00e0leg de productes i serveis [PDF]\n","protected":false},"author":21,"featured_media":0,"parent":61029,"menu_order":265,"comment_status":"closed","ping_status":"closed","template":"","meta":{"_acf_changed":false,"_monsterinsights_skip_tracking":false,"_monsterinsights_sitenote_active":false,"_monsterinsights_sitenote_note":"","_monsterinsights_sitenote_category":0,"footnotes":""},"class_list":["post-34093","page","type-page","status-publish","hentry","publish","author-ext_acaillab","impar","primero"],"acf":[],"yoast_head":"<!-- This site is optimized with the Yoast SEO Premium plugin v27.3 (Yoast SEO v27.3) - https:\/\/yoast.com\/product\/yoast-seo-premium-wordpress\/ -->\n<title>Participaci\u00f3n y relaci\u00f3n con la ciudadan\u00eda - ASPB<\/title>\n<meta name=\"robots\" content=\"index, follow, max-snippet:-1, max-image-preview:large, max-video-preview:-1\" \/>\n<link rel=\"canonical\" href=\"https:\/\/www.aspb.cat\/es\/la-agencia\/portal-transparencia\/participacion-relacion-ciudadania\/\" \/>\n<meta property=\"og:locale\" content=\"es_ES\" \/>\n<meta property=\"og:type\" content=\"article\" \/>\n<meta property=\"og:title\" content=\"Participaci\u00f3n y relaci\u00f3n con la ciudadan\u00eda\" \/>\n<meta property=\"og:description\" content=\"Canals d&#8217;atenci\u00f3 ciutadana [PDF]Cat\u00e0leg de productes i serveis [PDF]\" \/>\n<meta property=\"og:url\" content=\"https:\/\/www.aspb.cat\/es\/la-agencia\/portal-transparencia\/participacion-relacion-ciudadania\/\" \/>\n<meta property=\"og:site_name\" content=\"ASPB\" \/>\n<meta property=\"article:publisher\" content=\"https:\/\/www.facebook.com\/salutpublicabcn\" \/>\n<meta property=\"article:modified_time\" content=\"2026-04-16T12:54:24+00:00\" \/>\n<meta name=\"twitter:card\" content=\"summary_large_image\" \/>\n<meta name=\"twitter:site\" content=\"@salutpublicabcn\" \/>\n<meta name=\"twitter:label1\" content=\"Tiempo de lectura\" \/>\n\t<meta name=\"twitter:data1\" content=\"1 minuto\" \/>\n<script type=\"application\/ld+json\" class=\"yoast-schema-graph\">{\"@context\":\"https:\\\/\\\/schema.org\",\"@graph\":[{\"@type\":\"WebPage\",\"@id\":\"https:\\\/\\\/www.aspb.cat\\\/es\\\/la-agencia\\\/portal-transparencia\\\/participacion-relacion-ciudadania\\\/\",\"url\":\"https:\\\/\\\/www.aspb.cat\\\/es\\\/la-agencia\\\/portal-transparencia\\\/participacion-relacion-ciudadania\\\/\",\"name\":\"Participaci\u00f3n y relaci\u00f3n con la ciudadan\u00eda - ASPB\",\"isPartOf\":{\"@id\":\"https:\\\/\\\/www.aspb.cat\\\/#website\"},\"datePublished\":\"2017-07-03T10:12:19+00:00\",\"dateModified\":\"2026-04-16T12:54:24+00:00\",\"breadcrumb\":{\"@id\":\"https:\\\/\\\/www.aspb.cat\\\/es\\\/la-agencia\\\/portal-transparencia\\\/participacion-relacion-ciudadania\\\/#breadcrumb\"},\"inLanguage\":\"es\",\"potentialAction\":[{\"@type\":\"ReadAction\",\"target\":[\"https:\\\/\\\/www.aspb.cat\\\/es\\\/la-agencia\\\/portal-transparencia\\\/participacion-relacion-ciudadania\\\/\"]}]},{\"@type\":\"BreadcrumbList\",\"@id\":\"https:\\\/\\\/www.aspb.cat\\\/es\\\/la-agencia\\\/portal-transparencia\\\/participacion-relacion-ciudadania\\\/#breadcrumb\",\"itemListElement\":[{\"@type\":\"ListItem\",\"position\":1,\"name\":\"Inici\",\"item\":\"https:\\\/\\\/www.aspb.cat\\\/es\\\/\"},{\"@type\":\"ListItem\",\"position\":2,\"name\":\"La Agencia\",\"item\":\"https:\\\/\\\/www.aspb.cat\\\/es\\\/la-agencia\\\/\"},{\"@type\":\"ListItem\",\"position\":3,\"name\":\"Portal de transparencia\",\"item\":\"https:\\\/\\\/www.aspb.cat\\\/es\\\/la-agencia\\\/portal-transparencia\\\/\"},{\"@type\":\"ListItem\",\"position\":4,\"name\":\"Participaci\u00f3n y relaci\u00f3n con la ciudadan\u00eda\"}]},{\"@type\":\"WebSite\",\"@id\":\"https:\\\/\\\/www.aspb.cat\\\/#website\",\"url\":\"https:\\\/\\\/www.aspb.cat\\\/\",\"name\":\"ASPB\",\"description\":\"Just another WordPress site\",\"potentialAction\":[{\"@type\":\"SearchAction\",\"target\":{\"@type\":\"EntryPoint\",\"urlTemplate\":\"https:\\\/\\\/www.aspb.cat\\\/?s={search_term_string}\"},\"query-input\":{\"@type\":\"PropertyValueSpecification\",\"valueRequired\":true,\"valueName\":\"search_term_string\"}}],\"inLanguage\":\"es\"}]}<\/script>\n<!-- \/ Yoast SEO Premium plugin. -->","yoast_head_json":{"title":"Participaci\u00f3n y relaci\u00f3n con la ciudadan\u00eda - ASPB","robots":{"index":"index","follow":"follow","max-snippet":"max-snippet:-1","max-image-preview":"max-image-preview:large","max-video-preview":"max-video-preview:-1"},"canonical":"https:\/\/www.aspb.cat\/es\/la-agencia\/portal-transparencia\/participacion-relacion-ciudadania\/","og_locale":"es_ES","og_type":"article","og_title":"Participaci\u00f3n y relaci\u00f3n con la ciudadan\u00eda","og_description":"Canals d&#8217;atenci\u00f3 ciutadana [PDF]Cat\u00e0leg de productes i serveis [PDF]","og_url":"https:\/\/www.aspb.cat\/es\/la-agencia\/portal-transparencia\/participacion-relacion-ciudadania\/","og_site_name":"ASPB","article_publisher":"https:\/\/www.facebook.com\/salutpublicabcn","article_modified_time":"2026-04-16T12:54:24+00:00","twitter_card":"summary_large_image","twitter_site":"@salutpublicabcn","twitter_misc":{"Tiempo de lectura":"1 minuto"},"schema":{"@context":"https:\/\/schema.org","@graph":[{"@type":"WebPage","@id":"https:\/\/www.aspb.cat\/es\/la-agencia\/portal-transparencia\/participacion-relacion-ciudadania\/","url":"https:\/\/www.aspb.cat\/es\/la-agencia\/portal-transparencia\/participacion-relacion-ciudadania\/","name":"Participaci\u00f3n y relaci\u00f3n con la ciudadan\u00eda - ASPB","isPartOf":{"@id":"https:\/\/www.aspb.cat\/#website"},"datePublished":"2017-07-03T10:12:19+00:00","dateModified":"2026-04-16T12:54:24+00:00","breadcrumb":{"@id":"https:\/\/www.aspb.cat\/es\/la-agencia\/portal-transparencia\/participacion-relacion-ciudadania\/#breadcrumb"},"inLanguage":"es","potentialAction":[{"@type":"ReadAction","target":["https:\/\/www.aspb.cat\/es\/la-agencia\/portal-transparencia\/participacion-relacion-ciudadania\/"]}]},{"@type":"BreadcrumbList","@id":"https:\/\/www.aspb.cat\/es\/la-agencia\/portal-transparencia\/participacion-relacion-ciudadania\/#breadcrumb","itemListElement":[{"@type":"ListItem","position":1,"name":"Inici","item":"https:\/\/www.aspb.cat\/es\/"},{"@type":"ListItem","position":2,"name":"La Agencia","item":"https:\/\/www.aspb.cat\/es\/la-agencia\/"},{"@type":"ListItem","position":3,"name":"Portal de transparencia","item":"https:\/\/www.aspb.cat\/es\/la-agencia\/portal-transparencia\/"},{"@type":"ListItem","position":4,"name":"Participaci\u00f3n y relaci\u00f3n con la ciudadan\u00eda"}]},{"@type":"WebSite","@id":"https:\/\/www.aspb.cat\/#website","url":"https:\/\/www.aspb.cat\/","name":"ASPB","description":"Just another WordPress site","potentialAction":[{"@type":"SearchAction","target":{"@type":"EntryPoint","urlTemplate":"https:\/\/www.aspb.cat\/?s={search_term_string}"},"query-input":{"@type":"PropertyValueSpecification","valueRequired":true,"valueName":"search_term_string"}}],"inLanguage":"es"}]}},"_links":{"self":[{"href":"https:\/\/www.aspb.cat\/es\/wp-json\/wp\/v2\/pages\/34093","targetHints":{"allow":["GET"]}}],"collection":[{"href":"https:\/\/www.aspb.cat\/es\/wp-json\/wp\/v2\/pages"}],"about":[{"href":"https:\/\/www.aspb.cat\/es\/wp-json\/wp\/v2\/types\/page"}],"author":[{"embeddable":true,"href":"https:\/\/www.aspb.cat\/es\/wp-json\/wp\/v2\/users\/21"}],"replies":[{"embeddable":true,"href":"https:\/\/www.aspb.cat\/es\/wp-json\/wp\/v2\/comments?post=34093"}],"version-history":[{"count":14,"href":"https:\/\/www.aspb.cat\/es\/wp-json\/wp\/v2\/pages\/34093\/revisions"}],"predecessor-version":[{"id":63384,"href":"https:\/\/www.aspb.cat\/es\/wp-json\/wp\/v2\/pages\/34093\/revisions\/63384"}],"up":[{"embeddable":true,"href":"https:\/\/www.aspb.cat\/es\/wp-json\/wp\/v2\/pages\/61029"}],"wp:attachment":[{"href":"https:\/\/www.aspb.cat\/es\/wp-json\/wp\/v2\/media?parent=34093"}],"curies":[{"name":"wp","href":"https:\/\/api.w.org\/{rel}","templated":true}]}}