{"id":33345,"date":"2018-11-05T11:42:44","date_gmt":"2018-11-05T11:42:44","guid":{"rendered":"https:\/\/www.aspb.cat\/bcnalimentssegurs\/"},"modified":"2022-01-31T16:46:59","modified_gmt":"2022-01-31T16:46:59","slug":"bcnalimentssegurs","status":"publish","type":"page","link":"https:\/\/www.aspb.cat\/es\/bcnalimentssegurs\/","title":{"rendered":"Con los alimentos, seguridad es salud"},"content":{"rendered":"<div class=\"figure\"><a href=\"https:\/\/www.aspb.cat\/wp-content\/uploads\/2018\/11\/BCNalimentssegurs_NOT-TXT-300x300_02.png\" rel=\"lightbox-0\"><img decoding=\"async\" class=\"alignright wp-image-10389 size-medium\" src=\"https:\/\/www.aspb.cat\/wp-content\/uploads\/2018\/11\/BCNalimentssegurs_NOT-TXT-300x300_02.png\" alt=\"\" width=\"300\" height=\"300\" srcset=\"https:\/\/www.aspb.cat\/wp-content\/uploads\/2018\/11\/BCNalimentssegurs_NOT-TXT-300x300_02.png 300w, https:\/\/www.aspb.cat\/wp-content\/uploads\/2018\/11\/BCNalimentssegurs_NOT-TXT-300x300_02-150x150.png 150w\" sizes=\"(max-width: 300px) 100vw, 300px\" \/><\/a><\/div>\n<p><strong>Los v\u00eddeos musicales<\/strong> que encontrar\u00e1 a continuaci\u00f3n son una herramienta de ayuda a los comercios y establecimientos de restauraci\u00f3n de la ciudad para la promoci\u00f3n de la seguridad alimentaria.<br \/>\nSe han elaborado dentro de la campa\u00f1a \u00ab<strong>Amb els aliments, seguretat \u00e9s salut<\/strong>\u00bb y permiten conocer las condiciones sanitarias necesarias para trabajar de forma segura.<\/p>\n<p>La informaci\u00f3n expuesta es una visi\u00f3n general y no sustituye el cumplimiento de las condiciones reguladas por la normativa vigente.<\/p>\n<p><strong>Con los v\u00eddeos se obtiene una primera informaci\u00f3n sobre las condiciones de higiene y seguridad en diferentes aspectos:<\/strong><\/p>\n<ul>\n<li>Condiciones sanitarias de las estructuras y equipamientos.<\/li>\n<li>La limpieza e higiene de las instalaciones, equipamientos y del personal.<\/li>\n<li>Pr\u00e1cticas de manipulaci\u00f3n higi\u00e9nicas para trabajar con alimentos.<\/li>\n<li>Gesti\u00f3n de los sistemas de autocontrol sanitario.<\/li>\n<\/ul>\n<div class=\"video_wrapper\"><iframe src=\"https:\/\/www.youtube.com\/embed\/rjhONQKsr5c\" width=\"730\" height=\"411\" frameborder=\"0\" allowfullscreen=\"allowfullscreen\"><\/iframe><\/div>\n<p>&nbsp;<\/p>\n<div class=\"video_wrapper\"><iframe src=\"https:\/\/www.youtube.com\/embed\/FvoG6u8cxBw\" width=\"730\" height=\"411\" frameborder=\"0\" allowfullscreen=\"allowfullscreen\"><\/iframe><\/div>\n<p>&nbsp;<\/p>\n<div class=\"video_wrapper\"><iframe src=\"https:\/\/www.youtube.com\/embed\/jvQ-22pklxc\" width=\"730\" height=\"411\" frameborder=\"0\" allowfullscreen=\"allowfullscreen\"><\/iframe><\/div>\n<p>&nbsp;<\/p>\n<div class=\"video_wrapper\"><iframe src=\"https:\/\/www.youtube.com\/embed\/_o2O2vD2akQ\" width=\"730\" height=\"411\" frameborder=\"0\" allowfullscreen=\"allowfullscreen\"><\/iframe><\/div>\n<p>&nbsp;<\/p>\n<div class=\"video_wrapper\"><iframe src=\"https:\/\/www.youtube.com\/embed\/iLPJAv0S46M\" width=\"730\" height=\"411\" frameborder=\"0\" allowfullscreen=\"allowfullscreen\"><\/iframe><\/div>\n","protected":false},"excerpt":{"rendered":"<p>Los v\u00eddeos musicales que encontrar\u00e1 a continuaci\u00f3n son una herramienta de ayuda a los comercios [&hellip;]\n","protected":false},"author":21,"featured_media":0,"parent":0,"menu_order":169,"comment_status":"closed","ping_status":"closed","template":"","meta":{"_acf_changed":false,"_monsterinsights_skip_tracking":false,"_monsterinsights_sitenote_active":false,"_monsterinsights_sitenote_note":"","_monsterinsights_sitenote_category":0,"footnotes":""},"class_list":["post-33345","page","type-page","status-publish","hentry","publish","author-ext_acaillab","impar","primero"],"acf":[],"yoast_head":"<!-- This site is optimized with the Yoast SEO Premium plugin v27.5 (Yoast SEO v27.5) - https:\/\/yoast.com\/product\/yoast-seo-premium-wordpress\/ -->\n<title>Con los alimentos, seguridad es salud - ASPB<\/title>\n<meta name=\"robots\" content=\"index, follow, max-snippet:-1, max-image-preview:large, max-video-preview:-1\" \/>\n<link rel=\"canonical\" href=\"https:\/\/www.aspb.cat\/es\/bcnalimentssegurs\/\" \/>\n<meta property=\"og:locale\" content=\"es_ES\" \/>\n<meta property=\"og:type\" content=\"article\" \/>\n<meta property=\"og:title\" content=\"Con los alimentos, seguridad es salud\" \/>\n<meta property=\"og:description\" content=\"Los v\u00eddeos musicales que encontrar\u00e1 a continuaci\u00f3n son una herramienta de ayuda a los comercios [&hellip;]\" \/>\n<meta property=\"og:url\" content=\"https:\/\/www.aspb.cat\/es\/bcnalimentssegurs\/\" \/>\n<meta property=\"og:site_name\" content=\"ASPB\" \/>\n<meta property=\"article:publisher\" content=\"https:\/\/www.facebook.com\/salutpublicabcn\" \/>\n<meta property=\"article:modified_time\" content=\"2022-01-31T16:46:59+00:00\" \/>\n<meta property=\"og:image\" content=\"https:\/\/www.aspb.cat\/wp-content\/uploads\/2018\/11\/BCNalimentssegurs_NOT-TXT-300x300_02.png\" \/>\n<meta name=\"twitter:card\" content=\"summary_large_image\" \/>\n<meta name=\"twitter:site\" content=\"@salutpublicabcn\" \/>\n<meta name=\"twitter:label1\" content=\"Tiempo de lectura\" \/>\n\t<meta name=\"twitter:data1\" content=\"1 minuto\" \/>\n<script type=\"application\/ld+json\" class=\"yoast-schema-graph\">{\"@context\":\"https:\\\/\\\/schema.org\",\"@graph\":[{\"@type\":\"WebPage\",\"@id\":\"https:\\\/\\\/www.aspb.cat\\\/es\\\/bcnalimentssegurs\\\/\",\"url\":\"https:\\\/\\\/www.aspb.cat\\\/es\\\/bcnalimentssegurs\\\/\",\"name\":\"Con los alimentos, seguridad es salud - ASPB\",\"isPartOf\":{\"@id\":\"https:\\\/\\\/www.aspb.cat\\\/#website\"},\"primaryImageOfPage\":{\"@id\":\"https:\\\/\\\/www.aspb.cat\\\/es\\\/bcnalimentssegurs\\\/#primaryimage\"},\"image\":{\"@id\":\"https:\\\/\\\/www.aspb.cat\\\/es\\\/bcnalimentssegurs\\\/#primaryimage\"},\"thumbnailUrl\":\"https:\\\/\\\/www.aspb.cat\\\/wp-content\\\/uploads\\\/2018\\\/11\\\/BCNalimentssegurs_NOT-TXT-300x300_02.png\",\"datePublished\":\"2018-11-05T11:42:44+00:00\",\"dateModified\":\"2022-01-31T16:46:59+00:00\",\"breadcrumb\":{\"@id\":\"https:\\\/\\\/www.aspb.cat\\\/es\\\/bcnalimentssegurs\\\/#breadcrumb\"},\"inLanguage\":\"es\",\"potentialAction\":[{\"@type\":\"ReadAction\",\"target\":[\"https:\\\/\\\/www.aspb.cat\\\/es\\\/bcnalimentssegurs\\\/\"]}]},{\"@type\":\"ImageObject\",\"inLanguage\":\"es\",\"@id\":\"https:\\\/\\\/www.aspb.cat\\\/es\\\/bcnalimentssegurs\\\/#primaryimage\",\"url\":\"https:\\\/\\\/www.aspb.cat\\\/wp-content\\\/uploads\\\/2018\\\/11\\\/BCNalimentssegurs_NOT-TXT-300x300_02.png\",\"contentUrl\":\"https:\\\/\\\/www.aspb.cat\\\/wp-content\\\/uploads\\\/2018\\\/11\\\/BCNalimentssegurs_NOT-TXT-300x300_02.png\"},{\"@type\":\"BreadcrumbList\",\"@id\":\"https:\\\/\\\/www.aspb.cat\\\/es\\\/bcnalimentssegurs\\\/#breadcrumb\",\"itemListElement\":[{\"@type\":\"ListItem\",\"position\":1,\"name\":\"Inici\",\"item\":\"https:\\\/\\\/www.aspb.cat\\\/es\\\/\"},{\"@type\":\"ListItem\",\"position\":2,\"name\":\"Con los alimentos, seguridad es salud\"}]},{\"@type\":\"WebSite\",\"@id\":\"https:\\\/\\\/www.aspb.cat\\\/#website\",\"url\":\"https:\\\/\\\/www.aspb.cat\\\/\",\"name\":\"ASPB\",\"description\":\"Just another WordPress site\",\"potentialAction\":[{\"@type\":\"SearchAction\",\"target\":{\"@type\":\"EntryPoint\",\"urlTemplate\":\"https:\\\/\\\/www.aspb.cat\\\/?s={search_term_string}\"},\"query-input\":{\"@type\":\"PropertyValueSpecification\",\"valueRequired\":true,\"valueName\":\"search_term_string\"}}],\"inLanguage\":\"es\"}]}<\/script>\n<!-- \/ Yoast SEO Premium plugin. -->","yoast_head_json":{"title":"Con los alimentos, seguridad es salud - ASPB","robots":{"index":"index","follow":"follow","max-snippet":"max-snippet:-1","max-image-preview":"max-image-preview:large","max-video-preview":"max-video-preview:-1"},"canonical":"https:\/\/www.aspb.cat\/es\/bcnalimentssegurs\/","og_locale":"es_ES","og_type":"article","og_title":"Con los alimentos, seguridad es salud","og_description":"Los v\u00eddeos musicales que encontrar\u00e1 a continuaci\u00f3n son una herramienta de ayuda a los comercios [&hellip;]","og_url":"https:\/\/www.aspb.cat\/es\/bcnalimentssegurs\/","og_site_name":"ASPB","article_publisher":"https:\/\/www.facebook.com\/salutpublicabcn","article_modified_time":"2022-01-31T16:46:59+00:00","og_image":[{"url":"https:\/\/www.aspb.cat\/wp-content\/uploads\/2018\/11\/BCNalimentssegurs_NOT-TXT-300x300_02.png","type":"","width":"","height":""}],"twitter_card":"summary_large_image","twitter_site":"@salutpublicabcn","twitter_misc":{"Tiempo de lectura":"1 minuto"},"schema":{"@context":"https:\/\/schema.org","@graph":[{"@type":"WebPage","@id":"https:\/\/www.aspb.cat\/es\/bcnalimentssegurs\/","url":"https:\/\/www.aspb.cat\/es\/bcnalimentssegurs\/","name":"Con los alimentos, seguridad es salud - ASPB","isPartOf":{"@id":"https:\/\/www.aspb.cat\/#website"},"primaryImageOfPage":{"@id":"https:\/\/www.aspb.cat\/es\/bcnalimentssegurs\/#primaryimage"},"image":{"@id":"https:\/\/www.aspb.cat\/es\/bcnalimentssegurs\/#primaryimage"},"thumbnailUrl":"https:\/\/www.aspb.cat\/wp-content\/uploads\/2018\/11\/BCNalimentssegurs_NOT-TXT-300x300_02.png","datePublished":"2018-11-05T11:42:44+00:00","dateModified":"2022-01-31T16:46:59+00:00","breadcrumb":{"@id":"https:\/\/www.aspb.cat\/es\/bcnalimentssegurs\/#breadcrumb"},"inLanguage":"es","potentialAction":[{"@type":"ReadAction","target":["https:\/\/www.aspb.cat\/es\/bcnalimentssegurs\/"]}]},{"@type":"ImageObject","inLanguage":"es","@id":"https:\/\/www.aspb.cat\/es\/bcnalimentssegurs\/#primaryimage","url":"https:\/\/www.aspb.cat\/wp-content\/uploads\/2018\/11\/BCNalimentssegurs_NOT-TXT-300x300_02.png","contentUrl":"https:\/\/www.aspb.cat\/wp-content\/uploads\/2018\/11\/BCNalimentssegurs_NOT-TXT-300x300_02.png"},{"@type":"BreadcrumbList","@id":"https:\/\/www.aspb.cat\/es\/bcnalimentssegurs\/#breadcrumb","itemListElement":[{"@type":"ListItem","position":1,"name":"Inici","item":"https:\/\/www.aspb.cat\/es\/"},{"@type":"ListItem","position":2,"name":"Con los alimentos, seguridad es salud"}]},{"@type":"WebSite","@id":"https:\/\/www.aspb.cat\/#website","url":"https:\/\/www.aspb.cat\/","name":"ASPB","description":"Just another WordPress site","potentialAction":[{"@type":"SearchAction","target":{"@type":"EntryPoint","urlTemplate":"https:\/\/www.aspb.cat\/?s={search_term_string}"},"query-input":{"@type":"PropertyValueSpecification","valueRequired":true,"valueName":"search_term_string"}}],"inLanguage":"es"}]}},"_links":{"self":[{"href":"https:\/\/www.aspb.cat\/es\/wp-json\/wp\/v2\/pages\/33345","targetHints":{"allow":["GET"]}}],"collection":[{"href":"https:\/\/www.aspb.cat\/es\/wp-json\/wp\/v2\/pages"}],"about":[{"href":"https:\/\/www.aspb.cat\/es\/wp-json\/wp\/v2\/types\/page"}],"author":[{"embeddable":true,"href":"https:\/\/www.aspb.cat\/es\/wp-json\/wp\/v2\/users\/21"}],"replies":[{"embeddable":true,"href":"https:\/\/www.aspb.cat\/es\/wp-json\/wp\/v2\/comments?post=33345"}],"version-history":[{"count":4,"href":"https:\/\/www.aspb.cat\/es\/wp-json\/wp\/v2\/pages\/33345\/revisions"}],"predecessor-version":[{"id":35114,"href":"https:\/\/www.aspb.cat\/es\/wp-json\/wp\/v2\/pages\/33345\/revisions\/35114"}],"wp:attachment":[{"href":"https:\/\/www.aspb.cat\/es\/wp-json\/wp\/v2\/media?parent=33345"}],"curies":[{"name":"wp","href":"https:\/\/api.w.org\/{rel}","templated":true}]}}