{"id":26852,"date":"2021-03-07T09:44:20","date_gmt":"2021-03-07T09:44:20","guid":{"rendered":"https:\/\/www.aspb.cat\/?page_id=26852"},"modified":"2023-03-02T17:08:38","modified_gmt":"2023-03-02T17:08:38","slug":"aprovechamiento-seguro-alimentos","status":"publish","type":"page","link":"https:\/\/www.aspb.cat\/es\/areas\/seguridad-alimentaria\/aprovechamiento-seguro-alimentos\/","title":{"rendered":"Donaci\u00f3n y aprovechamiento seguro de alimentos"},"content":{"rendered":"<p>En nuestra ciudad muchas personas, empresas y entidades participan en distintos proyectos de donaci\u00f3n y aprovechamiento de alimentos. Estos proyectos quieren reducir el desperdicio alimentario y al mismo tiempo minimizar los efectos de la pobreza.<\/p>\n<p>La Ag\u00e8ncia de Salut P\u00fablica de Barcelona (ASPB) quiere participar en el desarrollo de estos proyectos para que ofrezcan las m\u00e1ximas garant\u00edas sobre la inocuidad de los alimentos. Por este motivo, hemos creado una caja de herramientas con informaci\u00f3n y material para ayudar a los centros de restauraci\u00f3n social (escuelas, hospitales, residencias\u2026) en el aprovechamiento seguro de las comidas preparadas que no se han consumido.<\/p>\n<div class=\"figure\"><a href=\"https:\/\/www.aspb.cat\/es\/documentos\/caja-herramientas-aprovechamiento-seguro-restauracion-social\/\"><img decoding=\"async\" class=\"aligncenter wp-image-48507 size-full\" src=\"https:\/\/www.aspb.cat\/wp-content\/uploads\/2023\/03\/bt-caixa-eines_ES.png\" alt=\"\" width=\"674\" height=\"78\"><\/a><\/div>\n\n\n<div class=\"moure_faqs_aqui\"><\/div>\n","protected":false},"excerpt":{"rendered":"<p>En nuestra ciudad muchas personas, empresas y entidades participan en distintos proyectos de donaci\u00f3n y [&hellip;]\n","protected":false},"author":21,"featured_media":46611,"parent":4252,"menu_order":61,"comment_status":"closed","ping_status":"closed","template":"","meta":{"_acf_changed":false,"_monsterinsights_skip_tracking":false,"_monsterinsights_sitenote_active":false,"_monsterinsights_sitenote_note":"","_monsterinsights_sitenote_category":0,"footnotes":""},"class_list":["post-26852","page","type-page","status-publish","has-post-thumbnail","hentry","publish","author-ext_acaillab","impar","primero"],"acf":[],"yoast_head":"<!-- This site is optimized with the Yoast SEO Premium plugin v27.5 (Yoast SEO v27.5) - https:\/\/yoast.com\/product\/yoast-seo-premium-wordpress\/ -->\n<title>Donaci\u00f3n y aprovechamiento seguro de alimentos - ASPB<\/title>\n<meta name=\"robots\" content=\"index, follow, max-snippet:-1, max-image-preview:large, max-video-preview:-1\" \/>\n<link rel=\"canonical\" href=\"https:\/\/www.aspb.cat\/es\/areas\/seguridad-alimentaria\/aprovechamiento-seguro-alimentos\/\" \/>\n<meta property=\"og:locale\" content=\"es_ES\" \/>\n<meta property=\"og:type\" content=\"article\" \/>\n<meta property=\"og:title\" content=\"Donaci\u00f3n y aprovechamiento seguro de alimentos\" \/>\n<meta property=\"og:description\" content=\"En nuestra ciudad muchas personas, empresas y entidades participan en distintos proyectos de donaci\u00f3n y [&hellip;]\" \/>\n<meta property=\"og:url\" content=\"https:\/\/www.aspb.cat\/es\/areas\/seguridad-alimentaria\/aprovechamiento-seguro-alimentos\/\" \/>\n<meta property=\"og:site_name\" content=\"ASPB\" \/>\n<meta property=\"article:publisher\" content=\"https:\/\/www.facebook.com\/salutpublicabcn\" \/>\n<meta property=\"article:modified_time\" content=\"2023-03-02T17:08:38+00:00\" \/>\n<meta property=\"og:image\" content=\"https:\/\/www.aspb.cat\/wp-content\/uploads\/2022\/11\/donacio-reaprofitament-aliments-02.jpeg\" \/>\n\t<meta property=\"og:image:width\" content=\"1460\" \/>\n\t<meta property=\"og:image:height\" content=\"918\" \/>\n\t<meta property=\"og:image:type\" content=\"image\/jpeg\" \/>\n<meta name=\"twitter:card\" content=\"summary_large_image\" \/>\n<meta name=\"twitter:site\" content=\"@salutpublicabcn\" \/>\n<meta name=\"twitter:label1\" content=\"Tiempo de lectura\" \/>\n\t<meta name=\"twitter:data1\" content=\"1 minuto\" \/>\n<script type=\"application\/ld+json\" class=\"yoast-schema-graph\">{\"@context\":\"https:\\\/\\\/schema.org\",\"@graph\":[{\"@type\":\"WebPage\",\"@id\":\"https:\\\/\\\/www.aspb.cat\\\/es\\\/areas\\\/seguridad-alimentaria\\\/aprovechamiento-seguro-alimentos\\\/\",\"url\":\"https:\\\/\\\/www.aspb.cat\\\/es\\\/areas\\\/seguridad-alimentaria\\\/aprovechamiento-seguro-alimentos\\\/\",\"name\":\"Donaci\u00f3n y aprovechamiento seguro de alimentos - ASPB\",\"isPartOf\":{\"@id\":\"https:\\\/\\\/www.aspb.cat\\\/#website\"},\"primaryImageOfPage\":{\"@id\":\"https:\\\/\\\/www.aspb.cat\\\/es\\\/areas\\\/seguridad-alimentaria\\\/aprovechamiento-seguro-alimentos\\\/#primaryimage\"},\"image\":{\"@id\":\"https:\\\/\\\/www.aspb.cat\\\/es\\\/areas\\\/seguridad-alimentaria\\\/aprovechamiento-seguro-alimentos\\\/#primaryimage\"},\"thumbnailUrl\":\"https:\\\/\\\/www.aspb.cat\\\/wp-content\\\/uploads\\\/2022\\\/11\\\/donacio-reaprofitament-aliments-02.jpeg\",\"datePublished\":\"2021-03-07T09:44:20+00:00\",\"dateModified\":\"2023-03-02T17:08:38+00:00\",\"breadcrumb\":{\"@id\":\"https:\\\/\\\/www.aspb.cat\\\/es\\\/areas\\\/seguridad-alimentaria\\\/aprovechamiento-seguro-alimentos\\\/#breadcrumb\"},\"inLanguage\":\"es\",\"potentialAction\":[{\"@type\":\"ReadAction\",\"target\":[\"https:\\\/\\\/www.aspb.cat\\\/es\\\/areas\\\/seguridad-alimentaria\\\/aprovechamiento-seguro-alimentos\\\/\"]}]},{\"@type\":\"ImageObject\",\"inLanguage\":\"es\",\"@id\":\"https:\\\/\\\/www.aspb.cat\\\/es\\\/areas\\\/seguridad-alimentaria\\\/aprovechamiento-seguro-alimentos\\\/#primaryimage\",\"url\":\"https:\\\/\\\/www.aspb.cat\\\/wp-content\\\/uploads\\\/2022\\\/11\\\/donacio-reaprofitament-aliments-02.jpeg\",\"contentUrl\":\"https:\\\/\\\/www.aspb.cat\\\/wp-content\\\/uploads\\\/2022\\\/11\\\/donacio-reaprofitament-aliments-02.jpeg\",\"width\":1460,\"height\":918},{\"@type\":\"BreadcrumbList\",\"@id\":\"https:\\\/\\\/www.aspb.cat\\\/es\\\/areas\\\/seguridad-alimentaria\\\/aprovechamiento-seguro-alimentos\\\/#breadcrumb\",\"itemListElement\":[{\"@type\":\"ListItem\",\"position\":1,\"name\":\"Inici\",\"item\":\"https:\\\/\\\/www.aspb.cat\\\/es\\\/\"},{\"@type\":\"ListItem\",\"position\":2,\"name\":\"\u00c1reas\",\"item\":\"https:\\\/\\\/www.aspb.cat\\\/es\\\/areas\\\/\"},{\"@type\":\"ListItem\",\"position\":3,\"name\":\"Seguridad alimentaria\",\"item\":\"https:\\\/\\\/www.aspb.cat\\\/es\\\/areas\\\/seguridad-alimentaria\\\/\"},{\"@type\":\"ListItem\",\"position\":4,\"name\":\"Donaci\u00f3n y aprovechamiento seguro de alimentos\"}]},{\"@type\":\"WebSite\",\"@id\":\"https:\\\/\\\/www.aspb.cat\\\/#website\",\"url\":\"https:\\\/\\\/www.aspb.cat\\\/\",\"name\":\"ASPB\",\"description\":\"Just another WordPress site\",\"potentialAction\":[{\"@type\":\"SearchAction\",\"target\":{\"@type\":\"EntryPoint\",\"urlTemplate\":\"https:\\\/\\\/www.aspb.cat\\\/?s={search_term_string}\"},\"query-input\":{\"@type\":\"PropertyValueSpecification\",\"valueRequired\":true,\"valueName\":\"search_term_string\"}}],\"inLanguage\":\"es\"}]}<\/script>\n<!-- \/ Yoast SEO Premium plugin. -->","yoast_head_json":{"title":"Donaci\u00f3n y aprovechamiento seguro de alimentos - ASPB","robots":{"index":"index","follow":"follow","max-snippet":"max-snippet:-1","max-image-preview":"max-image-preview:large","max-video-preview":"max-video-preview:-1"},"canonical":"https:\/\/www.aspb.cat\/es\/areas\/seguridad-alimentaria\/aprovechamiento-seguro-alimentos\/","og_locale":"es_ES","og_type":"article","og_title":"Donaci\u00f3n y aprovechamiento seguro de alimentos","og_description":"En nuestra ciudad muchas personas, empresas y entidades participan en distintos proyectos de donaci\u00f3n y [&hellip;]","og_url":"https:\/\/www.aspb.cat\/es\/areas\/seguridad-alimentaria\/aprovechamiento-seguro-alimentos\/","og_site_name":"ASPB","article_publisher":"https:\/\/www.facebook.com\/salutpublicabcn","article_modified_time":"2023-03-02T17:08:38+00:00","og_image":[{"width":1460,"height":918,"url":"https:\/\/www.aspb.cat\/wp-content\/uploads\/2022\/11\/donacio-reaprofitament-aliments-02.jpeg","type":"image\/jpeg"}],"twitter_card":"summary_large_image","twitter_site":"@salutpublicabcn","twitter_misc":{"Tiempo de lectura":"1 minuto"},"schema":{"@context":"https:\/\/schema.org","@graph":[{"@type":"WebPage","@id":"https:\/\/www.aspb.cat\/es\/areas\/seguridad-alimentaria\/aprovechamiento-seguro-alimentos\/","url":"https:\/\/www.aspb.cat\/es\/areas\/seguridad-alimentaria\/aprovechamiento-seguro-alimentos\/","name":"Donaci\u00f3n y aprovechamiento seguro de alimentos - ASPB","isPartOf":{"@id":"https:\/\/www.aspb.cat\/#website"},"primaryImageOfPage":{"@id":"https:\/\/www.aspb.cat\/es\/areas\/seguridad-alimentaria\/aprovechamiento-seguro-alimentos\/#primaryimage"},"image":{"@id":"https:\/\/www.aspb.cat\/es\/areas\/seguridad-alimentaria\/aprovechamiento-seguro-alimentos\/#primaryimage"},"thumbnailUrl":"https:\/\/www.aspb.cat\/wp-content\/uploads\/2022\/11\/donacio-reaprofitament-aliments-02.jpeg","datePublished":"2021-03-07T09:44:20+00:00","dateModified":"2023-03-02T17:08:38+00:00","breadcrumb":{"@id":"https:\/\/www.aspb.cat\/es\/areas\/seguridad-alimentaria\/aprovechamiento-seguro-alimentos\/#breadcrumb"},"inLanguage":"es","potentialAction":[{"@type":"ReadAction","target":["https:\/\/www.aspb.cat\/es\/areas\/seguridad-alimentaria\/aprovechamiento-seguro-alimentos\/"]}]},{"@type":"ImageObject","inLanguage":"es","@id":"https:\/\/www.aspb.cat\/es\/areas\/seguridad-alimentaria\/aprovechamiento-seguro-alimentos\/#primaryimage","url":"https:\/\/www.aspb.cat\/wp-content\/uploads\/2022\/11\/donacio-reaprofitament-aliments-02.jpeg","contentUrl":"https:\/\/www.aspb.cat\/wp-content\/uploads\/2022\/11\/donacio-reaprofitament-aliments-02.jpeg","width":1460,"height":918},{"@type":"BreadcrumbList","@id":"https:\/\/www.aspb.cat\/es\/areas\/seguridad-alimentaria\/aprovechamiento-seguro-alimentos\/#breadcrumb","itemListElement":[{"@type":"ListItem","position":1,"name":"Inici","item":"https:\/\/www.aspb.cat\/es\/"},{"@type":"ListItem","position":2,"name":"\u00c1reas","item":"https:\/\/www.aspb.cat\/es\/areas\/"},{"@type":"ListItem","position":3,"name":"Seguridad alimentaria","item":"https:\/\/www.aspb.cat\/es\/areas\/seguridad-alimentaria\/"},{"@type":"ListItem","position":4,"name":"Donaci\u00f3n y aprovechamiento seguro de alimentos"}]},{"@type":"WebSite","@id":"https:\/\/www.aspb.cat\/#website","url":"https:\/\/www.aspb.cat\/","name":"ASPB","description":"Just another WordPress site","potentialAction":[{"@type":"SearchAction","target":{"@type":"EntryPoint","urlTemplate":"https:\/\/www.aspb.cat\/?s={search_term_string}"},"query-input":{"@type":"PropertyValueSpecification","valueRequired":true,"valueName":"search_term_string"}}],"inLanguage":"es"}]}},"_links":{"self":[{"href":"https:\/\/www.aspb.cat\/es\/wp-json\/wp\/v2\/pages\/26852","targetHints":{"allow":["GET"]}}],"collection":[{"href":"https:\/\/www.aspb.cat\/es\/wp-json\/wp\/v2\/pages"}],"about":[{"href":"https:\/\/www.aspb.cat\/es\/wp-json\/wp\/v2\/types\/page"}],"author":[{"embeddable":true,"href":"https:\/\/www.aspb.cat\/es\/wp-json\/wp\/v2\/users\/21"}],"replies":[{"embeddable":true,"href":"https:\/\/www.aspb.cat\/es\/wp-json\/wp\/v2\/comments?post=26852"}],"version-history":[{"count":26,"href":"https:\/\/www.aspb.cat\/es\/wp-json\/wp\/v2\/pages\/26852\/revisions"}],"predecessor-version":[{"id":48774,"href":"https:\/\/www.aspb.cat\/es\/wp-json\/wp\/v2\/pages\/26852\/revisions\/48774"}],"up":[{"embeddable":true,"href":"https:\/\/www.aspb.cat\/es\/wp-json\/wp\/v2\/pages\/4252"}],"wp:featuredmedia":[{"embeddable":true,"href":"https:\/\/www.aspb.cat\/es\/wp-json\/wp\/v2\/media\/46611"}],"wp:attachment":[{"href":"https:\/\/www.aspb.cat\/es\/wp-json\/wp\/v2\/media?parent=26852"}],"curies":[{"name":"wp","href":"https:\/\/api.w.org\/{rel}","templated":true}]}}